{"id":387207,"date":"2025-12-11T10:11:04","date_gmt":"2025-12-11T10:11:04","guid":{"rendered":"https:\/\/dev.codekraft.it\/rotary-2024\/products\/uncategorized\/compresseur-a-piston-versa-uni-850-500v\/"},"modified":"2025-12-11T10:11:04","modified_gmt":"2025-12-11T10:11:04","slug":"compresseur-a-piston-versa-uni-850-500v","status":"publish","type":"product","link":"https:\/\/dev.codekraft.it\/rotary-2024\/fr\/produits\/technologie-de-lair-comprime-fr\/compresseurs-a-pistons-fr\/compresseur-a-piston-versa-uni-850-500v\/","title":{"rendered":"Compresseur \u00e0 piston VERSA UNI 850\/500V"},"content":{"rendered":"<p>Les compresseurs \u00e0 piston VERSA UNI de BLITZ offrent performances et finition de haute qualit\u00e9 \u00e0 un prix int\u00e9ressant, pour tous les utilisateurs d&#8217;air comprim\u00e9 qui ont des exigences \u00e9lev\u00e9es et des besoins d&#8217;utilisation quotidienne.\u00a0Les compresseurs VERSA UNI se distinguent par un entra\u00eenement par courroie performant.<\/p>\n<ul>\n<li>Moteurs \u00e0 haut rendement \u00e9nerg\u00e9tique &#8211; classe IE3<\/li>\n<li>\u00c9conomies d&#8217;\u00e9nergie de 25\u00a0% gr\u00e2ce \u00e0 la compression sur 2\u00a0\u00e9tages<\/li>\n<li>Id\u00e9al pour une utilisation industrielle dans les ateliers<\/li>\n<li>Compresseurs \u00e0 piston haut de gamme &#8211; made by Blitz<\/li>\n<\/ul>\n<ul>\n<li>Pr\u00e9rodage complexe des cylindres\u00a0: la nature sp\u00e9ciale de la surface des cylindres, avec un pourcentage de port\u00e9e particuli\u00e8rement \u00e9lev\u00e9 et un volume d&#8217;huile d\u00e9fini, assure une usure r\u00e9duite du segment de piston et r\u00e9duit la consommation d&#8217;huile.<\/li>\n<li>Clapets \u00e0 languette sans maintenance\u00a0: simples dans leur montage, complexes dans leurs performances. Deux facteurs qui am\u00e8nent des dur\u00e9es de vie longues avec les compresseurs \u00e0 piston VERSA UNI.<\/li>\n<li>Avec la galvanisation int\u00e9grale optionnelle du r\u00e9servoir sous pression, vous pouvez accro\u00eetre la long\u00e9vit\u00e9 et donc la valeur de votre compresseur \u00e0 piston VERSA UNI.<\/li>\n<li>Refroidisseurs finals d&#8217;air comprim\u00e9\u00a0: De puissants refroidisseurs interm\u00e9diaires ou finals, de type tuyaux de cuivre ou nids d&#8217;abeille en aluminium, assurent sur tous les compresseurs \u00e0 piston VERSA UNI de s\u00e9rie des temp\u00e9ratures basses en sortie d&#8217;air comprim\u00e9. Le reconditionnement de l&#8217;air comprim\u00e9 s&#8217;en trouve nettement r\u00e9duit.<\/li>\n<li>Les compresseurs \u00e0 piston VERSA Uni de BLITZ b\u00e9n\u00e9ficient d&#8217;une fabrication de haute qualit\u00e9. Cela inclut l&#8217;utilisation de moteurs \u00e9lectriques de haute qualit\u00e9, certifi\u00e9s IP 54 avec bobinage F ISO. Pour un fonctionnement en continu et une fr\u00e9quence de commutation \u00e9lev\u00e9e.<\/li>\n<li>Cylindres en fonte \u00e0 fines nervures isol\u00e9s\u00a0: cette forme de disposition garantit une surface de refroidissement maximale. Ils sont la base pour des temp\u00e9ratures de fonctionnement extr\u00eamement basses et une efficacit\u00e9 maximale. C\u2019est la raison pour laquelle les compresseurs \u00e0 piston VERSA UNI peuvent \u00eatre utilis\u00e9s sans probl\u00e8me m\u00eame dans des conditions extr\u00eames.<\/li>\n<li>R\u00e9servoir sous pression avec trou \u00e0 main (fabriqu\u00e9 selon AD2000)\u00a0: La conception pratique pour l&#8217;entretien des r\u00e9servoirs sous pression VERSA UNI, avec trou \u00e0 main int\u00e9gr\u00e9, facilite les contr\u00f4les r\u00e9currents du T\u00dcV et le nettoyage du r\u00e9servoir sous pression.<\/li>\n<\/ul>\n<ul>\n<li>Vilebrequins avec tr\u00e8s grand diam\u00e8tre de tourillon\u00a0: le dimensionnement g\u00e9n\u00e9reux des tourillons de vilebrequins r\u00e9duit la charge sp\u00e9cifique sur les paliers de bielles et permet des longues dur\u00e9es de vie des paliers, conformes aux hautes exigences de l&#8217;utilisation en continu dans l&#8217;industrie.<\/li>\n<li>Carter de vilebrequin\u00a0: la fabrication des carters de vilebrequin sur des centres d&#8217;usinage ultramodernes assist\u00e9s par ordinateur garantit une pr\u00e9cision optimale des cotes.<\/li>\n<li>R\u00e9gime bas\u00a0: les compresseurs \u00e0 piston VERSA UNI sont synonymes de grande cylindr\u00e9e \u00e0 faible r\u00e9gime. Cela garantit une longue dur\u00e9e de vie, une usure r\u00e9duite, un fonctionnement le plus silencieux possible et un haut rendement.<\/li>\n<li>Connexion \u00e9toile-triangle compl\u00e8tement c\u00e2bl\u00e9e (pour le montage mural). Gr\u00e2ce au montage et au contr\u00f4le de fonctionnement \u00e0 l&#8217;usine du fabricant, tous les autres co\u00fbts habituels sur le chantier sont supprim\u00e9s. Un gros avantage par rapport aux \u00ab\u00a0kits de commande\u00a0\u00bb habituellement fournis.<\/li>\n<\/ul>\n<p>Accessoires\u00a0:<\/p>\n<ul>\n<li>S\u00e9cheur par r\u00e9frig\u00e9ration &#8211; pour le conditionnement efficace de l&#8217;air comprim\u00e9. Un air comprim\u00e9 sec, d\u00e9nu\u00e9 de particules d&#8217;eau corrosives, est la condition de base d&#8217;un poste \u00e0 air comprim\u00e9 rentable.<\/li>\n<li>Filtre &#8211; retient efficacement les particules solides dans l&#8217;air comprim\u00e9. Les diff\u00e9rentes combinaisons de filtres permettent d&#8217;utiliser le compresseur dans divers environnements.<\/li>\n<li>S\u00e9parateur huile\/eau &#8211; pour le conditionnement peu on\u00e9reux du condensat. Il suffit d&#8217;\u00e9liminer les particules d&#8217;huile, l&#8217;eau peut s&#8217;\u00e9couler dans la canalisation.<\/li>\n<li>Purgeur de condensat &#8211; en version \u00e9lectronique \u00e0 r\u00e9gulation du niveau, pour le drainage enti\u00e8rement automatique des r\u00e9servoirs d&#8217;air.<\/li>\n<\/ul>\n<p>Pour se conformer \u00e0 toutes les exigences d&#8217;installation, il existe des compresseurs \u00e0 piston VERSA UNI stationnaires avec r\u00e9servoir d&#8217;air horizontal ou vertical. Avec un r\u00e9servoir sous pression vertical, ils constituent la solution id\u00e9ale pour les petits locaux ou ateliers.<\/p>\n<p>VERSA UNI V le pack performance sur r\u00e9servoir sous pression vertical<\/p>\n<p>Compact &#8211; pour tous les utilisateurs d&#8217;air comprim\u00e9 qui ne souhaitent pas renoncer \u00e0 la puissance avec un faible encombrement.<\/p>\n<p>PERFORMANCES POUR DES EXIGENCES \u00c9LEV\u00c9ES DANS LE SECTEUR INDUSTRIEL<br \/>VERSA UNI\u00a0: Le compresseur haute performance tr\u00e8s efficace et tr\u00e8s durable &#8211; con\u00e7u sp\u00e9cialement pour une sollicitation industrielle tr\u00e8s forte et pour un cycle de fonctionnement de 100\u00a0%. Le large \u00e9ventail d&#8217;utilisations des compresseurs \u00e0 piston VERSA justifie la grande diversit\u00e9 de produits.<\/p>\n<p>DEPUIS PRESQUE 100\u00a0ANS&#8230;<br \/>SYNONYME D&#8217;AIR COMPRIM\u00c9<br \/>La fabrication de compresseurs est une longue tradition chez Blitz. Avec une exp\u00e9rience quasi centenaire de l&#8217;air comprim\u00e9 et gr\u00e2ce \u00e0 des collaborateurs tr\u00e8s engag\u00e9s, nous nous concentrons sur la conception et la r\u00e9alisation de nouvelles technologies de conditionnement des compresseurs et de l&#8217;air comprim\u00e9.<br \/>Des id\u00e9es innovantes, une mise en \u0153uvre professionnelle et une qualit\u00e9 de produits convaincante ont fait l&#8217;excellente r\u00e9putation des compresseurs Blitz et garantissent surtout une chose\u00a0: la satisfaction des clients.<br \/>L&#8217;offre ad\u00e9quate pour vos besoins\u00a0: sur la base de vos exigences d&#8217;air comprim\u00e9, Blitz compose des compresseurs en associant les installations et les syst\u00e8mes de mani\u00e8re optimale.<\/p>\n","protected":false},"excerpt":{"rendered":"<p>15 bar, 500 l, 7,5 kW, \u00e0 2 \u00e9tages, sur r\u00e9servoir sous pression vertical<\/p>\n","protected":false},"featured_media":355672,"template":"","meta":[],"product_cat":[1033382],"product_tag":[],"product_approvals":[],"product_application":[],"class_list":{"0":"post-387207","1":"product","2":"type-product","3":"status-publish","4":"has-post-thumbnail","6":"product_cat-compresseurs-a-pistons-fr","8":"first","9":"instock","10":"shipping-taxable","11":"product-type-simple"},"approvals":[],"application":[],"brb_media_brochure":[{"id":355563,"url":"https:\/\/dev.codekraft.it\/rotary-2024\/wp-content\/uploads\/brb_media\/00519561_piston-compressor-versa-uni-h-v-g-br-de-2023-11-screen.pdf","title":"Piston Compressor VERSA UNI H V G BR de 2023 11 screen","thumbnail":"https:\/\/dev.codekraft.it\/rotary-2024\/wp-content\/uploads\/brb_media\/00519561_piston-compressor-versa-uni-h-v-g-br-de-2023-11-screen-pdf-106x150.png","description":""},{"id":355564,"url":"https:\/\/dev.codekraft.it\/rotary-2024\/wp-content\/uploads\/brb_media\/00519562_piston-compressor-versa-uni-h-v-g-br-en-2023-11-screen.pdf","title":"Piston Compressor VERSA UNI H V G BR en 2023 11 screen","thumbnail":"https:\/\/dev.codekraft.it\/rotary-2024\/wp-content\/uploads\/brb_media\/00519562_piston-compressor-versa-uni-h-v-g-br-en-2023-11-screen-pdf-106x150.png","description":""},{"id":355565,"url":"https:\/\/dev.codekraft.it\/rotary-2024\/wp-content\/uploads\/brb_media\/00519563_piston-compressor-versa-uni-h-v-g-br-fr-2023-11-screen.pdf","title":"Piston Compressor VERSA UNI H V G BR fr 2023 11 screen","thumbnail":"https:\/\/dev.codekraft.it\/rotary-2024\/wp-content\/uploads\/brb_media\/00519563_piston-compressor-versa-uni-h-v-g-br-fr-2023-11-screen-pdf-106x150.png","description":""},{"id":355566,"url":"https:\/\/dev.codekraft.it\/rotary-2024\/wp-content\/uploads\/brb_media\/00519564_piston-compressor-versa-uni-h-v-g-br-it-2023-11-screen.pdf","title":"Piston Compressor VERSA UNI H V G BR it 2023 11 screen","thumbnail":"https:\/\/dev.codekraft.it\/rotary-2024\/wp-content\/uploads\/brb_media\/00519564_piston-compressor-versa-uni-h-v-g-br-it-2023-11-screen-pdf-106x150.png","description":""},{"id":355567,"url":"https:\/\/dev.codekraft.it\/rotary-2024\/wp-content\/uploads\/brb_media\/00519565_piston-compressor-versa-uni-h-v-g-br-es-2023-11-screen.pdf","title":"Piston Compressor VERSA UNI H V G BR es 2023 11 screen","thumbnail":"https:\/\/dev.codekraft.it\/rotary-2024\/wp-content\/uploads\/brb_media\/00519565_piston-compressor-versa-uni-h-v-g-br-es-2023-11-screen-pdf-106x150.png","description":""},{"id":355568,"url":"https:\/\/dev.codekraft.it\/rotary-2024\/wp-content\/uploads\/brb_media\/00519566_piston-compressor-versa-uni-h-v-g-br-ru-2023-11-screen.pdf","title":"Piston Compressor VERSA UNI H V G BR ru 2023 11 screen","thumbnail":"https:\/\/dev.codekraft.it\/rotary-2024\/wp-content\/uploads\/brb_media\/00519566_piston-compressor-versa-uni-h-v-g-br-ru-2023-11-screen-pdf-106x150.png","description":""}],"brb_media_drawing":"","brb_media_manuals":"","brb_media_safety_datasheets":"","brb_media_spare_parts":[],"_cdmm_p_id":"503268","_company":"Blitz","_gtin":"4057612914146","accessories":[{"id":385911,"cdmm_p_id":"965","name":"Tuyau flexible pour r\u00e9cipients sous pression | 20 bar","description":"250 - 350 l, diam\u00e8tre nominal 1\/2\u2033","thumbnail":"https:\/\/dev.codekraft.it\/rotary-2024\/wp-content\/uploads\/brb_media\/00022923_flexibler-schlauch_web-150x150.png","url":"https:\/\/dev.codekraft.it\/rotary-2024\/fr\/produits\/accessoires-technologie-de-lair-comprime-fr\/accessoires-compresseurs-a-pistons-fr\/tuyau-flexible-pour-recipients-sous-pression-20-bar-3\/"},{"id":387057,"cdmm_p_id":"500503","name":"Tuyau flexible pour r\u00e9cipients sous pression | 20 bar","description":"500 l, diam\u00e8tre nominal 1\u2033","thumbnail":"https:\/\/dev.codekraft.it\/rotary-2024\/wp-content\/uploads\/brb_media\/00022923_flexibler-schlauch_web-150x150.png","url":"https:\/\/dev.codekraft.it\/rotary-2024\/fr\/produits\/accessoires-technologie-de-lair-comprime-fr\/accessoires-compresseurs-a-pistons-fr\/tuyau-flexible-pour-recipients-sous-pression-20-bar-4\/"},{"id":385899,"cdmm_p_id":"963","name":"Support \u00e9lastique","description":"Pour r\u00e9cipients sous pression verticaux avec volume =\/< 750 l","thumbnail":"https:\/\/dev.codekraft.it\/rotary-2024\/wp-content\/uploads\/brb_media\/00022851_air-receiver-vibration-mounts-web-mid-150x150.png","url":"https:\/\/dev.codekraft.it\/rotary-2024\/fr\/produits\/technologie-de-lair-comprime-fr\/reservoirs-dair-comprime-fr\/support-elastique\/"},{"id":386277,"cdmm_p_id":"262541","name":"S\u00e9parateur d&#039;eau d&#039;huile \u00d6wamat 10","description":"Pour capacit\u00e9s de compresseur jusqu\u2019\u00e0 58,5 m\u00b3\/min","thumbnail":"https:\/\/dev.codekraft.it\/rotary-2024\/wp-content\/uploads\/brb_media\/00136764_air-oil-water-separator-owamat-10-mi-150x150.png","url":"https:\/\/dev.codekraft.it\/rotary-2024\/fr\/produits\/accessoires-technologie-de-lair-comprime-fr\/traitement-dair-comprime-fr\/separateur-deau-dhuile-owamat-10\/"},{"id":385725,"cdmm_p_id":"967","name":"Purgeur de condensat Bekomat 31","description":"R\u00e9gulation de niveau, pour capacit\u00e9s de compresseur jusqu\u2019\u00e0 90 m\u00b3\/min","thumbnail":"https:\/\/dev.codekraft.it\/rotary-2024\/wp-content\/uploads\/brb_media\/00022386-150x150.png","url":"https:\/\/dev.codekraft.it\/rotary-2024\/fr\/produits\/accessoires-technologie-de-lair-comprime-fr\/traitement-dair-comprime-fr\/purgeur-de-condensat-bekomat-31\/"},{"id":387117,"cdmm_p_id":"503249","name":"Purgeur de condensat KA12","description":"Contr\u00f4l\u00e9 par le temps","thumbnail":"https:\/\/dev.codekraft.it\/rotary-2024\/wp-content\/uploads\/brb_media\/00022386-150x150.png","url":"https:\/\/dev.codekraft.it\/rotary-2024\/fr\/produits\/accessoires-technologie-de-lair-comprime-fr\/traitement-dair-comprime-fr\/purgeur-de-condensat-ka12\/"},{"id":386673,"cdmm_p_id":"481177","name":"S\u00e9cheur d&#039;air comprim\u00e9 par r\u00e9frig\u00e9ration BTF 36-16","description":"36 m\u00b3\/h d\u00e9bit d'air, pour des pressions de fonctionnement allant jusqu\u2018\u00e0 16 bar","thumbnail":"https:\/\/dev.codekraft.it\/rotary-2024\/wp-content\/uploads\/brb_media\/00527965_refrigeration-dryer-btf57-mi-150x150.png","url":"https:\/\/dev.codekraft.it\/rotary-2024\/fr\/produits\/technologie-de-lair-comprime-fr\/secheurs-par-refrigeration-fr\/secheur-dair-comprime-par-refrigeration-btf-36-16\/"},{"id":386685,"cdmm_p_id":"481179","name":"S\u00e9cheur d&#039;air comprim\u00e9 par r\u00e9frig\u00e9ration BTF 72-16","description":"72 m\u00b3\/h d\u00e9bit d'air, pour des pressions de fonctionnement allant jusqu\u2018\u00e0 16 bar","thumbnail":"https:\/\/dev.codekraft.it\/rotary-2024\/wp-content\/uploads\/brb_media\/00527965_refrigeration-dryer-btf57-mi-150x150.png","url":"https:\/\/dev.codekraft.it\/rotary-2024\/fr\/produits\/technologie-de-lair-comprime-fr\/secheurs-par-refrigeration-fr\/secheur-dair-comprime-par-refrigeration-btf-72-16\/"}],"components":[],"related":[],"similar":[{"id":387189,"cdmm_p_id":"503264","name":"Compresseur \u00e0 piston VERSA UNI 510\/250V","description":"15 bar, 250 l, 3,0 kW, \u00e0 2 \u00e9tages, sur r\u00e9servoir sous pression vertical","thumbnail":"https:\/\/dev.codekraft.it\/rotary-2024\/wp-content\/uploads\/brb_media\/00512768_piston-compressor-versa-uni-v-mi-150x150.png","url":"https:\/\/dev.codekraft.it\/rotary-2024\/fr\/produits\/technologie-de-lair-comprime-fr\/compresseurs-a-pistons-fr\/compresseur-a-piston-versa-uni-510-250v\/"},{"id":387195,"cdmm_p_id":"503265","name":"Compresseur \u00e0 piston VERSA UNI 550\/250V","description":"15 bar, 250 l, 4,0 kW, \u00e0 2 \u00e9tages, sur r\u00e9servoir sous pression vertical","thumbnail":"https:\/\/dev.codekraft.it\/rotary-2024\/wp-content\/uploads\/brb_media\/00512768_piston-compressor-versa-uni-v-mi-150x150.png","url":"https:\/\/dev.codekraft.it\/rotary-2024\/fr\/produits\/technologie-de-lair-comprime-fr\/compresseurs-a-pistons-fr\/compresseur-a-piston-versa-uni-550-250v\/"},{"id":387201,"cdmm_p_id":"503267","name":"Compresseur \u00e0 piston VERSA UNI 670\/500V","description":"15 bar, 500 l, 5,5 kW, \u00e0 2 \u00e9tages, sur r\u00e9servoir sous pression vertical","thumbnail":"https:\/\/dev.codekraft.it\/rotary-2024\/wp-content\/uploads\/brb_media\/00512768_piston-compressor-versa-uni-v-mi-150x150.png","url":"https:\/\/dev.codekraft.it\/rotary-2024\/fr\/produits\/technologie-de-lair-comprime-fr\/compresseurs-a-pistons-fr\/compresseur-a-piston-versa-uni-670-500v\/"}],"lang":"fr","translations":{"fr":387207,"en":387205,"de":387206,"it":387208,"es":387209,"ru":387210},"pll_sync_post":[],"_links":{"self":[{"href":"https:\/\/dev.codekraft.it\/rotary-2024\/wp-json\/wp\/v2\/product\/387207","targetHints":{"allow":["GET"]}}],"collection":[{"href":"https:\/\/dev.codekraft.it\/rotary-2024\/wp-json\/wp\/v2\/product"}],"about":[{"href":"https:\/\/dev.codekraft.it\/rotary-2024\/wp-json\/wp\/v2\/types\/product"}],"wp:featuredmedia":[{"embeddable":true,"href":"https:\/\/dev.codekraft.it\/rotary-2024\/wp-json\/wp\/v2\/media\/355672"}],"wp:attachment":[{"href":"https:\/\/dev.codekraft.it\/rotary-2024\/wp-json\/wp\/v2\/media?parent=387207"}],"wp:term":[{"taxonomy":"product_cat","embeddable":true,"href":"https:\/\/dev.codekraft.it\/rotary-2024\/wp-json\/wp\/v2\/product_cat?post=387207"},{"taxonomy":"product_tag","embeddable":true,"href":"https:\/\/dev.codekraft.it\/rotary-2024\/wp-json\/wp\/v2\/product_tag?post=387207"},{"taxonomy":"product_approvals","embeddable":true,"href":"https:\/\/dev.codekraft.it\/rotary-2024\/wp-json\/wp\/v2\/product_approvals?post=387207"},{"taxonomy":"product_application","embeddable":true,"href":"https:\/\/dev.codekraft.it\/rotary-2024\/wp-json\/wp\/v2\/product_application?post=387207"}],"curies":[{"name":"wp","href":"https:\/\/api.w.org\/{rel}","templated":true}]}}