{"id":387045,"date":"2025-04-10T07:50:50","date_gmt":"2025-04-10T07:50:50","guid":{"rendered":"https:\/\/dev.codekraft.it\/rotary-2024\/products\/uncategorized\/compresseur-a-piston-twin-works-530-270-v\/"},"modified":"2025-04-10T07:50:50","modified_gmt":"2025-04-10T07:50:50","slug":"compresseur-a-piston-twin-works-530-270-v","status":"publish","type":"product","link":"https:\/\/dev.codekraft.it\/rotary-2024\/fr\/produits\/technologie-de-lair-comprime-fr\/compresseurs-a-pistons-fr\/compresseur-a-piston-twin-works-530-270-v\/","title":{"rendered":"Compresseur \u00e0 piston TWIN Works 530\/270 V"},"content":{"rendered":"<p>Les compresseurs \u00e0 piston TWIN de BLITZ offrent des performances et une qualit\u00e9 de fabrication de premi\u00e8re classe \u00e0 prix attractif pour tous les utilisateurs exigeants qui utilisent l\u2019air comprim\u00e9 dans une grand vari\u00e9t\u00e9 d\u2019applications.<br \/>Pour s\u2019adapter \u00e0 toutes les exigences en mati\u00e8re d\u2019installation, les compresseurs \u00e0 piston TWIN stationnaires peuvent \u00eatre \u00e9quip\u00e9s d\u2019un r\u00e9servoir d\u2019air comprim\u00e9 vertical ou horizontal (une solution parfaite pour les pi\u00e8ces ou les ateliers de petite taille). Nous mettons \u00e0 disposition des mod\u00e8les \u00e9quip\u00e9s de capot insonorisant dans les lieux n\u00e9cessitant un fonctionnement plus silencieux.<\/p>\n<ul>\n<li>Compresseurs \u00e0 piston de premi\u00e8re qualit\u00e9 &#8211; fabriqu\u00e9s par Blitz<\/li>\n<li>Longue dur\u00e9e de vie gr\u00e2ce au traitement par galvanisation utilis\u00e9 en standard<\/li>\n<li>\u00c9conomie d\u2019\u00e9nergie de jusqu\u2019\u00e0 25 % avec la compression \u00e0 2 \u00e9tages<\/li>\n<li>Parfaitement adapt\u00e9 aux ateliers<\/li>\n<\/ul>\n<ul>\n<li>Les compresseurs \u00e0 piston TWIN de BLITZ sont fabriqu\u00e9s dans le respect des normes de qualit\u00e9 les plus exigeantes. Cela comprend l&#8217;utilisation de moteurs \u00e9lectriques \u00e0 protection certifi\u00e9e IP54, avec une bobine ISO F. Les dimensions suffisent \u00e0 assurer des r\u00e9serves d\u2019alimentation ad\u00e9quates quelle que soit la situation.<\/li>\n<li>Des refroidisseurs d\u2019air comprim\u00e9 puissants install\u00e9s en standard dans tous les compresseurs \u00e0 piston TWIN garantissent que la temp\u00e9rature de l\u2019air comprim\u00e9 est basse \u00e0 la sortie. Les efforts requis pour la pr\u00e9paration de l\u2019air en aval sont ainsi grandement r\u00e9duits.<\/li>\n<li>Les compresseurs \u00e0 piston TWIN sont quasiment tous fabriqu\u00e9s selon un design \u00e0 2 \u00e9tages \u00e9labor\u00e9. De faibles charges thermiques et m\u00e9caniques permettent une bien meilleure efficacit\u00e9 globale, et des \u00e9conomies d\u2019\u00e9nergie d\u2019environ 25 %.<\/li>\n<li>La galvanisation compl\u00e8te appliqu\u00e9e en standard sur le r\u00e9servoir de pression augmente sa long\u00e9vit\u00e9 de mani\u00e8re significative, et donc la valeur du compresseurs \u00e0 piston TWIN.<\/li>\n<li>R\u00e9servoir de pression avec trou de visite (fabriqu\u00e9 dans le respect d\u2019AD2000) : La conception pens\u00e9e sp\u00e9cialement pour simplifier l\u2019entretien du r\u00e9servoir de pression du TWIN avec trou de visite minimise les efforts requis lors des inspections T\u00dcV (agence d\u2019inspection technique) r\u00e9guli\u00e8res et simplifie son nettoyage.<\/li>\n<\/ul>\n<ul>\n<li>La basse vitesse et le grand volume brass\u00e9 des compresseurs \u00e0 piston TWIN (en moyenne 1000 tpm pour les syst\u00e8mes entra\u00een\u00e9s par courroie en V) assurent une longue long\u00e9vit\u00e9, un faible taux d\u2019usure, une fluidit\u00e9 maximale et une haute efficacit\u00e9.<\/li>\n<li>Raccordement \u00e9toile-triangle compl\u00e8tement c\u00e2bl\u00e9 (standard \u00e0 partir de 5,5 kW). Les co\u00fbts additionnels habituellement requis pour l\u2019installation sont \u00e9limin\u00e9s car l\u2019assemblage et les tests fonctionnels sont effectu\u00e9s en usine. Ceci repr\u00e9sente un grand avantage sur les \u00ab kits de contr\u00f4le\u00a0\u00bb peu pratiques g\u00e9n\u00e9ralement inclus.<\/li>\n<li>Vues int\u00e9rieures : Le \u00ab c\u0153ur\u00a0\u00bb de chaque compresseur TWIN vu en coupe.<\/li>\n<li>Valves \u00e0 aiguilles sans entretien : La combinaison de plaques de valves pour la compression \u00e0 2 \u00e9tages reste performante pour toute sa dur\u00e9e de vie utile et est \u00e9conome en \u00e9nergie.<\/li>\n<\/ul>\n<p>Accessoires :<\/p>\n<ul>\n<li>S\u00e9cheur de type r\u00e9frig\u00e9rant &#8211; pour une pr\u00e9paration efficace de l\u2019air comprim\u00e9. Un air comprim\u00e9 sec ne contenant pas d\u2019eau causant la corrosion est fondamental pour garantir qu\u2019une station d\u2019air comprim\u00e9 est \u00e9conomique.<\/li>\n<li>Filtre &#8211; s\u00e9pare efficacement l\u2019air comprim\u00e9 des particules solides. Une vari\u00e9t\u00e9 de combinaison de filtres permet d\u2019utiliser le compresseur dans une grande vari\u00e9t\u00e9 d\u2019environnements d\u2019application.<\/li>\n<li>S\u00e9parateur eau-huile &#8211; une pr\u00e9paration \u00e9conomique du condensat. Seules les particules d\u2019huile doivent \u00eatre jet\u00e9es, l\u2019eau peut \u00eatre \u00e9limin\u00e9e dans le syst\u00e8me d&#8217;\u00e9gout.<\/li>\n<li>\u00c9vacuation de la condensation &#8211; conception \u00e9lectronique et r\u00e9gul\u00e9e pour une \u00e9limination compl\u00e8tement automatique de l\u2019humidit\u00e9 dans les r\u00e9servoirs d\u2019air comprim\u00e9.<\/li>\n<\/ul>\n<p>Pour s\u2019adapter \u00e0 toutes les exigences en mati\u00e8re d\u2019installation, les compresseurs \u00e0 piston TWIN stationnaires peuvent \u00eatre \u00e9quip\u00e9s d\u2019un r\u00e9servoir d\u2019air comprim\u00e9 vertical ou horizontal. Une installation verticale du r\u00e9servoir de pression est parfaite pour les pi\u00e8ces et les ateliers de petite taille. Nous mettons \u00e0 disposition des mod\u00e8les \u00e9quip\u00e9s de manchons r\u00e9ducteurs de bruit dans les lieux n\u00e9cessitant un fonctionnement plus silencieux.<br \/>BO\u00ceTE WORKS H \/BO\u00ceTE LOGOS H BOX AVEC CAPOT INSONORISANT &#8211; Le compl\u00e9ment logique pour combattre les \u00e9missions sonores avec efficacit\u00e9.<\/p>\n<p>HAUTE PUISSANCE POUR R\u00c9PONDRE \u00c0 TOUTES LES DEMANDES D\u2019UN ATELIER<br \/>TWIN : Le compresseur puissant pour les utilisateurs d\u2019air comprim\u00e9 exigeants qui utilisent l\u2019air comprim\u00e9 dans une grand vari\u00e9t\u00e9 d\u2019applications. Le large \u00e9ventail d\u2019applications des compresseurs \u00e0 piston TWIN n\u00e9cessite une grande vari\u00e9t\u00e9 de produits. Les compresseurs \u00e0 piston TWIN existent en version lubrifi\u00e9e par huile et sans huile.<br \/>VERSA : Le compresseur hautes performances &#8211; con\u00e7u pour les demandes les plus exigeantes de l\u2019industrie.<br \/>Les compresseurs \u00e0 piston VERSA de BLITZ existent en version lubrifi\u00e9e par huile et sans huile, et en version haute pression et post-pression. Nos brochures sp\u00e9cialis\u00e9es comportent toutes les informations n\u00e9cessaires sur ces points.<\/p>\n<p>DEPUIS PRESQUE 100 ANS&#8230;<br \/>UN NOM SYNONYME D\u2019AIR COMPRIM\u00c9<br \/>Blitz dispose d\u2019une longue tradition de fabrication de compresseurs. Fiers de presque 100 ans d\u2019exp\u00e9rience dans le domaine de l\u2019air comprim\u00e9 et \u00e9paul\u00e9s par des employ\u00e9s hautement sp\u00e9cialis\u00e9s, nous nous concentrons sur la conception et l\u2019impl\u00e9mentation de nouvelles technologies de compresseurs et de conditionnement de l\u2019air comprim\u00e9.<br \/>Des id\u00e9es innovantes, une impl\u00e9mentation hautement professionnelle et une qualit\u00e9 de produits convaincante ont particip\u00e9 \u00e0 l\u2019\u00e9tablissement de la r\u00e9putation in\u00e9gal\u00e9e des compresseurs Blitz, avec un objectif qui n\u2019a jamais chang\u00e9 : La satisfaction de nos clients.<br \/>Les offres parfaites pour vos besoins : En prenant en compte vos besoins en air comprim\u00e9, les compresseurs Blitz forment les installations et les syst\u00e8mes adapt\u00e9s pour cr\u00e9er la meilleure combinaison possible pour vous.<\/p>\n","protected":false},"excerpt":{"rendered":"<p>15 bar, 270 l, 2 \u00e9tages, sur r\u00e9servoir sous pression vertical<\/p>\n","protected":false},"featured_media":354369,"template":"","meta":[],"product_cat":[1033382],"product_tag":[],"product_approvals":[],"product_application":[],"class_list":{"0":"post-387045","1":"product","2":"type-product","3":"status-publish","4":"has-post-thumbnail","6":"product_cat-compresseurs-a-pistons-fr","8":"first","9":"instock","10":"shipping-taxable","11":"product-type-simple"},"approvals":[],"application":[],"brb_media_brochure":[{"id":354370,"url":"https:\/\/dev.codekraft.it\/rotary-2024\/wp-content\/uploads\/brb_media\/00421723_piston-compressor-twin-logos-works-br-128200-de-2019-08_screen.pdf","title":"piston compressor twin logos works br 128200 de 2019 08 screen","thumbnail":"https:\/\/dev.codekraft.it\/rotary-2024\/wp-content\/uploads\/brb_media\/00421723_piston-compressor-twin-logos-works-br-128200-de-2019-08_screen-pdf-106x150.png","description":""},{"id":354371,"url":"https:\/\/dev.codekraft.it\/rotary-2024\/wp-content\/uploads\/brb_media\/00421724_piston-compressor-twin-logos-works-br-128201-en-2019-08_screen.pdf","title":"piston compressor twin logos works br 128201 en 2019 08 screen","thumbnail":"https:\/\/dev.codekraft.it\/rotary-2024\/wp-content\/uploads\/brb_media\/00421724_piston-compressor-twin-logos-works-br-128201-en-2019-08_screen-pdf-106x150.png","description":""},{"id":354372,"url":"https:\/\/dev.codekraft.it\/rotary-2024\/wp-content\/uploads\/brb_media\/00421725_piston-compressor-twin-logos-works-br-128202-fr-2019-08_screen.pdf","title":"piston compressor twin logos works br 128202 fr 2019 08 screen","thumbnail":"https:\/\/dev.codekraft.it\/rotary-2024\/wp-content\/uploads\/brb_media\/00421725_piston-compressor-twin-logos-works-br-128202-fr-2019-08_screen-pdf-106x150.png","description":""},{"id":354373,"url":"https:\/\/dev.codekraft.it\/rotary-2024\/wp-content\/uploads\/brb_media\/00421726_piston-compressor-twin-logos-works-br-128203-it-2019-08_screen.pdf","title":"piston compressor twin logos works br 128203 it 2019 08 screen","thumbnail":"https:\/\/dev.codekraft.it\/rotary-2024\/wp-content\/uploads\/brb_media\/00421726_piston-compressor-twin-logos-works-br-128203-it-2019-08_screen-pdf-106x150.png","description":""},{"id":354374,"url":"https:\/\/dev.codekraft.it\/rotary-2024\/wp-content\/uploads\/brb_media\/00421727_piston-compressor-twin-logos-works-br-128204-es-2019-08_screen.pdf","title":"piston compressor twin logos works br 128204 es 2019 08 screen","thumbnail":"https:\/\/dev.codekraft.it\/rotary-2024\/wp-content\/uploads\/brb_media\/00421727_piston-compressor-twin-logos-works-br-128204-es-2019-08_screen-pdf-106x150.png","description":""},{"id":354375,"url":"https:\/\/dev.codekraft.it\/rotary-2024\/wp-content\/uploads\/brb_media\/00421728_piston-compressor-twin-logos-works-br-128205-ru-2019-08_screen.pdf","title":"piston compressor twin logos works br 128205 ru 2019 08 screen","thumbnail":"https:\/\/dev.codekraft.it\/rotary-2024\/wp-content\/uploads\/brb_media\/00421728_piston-compressor-twin-logos-works-br-128205-ru-2019-08_screen-pdf-106x150.png","description":""}],"brb_media_drawing":"","brb_media_manuals":[{"id":354376,"url":"https:\/\/dev.codekraft.it\/rotary-2024\/wp-content\/uploads\/brb_media\/00358557_piston-compressor-twin-logosworks-box-sp-de-en-it-2014-12.pdf","title":"piston compressor twin logosworks box sp de en it 2014 12","thumbnail":"https:\/\/dev.codekraft.it\/rotary-2024\/wp-content\/uploads\/brb_media\/00358557_piston-compressor-twin-logosworks-box-sp-de-en-it-2014-12-pdf-150x106.png","description":""},{"id":354377,"url":"https:\/\/dev.codekraft.it\/rotary-2024\/wp-content\/uploads\/brb_media\/00358558_piston-compressor-twin-logosworks-box-sp-en-it-2014-12.pdf","title":"piston compressor twin logosworks box sp en it 2014 12","thumbnail":"https:\/\/dev.codekraft.it\/rotary-2024\/wp-content\/uploads\/brb_media\/00358558_piston-compressor-twin-logosworks-box-sp-en-it-2014-12-pdf-150x106.png","description":""},{"id":354378,"url":"https:\/\/dev.codekraft.it\/rotary-2024\/wp-content\/uploads\/brb_media\/00426130_piston-compressor-twin-logosworks-om-20953-de-2019-05-b.pdf","title":"piston compressor twin logosworks om 20953 de 2019 05 b","thumbnail":"https:\/\/dev.codekraft.it\/rotary-2024\/wp-content\/uploads\/brb_media\/00426130_piston-compressor-twin-logosworks-om-20953-de-2019-05-b-pdf-106x150.png","description":""},{"id":354379,"url":"https:\/\/dev.codekraft.it\/rotary-2024\/wp-content\/uploads\/brb_media\/00426131_piston-compressor-twin-logosworks-om-20953-multi-2019-05-b.pdf","title":"piston compressor twin logosworks om 20953 multi 2019 05 b","thumbnail":"https:\/\/dev.codekraft.it\/rotary-2024\/wp-content\/uploads\/brb_media\/00426131_piston-compressor-twin-logosworks-om-20953-multi-2019-05-b-pdf-106x150.png","description":""},{"id":354380,"url":"https:\/\/dev.codekraft.it\/rotary-2024\/wp-content\/uploads\/brb_media\/00358786_piston-compressor-twin-logosworks-sp-de-en-it-2014-12.pdf","title":"piston compressor twin logosworks sp de en it 2014 12","thumbnail":"https:\/\/dev.codekraft.it\/rotary-2024\/wp-content\/uploads\/brb_media\/00358786_piston-compressor-twin-logosworks-sp-de-en-it-2014-12-pdf-106x150.png","description":""},{"id":354381,"url":"https:\/\/dev.codekraft.it\/rotary-2024\/wp-content\/uploads\/brb_media\/00267987_piston-compressor-twin-logosworks-sp-en-it-2014-12.pdf","title":"piston compressor twin logosworks sp en it 2014 12","thumbnail":"https:\/\/dev.codekraft.it\/rotary-2024\/wp-content\/uploads\/brb_media\/00267987_piston-compressor-twin-logosworks-sp-en-it-2014-12-pdf-106x150.png","description":""}],"brb_media_safety_datasheets":"","brb_media_spare_parts":[],"_cdmm_p_id":"500501","_company":"Blitz","_gtin":"4057612727432","accessories":[{"id":387051,"cdmm_p_id":"500502","name":"Support \u00e9lastique","description":"Pour r\u00e9cipients sous pression couch\u00e9s avec volume =\/< 500 l","thumbnail":"https:\/\/dev.codekraft.it\/rotary-2024\/wp-content\/uploads\/brb_media\/00022851_air-receiver-vibration-mounts-web-mid-150x150.png","url":"https:\/\/dev.codekraft.it\/rotary-2024\/fr\/produits\/accessoires-technologie-de-lair-comprime-fr\/accessoires-compresseurs-a-pistons-fr\/support-elastique-3\/"},{"id":387057,"cdmm_p_id":"500503","name":"Tuyau flexible pour r\u00e9cipients sous pression | 20 bar","description":"500 l, diam\u00e8tre nominal 1\u2033","thumbnail":"https:\/\/dev.codekraft.it\/rotary-2024\/wp-content\/uploads\/brb_media\/00022923_flexibler-schlauch_web-150x150.png","url":"https:\/\/dev.codekraft.it\/rotary-2024\/fr\/produits\/accessoires-technologie-de-lair-comprime-fr\/accessoires-compresseurs-a-pistons-fr\/tuyau-flexible-pour-recipients-sous-pression-20-bar-4\/"}],"components":[],"related":[],"similar":[],"lang":"fr","translations":{"fr":387045,"en":387043,"de":387044,"it":387046,"es":387047,"ru":387048},"pll_sync_post":[],"_links":{"self":[{"href":"https:\/\/dev.codekraft.it\/rotary-2024\/wp-json\/wp\/v2\/product\/387045","targetHints":{"allow":["GET"]}}],"collection":[{"href":"https:\/\/dev.codekraft.it\/rotary-2024\/wp-json\/wp\/v2\/product"}],"about":[{"href":"https:\/\/dev.codekraft.it\/rotary-2024\/wp-json\/wp\/v2\/types\/product"}],"wp:featuredmedia":[{"embeddable":true,"href":"https:\/\/dev.codekraft.it\/rotary-2024\/wp-json\/wp\/v2\/media\/354369"}],"wp:attachment":[{"href":"https:\/\/dev.codekraft.it\/rotary-2024\/wp-json\/wp\/v2\/media?parent=387045"}],"wp:term":[{"taxonomy":"product_cat","embeddable":true,"href":"https:\/\/dev.codekraft.it\/rotary-2024\/wp-json\/wp\/v2\/product_cat?post=387045"},{"taxonomy":"product_tag","embeddable":true,"href":"https:\/\/dev.codekraft.it\/rotary-2024\/wp-json\/wp\/v2\/product_tag?post=387045"},{"taxonomy":"product_approvals","embeddable":true,"href":"https:\/\/dev.codekraft.it\/rotary-2024\/wp-json\/wp\/v2\/product_approvals?post=387045"},{"taxonomy":"product_application","embeddable":true,"href":"https:\/\/dev.codekraft.it\/rotary-2024\/wp-json\/wp\/v2\/product_application?post=387045"}],"curies":[{"name":"wp","href":"https:\/\/api.w.org\/{rel}","templated":true}]}}