{"id":387033,"date":"2024-05-08T07:14:34","date_gmt":"2024-05-08T07:14:34","guid":{"rendered":"https:\/\/dev.codekraft.it\/rotary-2024\/products\/uncategorized\/module-de-connexion-blitz-pour-master-module-et-cn-4702\/"},"modified":"2024-05-08T07:14:34","modified_gmt":"2024-05-08T07:14:34","slug":"module-de-connexion-blitz-pour-master-module-et-cn-4702","status":"publish","type":"product","link":"https:\/\/dev.codekraft.it\/rotary-2024\/fr\/produits\/accessoires-technologie-de-lair-comprime-fr\/accessoires-compresseurs-a-pistons-fr\/module-de-connexion-blitz-pour-master-module-et-cn-4702\/","title":{"rendered":"Module de connexion BLITZ pour Master Module et CN 4702"},"content":{"rendered":"<ul>\n<li>galvanisch getrennte RS-485 Schnittstelle Spannungsversorgung 18 &#8211; 30 V (AC\/DC)<\/li>\n<li>Montage auf Hutschiene (Breite 72 mm)<\/li>\n<li>Ein- und Ausg\u00e4nge:\n<ul>\n<li>2 potentialfreie Wechslerkontakte (6 A \/ 250 V (AC)) &#8211; f\u00fcr FERN\/ORT Schaltung und LAST\/LEERLAUF<\/li>\n<li>3 entr\u00e9es num\u00e9riques &#8211; pour le signal de d\u00e9fauts centralis\u00e9s, le fonctionnement du moteur, l\u2019\u00e9tat op\u00e9rationnel<\/li>\n<li>2 entr\u00e9es analogiques 4 &#8211; 20 mA &#8211; pour mesurer les amp\u00e8res et la temp\u00e9rature aux compresseurs<\/li>\n<li>1 sortie analogique 4 &#8211; 20 mA &#8211; pour la sp\u00e9cification du point de consigne de pression, plage mA \u00e0 programmer librement<\/li>\n<\/ul>\n<\/li>\n<\/ul>\n","protected":false},"excerpt":{"rendered":"<p>Pour connecter les compresseurs et les capteurs analogiques 340<\/p>\n","protected":false},"featured_media":0,"template":"","meta":[],"product_cat":[1033388],"product_tag":[],"product_approvals":[],"product_application":[],"class_list":{"0":"post-387033","1":"product","2":"type-product","3":"status-publish","5":"product_cat-accessoires-compresseurs-a-pistons-fr","7":"first","8":"instock","9":"shipping-taxable","10":"product-type-simple"},"approvals":[],"application":[],"brb_media_brochure":"","brb_media_drawing":"","brb_media_manuals":"","brb_media_safety_datasheets":"","brb_media_spare_parts":[],"_cdmm_p_id":"483862","_company":"Blitz","_gtin":"4057612685664","accessories":[],"components":[],"related":[],"similar":[],"lang":"fr","translations":{"fr":387033,"en":387031,"de":387032,"it":387034,"es":387035,"ru":387036},"pll_sync_post":[],"_links":{"self":[{"href":"https:\/\/dev.codekraft.it\/rotary-2024\/wp-json\/wp\/v2\/product\/387033","targetHints":{"allow":["GET"]}}],"collection":[{"href":"https:\/\/dev.codekraft.it\/rotary-2024\/wp-json\/wp\/v2\/product"}],"about":[{"href":"https:\/\/dev.codekraft.it\/rotary-2024\/wp-json\/wp\/v2\/types\/product"}],"wp:attachment":[{"href":"https:\/\/dev.codekraft.it\/rotary-2024\/wp-json\/wp\/v2\/media?parent=387033"}],"wp:term":[{"taxonomy":"product_cat","embeddable":true,"href":"https:\/\/dev.codekraft.it\/rotary-2024\/wp-json\/wp\/v2\/product_cat?post=387033"},{"taxonomy":"product_tag","embeddable":true,"href":"https:\/\/dev.codekraft.it\/rotary-2024\/wp-json\/wp\/v2\/product_tag?post=387033"},{"taxonomy":"product_approvals","embeddable":true,"href":"https:\/\/dev.codekraft.it\/rotary-2024\/wp-json\/wp\/v2\/product_approvals?post=387033"},{"taxonomy":"product_application","embeddable":true,"href":"https:\/\/dev.codekraft.it\/rotary-2024\/wp-json\/wp\/v2\/product_application?post=387033"}],"curies":[{"name":"wp","href":"https:\/\/api.w.org\/{rel}","templated":true}]}}