{"id":386972,"date":"2024-03-25T11:42:21","date_gmt":"2024-03-25T11:42:21","guid":{"rendered":"https:\/\/dev.codekraft.it\/rotary-2024\/products\/uncategorized\/energiespar-kalte-drucklufttrockner-bt-5400-vs\/"},"modified":"2024-03-25T11:42:21","modified_gmt":"2024-03-25T11:42:21","slug":"energiespar-kalte-drucklufttrockner-bt-5400-vs","status":"publish","type":"product","link":"https:\/\/dev.codekraft.it\/rotary-2024\/produkte\/drucklufttechnik-de\/kaltetrockner-de\/energiespar-kalte-drucklufttrockner-bt-5400-vs\/","title":{"rendered":"Energiespar-K\u00e4lte-Drucklufttrockner BT 5400 VS"},"content":{"rendered":"<p>Intelligente Regelverfahren passen den Energiebedarf der Druckluft-K\u00e4ltetrockner BT ES\/VS direkt an den Druckluft-Durchfluss an und reduzieren den Energiebedarf so signifikant.<br \/>Modelle BT 21 &#8211; 960 ES arbeiten als Cycling Trockner, bei dem der K\u00e4ltemittelkompressor bedarfsgesteuert abgeschaltet wird. Das intelligente Cycling System erfolgt in Abh\u00e4ngigkeit vom Trocknungsbedarf und wird so geregelt, dass die Ausschaltzeiten optimal verl\u00e4ngert werden.<br \/>Modelle BT 1260 &#8211; 8800 VS erzielen h\u00f6chste Energieeinsparung bei schwankenden Trocknungsanforderungen durch die einzigartige Kombination aus Frequenz- und Aussetzsteuerung.<\/p>\n<ul>\n<li>Anzeige der prozentualen Energieeinsparung<\/li>\n<li>Potenzialfreier Kontakt zum \u00dcbermitteln von Alarmmeldungen<\/li>\n<li>Serienm\u00e4\u00dfig mit elektronisch niveaugeregeltem Kondensatableiter<\/li>\n<\/ul>\n<ul>\n<li>Engeriebedarf passt sich der Trocknerauslastung lastabh\u00e4ngig an. BT-ES Modelle sind Arbeitszyklus gesteuert durch Ein- und Ausschalten des K\u00e4ltemittelverdichters, BT-VS Modelle durch Frequenzregelung des K\u00e4ltemittelverdichters und des Ventilators.<\/li>\n<li>Maximale W\u00e4rme\u00fcbertragung durch Luft-Luft-W\u00e4rmetauscher: Dies wirkt sich direkt auf die Reduzierung des Energieverbrauchs aus.<\/li>\n<li>Edelstahldemister in vertikaler Anordnung zur sicheren Abscheidung. Nasse Druckluft wird bis zum automatischen Kondensatableiter geleitet.<br \/>Die gro\u00dfz\u00fcgig dimensionierten Querschnitte der Str\u00f6mungskan\u00e4le im W\u00e4rmetauscher f\u00fchren zu niedrigen Flie\u00dfgeschwindigkeiten und geringen Energiebedarfen.<\/li>\n<li>Ein gro\u00dfvolumiger Beruhigungsraum verhindert das Mitrei\u00dfen von Kondensat.<\/li>\n<li>Der W\u00e4rmeaustausch im Gegenstrom und gro\u00dfz\u00fcgige Abmessungen erm\u00f6glichen eine vollst\u00e4ndige Verdampfung des K\u00e4ltemittels.<\/li>\n<li>Einsatz von umweltfreundlichem K\u00e4ltemittel: FCKW-frei nach F-Gase Verordnung.<\/li>\n<\/ul>\n<ul>\n<li>Serienm\u00e4\u00dfig mit elektronisch niveaugeregeltem Kondensatableiter, Ableitung des Druckluft Kondensates ohne Druckluftverlust<\/li>\n<li>Luft\/Luft- und K\u00e4ltemittel-\/Luftw\u00e4rmetauscher inkl. Demister platzsparend in einem Geh\u00e4use integriert<\/li>\n<li>Intelligente Anpassung der Trocknerleistung and den Druckluftverbrauch, sowie der Eintritts- und Umgebungsbedingungen generiert h\u00f6chste Energie-Einsparung, die prozentuale Energie-Einsparung wird auf der Steuerung angezeigt.<\/li>\n<\/ul>\n","protected":false},"excerpt":{"rendered":"<p>5400 m\u00b3\/h Volumenstrom, f\u00fcr Betriebsdr\u00fccke bis 14 bar<\/p>\n","protected":false},"featured_media":349978,"template":"","meta":[],"product_cat":[1033588],"product_tag":[],"product_approvals":[],"product_application":[],"class_list":{"0":"post-386972","1":"product","2":"type-product","3":"status-publish","4":"has-post-thumbnail","6":"product_cat-kaltetrockner-de","8":"first","9":"instock","10":"shipping-taxable","11":"product-type-simple"},"approvals":[],"application":[],"brb_media_brochure":[{"id":352651,"url":"https:\/\/dev.codekraft.it\/rotary-2024\/wp-content\/uploads\/brb_media\/00424307_air-dryer-bt-es-vs-br-128319-de-2019-11_screen.pdf","title":"air dryer bt es vs br 128319 de 2019 11 screen","thumbnail":"https:\/\/dev.codekraft.it\/rotary-2024\/wp-content\/uploads\/brb_media\/00424307_air-dryer-bt-es-vs-br-128319-de-2019-11_screen-pdf-106x150.png","description":""},{"id":352652,"url":"https:\/\/dev.codekraft.it\/rotary-2024\/wp-content\/uploads\/brb_media\/00424308_air-dryer-bt-es-vs-br-128320-en-2019-11_screen.pdf","title":"air dryer bt es vs br 128320 en 2019 11 screen","thumbnail":"https:\/\/dev.codekraft.it\/rotary-2024\/wp-content\/uploads\/brb_media\/00424308_air-dryer-bt-es-vs-br-128320-en-2019-11_screen-pdf-106x150.png","description":""},{"id":352653,"url":"https:\/\/dev.codekraft.it\/rotary-2024\/wp-content\/uploads\/brb_media\/00424309_air-dryer-bt-es-vs-br-128321-fr-2019-11_screen.pdf","title":"air dryer bt es vs br 128321 fr 2019 11 screen","thumbnail":"https:\/\/dev.codekraft.it\/rotary-2024\/wp-content\/uploads\/brb_media\/00424309_air-dryer-bt-es-vs-br-128321-fr-2019-11_screen-pdf-106x150.png","description":""},{"id":352654,"url":"https:\/\/dev.codekraft.it\/rotary-2024\/wp-content\/uploads\/brb_media\/00424310_air-dryer-bt-es-vs-br-128322-it-2019-11_screen.pdf","title":"air dryer bt es vs br 128322 it 2019 11 screen","thumbnail":"https:\/\/dev.codekraft.it\/rotary-2024\/wp-content\/uploads\/brb_media\/00424310_air-dryer-bt-es-vs-br-128322-it-2019-11_screen-pdf-106x150.png","description":""},{"id":352655,"url":"https:\/\/dev.codekraft.it\/rotary-2024\/wp-content\/uploads\/brb_media\/00424311_air-dryer-bt-es-vs-br-128323-es-2019-11_screen.pdf","title":"air dryer bt es vs br 128323 es 2019 11 screen","thumbnail":"https:\/\/dev.codekraft.it\/rotary-2024\/wp-content\/uploads\/brb_media\/00424311_air-dryer-bt-es-vs-br-128323-es-2019-11_screen-pdf-106x150.png","description":""},{"id":352656,"url":"https:\/\/dev.codekraft.it\/rotary-2024\/wp-content\/uploads\/brb_media\/00424312_air-dryer-bt-es-vs-br-128324-ru-2019-11_screen.pdf","title":"air dryer bt es vs br 128324 ru 2019 11 screen","thumbnail":"https:\/\/dev.codekraft.it\/rotary-2024\/wp-content\/uploads\/brb_media\/00424312_air-dryer-bt-es-vs-br-128324-ru-2019-11_screen-pdf-106x150.png","description":""}],"brb_media_drawing":"","brb_media_manuals":"","brb_media_safety_datasheets":"","brb_media_spare_parts":[],"_cdmm_p_id":"481593","_company":"Blitz","_gtin":"4057612704525","accessories":[],"components":[],"related":[],"similar":[],"lang":"de","translations":{"de":386972,"en":386971,"fr":386973,"it":386974,"es":386975,"ru":386976},"pll_sync_post":[],"_links":{"self":[{"href":"https:\/\/dev.codekraft.it\/rotary-2024\/wp-json\/wp\/v2\/product\/386972","targetHints":{"allow":["GET"]}}],"collection":[{"href":"https:\/\/dev.codekraft.it\/rotary-2024\/wp-json\/wp\/v2\/product"}],"about":[{"href":"https:\/\/dev.codekraft.it\/rotary-2024\/wp-json\/wp\/v2\/types\/product"}],"wp:featuredmedia":[{"embeddable":true,"href":"https:\/\/dev.codekraft.it\/rotary-2024\/wp-json\/wp\/v2\/media\/349978"}],"wp:attachment":[{"href":"https:\/\/dev.codekraft.it\/rotary-2024\/wp-json\/wp\/v2\/media?parent=386972"}],"wp:term":[{"taxonomy":"product_cat","embeddable":true,"href":"https:\/\/dev.codekraft.it\/rotary-2024\/wp-json\/wp\/v2\/product_cat?post=386972"},{"taxonomy":"product_tag","embeddable":true,"href":"https:\/\/dev.codekraft.it\/rotary-2024\/wp-json\/wp\/v2\/product_tag?post=386972"},{"taxonomy":"product_approvals","embeddable":true,"href":"https:\/\/dev.codekraft.it\/rotary-2024\/wp-json\/wp\/v2\/product_approvals?post=386972"},{"taxonomy":"product_application","embeddable":true,"href":"https:\/\/dev.codekraft.it\/rotary-2024\/wp-json\/wp\/v2\/product_application?post=386972"}],"curies":[{"name":"wp","href":"https:\/\/api.w.org\/{rel}","templated":true}]}}