{"id":386865,"date":"2024-03-25T11:52:04","date_gmt":"2024-03-25T11:52:04","guid":{"rendered":"https:\/\/dev.codekraft.it\/rotary-2024\/products\/uncategorized\/secheur-dair-comprime-par-refrigeration-eco-energetique-bt-72-es\/"},"modified":"2024-03-25T11:52:04","modified_gmt":"2024-03-25T11:52:04","slug":"secheur-dair-comprime-par-refrigeration-eco-energetique-bt-72-es","status":"publish","type":"product","link":"https:\/\/dev.codekraft.it\/rotary-2024\/fr\/produits\/technologie-de-lair-comprime-fr\/secheurs-par-refrigeration-fr\/secheur-dair-comprime-par-refrigeration-eco-energetique-bt-72-es\/","title":{"rendered":"S\u00e9cheur d&#039;air comprim\u00e9 par r\u00e9frig\u00e9ration \u00e9co-\u00e9nerg\u00e9tique BT 72 ES"},"content":{"rendered":"<p>Un syst\u00e8me de contr\u00f4le intelligent r\u00e8gle les besoins en \u00e9nergie du dessiccateur r\u00e9frig\u00e9rant \u00e0 air comprim\u00e9 BT ES\/VS directement par rapport au d\u00e9bit de l&#8217;air comprim\u00e9, r\u00e9duisant ainsi consid\u00e9rablement la demande d&#8217;\u00e9nergie.<br \/>Les mod\u00e8les BT 21 &#8211; 960 ES fonctionnent comme des dessiccateurs cycliques, et le compresseur de fluide frigorifique est d\u00e9sactiv\u00e9 selon les besoins. Le syst\u00e8me cyclique intelligent fonctionne selon les besoins en mati\u00e8re de s\u00e9chage, et est r\u00e9gul\u00e9 afin d&#8217;assurer une extension optimale des temps de coupure.<br \/>Les mod\u00e8les BT 1260 &#8211; 8800 VS r\u00e9alisent d&#8217;importantes \u00e9conomies d&#8217;\u00e9nergie gr\u00e2ce \u00e0 des demandes variables en mati\u00e8re de s\u00e9chage en utilisant une combinaison unique de contr\u00f4le de temps d&#8217;arr\u00eat et de fr\u00e9quence.<\/p>\n<ul>\n<li>\u00c9cran de conservation d&#8217;\u00e9nergie en pourcentage<\/li>\n<li>Contact sans potentiel pour la transmission d&#8217;alarme<\/li>\n<li>Filtre \u00e0 vapeur \u00e0 r\u00e9glage de niveau \u00e9lectronique en s\u00e9rie<\/li>\n<\/ul>\n<ul>\n<li>Les besoins en \u00e9nergie s&#8217;adaptent \u00e0 la capacit\u00e9 du dessiccateur. Les mod\u00e8les BT-ES sont r\u00e9gl\u00e9s sur la base du cycle de fonctionnement en allumant et en \u00e9teignant le compresseur frigorifique via la r\u00e9gulation de fr\u00e9quence du compresseur frigorifique et du ventilateur.<\/li>\n<li>Transmission thermique maximale par un \u00e9changeur thermique air-air : ceci a un effet direct sur la r\u00e9duction de la consommation \u00e9nerg\u00e9tique.<\/li>\n<li>D\u00e9sembueur en acier inoxydable dispos\u00e9 verticalement pour une s\u00e9paration s\u00e9curis\u00e9e. L&#8217;air comprim\u00e9 humide est dirig\u00e9 vers le filtre \u00e0 vapeur automatique.<\/li>\n<li>Les sections transversales des canaux de circulation g\u00e9n\u00e9reusement dimensionn\u00e9es dans l&#8217;\u00e9changeur thermique entra\u00eenent un faible d\u00e9bit et une r\u00e9duction de la demande d&#8217;\u00e9nergie.<\/li>\n<li>Une chambre de d\u00e9cantation \u00e0 haut volume emp\u00eache le transfert de condensation.<\/li>\n<li>L&#8217;\u00e9change thermique dans le contre-courant et les dimensions g\u00e9n\u00e9reuses permettent l&#8217;\u00e9vaporation compl\u00e8te du r\u00e9frig\u00e9rant.<\/li>\n<li>Utilisation de liquides de refroidissement \u00e9cologiques : sans FCKW conform\u00e9ment au r\u00e8glement F-Gas.<\/li>\n<\/ul>\n<ul>\n<li>Filtre \u00e0 vapeur \u00e0 r\u00e9glage de niveau \u00e9lectronique en s\u00e9rie, \u00e9vacuation de condensats de pression d&#8217;air sans perte de pression d&#8217;air<\/li>\n<li>\u00c9changeur thermique air\/r\u00e9frig\u00e9rant et air\/air, comprenant un d\u00e9sembueur int\u00e9gr\u00e9 dans un seul ch\u00e2ssis pour un gain d&#8217;espace<\/li>\n<li>Le r\u00e9glage intelligent des performances du dessiccateur selon la consommation de pression d&#8217;air, et des conditions d&#8217;ordre environnemental et d&#8217;entr\u00e9e, permet une conservation d&#8217;\u00e9nergie optimale, indiqu\u00e9e en pourcentage sur l&#8217;\u00e9cran de l&#8217;unit\u00e9 de commande.<\/li>\n<\/ul>\n","protected":false},"excerpt":{"rendered":"<p>D\u00e9bit volum\u00e9trique de 72 m\u00b3\/h, pour des pressions de service jusqu&#8217;\u00e0 16 bar<\/p>\n","protected":false},"featured_media":349978,"template":"","meta":[],"product_cat":[1033604],"product_tag":[],"product_approvals":[],"product_application":[],"class_list":{"0":"post-386865","1":"product","2":"type-product","3":"status-publish","4":"has-post-thumbnail","6":"product_cat-secheurs-par-refrigeration-fr","8":"first","9":"instock","10":"shipping-taxable","11":"product-type-simple"},"approvals":[],"application":[],"brb_media_brochure":[{"id":352651,"url":"https:\/\/dev.codekraft.it\/rotary-2024\/wp-content\/uploads\/brb_media\/00424307_air-dryer-bt-es-vs-br-128319-de-2019-11_screen.pdf","title":"air dryer bt es vs br 128319 de 2019 11 screen","thumbnail":"https:\/\/dev.codekraft.it\/rotary-2024\/wp-content\/uploads\/brb_media\/00424307_air-dryer-bt-es-vs-br-128319-de-2019-11_screen-pdf-106x150.png","description":""},{"id":352652,"url":"https:\/\/dev.codekraft.it\/rotary-2024\/wp-content\/uploads\/brb_media\/00424308_air-dryer-bt-es-vs-br-128320-en-2019-11_screen.pdf","title":"air dryer bt es vs br 128320 en 2019 11 screen","thumbnail":"https:\/\/dev.codekraft.it\/rotary-2024\/wp-content\/uploads\/brb_media\/00424308_air-dryer-bt-es-vs-br-128320-en-2019-11_screen-pdf-106x150.png","description":""},{"id":352653,"url":"https:\/\/dev.codekraft.it\/rotary-2024\/wp-content\/uploads\/brb_media\/00424309_air-dryer-bt-es-vs-br-128321-fr-2019-11_screen.pdf","title":"air dryer bt es vs br 128321 fr 2019 11 screen","thumbnail":"https:\/\/dev.codekraft.it\/rotary-2024\/wp-content\/uploads\/brb_media\/00424309_air-dryer-bt-es-vs-br-128321-fr-2019-11_screen-pdf-106x150.png","description":""},{"id":352654,"url":"https:\/\/dev.codekraft.it\/rotary-2024\/wp-content\/uploads\/brb_media\/00424310_air-dryer-bt-es-vs-br-128322-it-2019-11_screen.pdf","title":"air dryer bt es vs br 128322 it 2019 11 screen","thumbnail":"https:\/\/dev.codekraft.it\/rotary-2024\/wp-content\/uploads\/brb_media\/00424310_air-dryer-bt-es-vs-br-128322-it-2019-11_screen-pdf-106x150.png","description":""},{"id":352655,"url":"https:\/\/dev.codekraft.it\/rotary-2024\/wp-content\/uploads\/brb_media\/00424311_air-dryer-bt-es-vs-br-128323-es-2019-11_screen.pdf","title":"air dryer bt es vs br 128323 es 2019 11 screen","thumbnail":"https:\/\/dev.codekraft.it\/rotary-2024\/wp-content\/uploads\/brb_media\/00424311_air-dryer-bt-es-vs-br-128323-es-2019-11_screen-pdf-106x150.png","description":""},{"id":352656,"url":"https:\/\/dev.codekraft.it\/rotary-2024\/wp-content\/uploads\/brb_media\/00424312_air-dryer-bt-es-vs-br-128324-ru-2019-11_screen.pdf","title":"air dryer bt es vs br 128324 ru 2019 11 screen","thumbnail":"https:\/\/dev.codekraft.it\/rotary-2024\/wp-content\/uploads\/brb_media\/00424312_air-dryer-bt-es-vs-br-128324-ru-2019-11_screen-pdf-106x150.png","description":""}],"brb_media_drawing":"","brb_media_manuals":"","brb_media_safety_datasheets":"","brb_media_spare_parts":[],"_cdmm_p_id":"481558","_company":"Blitz","_gtin":"4057612704334","accessories":[],"components":[],"related":[],"similar":[],"lang":"fr","translations":{"fr":386865,"en":386863,"de":386864,"it":386866,"es":386867,"ru":386868},"pll_sync_post":[],"_links":{"self":[{"href":"https:\/\/dev.codekraft.it\/rotary-2024\/wp-json\/wp\/v2\/product\/386865","targetHints":{"allow":["GET"]}}],"collection":[{"href":"https:\/\/dev.codekraft.it\/rotary-2024\/wp-json\/wp\/v2\/product"}],"about":[{"href":"https:\/\/dev.codekraft.it\/rotary-2024\/wp-json\/wp\/v2\/types\/product"}],"wp:featuredmedia":[{"embeddable":true,"href":"https:\/\/dev.codekraft.it\/rotary-2024\/wp-json\/wp\/v2\/media\/349978"}],"wp:attachment":[{"href":"https:\/\/dev.codekraft.it\/rotary-2024\/wp-json\/wp\/v2\/media?parent=386865"}],"wp:term":[{"taxonomy":"product_cat","embeddable":true,"href":"https:\/\/dev.codekraft.it\/rotary-2024\/wp-json\/wp\/v2\/product_cat?post=386865"},{"taxonomy":"product_tag","embeddable":true,"href":"https:\/\/dev.codekraft.it\/rotary-2024\/wp-json\/wp\/v2\/product_tag?post=386865"},{"taxonomy":"product_approvals","embeddable":true,"href":"https:\/\/dev.codekraft.it\/rotary-2024\/wp-json\/wp\/v2\/product_approvals?post=386865"},{"taxonomy":"product_application","embeddable":true,"href":"https:\/\/dev.codekraft.it\/rotary-2024\/wp-json\/wp\/v2\/product_application?post=386865"}],"curies":[{"name":"wp","href":"https:\/\/api.w.org\/{rel}","templated":true}]}}