{"id":386841,"date":"2024-03-25T11:52:04","date_gmt":"2024-03-25T11:52:04","guid":{"rendered":"https:\/\/dev.codekraft.it\/rotary-2024\/products\/uncategorized\/secheur-dair-par-refrigeration-a-air-comprime-bthd-3030-50\/"},"modified":"2024-03-25T11:52:04","modified_gmt":"2024-03-25T11:52:04","slug":"secheur-dair-par-refrigeration-a-air-comprime-bthd-3030-50","status":"publish","type":"product","link":"https:\/\/dev.codekraft.it\/rotary-2024\/fr\/produits\/technologie-de-lair-comprime-fr\/secheurs-par-refrigeration-fr\/secheur-dair-par-refrigeration-a-air-comprime-bthd-3030-50\/","title":{"rendered":"S\u00e9cheur d\u2019air par r\u00e9frig\u00e9ration \u00e0 air comprim\u00e9 BTHD 3030-50"},"content":{"rendered":"<p>Les dessiccateurs r\u00e9frig\u00e9rants \u00e0 haute pression de la s\u00e9rie BTHD offrent une solution fiable, \u00e9conomique et surtout simple. Avec ce programme, sont associ\u00e9s des avantages exceptionnels et une conception performante. Le d\u00e9veloppement a \u00e9t\u00e9 principalement ax\u00e9 sur la s\u00e9curit\u00e9 optimale, des co\u00fbts d&#8217;exploitation aussi bas que possibles, une conception compacte et la durabilit\u00e9 environnementale.<\/p>\n<ul>\n<li>\u00c9changeurs thermiques \u00e0 plaques d&#8217;acier inoxydable pour des pressions de fonctionnement allant jusqu&#8217;\u00e0 50 bar<\/li>\n<li>Pression diff\u00e9rentielle la plus basse<\/li>\n<li>Points de ros\u00e9e \u00e0 pression constante<\/li>\n<\/ul>\n<ul>\n<li>Transmission thermique maximale par un \u00e9changeur thermique air-air : ceci a un effet direct sur la r\u00e9duction de la consommation \u00e9nerg\u00e9tique.<\/li>\n<li>D\u00e9sembueur en acier inoxydable mont\u00e9 verticalement pour une s\u00e9paration s\u00e9curis\u00e9e. L&#8217;air comprim\u00e9 humide est dirig\u00e9 vers le filtre \u00e0 vapeur automatiquement.<\/li>\n<li>Les sections transversales des canaux de circulation g\u00e9n\u00e9reusement dimensionn\u00e9es dans l&#8217;\u00e9changeur thermique entra\u00eenent un faible d\u00e9bit et une r\u00e9duction de la demande d&#8217;\u00e9nergie.<\/li>\n<li>Une chambre de d\u00e9cantation \u00e0 haut volume emp\u00eache le transfert de condensation.<\/li>\n<li>L&#8217;\u00e9change thermique dans le contre-courant et les dimensions g\u00e9n\u00e9reuses permettent l&#8217;\u00e9vaporation compl\u00e8te du r\u00e9frig\u00e9rant.<\/li>\n<\/ul>\n<ul>\n<li>\u00c9changeur thermique air\/r\u00e9frig\u00e9rant et air\/air, comprenant un d\u00e9sembueur int\u00e9gr\u00e9 dans un seul ch\u00e2ssis pour un gain d&#8217;espace<\/li>\n<li>Contact sans potentiel en s\u00e9rie int\u00e9gr\u00e9 dans les commandes<\/li>\n<\/ul>\n","protected":false},"excerpt":{"rendered":"<p>3030 m\u00b3\/h d\u00e9bit d&#8217;air, pour des pressions de fonctionnement jusqu\u2018\u00e0 50 bar<\/p>\n","protected":false},"featured_media":352548,"template":"","meta":[],"product_cat":[1033604],"product_tag":[],"product_approvals":[],"product_application":[],"class_list":{"0":"post-386841","1":"product","2":"type-product","3":"status-publish","4":"has-post-thumbnail","6":"product_cat-secheurs-par-refrigeration-fr","8":"first","9":"instock","10":"shipping-taxable","11":"product-type-simple"},"approvals":[],"application":[],"brb_media_brochure":[{"id":352549,"url":"https:\/\/dev.codekraft.it\/rotary-2024\/wp-content\/uploads\/brb_media\/00423601_air-dryer-bthd-br-128313-de-2019-10-screen.pdf","title":"air dryer bthd br 128313 de 2019 10 screen","thumbnail":"https:\/\/dev.codekraft.it\/rotary-2024\/wp-content\/uploads\/brb_media\/00423601_air-dryer-bthd-br-128313-de-2019-10-screen-pdf-106x150.png","description":""},{"id":352550,"url":"https:\/\/dev.codekraft.it\/rotary-2024\/wp-content\/uploads\/brb_media\/00423602_air-dryer-bthd-br-128314-en-2019-10-screen.pdf","title":"air dryer bthd br 128314 en 2019 10 screen","thumbnail":"https:\/\/dev.codekraft.it\/rotary-2024\/wp-content\/uploads\/brb_media\/00423602_air-dryer-bthd-br-128314-en-2019-10-screen-pdf-106x150.png","description":""},{"id":352551,"url":"https:\/\/dev.codekraft.it\/rotary-2024\/wp-content\/uploads\/brb_media\/00423603_air-dryer-bthd-br-128315-fr-2019-10-screen.pdf","title":"air dryer bthd br 128315 fr 2019 10 screen","thumbnail":"https:\/\/dev.codekraft.it\/rotary-2024\/wp-content\/uploads\/brb_media\/00423603_air-dryer-bthd-br-128315-fr-2019-10-screen-pdf-106x150.png","description":""},{"id":352552,"url":"https:\/\/dev.codekraft.it\/rotary-2024\/wp-content\/uploads\/brb_media\/00423604_air-dryer-bthd-br-128316-it-2019-10-screen.pdf","title":"air dryer bthd br 128316 it 2019 10 screen","thumbnail":"https:\/\/dev.codekraft.it\/rotary-2024\/wp-content\/uploads\/brb_media\/00423604_air-dryer-bthd-br-128316-it-2019-10-screen-pdf-106x150.png","description":""},{"id":352553,"url":"https:\/\/dev.codekraft.it\/rotary-2024\/wp-content\/uploads\/brb_media\/00423605_air-dryer-bthd-br-128317-es-2019-10-screen.pdf","title":"air dryer bthd br 128317 es 2019 10 screen","thumbnail":"https:\/\/dev.codekraft.it\/rotary-2024\/wp-content\/uploads\/brb_media\/00423605_air-dryer-bthd-br-128317-es-2019-10-screen-pdf-106x150.png","description":""},{"id":352554,"url":"https:\/\/dev.codekraft.it\/rotary-2024\/wp-content\/uploads\/brb_media\/00423606_air-dryer-bthd-br-128318-ru-2019-10-screen.pdf","title":"air dryer bthd br 128318 ru 2019 10 screen","thumbnail":"https:\/\/dev.codekraft.it\/rotary-2024\/wp-content\/uploads\/brb_media\/00423606_air-dryer-bthd-br-128318-ru-2019-10-screen-pdf-106x150.png","description":""}],"brb_media_drawing":"","brb_media_manuals":"","brb_media_safety_datasheets":"","brb_media_spare_parts":[],"_cdmm_p_id":"481374","_company":"Blitz","_gtin":"4057612148800","accessories":[],"components":[],"related":[],"similar":[],"lang":"fr","translations":{"fr":386841,"en":386839,"de":386840,"it":386842,"es":386843,"ru":386844},"pll_sync_post":[],"_links":{"self":[{"href":"https:\/\/dev.codekraft.it\/rotary-2024\/wp-json\/wp\/v2\/product\/386841","targetHints":{"allow":["GET"]}}],"collection":[{"href":"https:\/\/dev.codekraft.it\/rotary-2024\/wp-json\/wp\/v2\/product"}],"about":[{"href":"https:\/\/dev.codekraft.it\/rotary-2024\/wp-json\/wp\/v2\/types\/product"}],"wp:featuredmedia":[{"embeddable":true,"href":"https:\/\/dev.codekraft.it\/rotary-2024\/wp-json\/wp\/v2\/media\/352548"}],"wp:attachment":[{"href":"https:\/\/dev.codekraft.it\/rotary-2024\/wp-json\/wp\/v2\/media?parent=386841"}],"wp:term":[{"taxonomy":"product_cat","embeddable":true,"href":"https:\/\/dev.codekraft.it\/rotary-2024\/wp-json\/wp\/v2\/product_cat?post=386841"},{"taxonomy":"product_tag","embeddable":true,"href":"https:\/\/dev.codekraft.it\/rotary-2024\/wp-json\/wp\/v2\/product_tag?post=386841"},{"taxonomy":"product_approvals","embeddable":true,"href":"https:\/\/dev.codekraft.it\/rotary-2024\/wp-json\/wp\/v2\/product_approvals?post=386841"},{"taxonomy":"product_application","embeddable":true,"href":"https:\/\/dev.codekraft.it\/rotary-2024\/wp-json\/wp\/v2\/product_application?post=386841"}],"curies":[{"name":"wp","href":"https:\/\/api.w.org\/{rel}","templated":true}]}}