{"id":386824,"date":"2024-03-25T11:53:01","date_gmt":"2024-03-25T11:53:01","guid":{"rendered":"https:\/\/dev.codekraft.it\/rotary-2024\/products\/uncategorized\/essiccatore-daria-compressa-a-freddo-bthd-1620-50\/"},"modified":"2024-03-25T11:53:01","modified_gmt":"2024-03-25T11:53:01","slug":"essiccatore-daria-compressa-a-freddo-bthd-1620-50","status":"publish","type":"product","link":"https:\/\/dev.codekraft.it\/rotary-2024\/it\/prodotti\/compressori-daria-it\/essiccatori-daria-a-refrigerazione-it\/essiccatore-daria-compressa-a-freddo-bthd-1620-50\/","title":{"rendered":"Essiccatore d&#039;aria compressa a freddo BTHD 1620-50"},"content":{"rendered":"<p>Gli essiccatori a refrigerazione ad alta pressione serie BTHD presentano una soluzione affidabile, economica e, soprattutto, semplice. Con questo programma si combinano vantaggi eccezionali in un approccio di successo. Lo sviluppo si \u00e8 concentrato principalmente sulla sicurezza ottimale, i costi operativi pi\u00f9 bassi possibili, il design compatto e la sostenibilit\u00e0 ambientale.<\/p>\n<ul>\n<li>Scambiatori di calore a piastre in acciaio inossidabile per pressioni di esercizio fino a 50 bar<\/li>\n<li>Pressioni differenziali pi\u00f9 basse<\/li>\n<li>Punti di rugiada a pressione costante<\/li>\n<\/ul>\n<ul>\n<li>Massima trasmissione del calore tramite scambiatore di calore aria-aria: questo ha un effetto diretto sulla riduzione del consumo di energia.<\/li>\n<li>Demister in acciaio inossidabile disposto verticalmente per una separazione sicura. L&#8217;aria compressa umida viene incanalata automaticamente nella trappola automatica di vapore.<\/li>\n<li>Le sezioni trasversali di dimensioni generose dei canali di flusso nello scambiatore di calore comportano basse portate e bassi requisiti energetici.<\/li>\n<li>Una camera di sedimentazione ad alto volume impedisce il trasporto di condensa.<\/li>\n<li>Lo scambio di calore controcorrente e le dimensioni generose consentono l\u2019evaporazione completa del refrigerante.<\/li>\n<\/ul>\n<ul>\n<li>Scambiatore di calore aria\/aria e refrigerante\/aria incluso demister integrato in un unico alloggiamento per risparmiare spazio<\/li>\n<li>Contatto a potenziale zero integrato nei comandi di serie<\/li>\n<\/ul>\n","protected":false},"excerpt":{"rendered":"<p>1620 m\u00b3\/h flusso volumetrico, per pressioni di esercizio fino a 50 bar<\/p>\n","protected":false},"featured_media":352548,"template":"","meta":[],"product_cat":[1033620],"product_tag":[],"product_approvals":[],"product_application":[],"class_list":{"0":"post-386824","1":"product","2":"type-product","3":"status-publish","4":"has-post-thumbnail","6":"product_cat-essiccatori-daria-a-refrigerazione-it","8":"first","9":"instock","10":"shipping-taxable","11":"product-type-simple"},"approvals":[],"application":[],"brb_media_brochure":[{"id":352549,"url":"https:\/\/dev.codekraft.it\/rotary-2024\/wp-content\/uploads\/brb_media\/00423601_air-dryer-bthd-br-128313-de-2019-10-screen.pdf","title":"air dryer bthd br 128313 de 2019 10 screen","thumbnail":"https:\/\/dev.codekraft.it\/rotary-2024\/wp-content\/uploads\/brb_media\/00423601_air-dryer-bthd-br-128313-de-2019-10-screen-pdf-106x150.png","description":""},{"id":352550,"url":"https:\/\/dev.codekraft.it\/rotary-2024\/wp-content\/uploads\/brb_media\/00423602_air-dryer-bthd-br-128314-en-2019-10-screen.pdf","title":"air dryer bthd br 128314 en 2019 10 screen","thumbnail":"https:\/\/dev.codekraft.it\/rotary-2024\/wp-content\/uploads\/brb_media\/00423602_air-dryer-bthd-br-128314-en-2019-10-screen-pdf-106x150.png","description":""},{"id":352551,"url":"https:\/\/dev.codekraft.it\/rotary-2024\/wp-content\/uploads\/brb_media\/00423603_air-dryer-bthd-br-128315-fr-2019-10-screen.pdf","title":"air dryer bthd br 128315 fr 2019 10 screen","thumbnail":"https:\/\/dev.codekraft.it\/rotary-2024\/wp-content\/uploads\/brb_media\/00423603_air-dryer-bthd-br-128315-fr-2019-10-screen-pdf-106x150.png","description":""},{"id":352552,"url":"https:\/\/dev.codekraft.it\/rotary-2024\/wp-content\/uploads\/brb_media\/00423604_air-dryer-bthd-br-128316-it-2019-10-screen.pdf","title":"air dryer bthd br 128316 it 2019 10 screen","thumbnail":"https:\/\/dev.codekraft.it\/rotary-2024\/wp-content\/uploads\/brb_media\/00423604_air-dryer-bthd-br-128316-it-2019-10-screen-pdf-106x150.png","description":""},{"id":352553,"url":"https:\/\/dev.codekraft.it\/rotary-2024\/wp-content\/uploads\/brb_media\/00423605_air-dryer-bthd-br-128317-es-2019-10-screen.pdf","title":"air dryer bthd br 128317 es 2019 10 screen","thumbnail":"https:\/\/dev.codekraft.it\/rotary-2024\/wp-content\/uploads\/brb_media\/00423605_air-dryer-bthd-br-128317-es-2019-10-screen-pdf-106x150.png","description":""},{"id":352554,"url":"https:\/\/dev.codekraft.it\/rotary-2024\/wp-content\/uploads\/brb_media\/00423606_air-dryer-bthd-br-128318-ru-2019-10-screen.pdf","title":"air dryer bthd br 128318 ru 2019 10 screen","thumbnail":"https:\/\/dev.codekraft.it\/rotary-2024\/wp-content\/uploads\/brb_media\/00423606_air-dryer-bthd-br-128318-ru-2019-10-screen-pdf-106x150.png","description":""}],"brb_media_drawing":"","brb_media_manuals":"","brb_media_safety_datasheets":"","brb_media_spare_parts":[],"_cdmm_p_id":"481367","_company":"Blitz","_gtin":"4057612148770","accessories":[],"components":[],"related":[],"similar":[],"lang":"it","translations":{"it":386824,"en":386821,"de":386822,"fr":386823,"es":386825,"ru":386826},"pll_sync_post":[],"_links":{"self":[{"href":"https:\/\/dev.codekraft.it\/rotary-2024\/wp-json\/wp\/v2\/product\/386824","targetHints":{"allow":["GET"]}}],"collection":[{"href":"https:\/\/dev.codekraft.it\/rotary-2024\/wp-json\/wp\/v2\/product"}],"about":[{"href":"https:\/\/dev.codekraft.it\/rotary-2024\/wp-json\/wp\/v2\/types\/product"}],"wp:featuredmedia":[{"embeddable":true,"href":"https:\/\/dev.codekraft.it\/rotary-2024\/wp-json\/wp\/v2\/media\/352548"}],"wp:attachment":[{"href":"https:\/\/dev.codekraft.it\/rotary-2024\/wp-json\/wp\/v2\/media?parent=386824"}],"wp:term":[{"taxonomy":"product_cat","embeddable":true,"href":"https:\/\/dev.codekraft.it\/rotary-2024\/wp-json\/wp\/v2\/product_cat?post=386824"},{"taxonomy":"product_tag","embeddable":true,"href":"https:\/\/dev.codekraft.it\/rotary-2024\/wp-json\/wp\/v2\/product_tag?post=386824"},{"taxonomy":"product_approvals","embeddable":true,"href":"https:\/\/dev.codekraft.it\/rotary-2024\/wp-json\/wp\/v2\/product_approvals?post=386824"},{"taxonomy":"product_application","embeddable":true,"href":"https:\/\/dev.codekraft.it\/rotary-2024\/wp-json\/wp\/v2\/product_application?post=386824"}],"curies":[{"name":"wp","href":"https:\/\/api.w.org\/{rel}","templated":true}]}}