{"id":386732,"date":"2025-04-10T07:50:49","date_gmt":"2025-04-10T07:50:49","guid":{"rendered":"https:\/\/dev.codekraft.it\/rotary-2024\/products\/uncategorized\/druckluft-kaltetrockner-btf-630-16\/"},"modified":"2025-04-10T07:50:49","modified_gmt":"2025-04-10T07:50:49","slug":"druckluft-kaltetrockner-btf-630-16","status":"publish","type":"product","link":"https:\/\/dev.codekraft.it\/rotary-2024\/produkte\/drucklufttechnik-de\/kaltetrockner-de\/druckluft-kaltetrockner-btf-630-16\/","title":{"rendered":"Druckluft-K\u00e4ltetrockner BTF 630-16"},"content":{"rendered":"<p>Druckluft-K\u00e4ltetrockner der BTF Baureihe stellen eine zuverl\u00e4ssige, kosteng\u00fcnstige und vor allem einfache L\u00f6sung dar. Mit diesem Programm werden \u00fcberlegene Vorteile zu einem erfolgreichen Konzept vereinigt. Die Schwerpunkte der Entwicklung wurden dabei auf optimale Sicherheit, niedrigste Betriebskosten, kompakte Bauweise und Umweltvertr\u00e4glichkeit gelegt.<\/p>\n<ul>\n<li>Luft\/Luft- und K\u00e4ltemittel-\/Luftw\u00e4rmetauscher<\/li>\n<li>Niedrigste Differenzdr\u00fccke<\/li>\n<li>Serienm\u00e4\u00dfig mit elektronisch niveaugeregeltem Kondensatableiter<\/li>\n<li>Inklusive potentialfreiem Kontakt<\/li>\n<li>Umweltfreundliches K\u00e4ltemittel R513A mit niedrigem GWP, das ungiftig und nicht entflammbar ist<\/li>\n<\/ul>\n<ul>\n<li>Maximale W\u00e4rme\u00fcbertragung durch Luft-Luft-W\u00e4rmetauscher: Dies wirkt sich direkt auf die Reduzierung des Energieverbrauchs aus.<\/li>\n<li>Edelstahldemister in vertikaler Anordnung zur sicheren Abscheidung. Nasse Druckluft wird bis zum automatischen Kondensatableiter geleitet.<\/li>\n<li>Die gro\u00dfz\u00fcgig dimensionierten Querschnitte der Str\u00f6mungskan\u00e4le im W\u00e4rmetauscher f\u00fchren zu niedrigen Flie\u00dfgeschwindigkeiten und geringen Energiebedarfen.<\/li>\n<li>Ein gro\u00dfvolumiger Beruhigungsraum verhindert das Mitrei\u00dfen von Kondensat.<\/li>\n<li>Der W\u00e4rmeaustausch im Gegenstrom und gro\u00dfz\u00fcgige Abmessungen erm\u00f6glichen eine vollst\u00e4ndige Verdampfung des K\u00e4ltemittels.<\/li>\n<\/ul>\n<ul>\n<li>Serienm\u00e4\u00dfig mit elektronisch niveaugeregeltem Kondensatableiter<\/li>\n<li>Luft\/Luft- und K\u00e4ltemittel-\/Luftw\u00e4rmetauscher inkl. Demister platzsparend in einem Geh\u00e4use integriert<\/li>\n<li>Potentialfreier Kontakt serienm\u00e4\u00dfig in Steuerung integriert<\/li>\n<\/ul>\n","protected":false},"excerpt":{"rendered":"<p>630 m\u00b3\/h Volumenstrom, f\u00fcr Betriebsdr\u00fccke bis 16 bar<\/p>\n","protected":false},"featured_media":356675,"template":"","meta":[],"product_cat":[1033588],"product_tag":[1034143,1034229,1034212,1034126,1035646,1035663,1034161,1035680,1034178,1034195],"product_approvals":[],"product_application":[],"class_list":{"0":"post-386732","1":"product","2":"type-product","3":"status-publish","4":"has-post-thumbnail","6":"product_cat-kaltetrockner-de","7":"product_tag-buses-de","8":"product_tag-tracked-vehicles-de","9":"product_tag-agricultural-machines-de","10":"product_tag-trucks-de","11":"product_tag-motorbikes-de","12":"product_tag-scooter-de","13":"product_tag-passenger-cars-de","14":"product_tag-quad-bikes-de","15":"product_tag-light-commercial-de","16":"product_tag-motor-homes-de","18":"first","19":"instock","20":"shipping-taxable","21":"product-type-simple"},"approvals":[],"application":[],"brb_media_brochure":[{"id":373135,"url":"https:\/\/dev.codekraft.it\/rotary-2024\/wp-content\/uploads\/brb_media\/00528010_refrigeration-dryer-btf-21-1320-br-133749-de-2024-06-screen.pdf","title":"Refrigeration Dryer BTF 21 1320 BR 133749 de 2024 06 screen","thumbnail":"https:\/\/dev.codekraft.it\/rotary-2024\/wp-content\/uploads\/brb_media\/00528010_refrigeration-dryer-btf-21-1320-br-133749-de-2024-06-screen-pdf-106x150.png","description":""},{"id":373136,"url":"https:\/\/dev.codekraft.it\/rotary-2024\/wp-content\/uploads\/brb_media\/00528011_refrigeration-dryer-btf-21-1320-br-133750-en-2024-06-screen.pdf","title":"Refrigeration Dryer BTF 21 1320 BR 133750 en 2024 06 screen","thumbnail":"https:\/\/dev.codekraft.it\/rotary-2024\/wp-content\/uploads\/brb_media\/00528011_refrigeration-dryer-btf-21-1320-br-133750-en-2024-06-screen-pdf-106x150.png","description":""},{"id":373137,"url":"https:\/\/dev.codekraft.it\/rotary-2024\/wp-content\/uploads\/brb_media\/00528012_refrigeration-dryer-btf-21-1320-br-133751-fr-2024-06-screen.pdf","title":"Refrigeration Dryer BTF 21 1320 BR 133751 fr 2024 06 screen","thumbnail":"https:\/\/dev.codekraft.it\/rotary-2024\/wp-content\/uploads\/brb_media\/00528012_refrigeration-dryer-btf-21-1320-br-133751-fr-2024-06-screen-pdf-106x150.png","description":""},{"id":373138,"url":"https:\/\/dev.codekraft.it\/rotary-2024\/wp-content\/uploads\/brb_media\/00528013_refrigeration-dryer-btf-21-1320-br-133752-it-2024-06-screen.pdf","title":"Refrigeration Dryer BTF 21 1320 BR 133752 it 2024 06 screen","thumbnail":"https:\/\/dev.codekraft.it\/rotary-2024\/wp-content\/uploads\/brb_media\/00528013_refrigeration-dryer-btf-21-1320-br-133752-it-2024-06-screen-pdf-106x150.png","description":""},{"id":373139,"url":"https:\/\/dev.codekraft.it\/rotary-2024\/wp-content\/uploads\/brb_media\/00528014_refrigeration-dryer-btf-21-1320-br-133753-es-2024-06-screen.pdf","title":"Refrigeration Dryer BTF 21 1320 BR 133753 es 2024 06 screen","thumbnail":"https:\/\/dev.codekraft.it\/rotary-2024\/wp-content\/uploads\/brb_media\/00528014_refrigeration-dryer-btf-21-1320-br-133753-es-2024-06-screen-pdf-106x150.png","description":""},{"id":373140,"url":"https:\/\/dev.codekraft.it\/rotary-2024\/wp-content\/uploads\/brb_media\/00528015_refrigeration-dryer-btf-21-1320-br-133754-ru-2024-06-screen.pdf","title":"Refrigeration Dryer BTF 21 1320 BR 133754 ru 2024 06 screen","thumbnail":"https:\/\/dev.codekraft.it\/rotary-2024\/wp-content\/uploads\/brb_media\/00528015_refrigeration-dryer-btf-21-1320-br-133754-ru-2024-06-screen-pdf-106x150.png","description":""}],"brb_media_drawing":"","brb_media_manuals":[{"id":356682,"url":"https:\/\/dev.codekraft.it\/rotary-2024\/wp-content\/uploads\/brb_media\/00527968_air-dryer-btf-21-1320-om-133459-de-2024-02.pdf","title":"air dryer btf 21 1320 om 133459 de 2024 02","thumbnail":"https:\/\/dev.codekraft.it\/rotary-2024\/wp-content\/uploads\/brb_media\/00527968_air-dryer-btf-21-1320-om-133459-de-2024-02-pdf-106x150.png","description":""},{"id":356683,"url":"https:\/\/dev.codekraft.it\/rotary-2024\/wp-content\/uploads\/brb_media\/00527969_air-dryer-btf-21-1320-om-133461-en-2024-02.pdf","title":"air dryer btf 21 1320 om 133461 en 2024 02","thumbnail":"https:\/\/dev.codekraft.it\/rotary-2024\/wp-content\/uploads\/brb_media\/00527969_air-dryer-btf-21-1320-om-133461-en-2024-02-pdf-106x150.png","description":""}],"brb_media_safety_datasheets":"","brb_media_spare_parts":[],"_cdmm_p_id":"481320","_company":"Blitz","_gtin":"4057612938920","accessories":[],"components":[],"related":[],"similar":[{"id":385982,"cdmm_p_id":"218132","name":"Druckluft-K\u00e4ltetrockner BTF 21-16","description":"21 m\u00b3\/h Volumenstrom, f\u00fcr Betriebsdr\u00fccke bis 16 bar","thumbnail":"https:\/\/dev.codekraft.it\/rotary-2024\/wp-content\/uploads\/brb_media\/00527965_refrigeration-dryer-btf57-mi-150x150.png","url":"https:\/\/dev.codekraft.it\/rotary-2024\/produkte\/drucklufttechnik-de\/kaltetrockner-de\/druckluft-kaltetrockner-btf-21-16\/"},{"id":386672,"cdmm_p_id":"481177","name":"Druckluft-K\u00e4ltetrockner BTF 36-16","description":"36 m\u00b3\/h Volumenstrom, f\u00fcr Betriebsdr\u00fccke bis 16 bar","thumbnail":"https:\/\/dev.codekraft.it\/rotary-2024\/wp-content\/uploads\/brb_media\/00527965_refrigeration-dryer-btf57-mi-150x150.png","url":"https:\/\/dev.codekraft.it\/rotary-2024\/produkte\/drucklufttechnik-de\/kaltetrockner-de\/druckluft-kaltetrockner-btf-36-16\/"},{"id":386678,"cdmm_p_id":"481178","name":"Druckluft-K\u00e4ltetrockner BTF 57-16","description":"57 m\u00b3\/h Volumenstrom, f\u00fcr Betriebsdr\u00fccke bis 16 bar","thumbnail":"https:\/\/dev.codekraft.it\/rotary-2024\/wp-content\/uploads\/brb_media\/00527965_refrigeration-dryer-btf57-mi-150x150.png","url":"https:\/\/dev.codekraft.it\/rotary-2024\/produkte\/drucklufttechnik-de\/kaltetrockner-de\/druckluft-kaltetrockner-btf-57-16\/"},{"id":386684,"cdmm_p_id":"481179","name":"Druckluft-K\u00e4ltetrockner BTF 72-16","description":"72 m\u00b3\/h Volumenstrom, f\u00fcr Betriebsdr\u00fccke bis 16 bar","thumbnail":"https:\/\/dev.codekraft.it\/rotary-2024\/wp-content\/uploads\/brb_media\/00527965_refrigeration-dryer-btf57-mi-150x150.png","url":"https:\/\/dev.codekraft.it\/rotary-2024\/produkte\/drucklufttechnik-de\/kaltetrockner-de\/druckluft-kaltetrockner-btf-72-16\/"},{"id":386690,"cdmm_p_id":"481180","name":"Druckluft-K\u00e4ltetrockner BTF 108-16","description":"108 m\u00b3\/h Volumenstrom, f\u00fcr Betriebsdr\u00fccke bis 16 bar","thumbnail":"https:\/\/dev.codekraft.it\/rotary-2024\/wp-content\/uploads\/brb_media\/00527965_refrigeration-dryer-btf57-mi-150x150.png","url":"https:\/\/dev.codekraft.it\/rotary-2024\/produkte\/drucklufttechnik-de\/kaltetrockner-de\/druckluft-kaltetrockner-btf-108-16\/"},{"id":386696,"cdmm_p_id":"481181","name":"Druckluft-K\u00e4ltetrockner BTF 150-16","description":"150 m\u00b3\/h Volumenstrom, f\u00fcr Betriebsdr\u00fccke bis 16 bar","thumbnail":"https:\/\/dev.codekraft.it\/rotary-2024\/wp-content\/uploads\/brb_media\/00527965_refrigeration-dryer-btf57-mi-150x150.png","url":"https:\/\/dev.codekraft.it\/rotary-2024\/produkte\/drucklufttechnik-de\/kaltetrockner-de\/druckluft-kaltetrockner-btf-150-16\/"},{"id":386702,"cdmm_p_id":"481182","name":"Druckluft-K\u00e4ltetrockner BTF 192-16","description":"192 m\u00b3\/h Volumenstrom, f\u00fcr Betriebsdr\u00fccke bis 16 bar","thumbnail":"https:\/\/dev.codekraft.it\/rotary-2024\/wp-content\/uploads\/brb_media\/00527965_refrigeration-dryer-btf57-mi-150x150.png","url":"https:\/\/dev.codekraft.it\/rotary-2024\/produkte\/drucklufttechnik-de\/kaltetrockner-de\/druckluft-kaltetrockner-btf-192-16\/"},{"id":386708,"cdmm_p_id":"481183","name":"Druckluft-K\u00e4ltetrockner BTF 258-16","description":"258 m\u00b3\/h Volumenstrom, f\u00fcr Betriebsdr\u00fccke bis 16 bar","thumbnail":"https:\/\/dev.codekraft.it\/rotary-2024\/wp-content\/uploads\/brb_media\/00527965_refrigeration-dryer-btf57-mi-150x150.png","url":"https:\/\/dev.codekraft.it\/rotary-2024\/produkte\/drucklufttechnik-de\/kaltetrockner-de\/druckluft-kaltetrockner-btf-258-16\/"},{"id":386714,"cdmm_p_id":"481184","name":"Druckluft-K\u00e4ltetrockner BTF 312-16","description":"312 m\u00b3\/h Volumenstrom, f\u00fcr Betriebsdr\u00fccke bis 16 bar","thumbnail":"https:\/\/dev.codekraft.it\/rotary-2024\/wp-content\/uploads\/brb_media\/00527966_refrigeration-dryer-btf312-mi-150x150.png","url":"https:\/\/dev.codekraft.it\/rotary-2024\/produkte\/drucklufttechnik-de\/kaltetrockner-de\/druckluft-kaltetrockner-btf-312-16\/"},{"id":386726,"cdmm_p_id":"481319","name":"Druckluft-K\u00e4ltetrockner BTF 366-16","description":"366 m\u00b3\/h Volumenstrom, f\u00fcr Betriebsdr\u00fccke bis 16 bar","thumbnail":"https:\/\/dev.codekraft.it\/rotary-2024\/wp-content\/uploads\/brb_media\/00527965_refrigeration-dryer-btf57-mi-150x150.png","url":"https:\/\/dev.codekraft.it\/rotary-2024\/produkte\/drucklufttechnik-de\/kaltetrockner-de\/druckluft-kaltetrockner-btf-366-16\/"},{"id":386720,"cdmm_p_id":"481185","name":"Druckluft-K\u00e4ltetrockner BTF 450-16","description":"450 m\u00b3\/h Volumenstrom, f\u00fcr Betriebsdr\u00fccke bis 16 bar","thumbnail":"https:\/\/dev.codekraft.it\/rotary-2024\/wp-content\/uploads\/brb_media\/00527965_refrigeration-dryer-btf57-mi-150x150.png","url":"https:\/\/dev.codekraft.it\/rotary-2024\/produkte\/drucklufttechnik-de\/kaltetrockner-de\/druckluft-kaltetrockner-btf-450-16\/"},{"id":386738,"cdmm_p_id":"481321","name":"Druckluft-K\u00e4ltetrockner BTF 780-16","description":"780 m\u00b3\/h Volumenstrom, f\u00fcr Betriebsdr\u00fccke bis 16 bar","thumbnail":"https:\/\/dev.codekraft.it\/rotary-2024\/wp-content\/uploads\/brb_media\/00527965_refrigeration-dryer-btf57-mi-150x150.png","url":"https:\/\/dev.codekraft.it\/rotary-2024\/produkte\/drucklufttechnik-de\/kaltetrockner-de\/druckluft-kaltetrockner-btf-780-16\/"},{"id":386744,"cdmm_p_id":"481333","name":"Druckluft-K\u00e4ltetrockner BTF 1008-16","description":"1008 m\u00b3\/h Volumenstrom, f\u00fcr Betriebsdr\u00fccke bis 16 bar","thumbnail":"https:\/\/dev.codekraft.it\/rotary-2024\/wp-content\/uploads\/brb_media\/00527965_refrigeration-dryer-btf57-mi-150x150.png","url":"https:\/\/dev.codekraft.it\/rotary-2024\/produkte\/drucklufttechnik-de\/kaltetrockner-de\/druckluft-kaltetrockner-btf-1008-16\/"},{"id":387212,"cdmm_p_id":"504290","name":"Druckluft-K\u00e4ltetrockner BTF 1140-16","description":"1140 m\u00b3\/h Volumenstrom, f\u00fcr Betriebsdr\u00fccke bis 16 bar","thumbnail":"https:\/\/dev.codekraft.it\/rotary-2024\/wp-content\/uploads\/brb_media\/00527965_refrigeration-dryer-btf57-mi-150x150.png","url":"https:\/\/dev.codekraft.it\/rotary-2024\/produkte\/drucklufttechnik-de\/kaltetrockner-de\/druckluft-kaltetrockner-btf-1140-16\/"},{"id":387218,"cdmm_p_id":"504291","name":"Druckluft-K\u00e4ltetrockner BTF 1320-16","description":"1320 m\u00b3\/h Volumenstrom, f\u00fcr Betriebsdr\u00fccke bis 16 bar","thumbnail":"https:\/\/dev.codekraft.it\/rotary-2024\/wp-content\/uploads\/brb_media\/00527967_refrigeration-dryer-btf1320-mi-150x150.png","url":"https:\/\/dev.codekraft.it\/rotary-2024\/produkte\/drucklufttechnik-de\/kaltetrockner-de\/druckluft-kaltetrockner-btf-1320-16\/"}],"lang":"de","translations":{"de":386732,"en":386731,"fr":386733,"it":386734,"es":386735,"ru":386736},"pll_sync_post":[],"_links":{"self":[{"href":"https:\/\/dev.codekraft.it\/rotary-2024\/wp-json\/wp\/v2\/product\/386732","targetHints":{"allow":["GET"]}}],"collection":[{"href":"https:\/\/dev.codekraft.it\/rotary-2024\/wp-json\/wp\/v2\/product"}],"about":[{"href":"https:\/\/dev.codekraft.it\/rotary-2024\/wp-json\/wp\/v2\/types\/product"}],"wp:featuredmedia":[{"embeddable":true,"href":"https:\/\/dev.codekraft.it\/rotary-2024\/wp-json\/wp\/v2\/media\/356675"}],"wp:attachment":[{"href":"https:\/\/dev.codekraft.it\/rotary-2024\/wp-json\/wp\/v2\/media?parent=386732"}],"wp:term":[{"taxonomy":"product_cat","embeddable":true,"href":"https:\/\/dev.codekraft.it\/rotary-2024\/wp-json\/wp\/v2\/product_cat?post=386732"},{"taxonomy":"product_tag","embeddable":true,"href":"https:\/\/dev.codekraft.it\/rotary-2024\/wp-json\/wp\/v2\/product_tag?post=386732"},{"taxonomy":"product_approvals","embeddable":true,"href":"https:\/\/dev.codekraft.it\/rotary-2024\/wp-json\/wp\/v2\/product_approvals?post=386732"},{"taxonomy":"product_application","embeddable":true,"href":"https:\/\/dev.codekraft.it\/rotary-2024\/wp-json\/wp\/v2\/product_application?post=386732"}],"curies":[{"name":"wp","href":"https:\/\/api.w.org\/{rel}","templated":true}]}}