{"id":386721,"date":"2025-04-10T07:50:50","date_gmt":"2025-04-10T07:50:50","guid":{"rendered":"https:\/\/dev.codekraft.it\/rotary-2024\/products\/uncategorized\/secheur-dair-comprime-par-refrigeration-btf-450-16\/"},"modified":"2025-04-10T07:50:50","modified_gmt":"2025-04-10T07:50:50","slug":"secheur-dair-comprime-par-refrigeration-btf-450-16","status":"publish","type":"product","link":"https:\/\/dev.codekraft.it\/rotary-2024\/fr\/produits\/technologie-de-lair-comprime-fr\/secheurs-par-refrigeration-fr\/secheur-dair-comprime-par-refrigeration-btf-450-16\/","title":{"rendered":"S\u00e9cheur d&#039;air comprim\u00e9 par r\u00e9frig\u00e9ration BTF 450-16"},"content":{"rendered":"<p>Les dessiccateurs r\u00e9frig\u00e9rants \u00e0 air comprim\u00e9 de la s\u00e9rie BTF offrent une solution fiable, \u00e9conomique et surtout simple. Cette gamme r\u00e9unit des avantages exceptionnels dans un concept performant. Les points essentiels du d\u00e9veloppement ont \u00e9t\u00e9 concentr\u00e9s sur la s\u00e9curit\u00e9 optimale, des co\u00fbts d&#8217;exploitation aussi bas que possible, une conception compacte et la compatibilit\u00e9 environnementale.<\/p>\n<ul>\n<li>\u00c9changeur thermique air\/r\u00e9frig\u00e9rant et air\/air<\/li>\n<li>Pression diff\u00e9rentielle la plus basse<\/li>\n<li>Filtre \u00e0 vapeur \u00e0 r\u00e9glage de niveau \u00e9lectronique en s\u00e9rie<\/li>\n<li>Inclut un contact sans potentiel<\/li>\n<li>R\u00e9frig\u00e9rant \u00e9cologique R513A \u00e0 faible GWP, non toxique et ininflammable<\/li>\n<\/ul>\n<ul>\n<li>Transfert thermique maximal au moyen d&#8217;un \u00e9changeur thermique air-air : Cela a un impact direct sur la r\u00e9duction de la consommation d&#8217;\u00e9nergie.<\/li>\n<li>D\u00e9sembueur en acier inoxydable dispos\u00e9 verticalement pour une s\u00e9paration s\u00e9curis\u00e9e. L&#8217;air comprim\u00e9 humide est dirig\u00e9 vers le filtre \u00e0 vapeur automatique.<\/li>\n<li>Les sections transversales des canaux de circulation g\u00e9n\u00e9reusement dimensionn\u00e9es dans l&#8217;\u00e9changeur thermique entra\u00eenent un faible d\u00e9bit et une r\u00e9duction de la demande d&#8217;\u00e9nergie.<\/li>\n<li>Une chambre de d\u00e9cantation \u00e0 haut volume emp\u00eache le transfert de condensation.<\/li>\n<li>L&#8217;\u00e9change thermique dans les dimensions \u00e0 contre-courant et g\u00e9n\u00e9reuses permet l&#8217;\u00e9vaporation compl\u00e8te du r\u00e9frig\u00e9rant.<\/li>\n<\/ul>\n<ul>\n<li>Filtre \u00e0 vapeur \u00e0 r\u00e9glage de niveau \u00e9lectronique en s\u00e9rie<\/li>\n<li>\u00c9changeur thermique air\/r\u00e9frig\u00e9rant et air\/air, comprenant un d\u00e9sembueur int\u00e9gr\u00e9 dans un seul ch\u00e2ssis pour un gain d&#8217;espace<\/li>\n<li>Contact sans potentiel en s\u00e9rie int\u00e9gr\u00e9 dans les commandes<\/li>\n<\/ul>\n","protected":false},"excerpt":{"rendered":"<p>450 m\u00b3\/h d\u00e9bit d&#8217;air, pour des pressions de fonctionnement allant jusqu\u2018\u00e0 16 bar<\/p>\n","protected":false},"featured_media":356675,"template":"","meta":[],"product_cat":[1033604],"product_tag":[1034145,1034128,1034197,1035648,1035682,1035665,1034180,1034231,1034214,1034163],"product_approvals":[],"product_application":[],"class_list":{"0":"post-386721","1":"product","2":"type-product","3":"status-publish","4":"has-post-thumbnail","6":"product_cat-secheurs-par-refrigeration-fr","7":"product_tag-buses-fr","8":"product_tag-trucks-fr","9":"product_tag-motor-homes-fr","10":"product_tag-motorbikes-fr","11":"product_tag-quad-bikes-fr","12":"product_tag-scooter-fr","13":"product_tag-light-commercial-fr","14":"product_tag-tracked-vehicles-fr","15":"product_tag-agricultural-machines-fr","16":"product_tag-passenger-cars-fr","18":"first","19":"instock","20":"shipping-taxable","21":"product-type-simple"},"approvals":[],"application":[],"brb_media_brochure":[{"id":373135,"url":"https:\/\/dev.codekraft.it\/rotary-2024\/wp-content\/uploads\/brb_media\/00528010_refrigeration-dryer-btf-21-1320-br-133749-de-2024-06-screen.pdf","title":"Refrigeration Dryer BTF 21 1320 BR 133749 de 2024 06 screen","thumbnail":"https:\/\/dev.codekraft.it\/rotary-2024\/wp-content\/uploads\/brb_media\/00528010_refrigeration-dryer-btf-21-1320-br-133749-de-2024-06-screen-pdf-106x150.png","description":""},{"id":373136,"url":"https:\/\/dev.codekraft.it\/rotary-2024\/wp-content\/uploads\/brb_media\/00528011_refrigeration-dryer-btf-21-1320-br-133750-en-2024-06-screen.pdf","title":"Refrigeration Dryer BTF 21 1320 BR 133750 en 2024 06 screen","thumbnail":"https:\/\/dev.codekraft.it\/rotary-2024\/wp-content\/uploads\/brb_media\/00528011_refrigeration-dryer-btf-21-1320-br-133750-en-2024-06-screen-pdf-106x150.png","description":""},{"id":373137,"url":"https:\/\/dev.codekraft.it\/rotary-2024\/wp-content\/uploads\/brb_media\/00528012_refrigeration-dryer-btf-21-1320-br-133751-fr-2024-06-screen.pdf","title":"Refrigeration Dryer BTF 21 1320 BR 133751 fr 2024 06 screen","thumbnail":"https:\/\/dev.codekraft.it\/rotary-2024\/wp-content\/uploads\/brb_media\/00528012_refrigeration-dryer-btf-21-1320-br-133751-fr-2024-06-screen-pdf-106x150.png","description":""},{"id":373138,"url":"https:\/\/dev.codekraft.it\/rotary-2024\/wp-content\/uploads\/brb_media\/00528013_refrigeration-dryer-btf-21-1320-br-133752-it-2024-06-screen.pdf","title":"Refrigeration Dryer BTF 21 1320 BR 133752 it 2024 06 screen","thumbnail":"https:\/\/dev.codekraft.it\/rotary-2024\/wp-content\/uploads\/brb_media\/00528013_refrigeration-dryer-btf-21-1320-br-133752-it-2024-06-screen-pdf-106x150.png","description":""},{"id":373139,"url":"https:\/\/dev.codekraft.it\/rotary-2024\/wp-content\/uploads\/brb_media\/00528014_refrigeration-dryer-btf-21-1320-br-133753-es-2024-06-screen.pdf","title":"Refrigeration Dryer BTF 21 1320 BR 133753 es 2024 06 screen","thumbnail":"https:\/\/dev.codekraft.it\/rotary-2024\/wp-content\/uploads\/brb_media\/00528014_refrigeration-dryer-btf-21-1320-br-133753-es-2024-06-screen-pdf-106x150.png","description":""},{"id":373140,"url":"https:\/\/dev.codekraft.it\/rotary-2024\/wp-content\/uploads\/brb_media\/00528015_refrigeration-dryer-btf-21-1320-br-133754-ru-2024-06-screen.pdf","title":"Refrigeration Dryer BTF 21 1320 BR 133754 ru 2024 06 screen","thumbnail":"https:\/\/dev.codekraft.it\/rotary-2024\/wp-content\/uploads\/brb_media\/00528015_refrigeration-dryer-btf-21-1320-br-133754-ru-2024-06-screen-pdf-106x150.png","description":""}],"brb_media_drawing":"","brb_media_manuals":[{"id":356682,"url":"https:\/\/dev.codekraft.it\/rotary-2024\/wp-content\/uploads\/brb_media\/00527968_air-dryer-btf-21-1320-om-133459-de-2024-02.pdf","title":"air dryer btf 21 1320 om 133459 de 2024 02","thumbnail":"https:\/\/dev.codekraft.it\/rotary-2024\/wp-content\/uploads\/brb_media\/00527968_air-dryer-btf-21-1320-om-133459-de-2024-02-pdf-106x150.png","description":""},{"id":356683,"url":"https:\/\/dev.codekraft.it\/rotary-2024\/wp-content\/uploads\/brb_media\/00527969_air-dryer-btf-21-1320-om-133461-en-2024-02.pdf","title":"air dryer btf 21 1320 om 133461 en 2024 02","thumbnail":"https:\/\/dev.codekraft.it\/rotary-2024\/wp-content\/uploads\/brb_media\/00527969_air-dryer-btf-21-1320-om-133461-en-2024-02-pdf-106x150.png","description":""}],"brb_media_safety_datasheets":"","brb_media_spare_parts":[],"_cdmm_p_id":"481185","_company":"Blitz","_gtin":"4057612938913","accessories":[],"components":[],"related":[],"similar":[{"id":385983,"cdmm_p_id":"218132","name":"S\u00e9cheur d&#039;air comprim\u00e9 par r\u00e9frig\u00e9ration BTF 21-16","description":"21 m\u00b3\/h d\u00e9bit d'air, pour des pressions de fonctionnement allant jusqu\u2018\u00e0 16 bar","thumbnail":"https:\/\/dev.codekraft.it\/rotary-2024\/wp-content\/uploads\/brb_media\/00527965_refrigeration-dryer-btf57-mi-150x150.png","url":"https:\/\/dev.codekraft.it\/rotary-2024\/fr\/produits\/technologie-de-lair-comprime-fr\/secheurs-par-refrigeration-fr\/secheur-dair-comprime-par-refrigeration-btf-21-16\/"},{"id":386673,"cdmm_p_id":"481177","name":"S\u00e9cheur d&#039;air comprim\u00e9 par r\u00e9frig\u00e9ration BTF 36-16","description":"36 m\u00b3\/h d\u00e9bit d'air, pour des pressions de fonctionnement allant jusqu\u2018\u00e0 16 bar","thumbnail":"https:\/\/dev.codekraft.it\/rotary-2024\/wp-content\/uploads\/brb_media\/00527965_refrigeration-dryer-btf57-mi-150x150.png","url":"https:\/\/dev.codekraft.it\/rotary-2024\/fr\/produits\/technologie-de-lair-comprime-fr\/secheurs-par-refrigeration-fr\/secheur-dair-comprime-par-refrigeration-btf-36-16\/"},{"id":386679,"cdmm_p_id":"481178","name":"S\u00e9cheur d&#039;air comprim\u00e9 par r\u00e9frig\u00e9ration BTF 57-16","description":"57 m\u00b3\/h d\u00e9bit d'air, pour des pressions de fonctionnement allant jusqu\u2018\u00e0 16 bar","thumbnail":"https:\/\/dev.codekraft.it\/rotary-2024\/wp-content\/uploads\/brb_media\/00527965_refrigeration-dryer-btf57-mi-150x150.png","url":"https:\/\/dev.codekraft.it\/rotary-2024\/fr\/produits\/technologie-de-lair-comprime-fr\/secheurs-par-refrigeration-fr\/secheur-dair-comprime-par-refrigeration-btf-57-16\/"},{"id":386685,"cdmm_p_id":"481179","name":"S\u00e9cheur d&#039;air comprim\u00e9 par r\u00e9frig\u00e9ration BTF 72-16","description":"72 m\u00b3\/h d\u00e9bit d'air, pour des pressions de fonctionnement allant jusqu\u2018\u00e0 16 bar","thumbnail":"https:\/\/dev.codekraft.it\/rotary-2024\/wp-content\/uploads\/brb_media\/00527965_refrigeration-dryer-btf57-mi-150x150.png","url":"https:\/\/dev.codekraft.it\/rotary-2024\/fr\/produits\/technologie-de-lair-comprime-fr\/secheurs-par-refrigeration-fr\/secheur-dair-comprime-par-refrigeration-btf-72-16\/"},{"id":386691,"cdmm_p_id":"481180","name":"S\u00e9cheur d&#039;air comprim\u00e9 par r\u00e9frig\u00e9ration BTF 108-16","description":"108 m\u00b3\/h d\u00e9bit d'air, pour des pressions de fonctionnement allant jusqu\u2018\u00e0 16 bar","thumbnail":"https:\/\/dev.codekraft.it\/rotary-2024\/wp-content\/uploads\/brb_media\/00527965_refrigeration-dryer-btf57-mi-150x150.png","url":"https:\/\/dev.codekraft.it\/rotary-2024\/fr\/produits\/technologie-de-lair-comprime-fr\/secheurs-par-refrigeration-fr\/secheur-dair-comprime-par-refrigeration-btf-108-16\/"},{"id":386697,"cdmm_p_id":"481181","name":"S\u00e9cheur d&#039;air comprim\u00e9 par r\u00e9frig\u00e9ration BTF 150-16","description":"150 m\u00b3\/h d\u00e9bit d'air, pour des pressions de fonctionnement allant jusqu\u2018\u00e0 16 bar","thumbnail":"https:\/\/dev.codekraft.it\/rotary-2024\/wp-content\/uploads\/brb_media\/00527965_refrigeration-dryer-btf57-mi-150x150.png","url":"https:\/\/dev.codekraft.it\/rotary-2024\/fr\/produits\/technologie-de-lair-comprime-fr\/secheurs-par-refrigeration-fr\/secheur-dair-comprime-par-refrigeration-btf-150-16\/"},{"id":386703,"cdmm_p_id":"481182","name":"S\u00e9cheur d&#039;air comprim\u00e9 par r\u00e9frig\u00e9ration BTF 192-16","description":"192 m\u00b3\/h d\u00e9bit d'air, pour des pressions de fonctionnement allant jusqu\u2018\u00e0 16 bar","thumbnail":"https:\/\/dev.codekraft.it\/rotary-2024\/wp-content\/uploads\/brb_media\/00527965_refrigeration-dryer-btf57-mi-150x150.png","url":"https:\/\/dev.codekraft.it\/rotary-2024\/fr\/produits\/technologie-de-lair-comprime-fr\/secheurs-par-refrigeration-fr\/secheur-dair-comprime-par-refrigeration-btf-192-16\/"},{"id":386709,"cdmm_p_id":"481183","name":"S\u00e9cheur d&#039;air comprim\u00e9 par r\u00e9frig\u00e9ration BTF 258-16","description":"258 m\u00b3\/h d\u00e9bit d'air, pour des pressions de fonctionnement allant jusqu\u2018\u00e0 16 bar","thumbnail":"https:\/\/dev.codekraft.it\/rotary-2024\/wp-content\/uploads\/brb_media\/00527965_refrigeration-dryer-btf57-mi-150x150.png","url":"https:\/\/dev.codekraft.it\/rotary-2024\/fr\/produits\/technologie-de-lair-comprime-fr\/secheurs-par-refrigeration-fr\/secheur-dair-comprime-par-refrigeration-btf-258-16\/"},{"id":386715,"cdmm_p_id":"481184","name":"S\u00e9cheur d&#039;air comprim\u00e9 par r\u00e9frig\u00e9ration BTF 312-16","description":"312 m\u00b3\/h d\u00e9bit d'air, pour des pressions de fonctionnement allant jusqu\u2018\u00e0 16 bar","thumbnail":"https:\/\/dev.codekraft.it\/rotary-2024\/wp-content\/uploads\/brb_media\/00527966_refrigeration-dryer-btf312-mi-150x150.png","url":"https:\/\/dev.codekraft.it\/rotary-2024\/fr\/produits\/technologie-de-lair-comprime-fr\/secheurs-par-refrigeration-fr\/secheur-dair-comprime-par-refrigeration-btf-312-16\/"},{"id":386727,"cdmm_p_id":"481319","name":"S\u00e9cheur d&#039;air comprim\u00e9 par r\u00e9frig\u00e9ration BTF 366-16","description":"366 m\u00b3\/h d\u00e9bit d'air, pour des pressions de fonctionnement allant jusqu\u2018\u00e0 16 bar","thumbnail":"https:\/\/dev.codekraft.it\/rotary-2024\/wp-content\/uploads\/brb_media\/00527965_refrigeration-dryer-btf57-mi-150x150.png","url":"https:\/\/dev.codekraft.it\/rotary-2024\/fr\/produits\/technologie-de-lair-comprime-fr\/secheurs-par-refrigeration-fr\/secheur-dair-comprime-par-refrigeration-btf-366-16\/"},{"id":386733,"cdmm_p_id":"481320","name":"S\u00e9cheur d&#039;air comprim\u00e9 par r\u00e9frig\u00e9ration BTF 630-16","description":"630 m\u00b3\/h d\u00e9bit d'air, pour des pressions de fonctionnement allant jusqu\u2018\u00e0 16 bar","thumbnail":"https:\/\/dev.codekraft.it\/rotary-2024\/wp-content\/uploads\/brb_media\/00527965_refrigeration-dryer-btf57-mi-150x150.png","url":"https:\/\/dev.codekraft.it\/rotary-2024\/fr\/produits\/technologie-de-lair-comprime-fr\/secheurs-par-refrigeration-fr\/secheur-dair-comprime-par-refrigeration-btf-630-16\/"},{"id":386739,"cdmm_p_id":"481321","name":"S\u00e9cheur d&#039;air comprim\u00e9 par r\u00e9frig\u00e9ration BTF 780-16","description":"780 m\u00b3\/h d\u00e9bit d'air, pour des pressions de fonctionnement allant jusqu\u2018\u00e0 16 bar","thumbnail":"https:\/\/dev.codekraft.it\/rotary-2024\/wp-content\/uploads\/brb_media\/00527965_refrigeration-dryer-btf57-mi-150x150.png","url":"https:\/\/dev.codekraft.it\/rotary-2024\/fr\/produits\/technologie-de-lair-comprime-fr\/secheurs-par-refrigeration-fr\/secheur-dair-comprime-par-refrigeration-btf-780-16\/"},{"id":386745,"cdmm_p_id":"481333","name":"S\u00e9cheur d&#039;air comprim\u00e9 par r\u00e9frig\u00e9ration BTF 1008-16","description":"1008 m\u00b3\/h d\u00e9bit d'air, pour des pressions de fonctionnement allant jusqu\u2018\u00e0 16 bar","thumbnail":"https:\/\/dev.codekraft.it\/rotary-2024\/wp-content\/uploads\/brb_media\/00527965_refrigeration-dryer-btf57-mi-150x150.png","url":"https:\/\/dev.codekraft.it\/rotary-2024\/fr\/produits\/technologie-de-lair-comprime-fr\/secheurs-par-refrigeration-fr\/secheur-dair-comprime-par-refrigeration-btf-1008-16\/"},{"id":387213,"cdmm_p_id":"504290","name":"S\u00e9cheur d&#039;air comprim\u00e9 par r\u00e9frig\u00e9ration BTF 1140-16","description":"1140 m\u00b3\/h d\u00e9bit d'air, pour des pressions de fonctionnement allant jusqu\u2018\u00e0 16 bar","thumbnail":"https:\/\/dev.codekraft.it\/rotary-2024\/wp-content\/uploads\/brb_media\/00527965_refrigeration-dryer-btf57-mi-150x150.png","url":"https:\/\/dev.codekraft.it\/rotary-2024\/fr\/produits\/technologie-de-lair-comprime-fr\/secheurs-par-refrigeration-fr\/secheur-dair-comprime-par-refrigeration-btf-1140-16\/"},{"id":387219,"cdmm_p_id":"504291","name":"S\u00e9cheur d&#039;air comprim\u00e9 par r\u00e9frig\u00e9ration BTF 1320-16","description":"1320 m\u00b3\/h d\u00e9bit d'air, pour des pressions de fonctionnement allant jusqu\u2018\u00e0 16 bar","thumbnail":"https:\/\/dev.codekraft.it\/rotary-2024\/wp-content\/uploads\/brb_media\/00527967_refrigeration-dryer-btf1320-mi-150x150.png","url":"https:\/\/dev.codekraft.it\/rotary-2024\/fr\/produits\/technologie-de-lair-comprime-fr\/secheurs-par-refrigeration-fr\/secheur-dair-comprime-par-refrigeration-btf-1320-16\/"}],"lang":"fr","translations":{"fr":386721,"en":386719,"de":386720,"it":386722,"es":386723,"ru":386724},"pll_sync_post":[],"_links":{"self":[{"href":"https:\/\/dev.codekraft.it\/rotary-2024\/wp-json\/wp\/v2\/product\/386721","targetHints":{"allow":["GET"]}}],"collection":[{"href":"https:\/\/dev.codekraft.it\/rotary-2024\/wp-json\/wp\/v2\/product"}],"about":[{"href":"https:\/\/dev.codekraft.it\/rotary-2024\/wp-json\/wp\/v2\/types\/product"}],"wp:featuredmedia":[{"embeddable":true,"href":"https:\/\/dev.codekraft.it\/rotary-2024\/wp-json\/wp\/v2\/media\/356675"}],"wp:attachment":[{"href":"https:\/\/dev.codekraft.it\/rotary-2024\/wp-json\/wp\/v2\/media?parent=386721"}],"wp:term":[{"taxonomy":"product_cat","embeddable":true,"href":"https:\/\/dev.codekraft.it\/rotary-2024\/wp-json\/wp\/v2\/product_cat?post=386721"},{"taxonomy":"product_tag","embeddable":true,"href":"https:\/\/dev.codekraft.it\/rotary-2024\/wp-json\/wp\/v2\/product_tag?post=386721"},{"taxonomy":"product_approvals","embeddable":true,"href":"https:\/\/dev.codekraft.it\/rotary-2024\/wp-json\/wp\/v2\/product_approvals?post=386721"},{"taxonomy":"product_application","embeddable":true,"href":"https:\/\/dev.codekraft.it\/rotary-2024\/wp-json\/wp\/v2\/product_application?post=386721"}],"curies":[{"name":"wp","href":"https:\/\/api.w.org\/{rel}","templated":true}]}}