{"id":386637,"date":"2024-03-25T11:51:59","date_gmt":"2024-03-25T11:51:59","guid":{"rendered":"https:\/\/dev.codekraft.it\/rotary-2024\/products\/uncategorized\/compresseur-a-vis-compacts-monsun-fast-k-15-10-bar-h\/"},"modified":"2024-03-25T11:51:59","modified_gmt":"2024-03-25T11:51:59","slug":"compresseur-a-vis-compacts-monsun-fast-k-15-10-bar-h","status":"publish","type":"product","link":"https:\/\/dev.codekraft.it\/rotary-2024\/fr\/produits\/technologie-de-lair-comprime-fr\/compresseurs-a-vis-fr\/compresseur-a-vis-compacts-monsun-fast-k-15-10-bar-h\/","title":{"rendered":"Compresseur \u00e0 vis compacts MONSUN Fast K 15 &#8211; 10 bar H"},"content":{"rendered":"<p>Les compresseurs \u00e0 vis rapides de la gamme MONSUN entra\u00een\u00e9s par courroie en V sont disponibles en trois classes de pression dans la plage de puissances comprise entre 4 et 15 kW. La combinaison intelligente forme le compresseur int\u00e9gral MATRIX. Les composants fonctionnels les plus importants sont fermement int\u00e9gr\u00e9s en un module.<br \/>Compresseur \u00e0 vis compact MONSUN Fast K sur r\u00e9servoir de pression horizontal.<\/p>\n<ul>\n<li>Publicit\u00e9 BAFA possible<\/li>\n<li>Construction compacte<\/li>\n<li>Silencieux comme un souffle d\u2019air &#8211; fonctionnement silencieux et efficace<\/li>\n<li>R\u00e9servoir de pression galvanis\u00e9 AD2000<\/li>\n<\/ul>\n<ul>\n<li>La grande hauteur au sol permet de faciliter le transport par chariot \u00e9l\u00e9vateur ou transpalette.<\/li>\n<li>Alimentation en air de refroidissement optimale\u00a0: Avec les compresseurs \u00e0 vis rapides MONSUN, le flux d\u2019air entrant est compress\u00e9 directement, sans baffles faisant obstruction.<\/li>\n<li>Dispositif de serrage\u00a0: Le r\u00e9glage automatique garantit des pertes minimales \u00e0 efficacit\u00e9 tout le temps \u00e9lev\u00e9e. Le fonctionnement sans maintenance assure que rien n&#8217;emp\u00eache la productivit\u00e9.<\/li>\n<li>Entra\u00eenement avec r\u00e9serves\u00a0: Les compresseurs \u00e0 vis MONSUN sont \u00e9quip\u00e9s de moteurs \u00e9lectriques IE3 test\u00e9s. Bobine de moteur ISO F offrant des r\u00e9serves d&#8217;\u00e9nergie s\u00fbres.<\/li>\n<li>Installation et utilisation\u00a0: Connexion rapide utilisant une prise Cekon standard avec c\u00e2ble et tuyau de raccordement de 1,5\u00a0m.<\/li>\n<li>S\u00e9parateur fin externe\u00a0: Cartouches de s\u00e9parateur fin de taille g\u00e9n\u00e9reuse pour r\u00e9duire les pertes de pression internes non souhaitables. Elles peuvent \u00eatre chang\u00e9es en quelques secondes.<\/li>\n<li>Refroidisseur compact en aluminium\u00a0: La conception combin\u00e9e permet de refroidir l&#8217;air et l&#8217;huile en un seul dispositif. Son emplacement sp\u00e9cialement pens\u00e9 pour la facilit\u00e9 de maintenance assure que le nettoyage est ais\u00e9.<\/li>\n<li>Tous les panneaux lat\u00e9raux essentiels sont amovibles. La maintenance peut \u00eatre effectu\u00e9e ais\u00e9ment, et le temps de r\u00e9paration est minimum.<\/li>\n<\/ul>\n<ul>\n<li>Microprocesseur de contr\u00f4le Easy2. Un syst\u00e8me de diagnostic int\u00e9gr\u00e9 surveille tous les param\u00e8tres de fonctionnement relatifs \u00e0 la s\u00e9curit\u00e9. Le capteur de pression garantit le fonctionnement pr\u00e9cis sous la plage de pression d\u00e9finie.<\/li>\n<li>La combinaison intelligente forme le compresseur int\u00e9gral MATRIX. Les composants fonctionnels les plus importants sont fermement int\u00e9gr\u00e9s en un module.<\/li>\n<li>R\u00e9servoir d\u2019air comprim\u00e9 de dimensions g\u00e9n\u00e9reuses, galvanis\u00e9 en standard dans le respect de AD2000 avec poign\u00e9e.<\/li>\n<\/ul>\n<p>Accessoires\u00a0:<br \/>&#8211; Huile pour compresseurs BLITZ sp\u00e9ciale pour les compresseurs \u00e0 vis<br \/>&#8211; S\u00e9parateur cyclonique<\/p>\n<p>Produits similaires\u00a0:<br \/>&#8211; MONSUN Fast<br \/>&#8211; MONSUN Fast D &#8211; Compresseur \u00e0 vis compact avec s\u00e9cheur par r\u00e9frig\u00e9ration<br \/>&#8211; MONSUN Fast S &#8211; Compresseur \u00e0 vis compact formant une station d\u2019air comprim\u00e9 plac\u00e9 sur un r\u00e9servoir de pression horizontal avec s\u00e9cheur par r\u00e9frig\u00e9ration<\/p>\n","protected":false},"excerpt":{"rendered":"<p>sur r\u00e9servoir sous pression horizontal avec s\u00e9cheur d\u2018air par refroidissement &#8211; 10 bar, 500 l<\/p>\n","protected":false},"featured_media":352298,"template":"","meta":[],"product_cat":[1033498],"product_tag":[],"product_approvals":[],"product_application":[],"class_list":{"0":"post-386637","1":"product","2":"type-product","3":"status-publish","4":"has-post-thumbnail","6":"product_cat-compresseurs-a-vis-fr","8":"first","9":"instock","10":"shipping-taxable","11":"product-type-simple"},"approvals":[],"application":[],"brb_media_brochure":[{"id":352299,"url":"https:\/\/dev.codekraft.it\/rotary-2024\/wp-content\/uploads\/brb_media\/00419520_screw-compressor-monsun-fast-k-r-br-127247-de-2019-04_screen.pdf","title":"screw compressor monsun fast k r br 127247 de 2019 04 screen","thumbnail":"https:\/\/dev.codekraft.it\/rotary-2024\/wp-content\/uploads\/brb_media\/00419520_screw-compressor-monsun-fast-k-r-br-127247-de-2019-04_screen-pdf-106x150.png","description":""},{"id":352300,"url":"https:\/\/dev.codekraft.it\/rotary-2024\/wp-content\/uploads\/brb_media\/00419521_screw-compressor-monsun-fast-k-r-br-127248-en-2019-04_screen.pdf","title":"screw compressor monsun fast k r br 127248 en 2019 04 screen","thumbnail":"https:\/\/dev.codekraft.it\/rotary-2024\/wp-content\/uploads\/brb_media\/00419521_screw-compressor-monsun-fast-k-r-br-127248-en-2019-04_screen-pdf-106x150.png","description":""},{"id":352301,"url":"https:\/\/dev.codekraft.it\/rotary-2024\/wp-content\/uploads\/brb_media\/00419522_screw-compressor-monsun-fast-k-r-br-127249-fr-2019-04_screen.pdf","title":"screw compressor monsun fast k r br 127249 fr 2019 04 screen","thumbnail":"https:\/\/dev.codekraft.it\/rotary-2024\/wp-content\/uploads\/brb_media\/00419522_screw-compressor-monsun-fast-k-r-br-127249-fr-2019-04_screen-pdf-106x150.png","description":""},{"id":352302,"url":"https:\/\/dev.codekraft.it\/rotary-2024\/wp-content\/uploads\/brb_media\/00419523_screw-compressor-monsun-fast-k-r-br-127250-it-2019-04_screen.pdf","title":"screw compressor monsun fast k r br 127250 it 2019 04 screen","thumbnail":"https:\/\/dev.codekraft.it\/rotary-2024\/wp-content\/uploads\/brb_media\/00419523_screw-compressor-monsun-fast-k-r-br-127250-it-2019-04_screen-pdf-106x150.png","description":""},{"id":352303,"url":"https:\/\/dev.codekraft.it\/rotary-2024\/wp-content\/uploads\/brb_media\/00419524_screw-compressor-monsun-fast-k-r-br-127251-es-2019-04_screen.pdf","title":"screw compressor monsun fast k r br 127251 es 2019 04 screen","thumbnail":"https:\/\/dev.codekraft.it\/rotary-2024\/wp-content\/uploads\/brb_media\/00419524_screw-compressor-monsun-fast-k-r-br-127251-es-2019-04_screen-pdf-106x150.png","description":""},{"id":352304,"url":"https:\/\/dev.codekraft.it\/rotary-2024\/wp-content\/uploads\/brb_media\/00419525_screw-compressor-monsun-fast-k-r-br-127252-ru-2019-04_screen.pdf","title":"screw compressor monsun fast k r br 127252 ru 2019 04 screen","thumbnail":"https:\/\/dev.codekraft.it\/rotary-2024\/wp-content\/uploads\/brb_media\/00419525_screw-compressor-monsun-fast-k-r-br-127252-ru-2019-04_screen-pdf-106x150.png","description":""}],"brb_media_drawing":"","brb_media_manuals":[{"id":352305,"url":"https:\/\/dev.codekraft.it\/rotary-2024\/wp-content\/uploads\/brb_media\/00378236_screw-compressor-monsun-fast-om-122401-de-en-2017-03-screen.pdf","title":"screw compressor monsun fast om 122401 de en 2017 03 screen","thumbnail":"https:\/\/dev.codekraft.it\/rotary-2024\/wp-content\/uploads\/brb_media\/00378236_screw-compressor-monsun-fast-om-122401-de-en-2017-03-screen-pdf-106x150.png","description":""},{"id":352306,"url":"https:\/\/dev.codekraft.it\/rotary-2024\/wp-content\/uploads\/brb_media\/00378234_screw-compressor-monsun-fast-4-2c0-5-2c5-7-2c5-sp-en-it-2016-12-screen.pdf","title":"screw compressor monsun fast 4 2c0 5 2c5 7 2c5 sp en it 2016 12 screen","thumbnail":"https:\/\/dev.codekraft.it\/rotary-2024\/wp-content\/uploads\/brb_media\/00378234_screw-compressor-monsun-fast-4-2c0-5-2c5-7-2c5-sp-en-it-2016-12-screen-pdf-106x150.png","description":""}],"brb_media_safety_datasheets":"","brb_media_spare_parts":[],"_cdmm_p_id":"476693","_company":"Blitz","_gtin":"4057612674897","accessories":[],"components":[],"related":[],"similar":[],"lang":"fr","translations":{"fr":386637,"en":386635,"de":386636,"it":386638,"es":386639,"ru":386640},"pll_sync_post":[],"_links":{"self":[{"href":"https:\/\/dev.codekraft.it\/rotary-2024\/wp-json\/wp\/v2\/product\/386637","targetHints":{"allow":["GET"]}}],"collection":[{"href":"https:\/\/dev.codekraft.it\/rotary-2024\/wp-json\/wp\/v2\/product"}],"about":[{"href":"https:\/\/dev.codekraft.it\/rotary-2024\/wp-json\/wp\/v2\/types\/product"}],"wp:featuredmedia":[{"embeddable":true,"href":"https:\/\/dev.codekraft.it\/rotary-2024\/wp-json\/wp\/v2\/media\/352298"}],"wp:attachment":[{"href":"https:\/\/dev.codekraft.it\/rotary-2024\/wp-json\/wp\/v2\/media?parent=386637"}],"wp:term":[{"taxonomy":"product_cat","embeddable":true,"href":"https:\/\/dev.codekraft.it\/rotary-2024\/wp-json\/wp\/v2\/product_cat?post=386637"},{"taxonomy":"product_tag","embeddable":true,"href":"https:\/\/dev.codekraft.it\/rotary-2024\/wp-json\/wp\/v2\/product_tag?post=386637"},{"taxonomy":"product_approvals","embeddable":true,"href":"https:\/\/dev.codekraft.it\/rotary-2024\/wp-json\/wp\/v2\/product_approvals?post=386637"},{"taxonomy":"product_application","embeddable":true,"href":"https:\/\/dev.codekraft.it\/rotary-2024\/wp-json\/wp\/v2\/product_application?post=386637"}],"curies":[{"name":"wp","href":"https:\/\/api.w.org\/{rel}","templated":true}]}}