{"id":386589,"date":"2024-03-25T11:51:58","date_gmt":"2024-03-25T11:51:58","guid":{"rendered":"https:\/\/dev.codekraft.it\/rotary-2024\/products\/uncategorized\/compresseur-a-vis-haute-performance-monsun-dynamic-55\/"},"modified":"2024-03-25T11:51:58","modified_gmt":"2024-03-25T11:51:58","slug":"compresseur-a-vis-haute-performance-monsun-dynamic-55","status":"publish","type":"product","link":"https:\/\/dev.codekraft.it\/rotary-2024\/fr\/produits\/technologie-de-lair-comprime-fr\/compresseurs-a-vis-fr\/compresseur-a-vis-haute-performance-monsun-dynamic-55\/","title":{"rendered":"Compresseur \u00e0 vis haute performance MONSUN Dynamic 55"},"content":{"rendered":"<p>La s\u00e9rie Dynamic MONSUN \u00e0 commande directe \u00e0 fr\u00e9quence contr\u00f4l\u00e9e et injection d&#8217;huile permet un r\u00e9glage du d\u00e9bit volumique avec une pression constante dans une plage de contr\u00f4le tr\u00e8s large. Ainsi, le Dynamic MONSUN peut utiliser ses atouts en installation unique ainsi qu&#8217;en combinaison.<\/p>\n<ul>\n<li>Financement BAFA possible<\/li>\n<li>Technologie tactile de pointe Procon 4.0\u00a0<\/li>\n<li>Efficacit\u00e9 silencieuse &#8211; fonctionnement silencieux et efficace<\/li>\n<li>Accessibilit\u00e9 facilit\u00e9e pour l&#8217;entretien<\/li>\n<li>Fabriqu\u00e9 en Allemagne, par Blitz<\/li>\n<\/ul>\n<ul>\n<li>L&#8217;unit\u00e9 du moteur et du compresseur atteint d\u00e9j\u00e0 les niveaux d&#8217;efficacit\u00e9 du moteur de la Super Premium Class.<\/li>\n<li>Nos ventilateurs radiaux de refroidissement sont extr\u00eamement \u00e9conomes en \u00e9nergie et particuli\u00e8rement silencieux. Un facteur positif est que les compressions sont aussi \u00e9lev\u00e9es que possible, un atout extraordinaire en particulier avec la connexion aux conduits d&#8217;\u00e9chappement.<\/li>\n<li>Pr\u00e9par\u00e9 pour l&#8217;avenir : Armoire de commande\/convertisseur de fr\u00e9quence avec espace de r\u00e9serve suffisant<\/li>\n<li>Le plateau d&#8217;huile int\u00e9gr\u00e9 emp\u00eache la vidange involontaire de l&#8217;huile usag\u00e9e dans l&#8217;environnement.<\/li>\n<\/ul>\n<ul>\n<li>Murmure silencieux &#8211; gr\u00e2ce \u00e0 une vari\u00e9t\u00e9 de solutions liquides d\u00e9taill\u00e9es, le bruit de fonctionnement est r\u00e9duit au minimum &#8211; en s\u00e9rie.<\/li>\n<li>Isolation des vibrations &#8211; La conception en deux \u00e9tapes r\u00e9duit au minimum les vibrations.<\/li>\n<li>Sans fondation &#8211; L&#8217;installation est possible sans fondation.<\/li>\n<li>Gr\u00e2ce au r\u00e9glage de la quantit\u00e9 livr\u00e9e, la fluctuation dans le r\u00e9seau d&#8217;air comprim\u00e9 id\u00e9alement peut \u00eatre maintenue constante au-dessous de 0,1 bar.<\/li>\n<li>L&#8217;entretien peut \u00eatre effectu\u00e9 commod\u00e9ment de l&#8217;avant. Les panneaux insonorisant peuvent \u00eatre enlev\u00e9s en quelques secondes.<\/li>\n<li>S\u00e9paration d&#8217;huile en plusieurs phases &#8211; La s\u00e9paration gravitationnelle verticale par s\u00e9parateur cyclonique garantit des pertes de pression minimales avec la plus faible teneur en huile r\u00e9siduelle.<\/li>\n<li>Filtration d&#8217;admission en deux phases &#8211; un s\u00e9parateur cyclonique avec filtration fine subs\u00e9quente garantit la protection contre l&#8217;intrusion de corps \u00e9trangers &#8211; longue dur\u00e9e de vie du filtre garantie.<\/li>\n<li>Indicateur de niveau d&#8217;huile visuel<\/li>\n<\/ul>\n","protected":false},"excerpt":{"rendered":"<p>55 kW, Commande directe 5 &#8211; 13 bar, \u00e0 injection d&#8217;huile, \u00e0 fr\u00e9quence contr\u00f4l\u00e9e<\/p>\n","protected":false},"featured_media":351692,"template":"","meta":[],"product_cat":[1033498],"product_tag":[],"product_approvals":[],"product_application":[],"class_list":{"0":"post-386589","1":"product","2":"type-product","3":"status-publish","4":"has-post-thumbnail","6":"product_cat-compresseurs-a-vis-fr","8":"first","9":"instock","10":"shipping-taxable","11":"product-type-simple"},"approvals":[],"application":[],"brb_media_brochure":[{"id":351693,"url":"https:\/\/dev.codekraft.it\/rotary-2024\/wp-content\/uploads\/brb_media\/00398915_screw-compressor-monsun-dynamic-br-126585-de-2018-09-screen.pdf","title":"screw compressor monsun dynamic br 126585 de 2018 09 screen","thumbnail":"https:\/\/dev.codekraft.it\/rotary-2024\/wp-content\/uploads\/brb_media\/00398915_screw-compressor-monsun-dynamic-br-126585-de-2018-09-screen-pdf-106x150.png","description":""},{"id":351694,"url":"https:\/\/dev.codekraft.it\/rotary-2024\/wp-content\/uploads\/brb_media\/00398916_screw-compressor-monsun-dynamic-br-126586-en-2018-09-screen.pdf","title":"screw compressor monsun dynamic br 126586 en 2018 09 screen","thumbnail":"https:\/\/dev.codekraft.it\/rotary-2024\/wp-content\/uploads\/brb_media\/00398916_screw-compressor-monsun-dynamic-br-126586-en-2018-09-screen-pdf-106x150.png","description":""},{"id":351695,"url":"https:\/\/dev.codekraft.it\/rotary-2024\/wp-content\/uploads\/brb_media\/00398917_screw-compressor-monsun-dynamic-br-126587-fr-2018-09-screen.pdf","title":"screw compressor monsun dynamic br 126587 fr 2018 09 screen","thumbnail":"https:\/\/dev.codekraft.it\/rotary-2024\/wp-content\/uploads\/brb_media\/00398917_screw-compressor-monsun-dynamic-br-126587-fr-2018-09-screen-pdf-106x150.png","description":""},{"id":351696,"url":"https:\/\/dev.codekraft.it\/rotary-2024\/wp-content\/uploads\/brb_media\/00398918_screw-compressor-monsun-dynamic-br-126588-it-2018-09-screen.pdf","title":"screw compressor monsun dynamic br 126588 it 2018 09 screen","thumbnail":"https:\/\/dev.codekraft.it\/rotary-2024\/wp-content\/uploads\/brb_media\/00398918_screw-compressor-monsun-dynamic-br-126588-it-2018-09-screen-pdf-106x150.png","description":""},{"id":351697,"url":"https:\/\/dev.codekraft.it\/rotary-2024\/wp-content\/uploads\/brb_media\/00398919_screw-compressor-monsun-dynamic-br-126589-es-2018-09-screen.pdf","title":"screw compressor monsun dynamic br 126589 es 2018 09 screen","thumbnail":"https:\/\/dev.codekraft.it\/rotary-2024\/wp-content\/uploads\/brb_media\/00398919_screw-compressor-monsun-dynamic-br-126589-es-2018-09-screen-pdf-106x150.png","description":""},{"id":351698,"url":"https:\/\/dev.codekraft.it\/rotary-2024\/wp-content\/uploads\/brb_media\/00398920_screw-compressor-monsun-dynamic-br-126590-ru-2018-09-screen.pdf","title":"screw compressor monsun dynamic br 126590 ru 2018 09 screen","thumbnail":"https:\/\/dev.codekraft.it\/rotary-2024\/wp-content\/uploads\/brb_media\/00398920_screw-compressor-monsun-dynamic-br-126590-ru-2018-09-screen-pdf-106x150.png","description":""}],"brb_media_drawing":"","brb_media_manuals":[{"id":351702,"url":"https:\/\/dev.codekraft.it\/rotary-2024\/wp-content\/uploads\/brb_media\/00425228_screw-compressor-monsun-dynamic-om-de-125250-2019-05-rev-c.pdf","title":"screw compressor monsun dynamic om de 125250 2019 05 rev c","thumbnail":"https:\/\/dev.codekraft.it\/rotary-2024\/wp-content\/uploads\/brb_media\/00425228_screw-compressor-monsun-dynamic-om-de-125250-2019-05-rev-c-pdf-106x150.png","description":""},{"id":351701,"url":"https:\/\/dev.codekraft.it\/rotary-2024\/wp-content\/uploads\/brb_media\/00406557_screw-compressor-monsun-dynamic-procon-4-0-om-de-125251k-2017-10-v014.pdf","title":"screw compressor monsun dynamic procon 4 0 om de 125251k 2017 10 v014","thumbnail":"https:\/\/dev.codekraft.it\/rotary-2024\/wp-content\/uploads\/brb_media\/00406557_screw-compressor-monsun-dynamic-procon-4-0-om-de-125251k-2017-10-v014-pdf-106x150.png","description":""},{"id":351891,"url":"https:\/\/dev.codekraft.it\/rotary-2024\/wp-content\/uploads\/brb_media\/00425233_screw-compressor-monsun-dynamic-5590-sp-de-2019-01-v02.pdf","title":"screw compressor monsun dynamic 5590 sp de 2019 01 v02","thumbnail":"https:\/\/dev.codekraft.it\/rotary-2024\/wp-content\/uploads\/brb_media\/00425233_screw-compressor-monsun-dynamic-5590-sp-de-2019-01-v02-pdf-106x150.png","description":""}],"brb_media_safety_datasheets":"","brb_media_spare_parts":[],"_cdmm_p_id":"472828","_company":"Blitz","_gtin":"4057612667011","accessories":[{"id":386391,"cdmm_p_id":"472620","name":"R\u00e9cup\u00e9ration de chaleur R\u00e9cup\u00e9ration de chaleur Dynamic 55 install\u00e9","description":"pour le chauffage du proc\u00e9d\u00e9 ou le chauffage de l'eau avec l'\u00e9changeur thermique de plaque y compris le mat\u00e9riel de commande, de montage et d'installation, canalis\u00e9 et pr\u00eat pour l'exploitation","thumbnail":"https:\/\/dev.codekraft.it\/rotary-2024\/wp-content\/uploads\/brb_media\/00398924_monsun-dynami-wr-di-150x150.png","url":"https:\/\/dev.codekraft.it\/rotary-2024\/fr\/produits\/accessoires-technologie-de-lair-comprime-fr\/accessoires-compresseurs-a-vis-fr\/recuperation-de-chaleur-recuperation-de-chaleur-dynamic-55-installe\/"},{"id":386457,"cdmm_p_id":"472635","name":"S\u00e9parateur cyclonique S\u00e9parateur cyclonique Dynamic 55 install\u00e9","description":"S\u00e9parateur d'eau combin\u00e9 \u00e0 un purgeur vapeur \u00e0 niveau contr\u00f4l\u00e9 \u00e9lectroniquement","thumbnail":"https:\/\/dev.codekraft.it\/rotary-2024\/wp-content\/uploads\/brb_media\/00398929_monsun-dynamic-electronic-cyclone-separator-di-150x150.png","url":"https:\/\/dev.codekraft.it\/rotary-2024\/fr\/produits\/accessoires-technologie-de-lair-comprime-fr\/traitement-dair-comprime-fr\/separateur-cyclonique-separateur-cyclonique-dynamic-55-installe\/"},{"id":386523,"cdmm_p_id":"472795","name":"Chauffage anti-condensation Chauffage anti-condensation Dynamic 55 install\u00e9","description":"Le chauffage auto-r\u00e9gul\u00e9 garantit un fonctionnement sans probl\u00e8me jusqu'\u00e0 -10\u00b0 C","thumbnail":"https:\/\/dev.codekraft.it\/rotary-2024\/wp-content\/uploads\/brb_media\/00398922_monsun-dynamic_heating-di-150x150.png","url":"https:\/\/dev.codekraft.it\/rotary-2024\/fr\/produits\/technologie-de-lair-comprime-fr\/compresseurs-a-vis-fr\/chauffage-anti-condensation-chauffage-anti-condensation-dynamic-55-installe\/"},{"id":386547,"cdmm_p_id":"472816","name":"Visualisation Web Visualisation Web serveur Web Dynamic Procon 4.0 install\u00e9","description":"Visualisation en ligne, tous les param\u00e8tres sont visibles - affiche instantan\u00e9ment la pression, la temp\u00e9rature et l'\u00e9tat du compresseur en ligne","thumbnail":"https:\/\/dev.codekraft.it\/rotary-2024\/wp-content\/uploads\/brb_media\/00398921_monsun-dynami-webserver-handy-di-150x150.png","url":"https:\/\/dev.codekraft.it\/rotary-2024\/fr\/produits\/accessoires-technologie-de-lair-comprime-fr\/accessoires-compresseurs-a-vis-fr\/visualisation-web-visualisation-web-serveur-web-dynamic-procon-4-0-installe\/"}],"components":[],"related":[],"similar":[],"lang":"fr","translations":{"fr":386589,"en":386587,"de":386588,"it":386590,"es":386591,"ru":386592},"pll_sync_post":[],"_links":{"self":[{"href":"https:\/\/dev.codekraft.it\/rotary-2024\/wp-json\/wp\/v2\/product\/386589","targetHints":{"allow":["GET"]}}],"collection":[{"href":"https:\/\/dev.codekraft.it\/rotary-2024\/wp-json\/wp\/v2\/product"}],"about":[{"href":"https:\/\/dev.codekraft.it\/rotary-2024\/wp-json\/wp\/v2\/types\/product"}],"wp:featuredmedia":[{"embeddable":true,"href":"https:\/\/dev.codekraft.it\/rotary-2024\/wp-json\/wp\/v2\/media\/351692"}],"wp:attachment":[{"href":"https:\/\/dev.codekraft.it\/rotary-2024\/wp-json\/wp\/v2\/media?parent=386589"}],"wp:term":[{"taxonomy":"product_cat","embeddable":true,"href":"https:\/\/dev.codekraft.it\/rotary-2024\/wp-json\/wp\/v2\/product_cat?post=386589"},{"taxonomy":"product_tag","embeddable":true,"href":"https:\/\/dev.codekraft.it\/rotary-2024\/wp-json\/wp\/v2\/product_tag?post=386589"},{"taxonomy":"product_approvals","embeddable":true,"href":"https:\/\/dev.codekraft.it\/rotary-2024\/wp-json\/wp\/v2\/product_approvals?post=386589"},{"taxonomy":"product_application","embeddable":true,"href":"https:\/\/dev.codekraft.it\/rotary-2024\/wp-json\/wp\/v2\/product_application?post=386589"}],"curies":[{"name":"wp","href":"https:\/\/api.w.org\/{rel}","templated":true}]}}