{"id":386547,"date":"2024-03-25T11:51:58","date_gmt":"2024-03-25T11:51:58","guid":{"rendered":"https:\/\/dev.codekraft.it\/rotary-2024\/products\/uncategorized\/visualisation-web-visualisation-web-serveur-web-dynamic-procon-4-0-installe\/"},"modified":"2024-03-25T11:51:58","modified_gmt":"2024-03-25T11:51:58","slug":"visualisation-web-visualisation-web-serveur-web-dynamic-procon-4-0-installe","status":"publish","type":"product","link":"https:\/\/dev.codekraft.it\/rotary-2024\/fr\/produits\/accessoires-technologie-de-lair-comprime-fr\/accessoires-compresseurs-a-vis-fr\/visualisation-web-visualisation-web-serveur-web-dynamic-procon-4-0-installe\/","title":{"rendered":"Visualisation Web Visualisation Web serveur Web Dynamic Procon 4.0 install\u00e9"},"content":{"rendered":"","protected":false},"excerpt":{"rendered":"<p>Visualisation en ligne, tous les param\u00e8tres sont visibles &#8211; affiche instantan\u00e9ment la pression, la temp\u00e9rature et l&#8217;\u00e9tat du compresseur en ligne<\/p>\n","protected":false},"featured_media":351848,"template":"","meta":[],"product_cat":[1033504],"product_tag":[],"product_approvals":[],"product_application":[],"class_list":{"0":"post-386547","1":"product","2":"type-product","3":"status-publish","4":"has-post-thumbnail","6":"product_cat-accessoires-compresseurs-a-vis-fr","8":"first","9":"instock","10":"shipping-taxable","11":"product-type-simple"},"approvals":[],"application":[],"brb_media_brochure":"","brb_media_drawing":"","brb_media_manuals":"","brb_media_safety_datasheets":"","brb_media_spare_parts":[],"_cdmm_p_id":"472816","_company":"Blitz","_gtin":"4057612685190","accessories":[],"components":[],"related":[],"similar":[],"lang":"fr","translations":{"fr":386547,"en":386545,"de":386546,"it":386548,"es":386549,"ru":386550},"pll_sync_post":[],"_links":{"self":[{"href":"https:\/\/dev.codekraft.it\/rotary-2024\/wp-json\/wp\/v2\/product\/386547","targetHints":{"allow":["GET"]}}],"collection":[{"href":"https:\/\/dev.codekraft.it\/rotary-2024\/wp-json\/wp\/v2\/product"}],"about":[{"href":"https:\/\/dev.codekraft.it\/rotary-2024\/wp-json\/wp\/v2\/types\/product"}],"wp:featuredmedia":[{"embeddable":true,"href":"https:\/\/dev.codekraft.it\/rotary-2024\/wp-json\/wp\/v2\/media\/351848"}],"wp:attachment":[{"href":"https:\/\/dev.codekraft.it\/rotary-2024\/wp-json\/wp\/v2\/media?parent=386547"}],"wp:term":[{"taxonomy":"product_cat","embeddable":true,"href":"https:\/\/dev.codekraft.it\/rotary-2024\/wp-json\/wp\/v2\/product_cat?post=386547"},{"taxonomy":"product_tag","embeddable":true,"href":"https:\/\/dev.codekraft.it\/rotary-2024\/wp-json\/wp\/v2\/product_tag?post=386547"},{"taxonomy":"product_approvals","embeddable":true,"href":"https:\/\/dev.codekraft.it\/rotary-2024\/wp-json\/wp\/v2\/product_approvals?post=386547"},{"taxonomy":"product_application","embeddable":true,"href":"https:\/\/dev.codekraft.it\/rotary-2024\/wp-json\/wp\/v2\/product_application?post=386547"}],"curies":[{"name":"wp","href":"https:\/\/api.w.org\/{rel}","templated":true}]}}