{"id":386427,"date":"2024-03-25T11:51:57","date_gmt":"2024-03-25T11:51:57","guid":{"rendered":"https:\/\/dev.codekraft.it\/rotary-2024\/products\/uncategorized\/separateur-cyclonique-separateur-cyclonique-dynamic-22-installe\/"},"modified":"2024-03-25T11:51:57","modified_gmt":"2024-03-25T11:51:57","slug":"separateur-cyclonique-separateur-cyclonique-dynamic-22-installe","status":"publish","type":"product","link":"https:\/\/dev.codekraft.it\/rotary-2024\/fr\/produits\/accessoires-technologie-de-lair-comprime-fr\/traitement-dair-comprime-fr\/separateur-cyclonique-separateur-cyclonique-dynamic-22-installe\/","title":{"rendered":"S\u00e9parateur cyclonique S\u00e9parateur cyclonique Dynamic 22 install\u00e9"},"content":{"rendered":"","protected":false},"excerpt":{"rendered":"<p>S\u00e9parateur d&#8217;eau combin\u00e9 \u00e0 un purgeur vapeur \u00e0 niveau contr\u00f4l\u00e9 \u00e9lectroniquement<\/p>\n","protected":false},"featured_media":374794,"template":"","meta":[],"product_cat":[1033606],"product_tag":[],"product_approvals":[],"product_application":[],"class_list":{"0":"post-386427","1":"product","2":"type-product","3":"status-publish","4":"has-post-thumbnail","6":"product_cat-traitement-dair-comprime-fr","8":"first","9":"instock","10":"shipping-taxable","11":"product-type-simple"},"approvals":[],"application":[],"brb_media_brochure":"","brb_media_drawing":"","brb_media_manuals":"","brb_media_safety_datasheets":"","brb_media_spare_parts":[],"_cdmm_p_id":"472627","_company":"Blitz","_gtin":"4057612685039","accessories":[],"components":[],"related":[],"similar":[],"lang":"fr","translations":{"fr":386427,"en":386425,"de":386426,"it":386428,"es":386429,"ru":386430},"pll_sync_post":[],"_links":{"self":[{"href":"https:\/\/dev.codekraft.it\/rotary-2024\/wp-json\/wp\/v2\/product\/386427","targetHints":{"allow":["GET"]}}],"collection":[{"href":"https:\/\/dev.codekraft.it\/rotary-2024\/wp-json\/wp\/v2\/product"}],"about":[{"href":"https:\/\/dev.codekraft.it\/rotary-2024\/wp-json\/wp\/v2\/types\/product"}],"wp:featuredmedia":[{"embeddable":true,"href":"https:\/\/dev.codekraft.it\/rotary-2024\/wp-json\/wp\/v2\/media\/374794"}],"wp:attachment":[{"href":"https:\/\/dev.codekraft.it\/rotary-2024\/wp-json\/wp\/v2\/media?parent=386427"}],"wp:term":[{"taxonomy":"product_cat","embeddable":true,"href":"https:\/\/dev.codekraft.it\/rotary-2024\/wp-json\/wp\/v2\/product_cat?post=386427"},{"taxonomy":"product_tag","embeddable":true,"href":"https:\/\/dev.codekraft.it\/rotary-2024\/wp-json\/wp\/v2\/product_tag?post=386427"},{"taxonomy":"product_approvals","embeddable":true,"href":"https:\/\/dev.codekraft.it\/rotary-2024\/wp-json\/wp\/v2\/product_approvals?post=386427"},{"taxonomy":"product_application","embeddable":true,"href":"https:\/\/dev.codekraft.it\/rotary-2024\/wp-json\/wp\/v2\/product_application?post=386427"}],"curies":[{"name":"wp","href":"https:\/\/api.w.org\/{rel}","templated":true}]}}