{"id":386397,"date":"2024-03-25T11:51:57","date_gmt":"2024-03-25T11:51:57","guid":{"rendered":"https:\/\/dev.codekraft.it\/rotary-2024\/products\/uncategorized\/recuperation-de-chaleur-recuperation-de-chaleur-dynamic-55-installe-2\/"},"modified":"2024-03-25T11:51:57","modified_gmt":"2024-03-25T11:51:57","slug":"recuperation-de-chaleur-recuperation-de-chaleur-dynamic-55-installe-2","status":"publish","type":"product","link":"https:\/\/dev.codekraft.it\/rotary-2024\/fr\/produits\/accessoires-technologie-de-lair-comprime-fr\/accessoires-compresseurs-a-vis-fr\/recuperation-de-chaleur-recuperation-de-chaleur-dynamic-55-installe-2\/","title":{"rendered":"R\u00e9cup\u00e9ration de chaleur R\u00e9cup\u00e9ration de chaleur Dynamic 55+ install\u00e9"},"content":{"rendered":"","protected":false},"excerpt":{"rendered":"<p>pour le chauffage du proc\u00e9d\u00e9 ou le chauffage de l&#8217;eau avec l&#8217;\u00e9changeur thermique de plaque y compris le mat\u00e9riel de commande, de montage et d&#8217;installation, canalis\u00e9 et pr\u00eat pour l&#8217;exploitation<\/p>\n","protected":false},"featured_media":351714,"template":"","meta":[],"product_cat":[1033504],"product_tag":[],"product_approvals":[],"product_application":[],"class_list":{"0":"post-386397","1":"product","2":"type-product","3":"status-publish","4":"has-post-thumbnail","6":"product_cat-accessoires-compresseurs-a-vis-fr","8":"first","9":"instock","10":"shipping-taxable","11":"product-type-simple"},"approvals":[],"application":[],"brb_media_brochure":"","brb_media_drawing":"","brb_media_manuals":"","brb_media_safety_datasheets":"","brb_media_spare_parts":[],"_cdmm_p_id":"472621","_company":"Blitz","_gtin":"4057612684933","accessories":[],"components":[],"related":[],"similar":[],"lang":"fr","translations":{"fr":386397,"en":386395,"de":386396,"it":386398,"es":386399,"ru":386400},"pll_sync_post":[],"_links":{"self":[{"href":"https:\/\/dev.codekraft.it\/rotary-2024\/wp-json\/wp\/v2\/product\/386397","targetHints":{"allow":["GET"]}}],"collection":[{"href":"https:\/\/dev.codekraft.it\/rotary-2024\/wp-json\/wp\/v2\/product"}],"about":[{"href":"https:\/\/dev.codekraft.it\/rotary-2024\/wp-json\/wp\/v2\/types\/product"}],"wp:featuredmedia":[{"embeddable":true,"href":"https:\/\/dev.codekraft.it\/rotary-2024\/wp-json\/wp\/v2\/media\/351714"}],"wp:attachment":[{"href":"https:\/\/dev.codekraft.it\/rotary-2024\/wp-json\/wp\/v2\/media?parent=386397"}],"wp:term":[{"taxonomy":"product_cat","embeddable":true,"href":"https:\/\/dev.codekraft.it\/rotary-2024\/wp-json\/wp\/v2\/product_cat?post=386397"},{"taxonomy":"product_tag","embeddable":true,"href":"https:\/\/dev.codekraft.it\/rotary-2024\/wp-json\/wp\/v2\/product_tag?post=386397"},{"taxonomy":"product_approvals","embeddable":true,"href":"https:\/\/dev.codekraft.it\/rotary-2024\/wp-json\/wp\/v2\/product_approvals?post=386397"},{"taxonomy":"product_application","embeddable":true,"href":"https:\/\/dev.codekraft.it\/rotary-2024\/wp-json\/wp\/v2\/product_application?post=386397"}],"curies":[{"name":"wp","href":"https:\/\/api.w.org\/{rel}","templated":true}]}}