{"id":386313,"date":"2024-03-25T11:51:48","date_gmt":"2024-03-25T11:51:48","guid":{"rendered":"https:\/\/dev.codekraft.it\/rotary-2024\/products\/uncategorized\/compresseur-a-vis-compacts-monsun-fast-4-10-bar\/"},"modified":"2024-03-25T11:51:48","modified_gmt":"2024-03-25T11:51:48","slug":"compresseur-a-vis-compacts-monsun-fast-4-10-bar","status":"publish","type":"product","link":"https:\/\/dev.codekraft.it\/rotary-2024\/fr\/produits\/technologie-de-lair-comprime-fr\/compresseurs-a-vis-fr\/compresseur-a-vis-compacts-monsun-fast-4-10-bar\/","title":{"rendered":"Compresseur \u00e0 vis compacts MONSUN Fast 4 &#8211; 10 bar"},"content":{"rendered":"<p>Les compresseurs \u00e0 vis MONSUN Fast \u00e0 injection d\u2019huile et entra\u00eenements \u00e0 courroies trap\u00e9zo\u00efdales sont disponibles avec trois niveaux de pression dans une plage de puissance de 4 &#8211; 15 KW. Le compresseur \u00e0 matrice int\u00e9gr\u00e9e repose sur une conception intelligente. Les composants fonctionnels les plus importants sont solidement int\u00e9gr\u00e9s dans un module.<\/p>\n<ul>\n<li>Financement BAFA possible<\/li>\n<li>Design compact<\/li>\n<li>Fonctionnement tr\u00e8s silencieux et efficace<\/li>\n<\/ul>\n<ul>\n<li>Garde au sol importante permettant de transporter facilement \u00e0 l\u2019aide d\u2019un chariot \u00e9l\u00e9vateur ou d\u2019un transpalette.<\/li>\n<li>Alimentation en air de refroidissement optimale : Gr\u00e2ce aux compresseurs \u00e0 vis MONSUN Fast, le d\u00e9bit d\u2019air de refroidissement aspir\u00e9 monte directement, sans de chicanes g\u00eanantes.<\/li>\n<li>Dispositif de serrage : L\u2019autor\u00e9gulation assure un glissement minimum \u00e0 un rendement toujours \u00e9lev\u00e9. Ainsi, rien n\u2019entrave le fonctionnement qui ne demande aucun entretien.<\/li>\n<li>Entra\u00eenement avec r\u00e9serves\u00a0: Les compresseurs \u00e0 vis compacts MONSUN Fast sont \u00e9quip\u00e9s de moteurs \u00e9lectriques certifi\u00e9s conformes IE3. Bobine ISO F offrant des r\u00e9serves d&#8217;\u00e9nergie s\u00fbres.<\/li>\n<li>Installation, d\u00e9marrage de l\u2019\u00e9quipement de s\u00e9rie avec c\u00e2ble et connexion rapide via un tuyau de raccordement de 1,5 m (4.9 in) de long.<\/li>\n<li>S\u00e9parateur fin externe\u00a0: Cartouches de s\u00e9parateur fin de taille g\u00e9n\u00e9reuse pour r\u00e9duire la perte de pression interne non souhaitable. Elles sont changeables en quelques secondes.<\/li>\n<li>Refroidisseur compact en aluminium\u00a0: La conception composite permet de refroidir l\u2019air et l\u2019huile en un seul composant. Le nettoyage est fortement simplifi\u00e9 gr\u00e2ce \u00e0 un entretien facile.<\/li>\n<li>Tous les panneaux lat\u00e9raux essentiels sont amovibles. La maintenance peut \u00eatre effectu\u00e9e ais\u00e9ment, et le temps de r\u00e9paration est minimum.<\/li>\n<\/ul>\n<ul>\n<li>Commande par microprocesseur Easy2. Un syst\u00e8me de diagnostic int\u00e9gr\u00e9 surveille tous les param\u00e8tres de fonctionnement relatifs \u00e0 la s\u00e9curit\u00e9. Le capteur de pression assure le fonctionnement pr\u00e9cis dans la plage de pression d\u00e9finie.<\/li>\n<li>Le compresseur \u00e0 matrice int\u00e9gr\u00e9e repose sur une conception intelligente. Les composants fonctionnels les plus importants sont solidement int\u00e9gr\u00e9s dans un module.<\/li>\n<\/ul>\n<ul>\n<li>D\u00e9bit volum\u00e9trique de tout le syst\u00e8me conforme \u00e0 la norme ISO 1217 2009, Annexe C : Pression d\u2019admission absolue 1 bar (14.5 psi) (a). Temp\u00e9rature d\u2019entr\u00e9e d\u2019air et de refroidissement 20 \u00b0C (68 \u00b0F).<\/li>\n<li>Niveau de pression acoustique conforme \u00e0 la norme ISO 2151 et \u00e0 la norme de base ISO 9614-2, tol\u00e9rance \u00b1 3 dB (A)<\/li>\n<\/ul>\n<p>Accessoires\u00a0:<br \/>&#8211; Huile de compresseur BLITZ sp\u00e9ciale pour compresseurs \u00e0 vis<br \/>&#8211; S\u00e9parateur cyclonique<\/p>\n<p>PRODUITS SIMILAIRES :<br \/>&#8211; MONSUN Fast D &#8211; Compresseur \u00e0 vis compact avec dessiccateur \u00e0 r\u00e9frig\u00e9ration<br \/>&#8211; MONSUN Fast S &#8211; Compresseur \u00e0 vis compact comme poste d\u2019air comprim\u00e9 sur r\u00e9servoir pressuris\u00e9 horizontal avec dessiccateur \u00e0 r\u00e9frig\u00e9ration<br \/>&#8211; MONSUN Fast K &#8211; Compresseur \u00e0 vis compact sur r\u00e9servoir pressuris\u00e9 horizontal<\/p>\n","protected":false},"excerpt":{"rendered":"<p>10 bar, Entra\u00eenement par courroie trap\u00e9zo\u00efdale<\/p>\n","protected":false},"featured_media":350392,"template":"","meta":[],"product_cat":[1033498],"product_tag":[],"product_approvals":[],"product_application":[],"class_list":{"0":"post-386313","1":"product","2":"type-product","3":"status-publish","4":"has-post-thumbnail","6":"product_cat-compresseurs-a-vis-fr","8":"first","9":"instock","10":"shipping-taxable","11":"product-type-simple"},"approvals":[],"application":[],"brb_media_brochure":[{"id":350393,"url":"https:\/\/dev.codekraft.it\/rotary-2024\/wp-content\/uploads\/brb_media\/00419318_screw-compressor-monsun-fast-br-127229-de-2019-04-screen.pdf","title":"screw compressor monsun fast br 127229 de 2019 04 screen","thumbnail":"https:\/\/dev.codekraft.it\/rotary-2024\/wp-content\/uploads\/brb_media\/00419318_screw-compressor-monsun-fast-br-127229-de-2019-04-screen-pdf-106x150.png","description":""},{"id":350394,"url":"https:\/\/dev.codekraft.it\/rotary-2024\/wp-content\/uploads\/brb_media\/00419319_screw-compressor-monsun-fast-br-127230-en-2019-04-screen.pdf","title":"screw compressor monsun fast br 127230 en 2019 04 screen","thumbnail":"https:\/\/dev.codekraft.it\/rotary-2024\/wp-content\/uploads\/brb_media\/00419319_screw-compressor-monsun-fast-br-127230-en-2019-04-screen-pdf-106x150.png","description":""},{"id":350395,"url":"https:\/\/dev.codekraft.it\/rotary-2024\/wp-content\/uploads\/brb_media\/00419320_screw-compressor-monsun-fast-br-127231-fr-2019-04-screen.pdf","title":"screw compressor monsun fast br 127231 fr 2019 04 screen","thumbnail":"https:\/\/dev.codekraft.it\/rotary-2024\/wp-content\/uploads\/brb_media\/00419320_screw-compressor-monsun-fast-br-127231-fr-2019-04-screen-pdf-106x150.png","description":""},{"id":350396,"url":"https:\/\/dev.codekraft.it\/rotary-2024\/wp-content\/uploads\/brb_media\/00419321_screw-compressor-monsun-fast-br-127232-it-2019-04-screen.pdf","title":"screw compressor monsun fast br 127232 it 2019 04 screen","thumbnail":"https:\/\/dev.codekraft.it\/rotary-2024\/wp-content\/uploads\/brb_media\/00419321_screw-compressor-monsun-fast-br-127232-it-2019-04-screen-pdf-106x150.png","description":""},{"id":350397,"url":"https:\/\/dev.codekraft.it\/rotary-2024\/wp-content\/uploads\/brb_media\/00419322_screw-compressor-monsun-fast-br-127233-es-2019-04-screen.pdf","title":"screw compressor monsun fast br 127233 es 2019 04 screen","thumbnail":"https:\/\/dev.codekraft.it\/rotary-2024\/wp-content\/uploads\/brb_media\/00419322_screw-compressor-monsun-fast-br-127233-es-2019-04-screen-pdf-106x150.png","description":""},{"id":350398,"url":"https:\/\/dev.codekraft.it\/rotary-2024\/wp-content\/uploads\/brb_media\/00419323_screw-compressor-monsun-fast-br-127234-ru-2019-04-screen.pdf","title":"screw compressor monsun fast br 127234 ru 2019 04 screen","thumbnail":"https:\/\/dev.codekraft.it\/rotary-2024\/wp-content\/uploads\/brb_media\/00419323_screw-compressor-monsun-fast-br-127234-ru-2019-04-screen-pdf-106x150.png","description":""}],"brb_media_drawing":"","brb_media_manuals":[{"id":350399,"url":"https:\/\/dev.codekraft.it\/rotary-2024\/wp-content\/uploads\/brb_media\/00426124_screw-compressor-monsun-fast-om-122401-de-en-2019-05-rev-f.pdf","title":"screw compressor monsun fast om 122401 de en 2019 05 rev f","thumbnail":"https:\/\/dev.codekraft.it\/rotary-2024\/wp-content\/uploads\/brb_media\/00426124_screw-compressor-monsun-fast-om-122401-de-en-2019-05-rev-f-pdf-106x150.png","description":""}],"brb_media_safety_datasheets":"","brb_media_spare_parts":[],"_cdmm_p_id":"393700","_company":"Blitz","_gtin":"4057612154825","accessories":[],"components":[],"related":[],"similar":[],"lang":"fr","translations":{"fr":386313,"en":386311,"de":386312,"it":386314,"es":386315,"ru":386316},"pll_sync_post":[],"_links":{"self":[{"href":"https:\/\/dev.codekraft.it\/rotary-2024\/wp-json\/wp\/v2\/product\/386313","targetHints":{"allow":["GET"]}}],"collection":[{"href":"https:\/\/dev.codekraft.it\/rotary-2024\/wp-json\/wp\/v2\/product"}],"about":[{"href":"https:\/\/dev.codekraft.it\/rotary-2024\/wp-json\/wp\/v2\/types\/product"}],"wp:featuredmedia":[{"embeddable":true,"href":"https:\/\/dev.codekraft.it\/rotary-2024\/wp-json\/wp\/v2\/media\/350392"}],"wp:attachment":[{"href":"https:\/\/dev.codekraft.it\/rotary-2024\/wp-json\/wp\/v2\/media?parent=386313"}],"wp:term":[{"taxonomy":"product_cat","embeddable":true,"href":"https:\/\/dev.codekraft.it\/rotary-2024\/wp-json\/wp\/v2\/product_cat?post=386313"},{"taxonomy":"product_tag","embeddable":true,"href":"https:\/\/dev.codekraft.it\/rotary-2024\/wp-json\/wp\/v2\/product_tag?post=386313"},{"taxonomy":"product_approvals","embeddable":true,"href":"https:\/\/dev.codekraft.it\/rotary-2024\/wp-json\/wp\/v2\/product_approvals?post=386313"},{"taxonomy":"product_application","embeddable":true,"href":"https:\/\/dev.codekraft.it\/rotary-2024\/wp-json\/wp\/v2\/product_application?post=386313"}],"curies":[{"name":"wp","href":"https:\/\/api.w.org\/{rel}","templated":true}]}}