{"id":386277,"date":"2025-12-11T10:11:04","date_gmt":"2025-12-11T10:11:04","guid":{"rendered":"https:\/\/dev.codekraft.it\/rotary-2024\/products\/uncategorized\/separateur-deau-dhuile-owamat-10\/"},"modified":"2025-12-11T10:11:04","modified_gmt":"2025-12-11T10:11:04","slug":"separateur-deau-dhuile-owamat-10","status":"publish","type":"product","link":"https:\/\/dev.codekraft.it\/rotary-2024\/fr\/produits\/accessoires-technologie-de-lair-comprime-fr\/traitement-dair-comprime-fr\/separateur-deau-dhuile-owamat-10\/","title":{"rendered":"S\u00e9parateur d&#039;eau d&#039;huile \u00d6wamat 10"},"content":{"rendered":"<p>Le condensat contient souvent 99 % d&#8217;eau et seulement 1 % d&#8217;huile. C&#8217;est pourquoi, le traitement sur site du condensat huileux est toujours moins on\u00e9reux que l&#8217;elimination fort co\u00fbteuse par l&#8217;interm\u00e9diaire de soci\u00e9t\u00e9s sp\u00e9cialis\u00e9es. Il est imp\u00e9ratif que ce syst\u00e8me r\u00e9ponde aux prescriptions l\u00e9gales. En effet, la \u00ab loi sur l&#8217;eau\u00a0\u00bb exige que les eaux rejet\u00e9es soient trait\u00e9es en conformit\u00e9 avec les normes de protection de l&#8217;environnement. Les eaux contenant plus de 20 mg d&#8217;huile par litre ne doivent en aucun cas \u00eatre rejet\u00e9es dans les \u00e9gouts. La solution: \u00d6wamat\u00ae.<\/p>\n<p>L&#8217;\u00d6wamat\u00ae est un syst\u00e8me de s\u00e9paration huile-eau pour condensats dispers\u00e9s, qui a fait ses preuves depuis de longues ann\u00e9es et qui est constamment am\u00e9lior\u00e9. Ce syst\u00e8me r\u00e9pondant aux prescriptions l\u00e9gales, l&#8217;eau trait\u00e9e peut \u00eatre refoul\u00e9e dans les \u00e9gouts, sans aucune h\u00e9sitation et le traitement fiable est assur\u00e9 en toutes circonstances.<\/p>\n<ul>\n<li>Report d&#8217;alarme vers un poste de surveillance centralis\u00e9e, gr\u00e2ce \u00e0 un capteur \u00e9lectronique dispos\u00e9 en option sur l&#8217;indicateur de niveau.<\/li>\n<li>L&#8217;\u00d6wamat\u00ae existe en 6 mod\u00e8les de capacit\u00e9 diff\u00e9rente, pr\u00eats \u00e0 \u00eatre raccord\u00e9s et convenant parfaitement aux caract\u00e9ristiques de votre station de compresseur.<\/li>\n<li>En cas d&#8217;exposition au risque de gel, le bon fonctionnement est garanti par un syst\u00e8me de chauffage en option.<\/li>\n<li>Double surveillance des filtres: indicateur de niveau int\u00e9gr\u00e9 et r\u00e9f\u00e9rence de turbidit\u00e9 pour la comparaison visuelle d&#8217;\u00e9chantillons.<\/li>\n<\/ul>\n","protected":false},"excerpt":{"rendered":"<p>Pour capacit\u00e9s de compresseur jusqu\u2019\u00e0 58,5 m\u00b3\/min<\/p>\n","protected":false},"featured_media":374608,"template":"","meta":[],"product_cat":[1033606],"product_tag":[1034145,1034128,1034197,1035648,1035682,1034262,1035665,1034180,1034231,1034214,1034163],"product_approvals":[],"product_application":[],"class_list":{"0":"post-386277","1":"product","2":"type-product","3":"status-publish","4":"has-post-thumbnail","6":"product_cat-traitement-dair-comprime-fr","7":"product_tag-buses-fr","8":"product_tag-trucks-fr","9":"product_tag-motor-homes-fr","10":"product_tag-motorbikes-fr","11":"product_tag-quad-bikes-fr","12":"product_tag-remorques-fr","13":"product_tag-scooter-fr","14":"product_tag-light-commercial-fr","15":"product_tag-tracked-vehicles-fr","16":"product_tag-agricultural-machines-fr","17":"product_tag-passenger-cars-fr","19":"first","20":"instock","21":"shipping-taxable","22":"product-type-simple"},"approvals":[],"application":[],"brb_media_brochure":[{"id":374263,"url":"https:\/\/dev.codekraft.it\/rotary-2024\/wp-content\/uploads\/brb_media\/00359080_compressed-air-treatment-br-725514-de-2017-01-screen.pdf","title":"compressed air treatment br 725514 de 2017 01 screen","thumbnail":"https:\/\/dev.codekraft.it\/rotary-2024\/wp-content\/uploads\/brb_media\/00359080_compressed-air-treatment-br-725514-de-2017-01-screen-pdf-150x106.png","description":""},{"id":374264,"url":"https:\/\/dev.codekraft.it\/rotary-2024\/wp-content\/uploads\/brb_media\/00359081_compressed-air-treatment-br-109881-en-2017-01-screen.pdf","title":"compressed air treatment br 109881 en 2017 01 screen","thumbnail":"https:\/\/dev.codekraft.it\/rotary-2024\/wp-content\/uploads\/brb_media\/00359081_compressed-air-treatment-br-109881-en-2017-01-screen-pdf-150x106.png","description":""},{"id":374265,"url":"https:\/\/dev.codekraft.it\/rotary-2024\/wp-content\/uploads\/brb_media\/00359084_compressed-air-treatment-br-109884-es-2017-01-screen.pdf","title":"compressed air treatment br 109884 es 2017 01 screen","thumbnail":"https:\/\/dev.codekraft.it\/rotary-2024\/wp-content\/uploads\/brb_media\/00359084_compressed-air-treatment-br-109884-es-2017-01-screen-pdf-150x106.png","description":""},{"id":374266,"url":"https:\/\/dev.codekraft.it\/rotary-2024\/wp-content\/uploads\/brb_media\/00359082_compressed-air-treatment-br-109882-fr-2017-01-screen.pdf","title":"compressed air treatment br 109882 fr 2017 01 screen","thumbnail":"https:\/\/dev.codekraft.it\/rotary-2024\/wp-content\/uploads\/brb_media\/00359082_compressed-air-treatment-br-109882-fr-2017-01-screen-pdf-150x106.png","description":""},{"id":374267,"url":"https:\/\/dev.codekraft.it\/rotary-2024\/wp-content\/uploads\/brb_media\/00359083_compressed-air-treatment-br-109883-it-2017-01-screen.pdf","title":"compressed air treatment br 109883 it 2017 01 screen","thumbnail":"https:\/\/dev.codekraft.it\/rotary-2024\/wp-content\/uploads\/brb_media\/00359083_compressed-air-treatment-br-109883-it-2017-01-screen-pdf-150x106.png","description":""}],"brb_media_drawing":"","brb_media_manuals":"","brb_media_safety_datasheets":"","brb_media_spare_parts":[],"_cdmm_p_id":"262541","_company":"Blitz","_gtin":"4057612095180","accessories":[],"components":[],"related":[],"similar":[],"lang":"fr","translations":{"fr":386277,"en":386275,"de":386276,"it":386278,"es":386279,"ru":386280},"pll_sync_post":[],"_links":{"self":[{"href":"https:\/\/dev.codekraft.it\/rotary-2024\/wp-json\/wp\/v2\/product\/386277","targetHints":{"allow":["GET"]}}],"collection":[{"href":"https:\/\/dev.codekraft.it\/rotary-2024\/wp-json\/wp\/v2\/product"}],"about":[{"href":"https:\/\/dev.codekraft.it\/rotary-2024\/wp-json\/wp\/v2\/types\/product"}],"wp:featuredmedia":[{"embeddable":true,"href":"https:\/\/dev.codekraft.it\/rotary-2024\/wp-json\/wp\/v2\/media\/374608"}],"wp:attachment":[{"href":"https:\/\/dev.codekraft.it\/rotary-2024\/wp-json\/wp\/v2\/media?parent=386277"}],"wp:term":[{"taxonomy":"product_cat","embeddable":true,"href":"https:\/\/dev.codekraft.it\/rotary-2024\/wp-json\/wp\/v2\/product_cat?post=386277"},{"taxonomy":"product_tag","embeddable":true,"href":"https:\/\/dev.codekraft.it\/rotary-2024\/wp-json\/wp\/v2\/product_tag?post=386277"},{"taxonomy":"product_approvals","embeddable":true,"href":"https:\/\/dev.codekraft.it\/rotary-2024\/wp-json\/wp\/v2\/product_approvals?post=386277"},{"taxonomy":"product_application","embeddable":true,"href":"https:\/\/dev.codekraft.it\/rotary-2024\/wp-json\/wp\/v2\/product_application?post=386277"}],"curies":[{"name":"wp","href":"https:\/\/api.w.org\/{rel}","templated":true}]}}