{"id":386276,"date":"2025-12-11T10:04:41","date_gmt":"2025-12-11T10:04:41","guid":{"rendered":"https:\/\/dev.codekraft.it\/rotary-2024\/products\/uncategorized\/ol-wasser-trenner-owamat-10\/"},"modified":"2025-12-11T10:04:41","modified_gmt":"2025-12-11T10:04:41","slug":"ol-wasser-trenner-owamat-10","status":"publish","type":"product","link":"https:\/\/dev.codekraft.it\/rotary-2024\/produkte\/zubehor-drucklufttechnik-de\/druckluftaufbereitung-de\/ol-wasser-trenner-owamat-10\/","title":{"rendered":"\u00d6l-Wasser-Trenner \u00d6wamat 10"},"content":{"rendered":"<p>Kondensat besteht h\u00e4ufig zu 99 % aus Wasser und nur zu 1 % aus \u00d6l. Deshalb rechnet sich die Aufbereitung des \u00f6lhaltigen Kondensats vor Ort immer g\u00fcnstiger als die kostenintensive Entsorgung \u00fcber Fachfirmen. Wichtig ist, da\u00df dieses System die gesetzlichen Anforderungen erf\u00fcllt. Im \u00a7 7a des Wasserhaushaltsgesetzes schreibt der Gesetzgeber eine dem \u201eStand der Technik\u201d entsprechende Wasseraufbereitung vor. Abwasser mit mehr als 20 mg\/l Mineral\u00f6l darf nicht in die Kanalisation. Die L\u00f6sung: \u00d6wamat\u00ae.<\/p>\n<p>Der \u00d6wamat\u00ae ist ein seit Jahren bew\u00e4hrtes, permanent weiterentwickeltes \u00d6l-Wasser- Trennsystem f\u00fcr dispergierte Kondensate. Da er die ma\u00dfgeblichen gesetzlichen Vorschriften erf\u00fcllt, ist eine Einleitung des gereinigten Wassers in die Kanalisation problemlos m\u00f6glich, eine sichere Aufbereitung gew\u00e4hrleistet.Best\u00e4tigt vom Deutschen Institut f\u00fcr Bautechnik mit der allgemeinen bauaufsichtlichen Zulassung.<\/p>\n<ul>\n<li>St\u00f6rmeldung an einen Leitstand durch elektrischen Alarmsensor am Niveaumelder optional m\u00f6glich.<\/li>\n<li>Der anschlu\u00dfbereite \u00d6wamat\u00ae ist in 6 Baugr\u00f6\u00dfen erh\u00e4ltlich, platzsparend und anwenderfreundlich.<\/li>\n<li>Bei Einsatz in frostgef\u00e4hrdeten Bereichen sichert eine separate Beheizung die problemlose Aufbereitung.<\/li>\n<li>Zweifache Filter\u00fcberwachung: Integrierter Niveaumelder und optische Referenztr\u00fcbung f\u00fcr Probenvergleich.<\/li>\n<\/ul>\n","protected":false},"excerpt":{"rendered":"<p>F\u00fcr Kompressorleistungen bis 58,5 m\u00b3\/min<\/p>\n","protected":false},"featured_media":374608,"template":"","meta":[],"product_cat":[1033590],"product_tag":[1034260,1034143,1034229,1034212,1034126,1035646,1035663,1034161,1035680,1034178,1034195],"product_approvals":[],"product_application":[],"class_list":{"0":"post-386276","1":"product","2":"type-product","3":"status-publish","4":"has-post-thumbnail","6":"product_cat-druckluftaufbereitung-de","7":"product_tag-anhanger-de","8":"product_tag-buses-de","9":"product_tag-tracked-vehicles-de","10":"product_tag-agricultural-machines-de","11":"product_tag-trucks-de","12":"product_tag-motorbikes-de","13":"product_tag-scooter-de","14":"product_tag-passenger-cars-de","15":"product_tag-quad-bikes-de","16":"product_tag-light-commercial-de","17":"product_tag-motor-homes-de","19":"first","20":"instock","21":"shipping-taxable","22":"product-type-simple"},"approvals":[],"application":[],"brb_media_brochure":[{"id":374263,"url":"https:\/\/dev.codekraft.it\/rotary-2024\/wp-content\/uploads\/brb_media\/00359080_compressed-air-treatment-br-725514-de-2017-01-screen.pdf","title":"compressed air treatment br 725514 de 2017 01 screen","thumbnail":"https:\/\/dev.codekraft.it\/rotary-2024\/wp-content\/uploads\/brb_media\/00359080_compressed-air-treatment-br-725514-de-2017-01-screen-pdf-150x106.png","description":""},{"id":374264,"url":"https:\/\/dev.codekraft.it\/rotary-2024\/wp-content\/uploads\/brb_media\/00359081_compressed-air-treatment-br-109881-en-2017-01-screen.pdf","title":"compressed air treatment br 109881 en 2017 01 screen","thumbnail":"https:\/\/dev.codekraft.it\/rotary-2024\/wp-content\/uploads\/brb_media\/00359081_compressed-air-treatment-br-109881-en-2017-01-screen-pdf-150x106.png","description":""},{"id":374265,"url":"https:\/\/dev.codekraft.it\/rotary-2024\/wp-content\/uploads\/brb_media\/00359084_compressed-air-treatment-br-109884-es-2017-01-screen.pdf","title":"compressed air treatment br 109884 es 2017 01 screen","thumbnail":"https:\/\/dev.codekraft.it\/rotary-2024\/wp-content\/uploads\/brb_media\/00359084_compressed-air-treatment-br-109884-es-2017-01-screen-pdf-150x106.png","description":""},{"id":374266,"url":"https:\/\/dev.codekraft.it\/rotary-2024\/wp-content\/uploads\/brb_media\/00359082_compressed-air-treatment-br-109882-fr-2017-01-screen.pdf","title":"compressed air treatment br 109882 fr 2017 01 screen","thumbnail":"https:\/\/dev.codekraft.it\/rotary-2024\/wp-content\/uploads\/brb_media\/00359082_compressed-air-treatment-br-109882-fr-2017-01-screen-pdf-150x106.png","description":""},{"id":374267,"url":"https:\/\/dev.codekraft.it\/rotary-2024\/wp-content\/uploads\/brb_media\/00359083_compressed-air-treatment-br-109883-it-2017-01-screen.pdf","title":"compressed air treatment br 109883 it 2017 01 screen","thumbnail":"https:\/\/dev.codekraft.it\/rotary-2024\/wp-content\/uploads\/brb_media\/00359083_compressed-air-treatment-br-109883-it-2017-01-screen-pdf-150x106.png","description":""}],"brb_media_drawing":"","brb_media_manuals":"","brb_media_safety_datasheets":"","brb_media_spare_parts":[],"_cdmm_p_id":"262541","_company":"Blitz","_gtin":"4057612095180","accessories":[],"components":[],"related":[],"similar":[],"lang":"de","translations":{"de":386276,"en":386275,"fr":386277,"it":386278,"es":386279,"ru":386280},"pll_sync_post":[],"_links":{"self":[{"href":"https:\/\/dev.codekraft.it\/rotary-2024\/wp-json\/wp\/v2\/product\/386276","targetHints":{"allow":["GET"]}}],"collection":[{"href":"https:\/\/dev.codekraft.it\/rotary-2024\/wp-json\/wp\/v2\/product"}],"about":[{"href":"https:\/\/dev.codekraft.it\/rotary-2024\/wp-json\/wp\/v2\/types\/product"}],"wp:featuredmedia":[{"embeddable":true,"href":"https:\/\/dev.codekraft.it\/rotary-2024\/wp-json\/wp\/v2\/media\/374608"}],"wp:attachment":[{"href":"https:\/\/dev.codekraft.it\/rotary-2024\/wp-json\/wp\/v2\/media?parent=386276"}],"wp:term":[{"taxonomy":"product_cat","embeddable":true,"href":"https:\/\/dev.codekraft.it\/rotary-2024\/wp-json\/wp\/v2\/product_cat?post=386276"},{"taxonomy":"product_tag","embeddable":true,"href":"https:\/\/dev.codekraft.it\/rotary-2024\/wp-json\/wp\/v2\/product_tag?post=386276"},{"taxonomy":"product_approvals","embeddable":true,"href":"https:\/\/dev.codekraft.it\/rotary-2024\/wp-json\/wp\/v2\/product_approvals?post=386276"},{"taxonomy":"product_application","embeddable":true,"href":"https:\/\/dev.codekraft.it\/rotary-2024\/wp-json\/wp\/v2\/product_application?post=386276"}],"curies":[{"name":"wp","href":"https:\/\/api.w.org\/{rel}","templated":true}]}}