{"id":386231,"date":"2024-03-25T11:55:11","date_gmt":"2024-03-25T11:55:11","guid":{"rendered":"https:\/\/dev.codekraft.it\/rotary-2024\/products\/uncategorized\/filtro-de-aire-comprimido-c-55\/"},"modified":"2024-03-25T11:55:11","modified_gmt":"2024-03-25T11:55:11","slug":"filtro-de-aire-comprimido-c-55","status":"publish","type":"product","link":"https:\/\/dev.codekraft.it\/rotary-2024\/es\/productos\/accesorios-compresores-es\/tratamiento-del-aire-comprimido-es\/filtro-de-aire-comprimido-c-55\/","title":{"rendered":"Filtro de aire comprimido C 55"},"content":{"rendered":"<p>El filtro especial para vapores de hidr\u00f3geno de carb\u00f3n y aceite, que se pueden adsorber con carb\u00f3n activo &#8211; elimina componentes fijos hasta 0,01 micrones (0,003 ppm de contenido m\u00e1ximo de vapor de aceite).<\/p>\n<p><strong>La filtraci\u00f3n de dos fases:<\/strong><br \/><strong>1\u00aa fase:<\/strong> Un diafragma de las m\u00e1s finas part\u00edculas de carbono que muestran una gran superficie activa elimina la mayor parte de los vapores de aceite.<br \/><strong>2\u00aa fase:<\/strong> Varias capas de material en fibra con micropart\u00edculas de carbono insertadas eliminan los vapores de aceite restantes. Muchas capas del m\u00e1s fino material de filtrado retienen todas las part\u00edculas, con un rendimiento seguro de hasta 1000 horas de servicio en condiciones de trabajo definidas<\/p>\n<ul>\n<li>Todos los puertos hilados de la carcasa para la admisi\u00f3n\/descarga del aire comprimido cumplen los requisitos de capacidad exactos.\n<li>Las barras de acoplamiento absorben f\u00e1cilmente la fuerza de la presi\u00f3n diferencial. El elemento no est\u00e1 esencialmente bajo presi\u00f3n. El elemento del filtro se puede extraer f\u00e1cilmente, incluso despu\u00e9s de una vida de servicio larga.\n<li>Se proporciona de serie un separador de condensaci\u00f3n autom\u00e1tico para la extracci\u00f3n de fluidos separados. Los filtros de nivel C est\u00e1n equipados con un drenaje manual.\n<li>La carcasa del filtro de aire con una capa de resina ep\u00f3xica sobre sustrato de aluminio-cromo proporciona una protecci\u00f3n de por vida para la carcasa (interna y externa). Resiste todos los aceites de compresor est\u00e1ndar.\n<li>Las cinco velocidades de separaci\u00f3n distintas garantizan una separaci\u00f3n mec\u00e1nica efectiva, incluyendo la absorci\u00f3n de los vapores del aceite. Las mallas de espuma multi-color distinguen claramente los niveles de filtrado respectivos.<\/li>\n<\/ul>\n","protected":false},"excerpt":{"rendered":"<p>2797 m\u00b3\/h caudal volum\u00e9trico, para presiones de funcionamiento de hasta 16 bares, Fltro de carbono activado, < 0,01 micrones, Contenido de aceite residual < 0,003 ppm\n<\/p>\n","protected":false},"featured_media":374314,"template":"","meta":[],"product_cat":[1033638],"product_tag":[1034151,1034134,1034203,1034169,1034220,1035654,1035688,1034265,1035671,1034186,1034237],"product_approvals":[],"product_application":[],"class_list":{"0":"post-386231","1":"product","2":"type-product","3":"status-publish","4":"has-post-thumbnail","6":"product_cat-tratamiento-del-aire-comprimido-es","7":"product_tag-buses-es","8":"product_tag-trucks-es","9":"product_tag-motor-homes-es","10":"product_tag-passenger-cars-es","11":"product_tag-agricultural-machines-es","12":"product_tag-motorbikes-es","13":"product_tag-quad-bikes-es","14":"product_tag-remolques-es","15":"product_tag-scooter-es","16":"product_tag-light-commercial-es","17":"product_tag-tracked-vehicles-es","19":"first","20":"instock","21":"shipping-taxable","22":"product-type-simple"},"approvals":[],"application":[],"brb_media_brochure":[{"id":374263,"url":"https:\/\/dev.codekraft.it\/rotary-2024\/wp-content\/uploads\/brb_media\/00359080_compressed-air-treatment-br-725514-de-2017-01-screen.pdf","title":"compressed air treatment br 725514 de 2017 01 screen","thumbnail":"https:\/\/dev.codekraft.it\/rotary-2024\/wp-content\/uploads\/brb_media\/00359080_compressed-air-treatment-br-725514-de-2017-01-screen-pdf-150x106.png","description":""},{"id":374264,"url":"https:\/\/dev.codekraft.it\/rotary-2024\/wp-content\/uploads\/brb_media\/00359081_compressed-air-treatment-br-109881-en-2017-01-screen.pdf","title":"compressed air treatment br 109881 en 2017 01 screen","thumbnail":"https:\/\/dev.codekraft.it\/rotary-2024\/wp-content\/uploads\/brb_media\/00359081_compressed-air-treatment-br-109881-en-2017-01-screen-pdf-150x106.png","description":""},{"id":374265,"url":"https:\/\/dev.codekraft.it\/rotary-2024\/wp-content\/uploads\/brb_media\/00359084_compressed-air-treatment-br-109884-es-2017-01-screen.pdf","title":"compressed air treatment br 109884 es 2017 01 screen","thumbnail":"https:\/\/dev.codekraft.it\/rotary-2024\/wp-content\/uploads\/brb_media\/00359084_compressed-air-treatment-br-109884-es-2017-01-screen-pdf-150x106.png","description":""},{"id":374266,"url":"https:\/\/dev.codekraft.it\/rotary-2024\/wp-content\/uploads\/brb_media\/00359082_compressed-air-treatment-br-109882-fr-2017-01-screen.pdf","title":"compressed air treatment br 109882 fr 2017 01 screen","thumbnail":"https:\/\/dev.codekraft.it\/rotary-2024\/wp-content\/uploads\/brb_media\/00359082_compressed-air-treatment-br-109882-fr-2017-01-screen-pdf-150x106.png","description":""},{"id":374267,"url":"https:\/\/dev.codekraft.it\/rotary-2024\/wp-content\/uploads\/brb_media\/00359083_compressed-air-treatment-br-109883-it-2017-01-screen.pdf","title":"compressed air treatment br 109883 it 2017 01 screen","thumbnail":"https:\/\/dev.codekraft.it\/rotary-2024\/wp-content\/uploads\/brb_media\/00359083_compressed-air-treatment-br-109883-it-2017-01-screen-pdf-150x106.png","description":""}],"brb_media_drawing":"","brb_media_manuals":"","brb_media_safety_datasheets":"","brb_media_spare_parts":[],"_cdmm_p_id":"262514","_company":"Blitz","_gtin":"4057612149555","accessories":[],"components":[],"related":[],"similar":[],"lang":"es","translations":{"es":386231,"en":386227,"de":386228,"fr":386229,"it":386230,"ru":386232},"pll_sync_post":[],"_links":{"self":[{"href":"https:\/\/dev.codekraft.it\/rotary-2024\/wp-json\/wp\/v2\/product\/386231","targetHints":{"allow":["GET"]}}],"collection":[{"href":"https:\/\/dev.codekraft.it\/rotary-2024\/wp-json\/wp\/v2\/product"}],"about":[{"href":"https:\/\/dev.codekraft.it\/rotary-2024\/wp-json\/wp\/v2\/types\/product"}],"wp:featuredmedia":[{"embeddable":true,"href":"https:\/\/dev.codekraft.it\/rotary-2024\/wp-json\/wp\/v2\/media\/374314"}],"wp:attachment":[{"href":"https:\/\/dev.codekraft.it\/rotary-2024\/wp-json\/wp\/v2\/media?parent=386231"}],"wp:term":[{"taxonomy":"product_cat","embeddable":true,"href":"https:\/\/dev.codekraft.it\/rotary-2024\/wp-json\/wp\/v2\/product_cat?post=386231"},{"taxonomy":"product_tag","embeddable":true,"href":"https:\/\/dev.codekraft.it\/rotary-2024\/wp-json\/wp\/v2\/product_tag?post=386231"},{"taxonomy":"product_approvals","embeddable":true,"href":"https:\/\/dev.codekraft.it\/rotary-2024\/wp-json\/wp\/v2\/product_approvals?post=386231"},{"taxonomy":"product_application","embeddable":true,"href":"https:\/\/dev.codekraft.it\/rotary-2024\/wp-json\/wp\/v2\/product_application?post=386231"}],"curies":[{"name":"wp","href":"https:\/\/api.w.org\/{rel}","templated":true}]}}