{"id":386097,"date":"2024-03-25T11:51:50","date_gmt":"2024-03-25T11:51:50","guid":{"rendered":"https:\/\/dev.codekraft.it\/rotary-2024\/products\/uncategorized\/filtre-dair-comprime-u-150\/"},"modified":"2024-03-25T11:51:50","modified_gmt":"2024-03-25T11:51:50","slug":"filtre-dair-comprime-u-150","status":"publish","type":"product","link":"https:\/\/dev.codekraft.it\/rotary-2024\/fr\/produits\/accessoires-technologie-de-lair-comprime-fr\/traitement-dair-comprime-fr\/filtre-dair-comprime-u-150\/","title":{"rendered":"Filtre d\u2019air comprim\u00e9 U 150"},"content":{"rendered":"<p>Le filtre standard pour les liquides et l\u2019huile, \u00e9limine des particules solides jusqu\u2019\u00e0 1 micron (1,0 ppm d\u2019huile r\u00e9siduelle max.).<\/p>\n<p><strong>La filtration en deux \u00e9tapes:<br \/>1\u00e8re \u00e9tape:<\/strong> Les particules les plus grandes s\u2019\u00e9liminent \u00e0 travers plusieurs couches en fibre de verre et un tamis.<br \/><strong>2\u00e8me \u00e9tape:<\/strong> L\u2019\u00e9l\u00e9ment coalescent en fibre de verre renforc\u00e9e avec de la r\u00e9sine \u00e9poxy s\u00e9pare les a\u00e9rosols d\u2019huile et les particules solides.<\/p>\n<ul>\n<li>Manom\u00e8tre de diff\u00e9rentiel de pression install\u00e9 directement avec \u00e9chelle de calibration pour un calcul pr\u00e9cis des co\u00fbts de fonctionnement.\n<li>Tous les orifices filt\u00e9s du boitier pour l\u2018admission\/la d\u00e9charge de l\u2018air comprim\u00e9 r\u00e9pondent exactement aux demandes de la capacit\u00e9.\n<li>Les tiges absorbent facilement la force des diff\u00e9rentiels de pression. L\u2018\u00e9l\u00e9ment n\u2018est soumis \u00e0 aucune contrainte. L\u2018\u00e9l\u00e9ment de filtration peut facilement \u00eatre d\u00e9mont\u00e9 m\u00eame apr\u00e8s une longue utilisation.\n<li>Un s\u00e9parateur automatique de condensat est fourni de mani\u00e8re standard afin de retirer les liquides s\u00e9par\u00e9s. Des filtres de niveau C sont \u00e9quip\u00e9s d\u2018un d\u00e9gorgeur manuel.\n<li>Le bo\u00eetier de filtre \u00e0 air avec film en r\u00e9sine \u00e9poxy sur substrat aluminium-chrome permet une protection \u00e0 vie du bo\u00eetier (\u00e0 l\u2018int\u00e9rieur et \u00e0 l\u2018ext\u00e9rieur). R\u00e9sistant \u00e0 toutes les huiles de compresseur standard.\n<li>Cinq taux de s\u00e9paration diff\u00e9rents garantissent une s\u00e9paration m\u00e9canique efficace incluant une absorption de l\u2018huile et de la vapeur. Des manchons multicolores d\u00e9finissent clairement les diff\u00e9rents niveaux de filtration.<\/li>\n<\/ul>\n","protected":false},"excerpt":{"rendered":"<p>2797 m\u00b3\/h d\u00e9bit d&#8217;air, pour des pressions de fonctionnement jusqu\u2018\u00e0 16 bar, filtres super-fins, < 1 micron, contenu r\u00e9siduel en huile < 1 ppm\n<\/p>\n","protected":false},"featured_media":374314,"template":"","meta":[],"product_cat":[1033606],"product_tag":[1034145,1034128,1034197,1035648,1035682,1034262,1035665,1034180,1034231,1034214,1034163],"product_approvals":[],"product_application":[],"class_list":{"0":"post-386097","1":"product","2":"type-product","3":"status-publish","4":"has-post-thumbnail","6":"product_cat-traitement-dair-comprime-fr","7":"product_tag-buses-fr","8":"product_tag-trucks-fr","9":"product_tag-motor-homes-fr","10":"product_tag-motorbikes-fr","11":"product_tag-quad-bikes-fr","12":"product_tag-remorques-fr","13":"product_tag-scooter-fr","14":"product_tag-light-commercial-fr","15":"product_tag-tracked-vehicles-fr","16":"product_tag-agricultural-machines-fr","17":"product_tag-passenger-cars-fr","19":"first","20":"instock","21":"shipping-taxable","22":"product-type-simple"},"approvals":[],"application":[],"brb_media_brochure":[{"id":374263,"url":"https:\/\/dev.codekraft.it\/rotary-2024\/wp-content\/uploads\/brb_media\/00359080_compressed-air-treatment-br-725514-de-2017-01-screen.pdf","title":"compressed air treatment br 725514 de 2017 01 screen","thumbnail":"https:\/\/dev.codekraft.it\/rotary-2024\/wp-content\/uploads\/brb_media\/00359080_compressed-air-treatment-br-725514-de-2017-01-screen-pdf-150x106.png","description":""},{"id":374264,"url":"https:\/\/dev.codekraft.it\/rotary-2024\/wp-content\/uploads\/brb_media\/00359081_compressed-air-treatment-br-109881-en-2017-01-screen.pdf","title":"compressed air treatment br 109881 en 2017 01 screen","thumbnail":"https:\/\/dev.codekraft.it\/rotary-2024\/wp-content\/uploads\/brb_media\/00359081_compressed-air-treatment-br-109881-en-2017-01-screen-pdf-150x106.png","description":""},{"id":374265,"url":"https:\/\/dev.codekraft.it\/rotary-2024\/wp-content\/uploads\/brb_media\/00359084_compressed-air-treatment-br-109884-es-2017-01-screen.pdf","title":"compressed air treatment br 109884 es 2017 01 screen","thumbnail":"https:\/\/dev.codekraft.it\/rotary-2024\/wp-content\/uploads\/brb_media\/00359084_compressed-air-treatment-br-109884-es-2017-01-screen-pdf-150x106.png","description":""},{"id":374266,"url":"https:\/\/dev.codekraft.it\/rotary-2024\/wp-content\/uploads\/brb_media\/00359082_compressed-air-treatment-br-109882-fr-2017-01-screen.pdf","title":"compressed air treatment br 109882 fr 2017 01 screen","thumbnail":"https:\/\/dev.codekraft.it\/rotary-2024\/wp-content\/uploads\/brb_media\/00359082_compressed-air-treatment-br-109882-fr-2017-01-screen-pdf-150x106.png","description":""},{"id":374267,"url":"https:\/\/dev.codekraft.it\/rotary-2024\/wp-content\/uploads\/brb_media\/00359083_compressed-air-treatment-br-109883-it-2017-01-screen.pdf","title":"compressed air treatment br 109883 it 2017 01 screen","thumbnail":"https:\/\/dev.codekraft.it\/rotary-2024\/wp-content\/uploads\/brb_media\/00359083_compressed-air-treatment-br-109883-it-2017-01-screen-pdf-150x106.png","description":""}],"brb_media_drawing":"","brb_media_manuals":"","brb_media_safety_datasheets":"","brb_media_spare_parts":[],"_cdmm_p_id":"262485","_company":"Blitz","_gtin":"4057612149210","accessories":[],"components":[],"related":[],"similar":[],"lang":"fr","translations":{"fr":386097,"en":386095,"de":386096,"it":386098,"es":386099,"ru":386100},"pll_sync_post":[],"_links":{"self":[{"href":"https:\/\/dev.codekraft.it\/rotary-2024\/wp-json\/wp\/v2\/product\/386097","targetHints":{"allow":["GET"]}}],"collection":[{"href":"https:\/\/dev.codekraft.it\/rotary-2024\/wp-json\/wp\/v2\/product"}],"about":[{"href":"https:\/\/dev.codekraft.it\/rotary-2024\/wp-json\/wp\/v2\/types\/product"}],"wp:featuredmedia":[{"embeddable":true,"href":"https:\/\/dev.codekraft.it\/rotary-2024\/wp-json\/wp\/v2\/media\/374314"}],"wp:attachment":[{"href":"https:\/\/dev.codekraft.it\/rotary-2024\/wp-json\/wp\/v2\/media?parent=386097"}],"wp:term":[{"taxonomy":"product_cat","embeddable":true,"href":"https:\/\/dev.codekraft.it\/rotary-2024\/wp-json\/wp\/v2\/product_cat?post=386097"},{"taxonomy":"product_tag","embeddable":true,"href":"https:\/\/dev.codekraft.it\/rotary-2024\/wp-json\/wp\/v2\/product_tag?post=386097"},{"taxonomy":"product_approvals","embeddable":true,"href":"https:\/\/dev.codekraft.it\/rotary-2024\/wp-json\/wp\/v2\/product_approvals?post=386097"},{"taxonomy":"product_application","embeddable":true,"href":"https:\/\/dev.codekraft.it\/rotary-2024\/wp-json\/wp\/v2\/product_application?post=386097"}],"curies":[{"name":"wp","href":"https:\/\/api.w.org\/{rel}","templated":true}]}}