{"id":386096,"date":"2024-03-25T11:42:13","date_gmt":"2024-03-25T11:42:13","guid":{"rendered":"https:\/\/dev.codekraft.it\/rotary-2024\/products\/uncategorized\/druckluft-filter-u-150\/"},"modified":"2024-03-25T11:42:13","modified_gmt":"2024-03-25T11:42:13","slug":"druckluft-filter-u-150","status":"publish","type":"product","link":"https:\/\/dev.codekraft.it\/rotary-2024\/produkte\/zubehor-drucklufttechnik-de\/druckluftaufbereitung-de\/druckluft-filter-u-150\/","title":{"rendered":"Druckluft-Filter U 150"},"content":{"rendered":"<p>Der Standard Filter f\u00fcr Fl\u00fcssigkeiten und \u00d6l &#8211; entfernt feste Bestandteile bis 1 Mikron (1,0 ppm w\/w max. \u00d6lgehalt).<\/p>\n<p><strong>Die Zwei-<\/strong>Stufen-Filtration:<br \/><strong>1. Stufe<\/strong>: Gr\u00f6\u00dfere Partikel werden durch mehrlagige Fiberglasschichten und ein Sieb entfernt.<br \/><strong>2. Stufe:<\/strong> Aerosole werden abgeschieden, feste Bestandteile durch eine Mehrschicht-Membran aus epoxidharzverst\u00e4rktem Fiberglas gefiltert.<\/p>\n<ul>\n<li>Direkt montiertes Differenzdruckmanometer mit kalibrierter Skala f\u00fcr genaue Ermittlung der Betriebskosten.\n<li>Alle Gewindeanschl\u00fcsse f\u00fcr den Ein-\/Austritt der Druckluft am Geh\u00e4use entsprechen exakt der Leistung.\n<li>Zugankerstangen nehmen leicht die auftretenden Kr\u00e4fte des Differenzdruckes auf. Das Element bleibt im Wesentlichen unbelastet. Auch nach langer Standzeit l\u00e4\u00dft sich das Filterelement leicht herausschrauben.\n<li>Automatischer Kondensatableiter ist Standard zur Ableitung der ausgeschiedenen Fl\u00fcssigkeiten. Filter der Stufe C sind mit Handabla\u00df ausger\u00fcstet.\n<li>Druckluftfiltergeh\u00e4use mit zus\u00e4tzlicher Epoxyharzbeschichtung auf vorbehandeltem Alichromuntergrund sorgt f\u00fcr Langzeitschutz des Geh\u00e4uses (innen und au\u00dfen). Best\u00e4ndig gegen\u00fcber allen g\u00e4ngigen Komressoren\u00f6len.\n<li>F\u00fcnf verschiedene Abscheideraten garantieren eine effektive mechanische Abscheidung inklusive einer \u00d6ldampfadsorption. Verschiedenfarbige Schaumstoffmantel definieren eindeutig die jeweilige Filtrationsstufe.<\/li>\n<\/ul>\n","protected":false},"excerpt":{"rendered":"<p>2797 m\u00b3\/h Volumenstrom, f\u00fcr Betriebsdr\u00fccke bis 16 bar, Feinstfilter, < 1 Mikron, Rest\u00f6lgehalt < 1 ppm\n<\/p>\n","protected":false},"featured_media":374314,"template":"","meta":[],"product_brand":[],"product_cat":[1033590],"product_tag":[1034260,1034143,1034229,1034212,1034126,1035646,1035663,1034161,1035680,1034178,1034195],"product_approvals":[],"product_application":[],"class_list":{"0":"post-386096","1":"product","2":"type-product","3":"status-publish","4":"has-post-thumbnail","6":"product_cat-druckluftaufbereitung-de","7":"product_tag-anhanger-de","8":"product_tag-buses-de","9":"product_tag-tracked-vehicles-de","10":"product_tag-agricultural-machines-de","11":"product_tag-trucks-de","12":"product_tag-motorbikes-de","13":"product_tag-scooter-de","14":"product_tag-passenger-cars-de","15":"product_tag-quad-bikes-de","16":"product_tag-light-commercial-de","17":"product_tag-motor-homes-de","19":"first","20":"instock","21":"shipping-taxable","22":"product-type-simple"},"approvals":[],"application":[],"brb_media_brochure":[{"id":374263,"url":"https:\/\/dev.codekraft.it\/rotary-2024\/wp-content\/uploads\/brb_media\/00359080_compressed-air-treatment-br-725514-de-2017-01-screen.pdf","title":"compressed air treatment br 725514 de 2017 01 screen","mpn":"","thumbnail":"https:\/\/dev.codekraft.it\/rotary-2024\/wp-content\/uploads\/brb_media\/00359080_compressed-air-treatment-br-725514-de-2017-01-screen-pdf-150x106.png","description":""},{"id":374264,"url":"https:\/\/dev.codekraft.it\/rotary-2024\/wp-content\/uploads\/brb_media\/00359081_compressed-air-treatment-br-109881-en-2017-01-screen.pdf","title":"compressed air treatment br 109881 en 2017 01 screen","mpn":"","thumbnail":"https:\/\/dev.codekraft.it\/rotary-2024\/wp-content\/uploads\/brb_media\/00359081_compressed-air-treatment-br-109881-en-2017-01-screen-pdf-150x106.png","description":""},{"id":374265,"url":"https:\/\/dev.codekraft.it\/rotary-2024\/wp-content\/uploads\/brb_media\/00359084_compressed-air-treatment-br-109884-es-2017-01-screen.pdf","title":"compressed air treatment br 109884 es 2017 01 screen","mpn":"","thumbnail":"https:\/\/dev.codekraft.it\/rotary-2024\/wp-content\/uploads\/brb_media\/00359084_compressed-air-treatment-br-109884-es-2017-01-screen-pdf-150x106.png","description":""},{"id":374266,"url":"https:\/\/dev.codekraft.it\/rotary-2024\/wp-content\/uploads\/brb_media\/00359082_compressed-air-treatment-br-109882-fr-2017-01-screen.pdf","title":"compressed air treatment br 109882 fr 2017 01 screen","mpn":"","thumbnail":"https:\/\/dev.codekraft.it\/rotary-2024\/wp-content\/uploads\/brb_media\/00359082_compressed-air-treatment-br-109882-fr-2017-01-screen-pdf-150x106.png","description":""},{"id":374267,"url":"https:\/\/dev.codekraft.it\/rotary-2024\/wp-content\/uploads\/brb_media\/00359083_compressed-air-treatment-br-109883-it-2017-01-screen.pdf","title":"compressed air treatment br 109883 it 2017 01 screen","mpn":"","thumbnail":"https:\/\/dev.codekraft.it\/rotary-2024\/wp-content\/uploads\/brb_media\/00359083_compressed-air-treatment-br-109883-it-2017-01-screen-pdf-150x106.png","description":""}],"brb_media_drawing":"","brb_media_manuals":"","brb_media_safety_datasheets":"","brb_media_spare_parts":[],"_cdmm_p_id":"262485","_company":"Blitz","_gtin":"4057612149210","accessories":[],"components":[],"related":[],"page_logo_src":"https:\/\/dev.codekraft.it\/rotary-2024\/wp-content\/uploads\/2026\/04\/rotary-negative-logo.png","pll_sync_post":{},"lang":"de","translations":{"de":386096,"en":386095,"fr":386097,"it":386098,"es":386099,"ru":386100},"_links":{"self":[{"href":"https:\/\/dev.codekraft.it\/rotary-2024\/wp-json\/wp\/v2\/product\/386096","targetHints":{"allow":["GET"]}}],"collection":[{"href":"https:\/\/dev.codekraft.it\/rotary-2024\/wp-json\/wp\/v2\/product"}],"about":[{"href":"https:\/\/dev.codekraft.it\/rotary-2024\/wp-json\/wp\/v2\/types\/product"}],"wp:featuredmedia":[{"embeddable":true,"href":"https:\/\/dev.codekraft.it\/rotary-2024\/wp-json\/wp\/v2\/media\/374314"}],"wp:attachment":[{"href":"https:\/\/dev.codekraft.it\/rotary-2024\/wp-json\/wp\/v2\/media?parent=386096"}],"wp:term":[{"taxonomy":"product_brand","embeddable":true,"href":"https:\/\/dev.codekraft.it\/rotary-2024\/wp-json\/wp\/v2\/product_brand?post=386096"},{"taxonomy":"product_cat","embeddable":true,"href":"https:\/\/dev.codekraft.it\/rotary-2024\/wp-json\/wp\/v2\/product_cat?post=386096"},{"taxonomy":"product_tag","embeddable":true,"href":"https:\/\/dev.codekraft.it\/rotary-2024\/wp-json\/wp\/v2\/product_tag?post=386096"},{"taxonomy":"product_approvals","embeddable":true,"href":"https:\/\/dev.codekraft.it\/rotary-2024\/wp-json\/wp\/v2\/product_approvals?post=386096"},{"taxonomy":"product_application","embeddable":true,"href":"https:\/\/dev.codekraft.it\/rotary-2024\/wp-json\/wp\/v2\/product_application?post=386096"}],"curies":[{"name":"wp","href":"https:\/\/api.w.org\/{rel}","templated":true}]}}