{"id":386057,"date":"2024-03-25T11:55:10","date_gmt":"2024-03-25T11:55:10","guid":{"rendered":"https:\/\/dev.codekraft.it\/rotary-2024\/products\/uncategorized\/filtro-de-aire-comprimido-p-775\/"},"modified":"2024-03-25T11:55:10","modified_gmt":"2024-03-25T11:55:10","slug":"filtro-de-aire-comprimido-p-775","status":"publish","type":"product","link":"https:\/\/dev.codekraft.it\/rotary-2024\/es\/productos\/accesorios-compresores-es\/tratamiento-del-aire-comprimido-es\/filtro-de-aire-comprimido-p-775\/","title":{"rendered":"Filtro de aire comprimido P 775"},"content":{"rendered":"<p>El separador\/filtro para grandes cantidades de l\u00edquido, equipado con un elemento filtrante por coalescencia de 3 micrones elimina los vapores del aceite hasta un m\u00e1ximo de 5 ppm de grosor.<\/p>\n<p><strong>La filtraci\u00f3n de dos fases:<\/strong><\/p>\n<ul>\n<li><strong>1\u00aa fase:<\/strong> Dos tubos de filtrado de acero inoxidable garantizan la separaci\u00f3n mec\u00e1nica hasta 10 micrones.<\/li>\n<li><strong>2\u00aa fase:<\/strong> El material de fibra dispuesto escalonadamente filtra componentes fluidos y s\u00f3lidos hasta 3 micrones.<\/li>\n<\/ul>\n<ul>\n<li>Man\u00f3metro de presi\u00f3n de diferencial montado directamente con escala calibrada para un c\u00e1lculo preciso de los costes operativos.<\/li>\n<li>Todos los puertos hilados de la carcasa para la admisi\u00f3n\/descarga del aire comprimido cumplen los requisitos de capacidad exactos.<\/li>\n<li>Las barras de acoplamiento absorben f\u00e1cilmente la fuerza de la presi\u00f3n diferencial. El elemento no est\u00e1 esencialmente bajo presi\u00f3n. El elemento del filtro se puede extraer f\u00e1cilmente, incluso despu\u00e9s de una vida de servicio larga.<\/li>\n<li>Se proporciona de serie un separador de condensaci\u00f3n autom\u00e1tico para la extracci\u00f3n de fluidos separados. Los filtros de nivel C est\u00e1n equipados con un drenaje manual.<\/li>\n<li>La carcasa del filtro de aire con una capa de resina ep\u00f3xica sobre sustrato de aluminio-cromo proporciona una protecci\u00f3n de por vida para la carcasa (interna y externa). Resiste todos los aceites de compresor est\u00e1ndar.<\/li>\n<li>Las cinco velocidades de separaci\u00f3n distintas garantizan una separaci\u00f3n mec\u00e1nica efectiva, incluyendo la absorci\u00f3n de los vapores del aceite. Las mallas de espuma multi-color distinguen claramente los niveles de filtrado respectivos.<\/li>\n<\/ul>\n","protected":false},"excerpt":{"rendered":"<p>2797 m\u00b3\/h caudal volum\u00e9trico, para presiones de funcionamiento de hasta 16 bares, filtro de se2797 m\u00b3\/h caudal volum\u00e9trico, paraci\u00f3n, < 3 micrones, Contenido de aceite residual < 5 ppm\n<\/p>\n","protected":false},"featured_media":374314,"template":"","meta":[],"product_cat":[1033638],"product_tag":[1034151,1034134,1034203,1034169,1034220,1035654,1035688,1034265,1035671,1034186,1034237],"product_approvals":[],"product_application":[],"class_list":{"0":"post-386057","1":"product","2":"type-product","3":"status-publish","4":"has-post-thumbnail","6":"product_cat-tratamiento-del-aire-comprimido-es","7":"product_tag-buses-es","8":"product_tag-trucks-es","9":"product_tag-motor-homes-es","10":"product_tag-passenger-cars-es","11":"product_tag-agricultural-machines-es","12":"product_tag-motorbikes-es","13":"product_tag-quad-bikes-es","14":"product_tag-remolques-es","15":"product_tag-scooter-es","16":"product_tag-light-commercial-es","17":"product_tag-tracked-vehicles-es","19":"first","20":"instock","21":"shipping-taxable","22":"product-type-simple"},"approvals":[],"application":[],"brb_media_brochure":[{"id":374263,"url":"https:\/\/dev.codekraft.it\/rotary-2024\/wp-content\/uploads\/brb_media\/00359080_compressed-air-treatment-br-725514-de-2017-01-screen.pdf","title":"compressed air treatment br 725514 de 2017 01 screen","thumbnail":"https:\/\/dev.codekraft.it\/rotary-2024\/wp-content\/uploads\/brb_media\/00359080_compressed-air-treatment-br-725514-de-2017-01-screen-pdf-150x106.png","description":""},{"id":374264,"url":"https:\/\/dev.codekraft.it\/rotary-2024\/wp-content\/uploads\/brb_media\/00359081_compressed-air-treatment-br-109881-en-2017-01-screen.pdf","title":"compressed air treatment br 109881 en 2017 01 screen","thumbnail":"https:\/\/dev.codekraft.it\/rotary-2024\/wp-content\/uploads\/brb_media\/00359081_compressed-air-treatment-br-109881-en-2017-01-screen-pdf-150x106.png","description":""},{"id":374265,"url":"https:\/\/dev.codekraft.it\/rotary-2024\/wp-content\/uploads\/brb_media\/00359084_compressed-air-treatment-br-109884-es-2017-01-screen.pdf","title":"compressed air treatment br 109884 es 2017 01 screen","thumbnail":"https:\/\/dev.codekraft.it\/rotary-2024\/wp-content\/uploads\/brb_media\/00359084_compressed-air-treatment-br-109884-es-2017-01-screen-pdf-150x106.png","description":""},{"id":374266,"url":"https:\/\/dev.codekraft.it\/rotary-2024\/wp-content\/uploads\/brb_media\/00359082_compressed-air-treatment-br-109882-fr-2017-01-screen.pdf","title":"compressed air treatment br 109882 fr 2017 01 screen","thumbnail":"https:\/\/dev.codekraft.it\/rotary-2024\/wp-content\/uploads\/brb_media\/00359082_compressed-air-treatment-br-109882-fr-2017-01-screen-pdf-150x106.png","description":""},{"id":374267,"url":"https:\/\/dev.codekraft.it\/rotary-2024\/wp-content\/uploads\/brb_media\/00359083_compressed-air-treatment-br-109883-it-2017-01-screen.pdf","title":"compressed air treatment br 109883 it 2017 01 screen","thumbnail":"https:\/\/dev.codekraft.it\/rotary-2024\/wp-content\/uploads\/brb_media\/00359083_compressed-air-treatment-br-109883-it-2017-01-screen-pdf-150x106.png","description":""}],"brb_media_drawing":"","brb_media_manuals":"","brb_media_safety_datasheets":"","brb_media_spare_parts":[],"_cdmm_p_id":"262478","_company":"Blitz","_gtin":"4057612149142","accessories":[],"components":[],"related":[],"similar":[],"lang":"es","translations":{"es":386057,"en":386053,"de":386054,"fr":386055,"it":386056,"ru":386058},"pll_sync_post":[],"_links":{"self":[{"href":"https:\/\/dev.codekraft.it\/rotary-2024\/wp-json\/wp\/v2\/product\/386057","targetHints":{"allow":["GET"]}}],"collection":[{"href":"https:\/\/dev.codekraft.it\/rotary-2024\/wp-json\/wp\/v2\/product"}],"about":[{"href":"https:\/\/dev.codekraft.it\/rotary-2024\/wp-json\/wp\/v2\/types\/product"}],"wp:featuredmedia":[{"embeddable":true,"href":"https:\/\/dev.codekraft.it\/rotary-2024\/wp-json\/wp\/v2\/media\/374314"}],"wp:attachment":[{"href":"https:\/\/dev.codekraft.it\/rotary-2024\/wp-json\/wp\/v2\/media?parent=386057"}],"wp:term":[{"taxonomy":"product_cat","embeddable":true,"href":"https:\/\/dev.codekraft.it\/rotary-2024\/wp-json\/wp\/v2\/product_cat?post=386057"},{"taxonomy":"product_tag","embeddable":true,"href":"https:\/\/dev.codekraft.it\/rotary-2024\/wp-json\/wp\/v2\/product_tag?post=386057"},{"taxonomy":"product_approvals","embeddable":true,"href":"https:\/\/dev.codekraft.it\/rotary-2024\/wp-json\/wp\/v2\/product_approvals?post=386057"},{"taxonomy":"product_application","embeddable":true,"href":"https:\/\/dev.codekraft.it\/rotary-2024\/wp-json\/wp\/v2\/product_application?post=386057"}],"curies":[{"name":"wp","href":"https:\/\/api.w.org\/{rel}","templated":true}]}}