{"id":385917,"date":"2024-03-25T11:51:48","date_gmt":"2024-03-25T11:51:48","guid":{"rendered":"https:\/\/dev.codekraft.it\/rotary-2024\/products\/uncategorized\/circuit-inverseur-de-la-charge-de-base-electronique-glw-4-15-y-d-start\/"},"modified":"2024-03-25T11:51:48","modified_gmt":"2024-03-25T11:51:48","slug":"circuit-inverseur-de-la-charge-de-base-electronique-glw-4-15-y-d-start","status":"publish","type":"product","link":"https:\/\/dev.codekraft.it\/rotary-2024\/fr\/produits\/accessoires-technologie-de-lair-comprime-fr\/accessoires-compresseurs-a-pistons-fr\/circuit-inverseur-de-la-charge-de-base-electronique-glw-4-15-y-d-start\/","title":{"rendered":"Circuit inverseur de la charge de base \u00e9lectronique GLW 4-15 Y\/D-Start"},"content":{"rendered":"<p><strong>Contenu de la livraison:<\/strong><\/p>\n<ul>\n<li>Bo\u00eetier<\/li>\n<li>Module pour inversion de la charge de base<\/li>\n<li>Capteur de pression<\/li>\n<\/ul>\n","protected":false},"excerpt":{"rendered":"<p>Pour deux compresseurs avec d\u00e9marrage \u00e9toile-triangle si un capteur de pression central est utilis\u00e9 | Alternance de la charge de base apr\u00e8s avoir atteint la pression finale<\/p>\n","protected":false},"featured_media":349178,"template":"","meta":[],"product_cat":[1033388],"product_tag":[],"product_approvals":[],"product_application":[],"class_list":{"0":"post-385917","1":"product","2":"type-product","3":"status-publish","4":"has-post-thumbnail","6":"product_cat-accessoires-compresseurs-a-pistons-fr","8":"first","9":"instock","10":"shipping-taxable","11":"product-type-simple"},"approvals":[],"application":[],"brb_media_brochure":"","brb_media_drawing":"","brb_media_manuals":"","brb_media_safety_datasheets":"","brb_media_spare_parts":[],"_cdmm_p_id":"982","_company":"Blitz","_gtin":"4057612127232","accessories":[],"components":[],"related":[],"similar":[],"lang":"fr","translations":{"fr":385917,"en":385915,"de":385916,"it":385918,"es":385919,"ru":385920},"pll_sync_post":[],"_links":{"self":[{"href":"https:\/\/dev.codekraft.it\/rotary-2024\/wp-json\/wp\/v2\/product\/385917","targetHints":{"allow":["GET"]}}],"collection":[{"href":"https:\/\/dev.codekraft.it\/rotary-2024\/wp-json\/wp\/v2\/product"}],"about":[{"href":"https:\/\/dev.codekraft.it\/rotary-2024\/wp-json\/wp\/v2\/types\/product"}],"wp:featuredmedia":[{"embeddable":true,"href":"https:\/\/dev.codekraft.it\/rotary-2024\/wp-json\/wp\/v2\/media\/349178"}],"wp:attachment":[{"href":"https:\/\/dev.codekraft.it\/rotary-2024\/wp-json\/wp\/v2\/media?parent=385917"}],"wp:term":[{"taxonomy":"product_cat","embeddable":true,"href":"https:\/\/dev.codekraft.it\/rotary-2024\/wp-json\/wp\/v2\/product_cat?post=385917"},{"taxonomy":"product_tag","embeddable":true,"href":"https:\/\/dev.codekraft.it\/rotary-2024\/wp-json\/wp\/v2\/product_tag?post=385917"},{"taxonomy":"product_approvals","embeddable":true,"href":"https:\/\/dev.codekraft.it\/rotary-2024\/wp-json\/wp\/v2\/product_approvals?post=385917"},{"taxonomy":"product_application","embeddable":true,"href":"https:\/\/dev.codekraft.it\/rotary-2024\/wp-json\/wp\/v2\/product_application?post=385917"}],"curies":[{"name":"wp","href":"https:\/\/api.w.org\/{rel}","templated":true}]}}