{"id":385905,"date":"2025-04-11T13:29:56","date_gmt":"2025-04-11T13:29:56","guid":{"rendered":"https:\/\/dev.codekraft.it\/rotary-2024\/products\/uncategorized\/support-elastique-2\/"},"modified":"2025-04-11T13:29:56","modified_gmt":"2025-04-11T13:29:56","slug":"support-elastique-2","status":"publish","type":"product","link":"https:\/\/dev.codekraft.it\/rotary-2024\/fr\/produits\/technologie-de-lair-comprime-fr\/reservoirs-dair-comprime-fr\/support-elastique-2\/","title":{"rendered":"Support \u00e9lastique"},"content":{"rendered":"","protected":false},"excerpt":{"rendered":"<p>Pour r\u00e9cipients sous pression couch\u00e9s avec volume > 500 l<\/p>\n","protected":false},"featured_media":349150,"template":"","meta":[],"product_cat":[1033700],"product_tag":[],"product_approvals":[],"product_application":[],"class_list":{"0":"post-385905","1":"product","2":"type-product","3":"status-publish","4":"has-post-thumbnail","6":"product_cat-reservoirs-dair-comprime-fr","8":"first","9":"instock","10":"shipping-taxable","11":"product-type-simple"},"approvals":[],"application":[],"brb_media_brochure":"","brb_media_drawing":"","brb_media_manuals":"","brb_media_safety_datasheets":"","brb_media_spare_parts":[],"_cdmm_p_id":"962","_company":"Blitz","_gtin":"4057612431537","accessories":[],"components":[],"related":[],"similar":[],"lang":"fr","translations":{"fr":385905,"en":385903,"de":385904,"it":385906,"es":385907,"ru":385908},"pll_sync_post":[],"_links":{"self":[{"href":"https:\/\/dev.codekraft.it\/rotary-2024\/wp-json\/wp\/v2\/product\/385905","targetHints":{"allow":["GET"]}}],"collection":[{"href":"https:\/\/dev.codekraft.it\/rotary-2024\/wp-json\/wp\/v2\/product"}],"about":[{"href":"https:\/\/dev.codekraft.it\/rotary-2024\/wp-json\/wp\/v2\/types\/product"}],"wp:featuredmedia":[{"embeddable":true,"href":"https:\/\/dev.codekraft.it\/rotary-2024\/wp-json\/wp\/v2\/media\/349150"}],"wp:attachment":[{"href":"https:\/\/dev.codekraft.it\/rotary-2024\/wp-json\/wp\/v2\/media?parent=385905"}],"wp:term":[{"taxonomy":"product_cat","embeddable":true,"href":"https:\/\/dev.codekraft.it\/rotary-2024\/wp-json\/wp\/v2\/product_cat?post=385905"},{"taxonomy":"product_tag","embeddable":true,"href":"https:\/\/dev.codekraft.it\/rotary-2024\/wp-json\/wp\/v2\/product_tag?post=385905"},{"taxonomy":"product_approvals","embeddable":true,"href":"https:\/\/dev.codekraft.it\/rotary-2024\/wp-json\/wp\/v2\/product_approvals?post=385905"},{"taxonomy":"product_application","embeddable":true,"href":"https:\/\/dev.codekraft.it\/rotary-2024\/wp-json\/wp\/v2\/product_application?post=385905"}],"curies":[{"name":"wp","href":"https:\/\/api.w.org\/{rel}","templated":true}]}}