{"id":385839,"date":"2024-05-08T07:14:31","date_gmt":"2024-05-08T07:14:31","guid":{"rendered":"https:\/\/dev.codekraft.it\/rotary-2024\/products\/uncategorized\/stations-dair-comprime-monsun-11-s\/"},"modified":"2024-05-08T07:14:31","modified_gmt":"2024-05-08T07:14:31","slug":"stations-dair-comprime-monsun-11-s","status":"publish","type":"product","link":"https:\/\/dev.codekraft.it\/rotary-2024\/fr\/produits\/technologie-de-lair-comprime-fr\/compresseurs-a-vis-fr\/stations-dair-comprime-monsun-11-s\/","title":{"rendered":"Stations d\u2019air comprim\u00e9 MONSUN 11 S"},"content":{"rendered":"<p>Les applications des MONSUN compresseurs \u00e0 vis sont presque illimit\u00e9es et aussi individuelles que les d\u00e9clarations livrables.<\/p>\n<p>D\u00e9j\u00e0 le petit MONSUN avec 4 kw puissance du moteur disposer le potentiel un g\u00e9ant. Les qualit\u00e9s et avantages constructifs s&#8217;\u00e9galisent un fil rouge, par tous les modeles MONSUN. Par exemple le carter r\u00e9cepteur p\u00e9trolier int\u00e9gr\u00e9, l&#8217;ouverture facilit\u00e9 de&#8217;entretien de tous c\u00f4t\u00e9s ou les control PROCON.<\/p>\n<ul>\n<li><strong>Silencieux:<\/strong> un nombre important de d\u00e9tails relatifs \u00e0 la technique des fluides permettent de minimiser le bruit de fonctionnement &#8211; en s\u00e9rie.\n<li><strong>Filtration par aspiration en deux \u00e9tages:<\/strong> la d\u00e9fense contre les corps \u00e9trangers est prise en charge par un s\u00e9parateur cyclone suivi d&#8217;une filtration fine.\n<li><strong>Equip\u00e9 pour l&#8217;avenir:<\/strong> l&#8217;entra\u00eenement par courroie souple permet d&#8217;obtenir diff\u00e9rentes pressions. De surcro\u00eet, il permet un d\u00e9marrage doux gr\u00e2ce \u00e0 l&#8217;amortissement efficace des moments de d\u00e9marrage g\u00e9n\u00e9r\u00e9s.\n<li><strong>Entra\u00eenement avec r\u00e9serves:<\/strong> les compresseurs \u00e0 vis MONSUN sont d&#8217;une fabrication d&#8217;excellente qualit\u00e9. L&#8217;emploi de moteurs \u00e9lectriques contr\u00f4l\u00e9s IP55 en fait partie. Le bobinage ISO-F con\u00e7u selon ISO B offre des r\u00e9serves de puissance pour les cas extr\u00eames.\n<li><strong>R\u00e9glage de l&#8217;aspiration en continu:<\/strong> l&#8217;emploi de surfaces de glissement anodis\u00e9es selon le proc\u00e9d\u00e9 d&#8217;ELOXAL garantit une excellente solidit\u00e9 et un r\u00e9glage offrant de grandes possibilit\u00e9s. Il n&#8217;est pas n\u00e9cessaire de r\u00e9gler les r\u00e9gulateurs d&#8217;aspiration BLITZ. Le r\u00e9gulateur proportionnel permet en outre d&#8217;obtenir une adaptation souple aux besoins en air comprim\u00e9.\n<li><strong>Carter de r\u00e9cup\u00e9ration d&#8217;huile int\u00e9gr\u00e9:<\/strong> emp\u00eache en toute fiabilit\u00e9 l&#8217;\u00e9coulement involontaire d&#8217;huile usag\u00e9e dans l&#8217;environnement . Un tuyau flexible faisant partie de la livraison acc\u00e9l\u00e8re en outre l&#8217;indispensable vidange de l&#8217;huile.\n<li><strong>S\u00e9paration huile\/air en trois \u00e9tages:<\/strong> le s\u00e9parateur cyclone, la s\u00e9paration par gravit\u00e9 et la filtration permettent d&#8217;obtenir une excellente qualit\u00e9 de l&#8217;air avec une teneur en huile r\u00e9siduelle de 2 mg\/m\u00b3 environ.\n<li><strong>Affichage visuel de la jauge de niveau d&#8217;huile:<\/strong> souvent le contr\u00f4le r\u00e9gulier de la jauge de niveau \u00e9choue \u00e0 cause de ses prescriptions co\u00fbteuses. Les compresseurs \u00e0 vis MONSUN permettent ici un regard profond.\n<li><strong>S\u00e9parateur d&#8217;huile fin ext\u00e9rieur:<\/strong> des cartouches de grandes dimensions permettent de r\u00e9duire les pertes de pression internes intempestives. Le remplacement s&#8217;effectue <strong>rapidement, en quelques secondes.<\/strong>\n<li><strong>Ouvert de tous les c\u00f4t\u00e9s:<\/strong> toutes les parties lat\u00e9rales du compresseur \u00e0 vis de la s\u00e9rie MONSUN sont amovibles. Les travaux de maintenance deviennent ainsi ce que l&#8217;on appelle un jeu d&#8217;enfant et les temps d&#8217;arr\u00eat sont minimis\u00e9s.\n<li><strong>Refroidisseur compact en aluminium:<\/strong> la conception combin\u00e9e associe refroidissement d&#8217;huile et refroidissement d&#8217;air en un groupe. L&#8217;emplacement propice \u00e0 la maintenance facilite particuli\u00e8rement le nettoyage.\n<li><strong>Solidement raccord\u00e9:<\/strong> vous chercherez vainement la tuyauterie flexible pr\u00e9sentant souvent des risques. La nouvelle tuyauterie FLEX garantit une fixation solide en toute situation.\n<li><strong>Pression de fonctionnement jusqu&#8217;\u00e0 15 bars:<\/strong> la configuration robuste et modulaire des compresseurs permet de r\u00e9aliser des mod\u00e8les de 7,5 \u00e0 15 bars.<\/li>\n<\/ul>\n<p>Les compresseurs \u00e0 vis de s\u00e9rie de la famille MONSUN sont \u00e9quip\u00e9s d&#8217;une commande \u00e0 microprocesseur int\u00e9gr\u00e9e. PROCON allie la commande la plus simple avec d&#8217;inhabituelles caract\u00e9ristiques de puissance. Tous les r\u00e9glages peuvent s&#8217;effectuer au moyen d&#8217;un panneau de commande. Des modes de fonctionnement vari\u00e9s permettent une adaptation optimale aux n\u00e9cessit\u00e9s existantes de l&#8217;exploitation.<\/p>\n<ul>\n<li>Un syst\u00e8me int\u00e9gr\u00e9 de diagnostic surveille tous les param\u00e8tres de fonctionnement importants pour la s\u00e9curit\u00e9.\n<li>Autocontr\u00f4le de l&#8217;\u00e9quipement avant chaque d\u00e9marrage.\n<li>Des messages de service rappellent les travaux de maintenance (fonction intervalle de service).\n<li>Red\u00e9marrage automatique apr\u00e8s panne de courant.\n<li>En atteignant la pression finale, PROCON calcule la dur\u00e9e de temporisation r\u00e9elle. Il est ainsi possible d&#8217;\u00e9conomiser jusqu&#8217;\u00e0 60 % des co\u00fbts d&#8217;\u00e9nergie en fonctionnement \u00e0 vide.\n<li>Le capteur de pression permet un travail pr\u00e9cis dans la plage de pression r\u00e9gl\u00e9e (diff\u00e9rence de pression de 0,2 bar possible).\n<li>En fonctionnement automatique, le moteur ne tourne qu&#8217;en cas de n\u00e9cessit\u00e9.\n<li>Les contacts sans potentiel permettent de brancher un syst\u00e8me de commande de hi\u00e9rarchie sup\u00e9rieure (GBLT)\n<li>Fonctionnement commutable \u00e0 distance\/sur place.\n<li>Circuit inverseur de la charge de base \u00e9lectronique via une deuxi\u00e8me plage de pression r\u00e9glable (option).<\/li>\n<\/ul>\n","protected":false},"excerpt":{"rendered":"<p>10 bar, 500 l, sur r\u00e9servoir d\u2019air horizontal<\/p>\n","protected":false},"featured_media":349186,"template":"","meta":[],"product_cat":[1033498],"product_tag":[],"product_approvals":[],"product_application":[],"class_list":{"0":"post-385839","1":"product","2":"type-product","3":"status-publish","4":"has-post-thumbnail","6":"product_cat-compresseurs-a-vis-fr","8":"first","9":"instock","10":"shipping-taxable","11":"product-type-simple"},"approvals":[],"application":[],"brb_media_brochure":[{"id":349187,"url":"https:\/\/dev.codekraft.it\/rotary-2024\/wp-content\/uploads\/brb_media\/00396844_screw-compressor-monsun-eco-br-725523-de-2009-04-screen.pdf","title":"screw compressor monsun eco br 725523 de 2009 04 screen","thumbnail":"https:\/\/dev.codekraft.it\/rotary-2024\/wp-content\/uploads\/brb_media\/00396844_screw-compressor-monsun-eco-br-725523-de-2009-04-screen-pdf-106x150.png","description":""},{"id":349188,"url":"https:\/\/dev.codekraft.it\/rotary-2024\/wp-content\/uploads\/brb_media\/00396846_screw-compressor-monsun-eco-br-7255230-en-2009-04-screen.pdf","title":"screw compressor monsun eco br 7255230 en 2009 04 screen","thumbnail":"https:\/\/dev.codekraft.it\/rotary-2024\/wp-content\/uploads\/brb_media\/00396846_screw-compressor-monsun-eco-br-7255230-en-2009-04-screen-pdf-106x150.png","description":""},{"id":349189,"url":"https:\/\/dev.codekraft.it\/rotary-2024\/wp-content\/uploads\/brb_media\/00396843_screw-compressor-monsun-eco-br-109182-fr-2009-04-screen.pdf","title":"screw compressor monsun eco br 109182 fr 2009 04 screen","thumbnail":"https:\/\/dev.codekraft.it\/rotary-2024\/wp-content\/uploads\/brb_media\/00396843_screw-compressor-monsun-eco-br-109182-fr-2009-04-screen-pdf-106x150.png","description":""},{"id":349190,"url":"https:\/\/dev.codekraft.it\/rotary-2024\/wp-content\/uploads\/brb_media\/00396842_screw-compressor-monsun-eco-br-109184-es-2009-04-screen.pdf","title":"screw compressor monsun eco br 109184 es 2009 04 screen","thumbnail":"https:\/\/dev.codekraft.it\/rotary-2024\/wp-content\/uploads\/brb_media\/00396842_screw-compressor-monsun-eco-br-109184-es-2009-04-screen-pdf-106x150.png","description":""},{"id":349191,"url":"https:\/\/dev.codekraft.it\/rotary-2024\/wp-content\/uploads\/brb_media\/00396845_screw-compressor-monsun-eco-br-109183-it-2009-04-screen.pdf","title":"screw compressor monsun eco br 109183 it 2009 04 screen","thumbnail":"https:\/\/dev.codekraft.it\/rotary-2024\/wp-content\/uploads\/brb_media\/00396845_screw-compressor-monsun-eco-br-109183-it-2009-04-screen-pdf-106x150.png","description":""}],"brb_media_drawing":"","brb_media_manuals":[{"id":349192,"url":"https:\/\/dev.codekraft.it\/rotary-2024\/wp-content\/uploads\/brb_media\/00022191_screw-compressor-monsun-om-de-2003-01-print.pdf","title":"screw compressor monsun om de 2003 01 print","thumbnail":"https:\/\/dev.codekraft.it\/rotary-2024\/wp-content\/uploads\/brb_media\/00022191_screw-compressor-monsun-om-de-2003-01-print-pdf-106x150.png","description":""},{"id":349193,"url":"https:\/\/dev.codekraft.it\/rotary-2024\/wp-content\/uploads\/brb_media\/00022192_screw-compressor-monsun-om-en-2003-01-print.pdf","title":"screw compressor monsun om en 2003 01 print","thumbnail":"https:\/\/dev.codekraft.it\/rotary-2024\/wp-content\/uploads\/brb_media\/00022192_screw-compressor-monsun-om-en-2003-01-print-pdf-106x150.png","description":""},{"id":349194,"url":"https:\/\/dev.codekraft.it\/rotary-2024\/wp-content\/uploads\/brb_media\/00022193_screw-compressor-monsun-om-fr-2003-01-print.pdf","title":"screw compressor monsun om fr 2003 01 print","thumbnail":"https:\/\/dev.codekraft.it\/rotary-2024\/wp-content\/uploads\/brb_media\/00022193_screw-compressor-monsun-om-fr-2003-01-print-pdf-106x150.png","description":""},{"id":349195,"url":"https:\/\/dev.codekraft.it\/rotary-2024\/wp-content\/uploads\/brb_media\/00022194_screw-compressor-monsun-om-it-2003-01-print.pdf","title":"screw compressor monsun om it 2003 01 print","thumbnail":"https:\/\/dev.codekraft.it\/rotary-2024\/wp-content\/uploads\/brb_media\/00022194_screw-compressor-monsun-om-it-2003-01-print-pdf-106x150.png","description":""},{"id":349218,"url":"https:\/\/dev.codekraft.it\/rotary-2024\/wp-content\/uploads\/brb_media\/00022195_screw-compressor-monsun-sp-4-5-2c5-7-2c5-de-2003-01.pdf","title":"screw compressor monsun sp 4 5 2c5 7 2c5 de 2003 01","thumbnail":"https:\/\/dev.codekraft.it\/rotary-2024\/wp-content\/uploads\/brb_media\/00022195_screw-compressor-monsun-sp-4-5-2c5-7-2c5-de-2003-01-pdf-106x150.png","description":""},{"id":349219,"url":"https:\/\/dev.codekraft.it\/rotary-2024\/wp-content\/uploads\/brb_media\/00022196_screw-compressor-monsun-sp-4-5-2c5-7-2c5-en-2003-01.pdf","title":"screw compressor monsun sp 4 5 2c5 7 2c5 en 2003 01","thumbnail":"https:\/\/dev.codekraft.it\/rotary-2024\/wp-content\/uploads\/brb_media\/00022196_screw-compressor-monsun-sp-4-5-2c5-7-2c5-en-2003-01-pdf-106x150.png","description":""},{"id":349220,"url":"https:\/\/dev.codekraft.it\/rotary-2024\/wp-content\/uploads\/brb_media\/00022197_screw-compressor-monsun-sp-4-5-2c5-7-2c5-fr-2003-01.pdf","title":"screw compressor monsun sp 4 5 2c5 7 2c5 fr 2003 01","thumbnail":"https:\/\/dev.codekraft.it\/rotary-2024\/wp-content\/uploads\/brb_media\/00022197_screw-compressor-monsun-sp-4-5-2c5-7-2c5-fr-2003-01-pdf-106x150.png","description":""}],"brb_media_safety_datasheets":"","brb_media_spare_parts":[],"_cdmm_p_id":"1025","_company":"Blitz","_gtin":"4057612064353","accessories":[],"components":[],"related":[],"similar":[],"lang":"fr","translations":{"fr":385839,"en":385837,"de":385838,"it":385840,"es":385841,"ru":385842},"pll_sync_post":[],"_links":{"self":[{"href":"https:\/\/dev.codekraft.it\/rotary-2024\/wp-json\/wp\/v2\/product\/385839","targetHints":{"allow":["GET"]}}],"collection":[{"href":"https:\/\/dev.codekraft.it\/rotary-2024\/wp-json\/wp\/v2\/product"}],"about":[{"href":"https:\/\/dev.codekraft.it\/rotary-2024\/wp-json\/wp\/v2\/types\/product"}],"wp:featuredmedia":[{"embeddable":true,"href":"https:\/\/dev.codekraft.it\/rotary-2024\/wp-json\/wp\/v2\/media\/349186"}],"wp:attachment":[{"href":"https:\/\/dev.codekraft.it\/rotary-2024\/wp-json\/wp\/v2\/media?parent=385839"}],"wp:term":[{"taxonomy":"product_cat","embeddable":true,"href":"https:\/\/dev.codekraft.it\/rotary-2024\/wp-json\/wp\/v2\/product_cat?post=385839"},{"taxonomy":"product_tag","embeddable":true,"href":"https:\/\/dev.codekraft.it\/rotary-2024\/wp-json\/wp\/v2\/product_tag?post=385839"},{"taxonomy":"product_approvals","embeddable":true,"href":"https:\/\/dev.codekraft.it\/rotary-2024\/wp-json\/wp\/v2\/product_approvals?post=385839"},{"taxonomy":"product_application","embeddable":true,"href":"https:\/\/dev.codekraft.it\/rotary-2024\/wp-json\/wp\/v2\/product_application?post=385839"}],"curies":[{"name":"wp","href":"https:\/\/api.w.org\/{rel}","templated":true}]}}