{"id":385823,"date":"2024-05-08T07:14:54","date_gmt":"2024-05-08T07:14:54","guid":{"rendered":"https:\/\/dev.codekraft.it\/rotary-2024\/products\/uncategorized\/estaciones-de-aire-comprimido-monsun-75-s\/"},"modified":"2024-05-08T07:14:54","modified_gmt":"2024-05-08T07:14:54","slug":"estaciones-de-aire-comprimido-monsun-75-s","status":"publish","type":"product","link":"https:\/\/dev.codekraft.it\/rotary-2024\/es\/productos\/compresores-de-aire-comprimido-es\/compresores-de-husillo-es\/estaciones-de-aire-comprimido-monsun-75-s\/","title":{"rendered":"Estaciones de aire comprimido MONSUN 7,5 S"},"content":{"rendered":"<p>Las posibilidades de aplicaci\u00f3n de los compresores de tornillo MONSUN son pr\u00e1cticamente ilimitadas y tan individuales como las versiones disponibles. Incluso el peque\u00f1o MONSUN, con un motor de 4 kW de potencia dispone de las posibilidades de un gigante de la potencia. Las ventajas y propiedades constructivas se repiten en todos los modelos MONSUN, p. ej. la cubeta integrada de recogida de aceite, la apertura de todos los laterales para facilitar el mantenimiento o el control PROCON.<\/p>\n<ul>\n<li><strong>Silencioso:<\/strong> Gracias a numerosas soluciones detalladas en t\u00e9cnica de flujo, el ruido del equipo en funcionamiento se ha reducido al m\u00ednimo &#8211; de serie.<\/li>\n<li><strong>Filtrado de aspiraci\u00f3n en dos fases:<\/strong> Un separador de fuerza centr\u00edfuga con filtrado fino conectado desv\u00eda los cuerpos extra\u00f1os entrantes.<\/li>\n<li><strong>Equipado para el futuro:<\/strong> Gracias al accionamiento flexible por correas se pueden obtener diferentes presiones. Adem\u00e1s, permite un arranque suave, ya que el momento de arranque existente se amortigua de forma eficaz.<\/li>\n<li><strong>Accionamiento con reservas:<\/strong> Los compresores de tornillo MONSUN se fabrican con un elevado nivel de calidad. La fabricaci\u00f3n incluye el uso de electromotores IP55 probados. El arrollamiento ISO F dise\u00f1ado seg\u00fan ISO B ofrece reservas de potencia para casos de ca\u00edda.<\/li>\n<li><strong>Regulaci\u00f3n gradual de aspiraci\u00f3n: <\/strong>El uso de superficies deslizantes endurecidas por anodizaci\u00f3n garantiza la m\u00e1xima resistencia y capacidad de regulaci\u00f3n. Los reguladores de aspiraci\u00f3n BLITZ no requieren trabajos de ajuste. En conexi\u00f3n con la \u00f3ptima regulaci\u00f3n proporcional, adem\u00e1s se consigue una adaptaci\u00f3n suave a las necesidades de aire comprimido.<\/li>\n<li><strong>Cubeta de recogida de aceite integrada:<\/strong> evita de forma fiable el vertido involuntario de aceite usado al medio ambiente. Un tubo flexible incluido en el suministro acelera adicionalmente el cambio de aceite necesario.<\/li>\n<li><strong>Separaci\u00f3n aceite \/ aire en tres fases:<\/strong> El separador de fuerza centr\u00edfuga, la separaci\u00f3n por gravedad y el filtrado consiguen una excelente calidad del aire con un contenido en aceite residual de aprox. 2 mg\/m3.<\/li>\n<li><strong>Indicador visual del nivel de aceite:<\/strong> A menudo, el control regular del nivel de aceite se omite debido a su costosa determinaci\u00f3n. En este sentido, los compresores de tornillo MONSUN garantizan una visi\u00f3n profunda.<\/li>\n<li><strong>Separador fino externo:<\/strong> Los cartuchos del separador fino, de grandes dimensiones, reducen las p\u00e9rdidas de presi\u00f3n internas no deseadas. Se puede realizar un cambio en segundos.<\/li>\n<li><strong>Apertura desde todos los lados:<\/strong> Todas las piezas laterales de los compresores de tornillo de la serie MONSUN son desmontables. De este modo, los trabajos de mantenimiento se convierten literalmente en un juego de ni\u00f1os y los tiempos de parada quedan reducidos a un m\u00ednimo.<\/li>\n<li><strong>Refrigerador compacto de aluminio:<\/strong> La estructura en combinaci\u00f3n a\u00fana refrigeraci\u00f3n por aceite y aire en un solo grupo constructivo. La disposici\u00f3n, que facilita el mantenimiento, simplifica especialmente la limpieza.<\/li>\n<li><strong>Tubos fijos:<\/strong> No busque en los compresores de tornillo BLITZ conexiones por tubos flexibles, que implican riesgos. Los novedosos tubos FLEX garantizan una sujeci\u00f3n fija en cada situaci\u00f3n.<\/li>\n<li><strong>Presiones de servicio hasta 15 bares:<\/strong> La estructura modular y robusta de los compresores de tornillo MONSUN permiten versiones entre 7,5 y 15 bares.<\/li>\n<\/ul>\n<p>Los compresores de tornillo de la serie MONSUN est\u00e1n equipados de serie con un control por microprocesador integrado. PROCON a\u00fana el manejo m\u00e1s sencillo con prestaciones extraordinarias. Todos los ajustes se pueden realizar de forma c\u00f3moda desde un panel de mando. Sus m\u00faltiples modos de servicio permiten una \u00f3ptima adaptaci\u00f3n a las necesidades de servicio existentes.<\/p>\n<ul>\n<li>Un sistema de diagn\u00f3stico integrado supervisa todos los par\u00e1metros relevantes para la seguridad.<\/li>\n<li>Autoinspecci\u00f3n del equipo antes de cada proceso.<\/li>\n<li>Los mensajes de servicio recuerdan el vencimiento del plazo de las operaciones de mantenimiento (funci\u00f3n de intervalos de servicio t\u00e9cnico).<\/li>\n<li>Arranque autom\u00e1tico tras una ca\u00edda de la corriente.<\/li>\n<li>Al alcanzar la presi\u00f3n final, PROCON calcula el tiempo de funcionamiento por inercia necesario. De este modo se ahorra hasta un 60 % de los costes de energ\u00eda en la marcha en vac\u00edo.<\/li>\n<li>El sensor de presi\u00f3n asegura un trabajo preciso dentro de los l\u00edmites de presi\u00f3n establecidos (posible diferencia de presi\u00f3n de 0,2 bar).<\/li>\n<li>En modo autom\u00e1tico, el motor s\u00f3lo funciona cuando es necesario.<\/li>\n<li>Los contactos libres de potencial permiten la conexi\u00f3n de un control de uni\u00f3n de grado superior (GBLT).<\/li>\n<li>Servicio conmutable a distancia \/ en planta.<\/li>\n<li>Conexi\u00f3n electr\u00f3nica de alteraci\u00f3n de carga normal a trav\u00e9s de una cinta de compresi\u00f3n ajustable (opcional).<\/li>\n<\/ul>\n","protected":false},"excerpt":{"rendered":"<p>10 bar, 500 l, sobre dep\u00f3sito a presi\u00f3n horizontal<\/p>\n","protected":false},"featured_media":349186,"template":"","meta":[],"product_cat":[1033534],"product_tag":[],"product_approvals":[],"product_application":[],"class_list":{"0":"post-385823","1":"product","2":"type-product","3":"status-publish","4":"has-post-thumbnail","6":"product_cat-compresores-de-husillo-es","8":"first","9":"instock","10":"shipping-taxable","11":"product-type-simple"},"approvals":[],"application":[],"brb_media_brochure":[{"id":349187,"url":"https:\/\/dev.codekraft.it\/rotary-2024\/wp-content\/uploads\/brb_media\/00396844_screw-compressor-monsun-eco-br-725523-de-2009-04-screen.pdf","title":"screw compressor monsun eco br 725523 de 2009 04 screen","thumbnail":"https:\/\/dev.codekraft.it\/rotary-2024\/wp-content\/uploads\/brb_media\/00396844_screw-compressor-monsun-eco-br-725523-de-2009-04-screen-pdf-106x150.png","description":""},{"id":349188,"url":"https:\/\/dev.codekraft.it\/rotary-2024\/wp-content\/uploads\/brb_media\/00396846_screw-compressor-monsun-eco-br-7255230-en-2009-04-screen.pdf","title":"screw compressor monsun eco br 7255230 en 2009 04 screen","thumbnail":"https:\/\/dev.codekraft.it\/rotary-2024\/wp-content\/uploads\/brb_media\/00396846_screw-compressor-monsun-eco-br-7255230-en-2009-04-screen-pdf-106x150.png","description":""},{"id":349189,"url":"https:\/\/dev.codekraft.it\/rotary-2024\/wp-content\/uploads\/brb_media\/00396843_screw-compressor-monsun-eco-br-109182-fr-2009-04-screen.pdf","title":"screw compressor monsun eco br 109182 fr 2009 04 screen","thumbnail":"https:\/\/dev.codekraft.it\/rotary-2024\/wp-content\/uploads\/brb_media\/00396843_screw-compressor-monsun-eco-br-109182-fr-2009-04-screen-pdf-106x150.png","description":""},{"id":349190,"url":"https:\/\/dev.codekraft.it\/rotary-2024\/wp-content\/uploads\/brb_media\/00396842_screw-compressor-monsun-eco-br-109184-es-2009-04-screen.pdf","title":"screw compressor monsun eco br 109184 es 2009 04 screen","thumbnail":"https:\/\/dev.codekraft.it\/rotary-2024\/wp-content\/uploads\/brb_media\/00396842_screw-compressor-monsun-eco-br-109184-es-2009-04-screen-pdf-106x150.png","description":""},{"id":349191,"url":"https:\/\/dev.codekraft.it\/rotary-2024\/wp-content\/uploads\/brb_media\/00396845_screw-compressor-monsun-eco-br-109183-it-2009-04-screen.pdf","title":"screw compressor monsun eco br 109183 it 2009 04 screen","thumbnail":"https:\/\/dev.codekraft.it\/rotary-2024\/wp-content\/uploads\/brb_media\/00396845_screw-compressor-monsun-eco-br-109183-it-2009-04-screen-pdf-106x150.png","description":""}],"brb_media_drawing":"","brb_media_manuals":[{"id":349192,"url":"https:\/\/dev.codekraft.it\/rotary-2024\/wp-content\/uploads\/brb_media\/00022191_screw-compressor-monsun-om-de-2003-01-print.pdf","title":"screw compressor monsun om de 2003 01 print","thumbnail":"https:\/\/dev.codekraft.it\/rotary-2024\/wp-content\/uploads\/brb_media\/00022191_screw-compressor-monsun-om-de-2003-01-print-pdf-106x150.png","description":""},{"id":349193,"url":"https:\/\/dev.codekraft.it\/rotary-2024\/wp-content\/uploads\/brb_media\/00022192_screw-compressor-monsun-om-en-2003-01-print.pdf","title":"screw compressor monsun om en 2003 01 print","thumbnail":"https:\/\/dev.codekraft.it\/rotary-2024\/wp-content\/uploads\/brb_media\/00022192_screw-compressor-monsun-om-en-2003-01-print-pdf-106x150.png","description":""},{"id":349194,"url":"https:\/\/dev.codekraft.it\/rotary-2024\/wp-content\/uploads\/brb_media\/00022193_screw-compressor-monsun-om-fr-2003-01-print.pdf","title":"screw compressor monsun om fr 2003 01 print","thumbnail":"https:\/\/dev.codekraft.it\/rotary-2024\/wp-content\/uploads\/brb_media\/00022193_screw-compressor-monsun-om-fr-2003-01-print-pdf-106x150.png","description":""},{"id":349195,"url":"https:\/\/dev.codekraft.it\/rotary-2024\/wp-content\/uploads\/brb_media\/00022194_screw-compressor-monsun-om-it-2003-01-print.pdf","title":"screw compressor monsun om it 2003 01 print","thumbnail":"https:\/\/dev.codekraft.it\/rotary-2024\/wp-content\/uploads\/brb_media\/00022194_screw-compressor-monsun-om-it-2003-01-print-pdf-106x150.png","description":""},{"id":349196,"url":"https:\/\/dev.codekraft.it\/rotary-2024\/wp-content\/uploads\/brb_media\/00022207_technischer-anhang-monsun-4_5-2c5_7-2c5_de_2003_01.pdf","title":"technischer anhang monsun 4 5 2c5 7 2c5 de 2003 01","thumbnail":"https:\/\/dev.codekraft.it\/rotary-2024\/wp-content\/uploads\/brb_media\/00022207_technischer-anhang-monsun-4_5-2c5_7-2c5_de_2003_01-pdf-106x150.png","description":""},{"id":349197,"url":"https:\/\/dev.codekraft.it\/rotary-2024\/wp-content\/uploads\/brb_media\/00022208_technischer-anhang-monsun-4_5-2c5_7-2c5_en_2003_01.pdf","title":"technischer anhang monsun 4 5 2c5 7 2c5 en 2003 01","thumbnail":"https:\/\/dev.codekraft.it\/rotary-2024\/wp-content\/uploads\/brb_media\/00022208_technischer-anhang-monsun-4_5-2c5_7-2c5_en_2003_01-pdf-106x150.png","description":""},{"id":349198,"url":"https:\/\/dev.codekraft.it\/rotary-2024\/wp-content\/uploads\/brb_media\/00022209_technischer-anhang-monsun-4_5-2c5_7-2c5_fr_2003_01.pdf","title":"technischer anhang monsun 4 5 2c5 7 2c5 fr 2003 01","thumbnail":"https:\/\/dev.codekraft.it\/rotary-2024\/wp-content\/uploads\/brb_media\/00022209_technischer-anhang-monsun-4_5-2c5_7-2c5_fr_2003_01-pdf-106x150.png","description":""}],"brb_media_safety_datasheets":"","brb_media_spare_parts":[],"_cdmm_p_id":"1021","_company":"Blitz","_gtin":"4057612064261","accessories":[],"components":[],"related":[],"similar":[],"lang":"es","translations":{"es":385823,"en":385819,"de":385820,"fr":385821,"it":385822,"ru":385824},"pll_sync_post":[],"_links":{"self":[{"href":"https:\/\/dev.codekraft.it\/rotary-2024\/wp-json\/wp\/v2\/product\/385823","targetHints":{"allow":["GET"]}}],"collection":[{"href":"https:\/\/dev.codekraft.it\/rotary-2024\/wp-json\/wp\/v2\/product"}],"about":[{"href":"https:\/\/dev.codekraft.it\/rotary-2024\/wp-json\/wp\/v2\/types\/product"}],"wp:featuredmedia":[{"embeddable":true,"href":"https:\/\/dev.codekraft.it\/rotary-2024\/wp-json\/wp\/v2\/media\/349186"}],"wp:attachment":[{"href":"https:\/\/dev.codekraft.it\/rotary-2024\/wp-json\/wp\/v2\/media?parent=385823"}],"wp:term":[{"taxonomy":"product_cat","embeddable":true,"href":"https:\/\/dev.codekraft.it\/rotary-2024\/wp-json\/wp\/v2\/product_cat?post=385823"},{"taxonomy":"product_tag","embeddable":true,"href":"https:\/\/dev.codekraft.it\/rotary-2024\/wp-json\/wp\/v2\/product_tag?post=385823"},{"taxonomy":"product_approvals","embeddable":true,"href":"https:\/\/dev.codekraft.it\/rotary-2024\/wp-json\/wp\/v2\/product_approvals?post=385823"},{"taxonomy":"product_application","embeddable":true,"href":"https:\/\/dev.codekraft.it\/rotary-2024\/wp-json\/wp\/v2\/product_application?post=385823"}],"curies":[{"name":"wp","href":"https:\/\/api.w.org\/{rel}","templated":true}]}}