{"id":385820,"date":"2024-05-08T07:07:46","date_gmt":"2024-05-08T07:07:46","guid":{"rendered":"https:\/\/dev.codekraft.it\/rotary-2024\/products\/uncategorized\/druckluftstation-monsun-75-s\/"},"modified":"2024-05-08T07:07:46","modified_gmt":"2024-05-08T07:07:46","slug":"druckluftstation-monsun-75-s","status":"publish","type":"product","link":"https:\/\/dev.codekraft.it\/rotary-2024\/produkte\/drucklufttechnik-de\/schraubenkompressoren-de\/druckluftstation-monsun-75-s\/","title":{"rendered":"Druckluftstation MONSUN 7,5 S"},"content":{"rendered":"<p>Die Einsatzm\u00f6glichkeiten der MONSUN-Schraubenkompressoren sind beinahe grenzenlos und so individuell wie die lieferbaren Ausf\u00fchrungen. Bereits die kleine MONSUN mit 4 kW Motorleistung verf\u00fcgt \u00fcber das Potential eines Leistungsriesen. Die konstruktiven Eigenschaften und Vorteile ziehen sich, einem roten Faden gleich, durch alle MONSUN-Modelle, z. B. die integrierte \u00d6lauffangwanne, die wartungsfreundliche Offenheit nach allen Seiten oder die PROCON-Steuerung.<\/p>\n<ul>\n<li><strong>Fl\u00fcsterleise:<\/strong> Durch eine Vielzahl von str\u00f6mungstechnischen Detaill\u00f6sungen wird das Betriebsger\u00e4usch auf ein Minimum reduziert &#8211; serienm\u00e4\u00dfig.<\/li>\n<li><strong>Zweistufige Ansaugfilterung:<\/strong> Die Abwehr eindringender Fremdk\u00f6rpern \u00fcbernimmt ein Zyklonabscheider mit anschlie\u00dfender Feinfilterung.<\/li>\n<li><strong>F\u00fcr die Zukunft ger\u00fcstet:<\/strong> Durch den flexiblen Riemenantrieb lassen sich unterschiedliche Dr\u00fccke erzielen. Zudem wird ein weicher Anlauf erm\u00f6glicht, da entstehende Anlaufmomente wirksam abgefedert werden.<\/li>\n<li><strong>Antrieb mit Reserven:<\/strong> MONSUN-Schraubenkompressoren werden auf hohem Qualit\u00e4tsniveau gefertigt. Dies schlie\u00dft die Verwendung IP 55-gepr\u00fcfter Elektromotoren mit ein. Die nach ISO B ausgelegte ISO F-Wicklung bietet Leistungsreserven f\u00fcr den Fall der F\u00e4lle.<\/li>\n<li><strong>Stufenlose Ansaugregelung:<\/strong> Die Verwendung harteloxierter Gleitfl\u00e4chen garantiert h\u00f6chste Standfestigkeit und Regelbarkeit. Einstellarbeiten sind an BLITZ-Ansaugreglern nicht erforderlich. In Verbindung mit der optionalen Proportionalregelung wird dar\u00fcber hinaus eine weiche Anpassung an den notwendigen Druckluftbedarf erzielt.<\/li>\n<li><strong>Integrierte \u00d6lauffangwanne:<\/strong> Verhindert zuverl\u00e4ssig den unbeabsichtigten Ablauf von Alt\u00f6l in die Umwelt. Ein mitgelieferte Schlauch beschleunigt zus\u00e4tzlich die notwendigen \u00d6lwechsel.<\/li>\n<li><strong>Dreistufige Luft-\/\u00d6labscheidung:<\/strong> Zyklonabscheider, Schwerkraftabscheidung und Filterung f\u00fchren zu einer exzellenten Luftqualit\u00e4t mit einem Rest\u00f6lgehalt von ca. 2 mg\/m\u00b3.<\/li>\n<li><strong>Visuelle \u00d6lstandsanzeige:<\/strong> H\u00e4ufig scheitert die regelm\u00e4\u00dfige \u00d6lstandskontrolle an ihrer aufwendigen Bestimmung. MONSUN-Schraubenkompressoren gew\u00e4hren an dieser Stelle einen tiefen Einblick.<\/li>\n<li><strong>Au\u00dfenliegender Feinabscheider:<\/strong> Gro\u00dfz\u00fcgig dimensionierte Feinabscheiderpatronen verringern unerw\u00fcnschte, interne Druckverluste. Ein Wechsel ist in Sekundenschnelle m\u00f6glich.<\/li>\n<li><strong>Nach allen Seiten offen:<\/strong> Alle Seitenteile sind bei Schraubenkompressoren der MONSUN-Serie abnehmbar. Wartungsarbeiten werden so sprichw\u00f6rtlich zum Kinderspiel und Stillstandszeiten auf ein Minimum reduziert.<\/li>\n<li><strong>Aluminium-Kompaktk\u00fchler:<\/strong> Die Kombinationsbauweise vereint \u00d6l- und Luftk\u00fchlung in einer Baugruppe. Das Reinigen wird durch die wartungsfreundliche Plazierung besonders vereinfacht.<\/li>\n<li><strong>Fest verrohrt:<\/strong> Risikobehaftete Schlauchverbindungen suchen Sie bei BLITZ-Schraubenkompressoren vergeblich. Die neuartige FLEX-Verrohrung garantiert in jeder Situation einen festen Sitz.<\/li>\n<li><strong>Betriebsdr\u00fccke bis 15 bar:<\/strong> Die robuste, modular ausgelegte Bauweise der MONSUN-Schraubenkompressoren, erm\u00f6glicht Ausf\u00fchrungen von 7,5 bis 15 bar.<\/li>\n<\/ul>\n<p>Schraubenkompressoren der MONSUN-Serie sind serienm\u00e4\u00dfig mit einer integrierten Mikroprozessor-Steuerung ausger\u00fcstet. PROCON vereint einfachste Bedienung mit au\u00dfergew\u00f6hnlichen Leistungsmerkmalen. Alle Einstellungen k\u00f6nnen bequem \u00fcber ein Bedien-Panel vorgenommen werden. Vielf\u00e4ltige Betriebsmodi erlauben eine optimale Anpassung an die vorhandenen betrieblichen Notwendigkeiten.<\/p>\n<ul>\n<li>Ein integriertes Diagnosesystem \u00fcberwacht alle sicherheitsrelevanten Betriebsparameter.<\/li>\n<li>Selbsttest der Anlage vor jedem Anlauf.<\/li>\n<li>Servicemeldungen erinnern an f\u00e4llige Wartungsarbeiten (Serviceintervallfunktion).<\/li>\n<li>Automatischer Wiederanlauf nach Stromausfall.<\/li>\n<li>Beim Erreichen des Enddrucks errechnet PROCON die tats\u00e4chlich erforderliche Nachlaufzeit. Dies spart bis zu 60 % der Energiekosten im Leerlauf.<\/li>\n<li>Der Drucksensor sorgt f\u00fcr pr\u00e4zises Arbeiten im eingestellten Druckbereich (Druckdifferenz von 0,2 bar m\u00f6glich).<\/li>\n<li>Im Automatikbetrieb l\u00e4uft der Motor nur wenn erforderlich.<\/li>\n<li>Potentialfreie Kontakte erlauben den Anschluss einer \u00fcbergeordneten Verbundsteuerung (GBLT).<\/li>\n<li>Schaltbarer Fern-\/Vorort-Betrieb.<\/li>\n<li>Elektronische Grundlastwechselschaltung \u00fcber zweites, einstellbares Druckband (Optional).<\/li>\n<\/ul>\n<p><strong>Lieferumfang:<\/p>\n<p><\/strong>Betriebsbereiter Schraubenverdichter auf Stahlkonsole montiert, Integrierte Microprozessorsteuerung PROCON, Maschinenf\u00fc\u00dfe, Keilriemenantrieb, autom. Riemenspannung, Schallhaube, Saugfilter, \u00d6lbeh\u00e4lter mit \u00d6labscheider, \u00d6lk\u00fchler, Druckluftnachk\u00fchler, \u00d6lfeinfilter, Stern-Dreieck-Schalter, elektrische Kontrollkette, Motorvollschutz durch Kaltleiter, Motorschutzart IP 54, Schaltschrank IP 54, Stillsetzung der Anlage im St\u00f6rfall mit Anzeige der St\u00f6rursache.<\/p>\n<p><i>Andere Ausstattungsoptionen auf Anfrage.<\/i><\/p>\n","protected":false},"excerpt":{"rendered":"<p>10 bar, 500 l, auf liegendem Druckbeh\u00e4lter<\/p>\n","protected":false},"featured_media":349186,"template":"","meta":[],"product_cat":[1033480],"product_tag":[],"product_approvals":[],"product_application":[],"class_list":{"0":"post-385820","1":"product","2":"type-product","3":"status-publish","4":"has-post-thumbnail","6":"product_cat-schraubenkompressoren-de","8":"first","9":"instock","10":"shipping-taxable","11":"product-type-simple"},"approvals":[],"application":[],"brb_media_brochure":[{"id":349187,"url":"https:\/\/dev.codekraft.it\/rotary-2024\/wp-content\/uploads\/brb_media\/00396844_screw-compressor-monsun-eco-br-725523-de-2009-04-screen.pdf","title":"screw compressor monsun eco br 725523 de 2009 04 screen","thumbnail":"https:\/\/dev.codekraft.it\/rotary-2024\/wp-content\/uploads\/brb_media\/00396844_screw-compressor-monsun-eco-br-725523-de-2009-04-screen-pdf-106x150.png","description":""},{"id":349188,"url":"https:\/\/dev.codekraft.it\/rotary-2024\/wp-content\/uploads\/brb_media\/00396846_screw-compressor-monsun-eco-br-7255230-en-2009-04-screen.pdf","title":"screw compressor monsun eco br 7255230 en 2009 04 screen","thumbnail":"https:\/\/dev.codekraft.it\/rotary-2024\/wp-content\/uploads\/brb_media\/00396846_screw-compressor-monsun-eco-br-7255230-en-2009-04-screen-pdf-106x150.png","description":""},{"id":349189,"url":"https:\/\/dev.codekraft.it\/rotary-2024\/wp-content\/uploads\/brb_media\/00396843_screw-compressor-monsun-eco-br-109182-fr-2009-04-screen.pdf","title":"screw compressor monsun eco br 109182 fr 2009 04 screen","thumbnail":"https:\/\/dev.codekraft.it\/rotary-2024\/wp-content\/uploads\/brb_media\/00396843_screw-compressor-monsun-eco-br-109182-fr-2009-04-screen-pdf-106x150.png","description":""},{"id":349190,"url":"https:\/\/dev.codekraft.it\/rotary-2024\/wp-content\/uploads\/brb_media\/00396842_screw-compressor-monsun-eco-br-109184-es-2009-04-screen.pdf","title":"screw compressor monsun eco br 109184 es 2009 04 screen","thumbnail":"https:\/\/dev.codekraft.it\/rotary-2024\/wp-content\/uploads\/brb_media\/00396842_screw-compressor-monsun-eco-br-109184-es-2009-04-screen-pdf-106x150.png","description":""},{"id":349191,"url":"https:\/\/dev.codekraft.it\/rotary-2024\/wp-content\/uploads\/brb_media\/00396845_screw-compressor-monsun-eco-br-109183-it-2009-04-screen.pdf","title":"screw compressor monsun eco br 109183 it 2009 04 screen","thumbnail":"https:\/\/dev.codekraft.it\/rotary-2024\/wp-content\/uploads\/brb_media\/00396845_screw-compressor-monsun-eco-br-109183-it-2009-04-screen-pdf-106x150.png","description":""}],"brb_media_drawing":"","brb_media_manuals":[{"id":349192,"url":"https:\/\/dev.codekraft.it\/rotary-2024\/wp-content\/uploads\/brb_media\/00022191_screw-compressor-monsun-om-de-2003-01-print.pdf","title":"screw compressor monsun om de 2003 01 print","thumbnail":"https:\/\/dev.codekraft.it\/rotary-2024\/wp-content\/uploads\/brb_media\/00022191_screw-compressor-monsun-om-de-2003-01-print-pdf-106x150.png","description":""},{"id":349193,"url":"https:\/\/dev.codekraft.it\/rotary-2024\/wp-content\/uploads\/brb_media\/00022192_screw-compressor-monsun-om-en-2003-01-print.pdf","title":"screw compressor monsun om en 2003 01 print","thumbnail":"https:\/\/dev.codekraft.it\/rotary-2024\/wp-content\/uploads\/brb_media\/00022192_screw-compressor-monsun-om-en-2003-01-print-pdf-106x150.png","description":""},{"id":349194,"url":"https:\/\/dev.codekraft.it\/rotary-2024\/wp-content\/uploads\/brb_media\/00022193_screw-compressor-monsun-om-fr-2003-01-print.pdf","title":"screw compressor monsun om fr 2003 01 print","thumbnail":"https:\/\/dev.codekraft.it\/rotary-2024\/wp-content\/uploads\/brb_media\/00022193_screw-compressor-monsun-om-fr-2003-01-print-pdf-106x150.png","description":""},{"id":349195,"url":"https:\/\/dev.codekraft.it\/rotary-2024\/wp-content\/uploads\/brb_media\/00022194_screw-compressor-monsun-om-it-2003-01-print.pdf","title":"screw compressor monsun om it 2003 01 print","thumbnail":"https:\/\/dev.codekraft.it\/rotary-2024\/wp-content\/uploads\/brb_media\/00022194_screw-compressor-monsun-om-it-2003-01-print-pdf-106x150.png","description":""},{"id":349196,"url":"https:\/\/dev.codekraft.it\/rotary-2024\/wp-content\/uploads\/brb_media\/00022207_technischer-anhang-monsun-4_5-2c5_7-2c5_de_2003_01.pdf","title":"technischer anhang monsun 4 5 2c5 7 2c5 de 2003 01","thumbnail":"https:\/\/dev.codekraft.it\/rotary-2024\/wp-content\/uploads\/brb_media\/00022207_technischer-anhang-monsun-4_5-2c5_7-2c5_de_2003_01-pdf-106x150.png","description":""},{"id":349197,"url":"https:\/\/dev.codekraft.it\/rotary-2024\/wp-content\/uploads\/brb_media\/00022208_technischer-anhang-monsun-4_5-2c5_7-2c5_en_2003_01.pdf","title":"technischer anhang monsun 4 5 2c5 7 2c5 en 2003 01","thumbnail":"https:\/\/dev.codekraft.it\/rotary-2024\/wp-content\/uploads\/brb_media\/00022208_technischer-anhang-monsun-4_5-2c5_7-2c5_en_2003_01-pdf-106x150.png","description":""},{"id":349198,"url":"https:\/\/dev.codekraft.it\/rotary-2024\/wp-content\/uploads\/brb_media\/00022209_technischer-anhang-monsun-4_5-2c5_7-2c5_fr_2003_01.pdf","title":"technischer anhang monsun 4 5 2c5 7 2c5 fr 2003 01","thumbnail":"https:\/\/dev.codekraft.it\/rotary-2024\/wp-content\/uploads\/brb_media\/00022209_technischer-anhang-monsun-4_5-2c5_7-2c5_fr_2003_01-pdf-106x150.png","description":""}],"brb_media_safety_datasheets":"","brb_media_spare_parts":[],"_cdmm_p_id":"1021","_company":"Blitz","_gtin":"4057612064261","accessories":[],"components":[],"related":[],"similar":[],"lang":"de","translations":{"de":385820,"en":385819,"fr":385821,"it":385822,"es":385823,"ru":385824},"pll_sync_post":[],"_links":{"self":[{"href":"https:\/\/dev.codekraft.it\/rotary-2024\/wp-json\/wp\/v2\/product\/385820","targetHints":{"allow":["GET"]}}],"collection":[{"href":"https:\/\/dev.codekraft.it\/rotary-2024\/wp-json\/wp\/v2\/product"}],"about":[{"href":"https:\/\/dev.codekraft.it\/rotary-2024\/wp-json\/wp\/v2\/types\/product"}],"wp:featuredmedia":[{"embeddable":true,"href":"https:\/\/dev.codekraft.it\/rotary-2024\/wp-json\/wp\/v2\/media\/349186"}],"wp:attachment":[{"href":"https:\/\/dev.codekraft.it\/rotary-2024\/wp-json\/wp\/v2\/media?parent=385820"}],"wp:term":[{"taxonomy":"product_cat","embeddable":true,"href":"https:\/\/dev.codekraft.it\/rotary-2024\/wp-json\/wp\/v2\/product_cat?post=385820"},{"taxonomy":"product_tag","embeddable":true,"href":"https:\/\/dev.codekraft.it\/rotary-2024\/wp-json\/wp\/v2\/product_tag?post=385820"},{"taxonomy":"product_approvals","embeddable":true,"href":"https:\/\/dev.codekraft.it\/rotary-2024\/wp-json\/wp\/v2\/product_approvals?post=385820"},{"taxonomy":"product_application","embeddable":true,"href":"https:\/\/dev.codekraft.it\/rotary-2024\/wp-json\/wp\/v2\/product_application?post=385820"}],"curies":[{"name":"wp","href":"https:\/\/api.w.org\/{rel}","templated":true}]}}