{"id":385756,"date":"2024-03-25T11:52:43","date_gmt":"2024-03-25T11:52:43","guid":{"rendered":"https:\/\/dev.codekraft.it\/rotary-2024\/products\/uncategorized\/compressore-a-vite-compatto-monsun-75-10-bar-2\/"},"modified":"2024-03-25T11:52:43","modified_gmt":"2024-03-25T11:52:43","slug":"compressore-a-vite-compatto-monsun-75-10-bar-2","status":"publish","type":"product","link":"https:\/\/dev.codekraft.it\/rotary-2024\/it\/prodotti\/compressori-daria-it\/compressori-daria-a-vite-it\/compressore-a-vite-compatto-monsun-75-10-bar-2\/","title":{"rendered":"Compressore a vite compatto MONSUN 7,5 &#8211; 10 bar"},"content":{"rendered":"<p>La serie MONSUN a iniezione di olio con trasmissione a cinghia trapezoidale \u00e8 disponibile con quattro valori di pressione nella gamma di potenza da 4 a 75 KW. Le possibilit\u00e0 di applicazione dei compressori a vite MONSUN sono quasi illimitate e individuali come le versioni disponibili.<\/p>\n<ul>\n<li>Testo interruzione:<\/li>\n<li>Promozione BAFA possibile<\/li>\n<li>Prodotto in Germania da Blitz<\/li>\n<li>Apertura per facile manutenzione<\/li>\n<li>Silenziosit\u00e0: operativit\u00e0 silenziosa ed efficiente<\/li>\n<li>Modelli disponibili fino a 15 bar<\/li>\n<\/ul>\n<ul>\n<li>Tutti i pannelli laterali sono rimovibili. Le operazioni di manutenzione possono essere eseguite comodamente e i tempi di fermo possono essere ridotti al minimo.<\/li>\n<li>Grazie ad una serie di soluzioni fluidiche dettagliate, il rumore di funzionamento \u00e8 ridotto al minimo &#8211; come standard.<\/li>\n<li>Filtrazione di aspirazione a due stadi: La protezione dalla penetrazione di corpi estranei viene effettuata da un separatore a ciclone, seguito da una filtrazione fine.<\/li>\n<li>La trasmissione a cinghia flessibile pu\u00f2 raggiungere diverse pressioni. Inoltre, \u00e8 possibile un avvio graduale, poich\u00e9 le coppie di avvio risultanti sono effettivamente ammortizzate.<\/li>\n<li>Azionamento con riserve: I compressori a vite MONSUN includono l&#8217;uso di motori elettrici IE3 testati IP55. L&#8217;avvolgimento ISO F offre riserve di alimentazione sicure.<\/li>\n<li>Separazione aria\/olio a pi\u00f9 stadi: separatori a ciclone, separazione per gravit\u00e0 e filtrazione garantiscono un&#8217;eccellente qualit\u00e0 dell&#8217;aria con un contenuto di olio residuo di ca. 2 &#8211; 4 mg\/m\u00b3.<\/li>\n<li>Indicatore visivo del livello dell&#8217;olio: Il regolare controllo del livello dell&#8217;olio \u00e8 facile con i compressori a vite MONSUN.<\/li>\n<li>Tubazioni fisse: Le tubazioni sicure FLEX garantiscono una tenuta perfetta in ogni situazione.<\/li>\n<li>La coppa dell&#8217;olio integrata impedisce la fuoriuscita indesiderata dell&#8217;olio di scarico nell&#8217;ambiente.<\/li>\n<\/ul>\n<p>Radiatore compatto in alluminio: Il design combinato unisce il raffreddamento ad aria e al olio in un unico gruppo. La pulizia \u00e8 resa ancora pi\u00f9 semplice grazie al facile posizionamento<br \/>Robusto stadio del compressore: Lo stadio del compressore BLITZ con prestazioni ottimali e profilo vite asimmetrico combina elevata affidabilit\u00e0 e lunga durata<br \/>Separatore fine esterno: Le cartucce del separatore fine generosamente dimensionate riducono le perdite di pressione interne indesiderate. Cambiamento in pochi secondi<br \/>Su misura: I compressori a vite MONSUN sono disponibili anche in versioni specifiche per il cliente<\/p>\n<p>Accessori:<br \/>Recupero di calore per il riscaldamento dell&#8217;acqua sanitaria o dell&#8217;acqua di riscaldamento con scambiatore di calore a piastre, incl. controllo e materiale di montaggio e installazione, completo di tubazioni interne<br \/>Separatore a ciclone, separatore d&#8217;acqua combinato con livello elettronico-Trappola del vapore controllata<br \/>Il riscaldamento ausiliario, autoregolante, garantisce un funzionamento senza problemi fino a -5 gradi C<br \/>Isolamento acustico ottimale<\/p>\n<p>Ulteriori informazioni su BLITZair.eu<\/p>\n<p>Riduci i tuoi fabbisogni energetici esterni e le emissioni di CO\u00b2 con il nostro sistema opzionale di recupero del calore. Il sistema di recupero del calore Blitz consente di utilizzare l&#8217;energia convertita dal calore per una variet\u00e0 di applicazioni.<\/p>\n<p>Vantaggi:<\/p>\n<ul>\n<li>Riscaldamento di locali o capannoni industriali<\/li>\n<li>Riscaldamento dell&#8217;acqua nelle lavanderie<\/li>\n<li>Preriscaldamento dei circuiti dell&#8217;acqua di riscaldamento<\/li>\n<li>Preriscaldamento dell&#8217;aria di combustione nelle caldaie<\/li>\n<\/ul>\n<p>FILTRAZIONE<br \/>Particolare attenzione alla catena di filtraggio, traete vantaggio anche dai nostri quasi 100 anni di know-how. In un impianto di compressione, gli elementi di disoleazione dell&#8217;aria e i filtri dell&#8217;aria e dell&#8217;olio lavorano in stretta collaborazione. Se uno di essi non funziona correttamente, gli altri sistemi di filtrazione a valle saranno influenzati in termini di prestazioni e durata. La separazione verticale per gravit\u00e0, come il separatore a ciclone, assicura perdite di pressione minime mantenendo il pi\u00f9 basso contenuto di olio residuo. Il perfetto funzionamento del sistema influenza notevolmente l&#8217;affidabilit\u00e0 del processo e i costi operativi.<\/p>\n<p>Design ben progettato \/ Aperto sin dall&#8217;inizio: in ogni aspetto, la facilit\u00e0 di manutenzione \u00e8 una priorit\u00e0 assoluta per i compressori a vite della serie MONSUN.<\/p>\n<p>Controllo PROCON I compressori a vite della serie MONSUN sono dotati di un controllo a microprocessore integrato di serie. PROCON combina un funzionamento molto semplice con prestazioni eccezionali. Tutte le impostazioni possono essere effettuate comodamente tramite un pannello di controllo. Varie modalit\u00e0 operative consentono un adattamento ottimale alle esigenze operative.<\/p>\n<ul>\n<li>Un sistema diagnostico integrato monitora tutti i parametri operativi rilevanti per la sicurezza.<\/li>\n<li>Autotest del sistema prima di ogni avvio.<\/li>\n<li>I messaggi di servizio ricordano la dovuta manutenzione (funzione intervallo di servizio).<\/li>\n<li>Riavvio automatico dopo l&#8217;interruzione dell&#8217;alimentazione elettrica.<\/li>\n<li>Quando viene raggiunta la pressione finale, PROCON calcola il tempo di sovrapposizione effettivo richiesto. Ci\u00f2 consente di risparmiare fino al 60 % dei costi energetici durante il funzionamento al minimo.<\/li>\n<li>Il sensore di pressione garantisce un funzionamento preciso nell&#8217;intervallo di pressione impostato (possibile differenza di pressione di 0,2 bar).<\/li>\n<li>In modalit\u00e0 automatica, il motore funziona solo quando necessario.<\/li>\n<li>I contatti a potenziale zero consentono la connessione di un controller di rete di livello superiore.<\/li>\n<li>Funzionamento remoto\/locale commutabile.<\/li>\n<\/ul>\n<p>Da quasi 100 anni&#8230;<br \/>un sinonimo di aria compressa<br \/>La costruzione di compressori ha una lunga tradizione in Blitz. Con quasi 100 anni di esperienza nel settore dell&#8217;aria compressa e dipendenti altamente specializzati, ci concentriamo sulla progettazione e l&#8217;implementazione di nuove tecnologie di compressione e condizionamento dell&#8217;aria compressa.<br \/>Idee innovative, implementazione professionale e qualit\u00e0 del prodotto convincente hanno consolidato l&#8217;eccellente reputazione dei compressori Blitz e assicurano principalmente un unico obiettivo: Una clientela soddisfatta.<br \/>L&#8217;offerta giusta per le vostre esigenze: In base alle vostre esigenze di produzione di aria compressa, Blitz Kompressoren assembla per voi gli impianti e i sistemi adeguati nella migliore combinazione possibile.<\/p>\n","protected":false},"excerpt":{"rendered":"<p>10 bar, Azionamento a cinghia trapezoidale<\/p>\n","protected":false},"featured_media":349240,"template":"","meta":[],"product_cat":[1033516],"product_tag":[],"product_approvals":[],"product_application":[],"class_list":{"0":"post-385756","1":"product","2":"type-product","3":"status-publish","4":"has-post-thumbnail","6":"product_cat-compressori-daria-a-vite-it","8":"first","9":"instock","10":"shipping-taxable","11":"product-type-simple"},"approvals":[],"application":[],"brb_media_brochure":[{"id":349241,"url":"https:\/\/dev.codekraft.it\/rotary-2024\/wp-content\/uploads\/brb_media\/00411130_screw-compressor-monsun-br-127223-de-2019-03-screen.pdf","title":"screw compressor monsun br 127223 de 2019 03 screen","thumbnail":"https:\/\/dev.codekraft.it\/rotary-2024\/wp-content\/uploads\/brb_media\/00411130_screw-compressor-monsun-br-127223-de-2019-03-screen-pdf-106x150.png","description":""},{"id":349242,"url":"https:\/\/dev.codekraft.it\/rotary-2024\/wp-content\/uploads\/brb_media\/00411131_screw-compressor-monsun-br-127224-en-2019-03-screen.pdf","title":"screw compressor monsun br 127224 en 2019 03 screen","thumbnail":"https:\/\/dev.codekraft.it\/rotary-2024\/wp-content\/uploads\/brb_media\/00411131_screw-compressor-monsun-br-127224-en-2019-03-screen-pdf-106x150.png","description":""},{"id":349243,"url":"https:\/\/dev.codekraft.it\/rotary-2024\/wp-content\/uploads\/brb_media\/00411132_screw-compressor-monsun-br-127225-fr-2019-03-screen.pdf","title":"screw compressor monsun br 127225 fr 2019 03 screen","thumbnail":"https:\/\/dev.codekraft.it\/rotary-2024\/wp-content\/uploads\/brb_media\/00411132_screw-compressor-monsun-br-127225-fr-2019-03-screen-pdf-106x150.png","description":""},{"id":349244,"url":"https:\/\/dev.codekraft.it\/rotary-2024\/wp-content\/uploads\/brb_media\/00411133_screw-compressor-monsun-br-127226-it-2019-03-screen.pdf","title":"screw compressor monsun br 127226 it 2019 03 screen","thumbnail":"https:\/\/dev.codekraft.it\/rotary-2024\/wp-content\/uploads\/brb_media\/00411133_screw-compressor-monsun-br-127226-it-2019-03-screen-pdf-106x150.png","description":""},{"id":349245,"url":"https:\/\/dev.codekraft.it\/rotary-2024\/wp-content\/uploads\/brb_media\/00411134_screw-compressor-monsun-br-127227-es-2019-03-screen.pdf","title":"screw compressor monsun br 127227 es 2019 03 screen","thumbnail":"https:\/\/dev.codekraft.it\/rotary-2024\/wp-content\/uploads\/brb_media\/00411134_screw-compressor-monsun-br-127227-es-2019-03-screen-pdf-106x150.png","description":""},{"id":349246,"url":"https:\/\/dev.codekraft.it\/rotary-2024\/wp-content\/uploads\/brb_media\/00411135_screw-compressor-monsun-br-127228-ru-2019-03-screen.pdf","title":"screw compressor monsun br 127228 ru 2019 03 screen","thumbnail":"https:\/\/dev.codekraft.it\/rotary-2024\/wp-content\/uploads\/brb_media\/00411135_screw-compressor-monsun-br-127228-ru-2019-03-screen-pdf-106x150.png","description":""}],"brb_media_drawing":"","brb_media_manuals":[{"id":349247,"url":"https:\/\/dev.codekraft.it\/rotary-2024\/wp-content\/uploads\/brb_media\/00357650_screw-compressor-monsun-sp-4-5-2c5-7-2c5-de-2016-09.pdf","title":"screw compressor monsun sp 4 5 2c5 7 2c5 de 2016 09","thumbnail":"https:\/\/dev.codekraft.it\/rotary-2024\/wp-content\/uploads\/brb_media\/00357650_screw-compressor-monsun-sp-4-5-2c5-7-2c5-de-2016-09-pdf-106x150.png","description":""},{"id":349248,"url":"https:\/\/dev.codekraft.it\/rotary-2024\/wp-content\/uploads\/brb_media\/00357651_screw-compressor-monsun-sp-4-5-2c5-7-2c5-en-2016-09.pdf","title":"screw compressor monsun sp 4 5 2c5 7 2c5 en 2016 09","thumbnail":"https:\/\/dev.codekraft.it\/rotary-2024\/wp-content\/uploads\/brb_media\/00357651_screw-compressor-monsun-sp-4-5-2c5-7-2c5-en-2016-09-pdf-106x150.png","description":""},{"id":349249,"url":"https:\/\/dev.codekraft.it\/rotary-2024\/wp-content\/uploads\/brb_media\/00357652_screw-compressor-monsun-sp-4-5-2c5-7-2c5-fr-2016-09.pdf","title":"screw compressor monsun sp 4 5 2c5 7 2c5 fr 2016 09","thumbnail":"https:\/\/dev.codekraft.it\/rotary-2024\/wp-content\/uploads\/brb_media\/00357652_screw-compressor-monsun-sp-4-5-2c5-7-2c5-fr-2016-09-pdf-106x150.png","description":""},{"id":349250,"url":"https:\/\/dev.codekraft.it\/rotary-2024\/wp-content\/uploads\/brb_media\/00425222_screw-compressor-monsun-om-104481-de-2019-05-rev-e.pdf","title":"screw compressor monsun om 104481 de 2019 05 rev e","thumbnail":"https:\/\/dev.codekraft.it\/rotary-2024\/wp-content\/uploads\/brb_media\/00425222_screw-compressor-monsun-om-104481-de-2019-05-rev-e-pdf-106x150.png","description":""},{"id":349251,"url":"https:\/\/dev.codekraft.it\/rotary-2024\/wp-content\/uploads\/brb_media\/00425223_screw-compressor-monsun-om-104482-en-2019-05-rev-e.pdf","title":"screw compressor monsun om 104482 en 2019 05 rev e","thumbnail":"https:\/\/dev.codekraft.it\/rotary-2024\/wp-content\/uploads\/brb_media\/00425223_screw-compressor-monsun-om-104482-en-2019-05-rev-e-pdf-106x150.png","description":""},{"id":349252,"url":"https:\/\/dev.codekraft.it\/rotary-2024\/wp-content\/uploads\/brb_media\/00425224_screw-compressor-monsun-om-104483-fr-2019-05-rev-e.pdf","title":"screw compressor monsun om 104483 fr 2019 05 rev e","thumbnail":"https:\/\/dev.codekraft.it\/rotary-2024\/wp-content\/uploads\/brb_media\/00425224_screw-compressor-monsun-om-104483-fr-2019-05-rev-e-pdf-106x150.png","description":""},{"id":349253,"url":"https:\/\/dev.codekraft.it\/rotary-2024\/wp-content\/uploads\/brb_media\/00425225_screw-compressor-monsun-om-116687-it-2019-05-rev-e.pdf","title":"screw compressor monsun om 116687 it 2019 05 rev e","thumbnail":"https:\/\/dev.codekraft.it\/rotary-2024\/wp-content\/uploads\/brb_media\/00425225_screw-compressor-monsun-om-116687-it-2019-05-rev-e-pdf-106x150.png","description":""},{"id":349254,"url":"https:\/\/dev.codekraft.it\/rotary-2024\/wp-content\/uploads\/brb_media\/00425226_screw-compressor-monsun-om-116688-es-2019-05-rev-e.pdf","title":"screw compressor monsun om 116688 es 2019 05 rev e","thumbnail":"https:\/\/dev.codekraft.it\/rotary-2024\/wp-content\/uploads\/brb_media\/00425226_screw-compressor-monsun-om-116688-es-2019-05-rev-e-pdf-106x150.png","description":""},{"id":349255,"url":"https:\/\/dev.codekraft.it\/rotary-2024\/wp-content\/uploads\/brb_media\/00425227_screw-compressor-monsun-om-117601-ru-2019-05-rev-e.pdf","title":"screw compressor monsun om 117601 ru 2019 05 rev e","thumbnail":"https:\/\/dev.codekraft.it\/rotary-2024\/wp-content\/uploads\/brb_media\/00425227_screw-compressor-monsun-om-117601-ru-2019-05-rev-e-pdf-106x150.png","description":""}],"brb_media_safety_datasheets":"","brb_media_spare_parts":[],"_cdmm_p_id":"1039","_company":"Blitz","_gtin":"4057612069037","accessories":[{"id":385870,"cdmm_p_id":"1075","name":"Protezione insonorizzante supplementare per compressore a vite","description":"MONSUN 4-7,5","thumbnail":"https:\/\/dev.codekraft.it\/rotary-2024\/wp-content\/uploads\/brb_media\/00022893_additional-noise-cover-web-mid-150x150.png","url":"https:\/\/dev.codekraft.it\/rotary-2024\/it\/prodotti\/accessori-compressori-daria-it\/accessori-compressori-daria-a-vite-it\/protezione-insonorizzante-supplementare-per-compressore-a-vite-2\/"}],"components":[],"related":[],"similar":[],"lang":"it","translations":{"it":385756,"en":385753,"de":385754,"fr":385755,"es":385757,"ru":385758},"pll_sync_post":[],"_links":{"self":[{"href":"https:\/\/dev.codekraft.it\/rotary-2024\/wp-json\/wp\/v2\/product\/385756","targetHints":{"allow":["GET"]}}],"collection":[{"href":"https:\/\/dev.codekraft.it\/rotary-2024\/wp-json\/wp\/v2\/product"}],"about":[{"href":"https:\/\/dev.codekraft.it\/rotary-2024\/wp-json\/wp\/v2\/types\/product"}],"wp:featuredmedia":[{"embeddable":true,"href":"https:\/\/dev.codekraft.it\/rotary-2024\/wp-json\/wp\/v2\/media\/349240"}],"wp:attachment":[{"href":"https:\/\/dev.codekraft.it\/rotary-2024\/wp-json\/wp\/v2\/media?parent=385756"}],"wp:term":[{"taxonomy":"product_cat","embeddable":true,"href":"https:\/\/dev.codekraft.it\/rotary-2024\/wp-json\/wp\/v2\/product_cat?post=385756"},{"taxonomy":"product_tag","embeddable":true,"href":"https:\/\/dev.codekraft.it\/rotary-2024\/wp-json\/wp\/v2\/product_tag?post=385756"},{"taxonomy":"product_approvals","embeddable":true,"href":"https:\/\/dev.codekraft.it\/rotary-2024\/wp-json\/wp\/v2\/product_approvals?post=385756"},{"taxonomy":"product_application","embeddable":true,"href":"https:\/\/dev.codekraft.it\/rotary-2024\/wp-json\/wp\/v2\/product_application?post=385756"}],"curies":[{"name":"wp","href":"https:\/\/api.w.org\/{rel}","templated":true}]}}