{"id":385749,"date":"2024-03-25T11:51:44","date_gmt":"2024-03-25T11:51:44","guid":{"rendered":"https:\/\/dev.codekraft.it\/rotary-2024\/products\/uncategorized\/compresseurs-a-vis-compacts-monsun-75-10-bar\/"},"modified":"2024-03-25T11:51:44","modified_gmt":"2024-03-25T11:51:44","slug":"compresseurs-a-vis-compacts-monsun-75-10-bar","status":"publish","type":"product","link":"https:\/\/dev.codekraft.it\/rotary-2024\/fr\/produits\/technologie-de-lair-comprime-fr\/compresseurs-a-vis-fr\/compresseurs-a-vis-compacts-monsun-75-10-bar\/","title":{"rendered":"Compresseurs \u00e0 vis compacts MONSUN 75 &#8211; 10 bar"},"content":{"rendered":"<p>La gamme MONSUN \u00e0 injection d&#8217;huile et entra\u00een\u00e9e par courroie en V est disponible en quatre classes de pressions dans la plage de puissances comprise entre 4 et 75\u00a0kW. Les possibilit\u00e9s d&#8217;application des compresseurs \u00e0 vis MONSUN sont pratiquement sans limite et aussi vari\u00e9es que les versions \u00e0 votre disposition.<\/p>\n<ul>\n<li>Promotion BAFA possible<\/li>\n<li>Fabriqu\u00e9 en Allemagne, par Blitz<\/li>\n<li>Accessibilit\u00e9 facilit\u00e9e pour l&#8217;entretien<\/li>\n<li>Efficacit\u00e9 silencieuse &#8211; fonctionnement silencieux et efficace<\/li>\n<li>Mod\u00e8les offrant des pressions allant jusqu&#8217;\u00e0 15\u00a0bar<\/li>\n<\/ul>\n<ul>\n<li>Tous les panneaux lat\u00e9raux sont amovibles. La maintenance peut \u00eatre effectu\u00e9e ais\u00e9ment, et le temps de r\u00e9paration est minimum.<\/li>\n<li>Gr\u00e2ce \u00e0 une vari\u00e9t\u00e9 de solutions liquides d\u00e9taill\u00e9es, le bruit de fonctionnement est r\u00e9duit au minimum &#8211; en s\u00e9rie.<\/li>\n<li>Filtration \u00e0 aspiration deux \u00e9tages\u00a0: La protection contre les infiltrations de corps \u00e9trangers est garantie par un s\u00e9parateur cyclonique, suivi d&#8217;une filtration fine.<\/li>\n<li>L&#8217;entra\u00eenement par courroie adaptable permet d&#8217;obtenir diff\u00e9rentes pressions. De plus, un d\u00e9marrage en douceur est possible, permettant d&#8217;amortir le couple avec efficacit\u00e9.<\/li>\n<li>Entra\u00eenement avec r\u00e9serves\u00a0: Les compresseurs \u00e0 vis MONSUN sont \u00e9quip\u00e9s de moteurs \u00e9lectriques IE3 test\u00e9s conformes \u00e0 la classe de protection IP55. Bobine de moteur ISO F offrant des r\u00e9serves d&#8217;\u00e9nergie s\u00fbres.<\/li>\n<li>S\u00e9paration de l&#8217;air et de l&#8217;huile multi-\u00e9tages\u00a0:\u00a0s\u00e9parateurs cycloniques, s\u00e9paration et filtration par gravit\u00e9 dans un air de qualit\u00e9 excellente, avec un contenu d&#8217;huile r\u00e9siduel d&#8217;approx. 2 &#8211; 4\u00a0mg\/m\u00b3.<\/li>\n<li>Indicateur de niveau d&#8217;huile visuel\u00a0: Il est \u00e9galement possible d&#8217;effectuer la v\u00e9rification r\u00e9guli\u00e8re du niveau d&#8217;huile avec les compresseurs \u00e0 vis MONSUN.\u00a0<\/li>\n<li>Canalisation fixe : La canalisation FLEX fiable garantit une grande \u00e9tanch\u00e9it\u00e9 dans toutes les situations.Le carter d&#8217;huile int\u00e9gr\u00e9 assure que les d\u00e9chets r\u00e9sultants de l&#8217;utilisation de l&#8217;huile ne soient pas rejet\u00e9s dans l&#8217;environnement.<\/li>\n<\/ul>\n<p>Refroidisseur compacte en aluminium\u00a0: La conception combin\u00e9e permet de refroidir l&#8217;air et l&#8217;huile en un seul dispositif. Le nettoyage est encore facilit\u00e9 un placement judicieux, sp\u00e9cialement facile d&#8217;acc\u00e8s.<br \/>\u00c9tage de compresseur robuste\u00a0: L&#8217;\u00e9tage de compresseur BLITZ optimis\u00e9 pour les performances, avec un profile de vis asym\u00e9trique, combine haute fiabilit\u00e9 et longue dur\u00e9e de service<br \/>S\u00e9parateur fin externe\u00a0: Cartouches de s\u00e9parateur fin de taille g\u00e9n\u00e9reuse pour r\u00e9duire la perte de pression interne non souhaitable. Elles sont changeables en quelques secondes Fabriqu\u00e9 sur mesure\u00a0: Les compresseurs \u00e0 vis MONSUN sont \u00e9galement disponibles en versions fabriqu\u00e9es selon les exigences sp\u00e9cifiques des clients<\/p>\n<p>Accessoires\u00a0:<br \/>R\u00e9cup\u00e9ration de chaleur pour chauffage de l&#8217;eau pour utilisation domestique ou le chauffage de l&#8217;eau avec l&#8217;\u00e9changeur thermique de plaque y compris le mat\u00e9riel de commande, de montage et d&#8217;installation, canalis\u00e9 et pr\u00eat pour l&#8217;exploitation<br \/>S\u00e9parateur cyclonique, s\u00e9parateur d&#8217;eau combin\u00e9 \u00e0 un niveau contr\u00f4l\u00e9 \u00e9lectroniquement &#8211; Pi\u00e8ge \u00e0 vapeur contr\u00f4l\u00e9<br \/>Chauffage auxiliaire, auto-r\u00e9gul\u00e9 garantissant un fonctionnement sans probl\u00e8me jusqu&#8217;\u00e0 -5 \u00b0C<br \/>Isolation phonique sur le dessus<\/p>\n<p>Vous trouverez plus d&#8217;informations sur BLITZair.eu<\/p>\n<p>R\u00e9duisez vos besoins \u00e9nerg\u00e9tiques externes et les \u00e9missions de CO\u00b2 avec notre syst\u00e8me optionnel de r\u00e9cup\u00e9ration de chaleur. Le syst\u00e8me de r\u00e9cup\u00e9ration de la chaleur de Blitz vous permet d&#8217;utiliser la chaleur convertie en \u00e9nergie pour une grande vari\u00e9t\u00e9 d&#8217;applications.<\/p>\n<p>Avantages\u00a0:<\/p>\n<ul>\n<li>Chauffage de locaux ou de b\u00e2timents de l&#8217;usine<\/li>\n<li>Chauffage de l&#8217;eau dans les blanchisseries<\/li>\n<li>Pr\u00e9chauffage des circuits d&#8217;eau de chauffage<\/li>\n<li>Pr\u00e9chauffage de l&#8217;air de combustion dans les chaudi\u00e8res<\/li>\n<\/ul>\n<p>FILTRATION<br \/>Une attention toute particuli\u00e8re est donn\u00e9e \u00e0 la cha\u00eene de filtration, vous b\u00e9n\u00e9ficiez \u00e9galement de nos 100 ann\u00e9es d&#8217;expertise. Dans un compresseur, les \u00e9l\u00e9ments de s\u00e9paration de l&#8217;huile de l&#8217;air et les filtres d&#8217;air et d&#8217;huile travaillent en \u00e9troite coop\u00e9ration. Si l&#8217;un d&#8217;eux ne fonctionne pas correctement, les autres syst\u00e8mes de filtration en aval verront leurs performances et leur dur\u00e9e de vie r\u00e9duites d&#8217;autant. La s\u00e9paration verticale d&#8217;huile nouvellement con\u00e7ue, en tant que s\u00e9parateur cyclonique, assure des pertes de pression minimales avec la plus faible teneur en huile r\u00e9siduelle. Le fonctionnement parfait du syst\u00e8me influence consid\u00e9rablement la fiabilit\u00e9 des processus de travail ainsi que les co\u00fbts d&#8217;exploitation.<\/p>\n<p>Conception bien r\u00e9fl\u00e9chie \/ Aisance d&#8217;acc\u00e8s comme principe fondamental\u00a0:<br \/>Sans aucune exception, la facilit\u00e9 de maintenance est la principale priorit\u00e9 des compresseurs \u00e0 vis MONSUN<\/p>\n<p>Contr\u00f4le PROCON Les compresseurs de la gamme MONSUN sont \u00e9quip\u00e9s en s\u00e9rie avec un contr\u00f4le int\u00e9gr\u00e9 par microprocesseur. PROCON combine une utilisation simple comme bonjour avec des performances exceptionnelles. Tous les r\u00e9glages peuvent \u00eatre effectu\u00e9s commod\u00e9ment depuis un panneau de commande. Diff\u00e9rents modes de fonctionnement permettent l&#8217;adaptation optimale aux exigences de productivit\u00e9 actuelles.<\/p>\n<ul>\n<li>Un syst\u00e8me de diagnostic int\u00e9gr\u00e9 surveille tous les param\u00e8tres de fonctionnement relatifs \u00e0 la s\u00e9curit\u00e9.<\/li>\n<li>Auto-test du syst\u00e8me avant chaque d\u00e9marrage.<\/li>\n<li>Des messages de service vous rappellent des maintenances planifi\u00e9es (fonction d&#8217;intervalle de service).<\/li>\n<li>Red\u00e9marrage automatique apr\u00e8s une panne de courant<\/li>\n<li>Lorsque la pression finale est atteinte, PROCON calcule la dur\u00e9e de fonctionnement suppl\u00e9mentaire requise r\u00e9elle. Cela permet d&#8217;\u00e9conomiser 60 % des co\u00fbts de consommation \u00e9nerg\u00e9tique pendant l&#8217;attente.<\/li>\n<li>Le capteur de pression assure le fonctionnement pr\u00e9cis dans la plage de pression d\u00e9finie (diff\u00e9rentiel de pression de 0,2\u00a0bar possible).<\/li>\n<li>En mode automatique, le moteur ne tourne que lorsqu&#8217;il est n\u00e9cessaire.<\/li>\n<li>Contacts sans potentiel pour permettre la connexion d&#8217;un contr\u00f4leur r\u00e9seau de plus haut niveau.<\/li>\n<li>S\u00e9lection de mode d&#8217;op\u00e9ration \u00e0 distance ou local.<\/li>\n<\/ul>\n<p>Depuis pr\u00e8s de 100 ans &#8230;<br \/>Un synonyme d&#8217;air comprim\u00e9<br \/>La fabrication de compresseurs est une longue tradition chez Blitz. Avec pr\u00e8s de 100 ans d&#8217;exp\u00e9rience dans l&#8217;air comprim\u00e9 et avec des employ\u00e9s hautement d\u00e9vou\u00e9s, nous nous sp\u00e9cialisions dans la conception et la mise en \u0153uvre de nouvelles technologies de compresseur et de conditionnement d&#8217;air comprim\u00e9. Des id\u00e9es novatrices, une mise en \u0153uvre professionnelle et une qualit\u00e9 de produit convaincante ont \u00e9tabli la r\u00e9putation exceptionnelle des compresseurs Blitz et assurent principalement un but : Des clients satisfaits.<br \/>L&#8217;offre adapt\u00e9e \u00e0 vos besoins : En fonction de vos besoins en air comprim\u00e9, Blitz Kompressoren rassemble pour vous les installations et les syst\u00e8mes ad\u00e9quats dans la meilleure combinaison possible.<\/p>\n","protected":false},"excerpt":{"rendered":"<p>10 bar, entra\u00eenement par courroie trap\u00e9zo\u00efdale<\/p>\n","protected":false},"featured_media":349315,"template":"","meta":[],"product_cat":[1033498],"product_tag":[],"product_approvals":[],"product_application":[],"class_list":{"0":"post-385749","1":"product","2":"type-product","3":"status-publish","4":"has-post-thumbnail","6":"product_cat-compresseurs-a-vis-fr","8":"first","9":"instock","10":"shipping-taxable","11":"product-type-simple"},"approvals":[],"application":[],"brb_media_brochure":[{"id":349241,"url":"https:\/\/dev.codekraft.it\/rotary-2024\/wp-content\/uploads\/brb_media\/00411130_screw-compressor-monsun-br-127223-de-2019-03-screen.pdf","title":"screw compressor monsun br 127223 de 2019 03 screen","thumbnail":"https:\/\/dev.codekraft.it\/rotary-2024\/wp-content\/uploads\/brb_media\/00411130_screw-compressor-monsun-br-127223-de-2019-03-screen-pdf-106x150.png","description":""},{"id":349242,"url":"https:\/\/dev.codekraft.it\/rotary-2024\/wp-content\/uploads\/brb_media\/00411131_screw-compressor-monsun-br-127224-en-2019-03-screen.pdf","title":"screw compressor monsun br 127224 en 2019 03 screen","thumbnail":"https:\/\/dev.codekraft.it\/rotary-2024\/wp-content\/uploads\/brb_media\/00411131_screw-compressor-monsun-br-127224-en-2019-03-screen-pdf-106x150.png","description":""},{"id":349243,"url":"https:\/\/dev.codekraft.it\/rotary-2024\/wp-content\/uploads\/brb_media\/00411132_screw-compressor-monsun-br-127225-fr-2019-03-screen.pdf","title":"screw compressor monsun br 127225 fr 2019 03 screen","thumbnail":"https:\/\/dev.codekraft.it\/rotary-2024\/wp-content\/uploads\/brb_media\/00411132_screw-compressor-monsun-br-127225-fr-2019-03-screen-pdf-106x150.png","description":""},{"id":349244,"url":"https:\/\/dev.codekraft.it\/rotary-2024\/wp-content\/uploads\/brb_media\/00411133_screw-compressor-monsun-br-127226-it-2019-03-screen.pdf","title":"screw compressor monsun br 127226 it 2019 03 screen","thumbnail":"https:\/\/dev.codekraft.it\/rotary-2024\/wp-content\/uploads\/brb_media\/00411133_screw-compressor-monsun-br-127226-it-2019-03-screen-pdf-106x150.png","description":""},{"id":349245,"url":"https:\/\/dev.codekraft.it\/rotary-2024\/wp-content\/uploads\/brb_media\/00411134_screw-compressor-monsun-br-127227-es-2019-03-screen.pdf","title":"screw compressor monsun br 127227 es 2019 03 screen","thumbnail":"https:\/\/dev.codekraft.it\/rotary-2024\/wp-content\/uploads\/brb_media\/00411134_screw-compressor-monsun-br-127227-es-2019-03-screen-pdf-106x150.png","description":""},{"id":349246,"url":"https:\/\/dev.codekraft.it\/rotary-2024\/wp-content\/uploads\/brb_media\/00411135_screw-compressor-monsun-br-127228-ru-2019-03-screen.pdf","title":"screw compressor monsun br 127228 ru 2019 03 screen","thumbnail":"https:\/\/dev.codekraft.it\/rotary-2024\/wp-content\/uploads\/brb_media\/00411135_screw-compressor-monsun-br-127228-ru-2019-03-screen-pdf-106x150.png","description":""}],"brb_media_drawing":"","brb_media_manuals":[{"id":349247,"url":"https:\/\/dev.codekraft.it\/rotary-2024\/wp-content\/uploads\/brb_media\/00357650_screw-compressor-monsun-sp-4-5-2c5-7-2c5-de-2016-09.pdf","title":"screw compressor monsun sp 4 5 2c5 7 2c5 de 2016 09","thumbnail":"https:\/\/dev.codekraft.it\/rotary-2024\/wp-content\/uploads\/brb_media\/00357650_screw-compressor-monsun-sp-4-5-2c5-7-2c5-de-2016-09-pdf-106x150.png","description":""},{"id":349248,"url":"https:\/\/dev.codekraft.it\/rotary-2024\/wp-content\/uploads\/brb_media\/00357651_screw-compressor-monsun-sp-4-5-2c5-7-2c5-en-2016-09.pdf","title":"screw compressor monsun sp 4 5 2c5 7 2c5 en 2016 09","thumbnail":"https:\/\/dev.codekraft.it\/rotary-2024\/wp-content\/uploads\/brb_media\/00357651_screw-compressor-monsun-sp-4-5-2c5-7-2c5-en-2016-09-pdf-106x150.png","description":""},{"id":349249,"url":"https:\/\/dev.codekraft.it\/rotary-2024\/wp-content\/uploads\/brb_media\/00357652_screw-compressor-monsun-sp-4-5-2c5-7-2c5-fr-2016-09.pdf","title":"screw compressor monsun sp 4 5 2c5 7 2c5 fr 2016 09","thumbnail":"https:\/\/dev.codekraft.it\/rotary-2024\/wp-content\/uploads\/brb_media\/00357652_screw-compressor-monsun-sp-4-5-2c5-7-2c5-fr-2016-09-pdf-106x150.png","description":""},{"id":349250,"url":"https:\/\/dev.codekraft.it\/rotary-2024\/wp-content\/uploads\/brb_media\/00425222_screw-compressor-monsun-om-104481-de-2019-05-rev-e.pdf","title":"screw compressor monsun om 104481 de 2019 05 rev e","thumbnail":"https:\/\/dev.codekraft.it\/rotary-2024\/wp-content\/uploads\/brb_media\/00425222_screw-compressor-monsun-om-104481-de-2019-05-rev-e-pdf-106x150.png","description":""},{"id":349251,"url":"https:\/\/dev.codekraft.it\/rotary-2024\/wp-content\/uploads\/brb_media\/00425223_screw-compressor-monsun-om-104482-en-2019-05-rev-e.pdf","title":"screw compressor monsun om 104482 en 2019 05 rev e","thumbnail":"https:\/\/dev.codekraft.it\/rotary-2024\/wp-content\/uploads\/brb_media\/00425223_screw-compressor-monsun-om-104482-en-2019-05-rev-e-pdf-106x150.png","description":""},{"id":349252,"url":"https:\/\/dev.codekraft.it\/rotary-2024\/wp-content\/uploads\/brb_media\/00425224_screw-compressor-monsun-om-104483-fr-2019-05-rev-e.pdf","title":"screw compressor monsun om 104483 fr 2019 05 rev e","thumbnail":"https:\/\/dev.codekraft.it\/rotary-2024\/wp-content\/uploads\/brb_media\/00425224_screw-compressor-monsun-om-104483-fr-2019-05-rev-e-pdf-106x150.png","description":""},{"id":349253,"url":"https:\/\/dev.codekraft.it\/rotary-2024\/wp-content\/uploads\/brb_media\/00425225_screw-compressor-monsun-om-116687-it-2019-05-rev-e.pdf","title":"screw compressor monsun om 116687 it 2019 05 rev e","thumbnail":"https:\/\/dev.codekraft.it\/rotary-2024\/wp-content\/uploads\/brb_media\/00425225_screw-compressor-monsun-om-116687-it-2019-05-rev-e-pdf-106x150.png","description":""},{"id":349254,"url":"https:\/\/dev.codekraft.it\/rotary-2024\/wp-content\/uploads\/brb_media\/00425226_screw-compressor-monsun-om-116688-es-2019-05-rev-e.pdf","title":"screw compressor monsun om 116688 es 2019 05 rev e","thumbnail":"https:\/\/dev.codekraft.it\/rotary-2024\/wp-content\/uploads\/brb_media\/00425226_screw-compressor-monsun-om-116688-es-2019-05-rev-e-pdf-106x150.png","description":""},{"id":349255,"url":"https:\/\/dev.codekraft.it\/rotary-2024\/wp-content\/uploads\/brb_media\/00425227_screw-compressor-monsun-om-117601-ru-2019-05-rev-e.pdf","title":"screw compressor monsun om 117601 ru 2019 05 rev e","thumbnail":"https:\/\/dev.codekraft.it\/rotary-2024\/wp-content\/uploads\/brb_media\/00425227_screw-compressor-monsun-om-117601-ru-2019-05-rev-e-pdf-106x150.png","description":""}],"brb_media_safety_datasheets":"","brb_media_spare_parts":[],"_cdmm_p_id":"1068","_company":"Blitz","_gtin":"4057612021516","accessories":[{"id":385851,"cdmm_p_id":"1083","name":"Tuyau flexible pour r\u00e9cipients sous pression | 20 bar","description":"MONSUN 45 - 75, diam\u00e8tre nominal 1 1\/2\u2033","thumbnail":"https:\/\/dev.codekraft.it\/rotary-2024\/wp-content\/uploads\/brb_media\/00022923_flexibler-schlauch_web-150x150.png","url":"https:\/\/dev.codekraft.it\/rotary-2024\/fr\/produits\/accessoires-technologie-de-lair-comprime-fr\/accessoires-compresseurs-a-pistons-fr\/tuyau-flexible-pour-recipients-sous-pression-20-bar\/"},{"id":385863,"cdmm_p_id":"1079","name":"Insonorisation suppl\u00e9mentaire pour compresseur \u00e0 vis","description":"MONSUN 45 - 55","thumbnail":"https:\/\/dev.codekraft.it\/rotary-2024\/wp-content\/uploads\/brb_media\/00022893_additional-noise-cover-web-mid-150x150.png","url":"https:\/\/dev.codekraft.it\/rotary-2024\/fr\/produits\/accessoires-technologie-de-lair-comprime-fr\/accessoires-compresseurs-a-vis-fr\/insonorisation-supplementaire-pour-compresseur-a-vis\/"}],"components":[],"related":[],"similar":[],"lang":"fr","translations":{"fr":385749,"en":385747,"de":385748,"it":385750,"es":385751,"ru":385752},"pll_sync_post":[],"_links":{"self":[{"href":"https:\/\/dev.codekraft.it\/rotary-2024\/wp-json\/wp\/v2\/product\/385749","targetHints":{"allow":["GET"]}}],"collection":[{"href":"https:\/\/dev.codekraft.it\/rotary-2024\/wp-json\/wp\/v2\/product"}],"about":[{"href":"https:\/\/dev.codekraft.it\/rotary-2024\/wp-json\/wp\/v2\/types\/product"}],"wp:featuredmedia":[{"embeddable":true,"href":"https:\/\/dev.codekraft.it\/rotary-2024\/wp-json\/wp\/v2\/media\/349315"}],"wp:attachment":[{"href":"https:\/\/dev.codekraft.it\/rotary-2024\/wp-json\/wp\/v2\/media?parent=385749"}],"wp:term":[{"taxonomy":"product_cat","embeddable":true,"href":"https:\/\/dev.codekraft.it\/rotary-2024\/wp-json\/wp\/v2\/product_cat?post=385749"},{"taxonomy":"product_tag","embeddable":true,"href":"https:\/\/dev.codekraft.it\/rotary-2024\/wp-json\/wp\/v2\/product_tag?post=385749"},{"taxonomy":"product_approvals","embeddable":true,"href":"https:\/\/dev.codekraft.it\/rotary-2024\/wp-json\/wp\/v2\/product_approvals?post=385749"},{"taxonomy":"product_application","embeddable":true,"href":"https:\/\/dev.codekraft.it\/rotary-2024\/wp-json\/wp\/v2\/product_application?post=385749"}],"curies":[{"name":"wp","href":"https:\/\/api.w.org\/{rel}","templated":true}]}}