{"id":385727,"date":"2025-12-11T10:11:39","date_gmt":"2025-12-11T10:11:39","guid":{"rendered":"https:\/\/dev.codekraft.it\/rotary-2024\/products\/uncategorized\/purga-de-condensados-bekomat-31\/"},"modified":"2025-12-11T10:11:39","modified_gmt":"2025-12-11T10:11:39","slug":"purga-de-condensados-bekomat-31","status":"publish","type":"product","link":"https:\/\/dev.codekraft.it\/rotary-2024\/es\/productos\/accesorios-compresores-es\/tratamiento-del-aire-comprimido-es\/purga-de-condensados-bekomat-31\/","title":{"rendered":"Purga de condensados Bekomat 31"},"content":{"rendered":"<p>Independientemente de la finalidad del aire comprimido, debe contar siempre con una muy buena calidad. Pero: el condensado presente en la red de aire comprimido reduce esa calidad.<\/p>\n<p>En la generaci\u00f3n de aire comprimido es inevitable la aparici\u00f3n del condensado. \u00c9ste puede tener un gran contenido en aceite y, por tanto, ser agresivo. Adem\u00e1s, contiene part\u00edculas de suciedad (p. ej. \u00f3xido) y otras impurezas perjudiciales. Por eso, en la preparaci\u00f3n del aire comprimido se establecen los m\u00e1s altos niveles de exigencia. Con un \u00fanico objetivo: eliminar el condensado con sus impurezas.<\/p>\n<p>\u00bfPor qu\u00e9 necesita un desv\u00edo \u00abinteligente\u00bb del condensado? El condensado en el aire comprimido no aparece en cantidades constantes. S\u00f3lo contar\u00e1 con un desv\u00edo fiable e inteligente, adaptado a las cantidades existentes, si la eliminaci\u00f3n se produce en todos los puntos de aparici\u00f3n de la instalaci\u00f3n de aire comprimido &#8211; y sin p\u00e9rdidas innecesarias de presi\u00f3n que provocan un gasto de energ\u00eda.\u00a0<\/p>\n<ul>\n<li>El control inteligente evita p\u00e9rdidas innecesarias del aire comprimido y permite un ahorro considerable.<\/li>\n<li>La conexi\u00f3n a la red de aire comprimido es sencilla, ya que la entrada y la salida est\u00e1n dispuestas sim\u00e9tricamente. La salida puede realizarse conectando un tubo flexible o por tuber\u00edas.<\/li>\n<li>El sensor capacitivo sin desgaste recoge todo el condensado &#8211; incluso el aceite puro. Incluso con un gran nivel de suciedad, el desv\u00edo se realiza sin problemas.<\/li>\n<li>La electr\u00f3nica consta de un m\u00f3dulo de fuente de alimentaci\u00f3n integrado y la unidad de control, que siempre trabaja a baja tensi\u00f3n de 24 VDC, que permite el contacto.<\/li>\n<li>El Bekomat se controla continuamente, una pantalla LED muestra de forma fiable todos los estados de funcionamiento. Los elementos de manejo y mandos est\u00e1n realizados en IP 65, estancos a las salpicaduras de agua.<\/li>\n<\/ul>\n","protected":false},"excerpt":{"rendered":"<p>Controlada por nivel, para compresores con potencias de hasta 90 m\u00b3\/min<\/p>\n","protected":false},"featured_media":280388,"template":"","meta":[],"product_cat":[1033638],"product_tag":[],"product_approvals":[],"product_application":[],"class_list":{"0":"post-385727","1":"product","2":"type-product","3":"status-publish","4":"has-post-thumbnail","6":"product_cat-tratamiento-del-aire-comprimido-es","8":"first","9":"instock","10":"shipping-taxable","11":"product-type-simple"},"approvals":[],"application":[],"brb_media_brochure":[{"id":374263,"url":"https:\/\/dev.codekraft.it\/rotary-2024\/wp-content\/uploads\/brb_media\/00359080_compressed-air-treatment-br-725514-de-2017-01-screen.pdf","title":"compressed air treatment br 725514 de 2017 01 screen","thumbnail":"https:\/\/dev.codekraft.it\/rotary-2024\/wp-content\/uploads\/brb_media\/00359080_compressed-air-treatment-br-725514-de-2017-01-screen-pdf-150x106.png","description":""},{"id":374264,"url":"https:\/\/dev.codekraft.it\/rotary-2024\/wp-content\/uploads\/brb_media\/00359081_compressed-air-treatment-br-109881-en-2017-01-screen.pdf","title":"compressed air treatment br 109881 en 2017 01 screen","thumbnail":"https:\/\/dev.codekraft.it\/rotary-2024\/wp-content\/uploads\/brb_media\/00359081_compressed-air-treatment-br-109881-en-2017-01-screen-pdf-150x106.png","description":""},{"id":374265,"url":"https:\/\/dev.codekraft.it\/rotary-2024\/wp-content\/uploads\/brb_media\/00359084_compressed-air-treatment-br-109884-es-2017-01-screen.pdf","title":"compressed air treatment br 109884 es 2017 01 screen","thumbnail":"https:\/\/dev.codekraft.it\/rotary-2024\/wp-content\/uploads\/brb_media\/00359084_compressed-air-treatment-br-109884-es-2017-01-screen-pdf-150x106.png","description":""},{"id":374266,"url":"https:\/\/dev.codekraft.it\/rotary-2024\/wp-content\/uploads\/brb_media\/00359082_compressed-air-treatment-br-109882-fr-2017-01-screen.pdf","title":"compressed air treatment br 109882 fr 2017 01 screen","thumbnail":"https:\/\/dev.codekraft.it\/rotary-2024\/wp-content\/uploads\/brb_media\/00359082_compressed-air-treatment-br-109882-fr-2017-01-screen-pdf-150x106.png","description":""},{"id":374267,"url":"https:\/\/dev.codekraft.it\/rotary-2024\/wp-content\/uploads\/brb_media\/00359083_compressed-air-treatment-br-109883-it-2017-01-screen.pdf","title":"compressed air treatment br 109883 it 2017 01 screen","thumbnail":"https:\/\/dev.codekraft.it\/rotary-2024\/wp-content\/uploads\/brb_media\/00359083_compressed-air-treatment-br-109883-it-2017-01-screen-pdf-150x106.png","description":""}],"brb_media_drawing":"","brb_media_manuals":[{"id":374268,"url":"https:\/\/dev.codekraft.it\/rotary-2024\/wp-content\/uploads\/brb_media\/00022094_condensate-drain-bekomat-21-im-om-de-en-fr-nl-2002-08-print.pdf","title":"condensate drain bekomat 21 im om de en fr nl 2002 08 print","thumbnail":"https:\/\/dev.codekraft.it\/rotary-2024\/wp-content\/uploads\/brb_media\/00022094_condensate-drain-bekomat-21-im-om-de-en-fr-nl-2002-08-print-pdf-106x150.png","description":""}],"brb_media_safety_datasheets":"","brb_media_spare_parts":[],"_cdmm_p_id":"967","_company":"Blitz","_gtin":"4057612586299","accessories":[],"components":[],"related":[],"similar":[],"lang":"es","translations":{"es":385727,"en":385723,"de":385724,"fr":385725,"it":385726,"ru":385728},"pll_sync_post":[],"_links":{"self":[{"href":"https:\/\/dev.codekraft.it\/rotary-2024\/wp-json\/wp\/v2\/product\/385727","targetHints":{"allow":["GET"]}}],"collection":[{"href":"https:\/\/dev.codekraft.it\/rotary-2024\/wp-json\/wp\/v2\/product"}],"about":[{"href":"https:\/\/dev.codekraft.it\/rotary-2024\/wp-json\/wp\/v2\/types\/product"}],"wp:featuredmedia":[{"embeddable":true,"href":"https:\/\/dev.codekraft.it\/rotary-2024\/wp-json\/wp\/v2\/media\/280388"}],"wp:attachment":[{"href":"https:\/\/dev.codekraft.it\/rotary-2024\/wp-json\/wp\/v2\/media?parent=385727"}],"wp:term":[{"taxonomy":"product_cat","embeddable":true,"href":"https:\/\/dev.codekraft.it\/rotary-2024\/wp-json\/wp\/v2\/product_cat?post=385727"},{"taxonomy":"product_tag","embeddable":true,"href":"https:\/\/dev.codekraft.it\/rotary-2024\/wp-json\/wp\/v2\/product_tag?post=385727"},{"taxonomy":"product_approvals","embeddable":true,"href":"https:\/\/dev.codekraft.it\/rotary-2024\/wp-json\/wp\/v2\/product_approvals?post=385727"},{"taxonomy":"product_application","embeddable":true,"href":"https:\/\/dev.codekraft.it\/rotary-2024\/wp-json\/wp\/v2\/product_application?post=385727"}],"curies":[{"name":"wp","href":"https:\/\/api.w.org\/{rel}","templated":true}]}}