{"id":385726,"date":"2025-12-11T10:11:22","date_gmt":"2025-12-11T10:11:22","guid":{"rendered":"https:\/\/dev.codekraft.it\/rotary-2024\/products\/uncategorized\/scaricatore-di-condensa-bekomat-31\/"},"modified":"2025-12-11T10:11:22","modified_gmt":"2025-12-11T10:11:22","slug":"scaricatore-di-condensa-bekomat-31","status":"publish","type":"product","link":"https:\/\/dev.codekraft.it\/rotary-2024\/it\/prodotti\/accessori-compressori-daria-it\/trattamento-dellaria-compressa-it\/scaricatore-di-condensa-bekomat-31\/","title":{"rendered":"Scaricatore di condensa Bekomat 31"},"content":{"rendered":"<p>L\u2018aria compressa deve essere permanentemente caratterizzata da una buona qualit\u00e0, non importa per quale scopo la si utilizza. Ma: questa qualit\u00e0 viene pregiudicata dalla condensa presente nella rete dell\u2018aria compressa.<\/p>\n<p>Durante la produzione di aria compressa \u00e8 inevitabile la formazione di condensa. Infatti, pu\u00f2 mostrare un notevole contenuto d\u2018olio o essere priva d\u2018olio, ma di conseguenza aggressiva. Inoltre, \u00e8 contaminata da particelle di impurit\u00e0 (per esempio con ruggine) e altre impurit\u00e0 dannose. Pertanto, la preparazione dell\u2018aria compressa deve soddisfare massime aspettative. L\u2018unico obiettivo: eliminare la condensa con tutte le sue impurit\u00e0.<\/p>\n<p>Perch\u00e9 avete bisogno di uno scarico di condensa \u00abintelligente\u00bb? La condensa da aria compressa non si forma in quantitativi continui. Uno scarico affidabile ed intelligente, capace di adattarsi ai quantitativi risultanti, \u00e8 controllabile solamente se elimina effettivamente la condensa in tutti i punti in cui si forma all\u2018interno dell\u2018impianto pneumatico &#8211; e cio\u00e8 senza causare inutili perdite di pressione, aumentando di conseguenza i costi energetici.\u00a0<\/p>\n<ul>\n<li>Il controllore intelligente evita inutili perdite di pressione e consente in tal modo notevoli risparmi.<\/li>\n<li>L\u2018allacciamento alla rete dell\u2018aria compressa \u00e8 alquanto semplice, poich\u00e9 il raccordo di alimentazione e scarico sono disposti simmetricamente. Lo scarico \u00e8 possibile con il raccordo flessibile o la tubazione.<\/li>\n<li>Il sensore capacitivo non soggetto ad usura rileva ogni presenza di condensa &#8211; perfino d\u2018olio puro. Lo scarico \u00e8 possibile senza alcuni problemi anche in presenza di forte sporcizia.<\/li>\n<li>La centralina elettronica consiste in un modulo di rete integrato e l\u2018unit\u00e0 di controllo, che viene costantemente alimentata a bassa tensione 24 VDC.<\/li>\n<li>Il Bekomat possiede una funzione di auto-monitoraggio, un display a LED mostra con affidabilit\u00e0 tutte le condizioni d\u2018esercizio. Gli elementi di comando e il controllore sono protetti contro spruzzi d\u2018acqua secondo la classe di protezione IP 65.<\/li>\n<\/ul>\n","protected":false},"excerpt":{"rendered":"<p>Controllato dal livello, per compressori con portata fino a 90 m\u00b3\/min<\/p>\n","protected":false},"featured_media":280388,"template":"","meta":[],"product_cat":[1033622],"product_tag":[],"product_approvals":[],"product_application":[],"class_list":{"0":"post-385726","1":"product","2":"type-product","3":"status-publish","4":"has-post-thumbnail","6":"product_cat-trattamento-dellaria-compressa-it","8":"first","9":"instock","10":"shipping-taxable","11":"product-type-simple"},"approvals":[],"application":[],"brb_media_brochure":[{"id":374263,"url":"https:\/\/dev.codekraft.it\/rotary-2024\/wp-content\/uploads\/brb_media\/00359080_compressed-air-treatment-br-725514-de-2017-01-screen.pdf","title":"compressed air treatment br 725514 de 2017 01 screen","thumbnail":"https:\/\/dev.codekraft.it\/rotary-2024\/wp-content\/uploads\/brb_media\/00359080_compressed-air-treatment-br-725514-de-2017-01-screen-pdf-150x106.png","description":""},{"id":374264,"url":"https:\/\/dev.codekraft.it\/rotary-2024\/wp-content\/uploads\/brb_media\/00359081_compressed-air-treatment-br-109881-en-2017-01-screen.pdf","title":"compressed air treatment br 109881 en 2017 01 screen","thumbnail":"https:\/\/dev.codekraft.it\/rotary-2024\/wp-content\/uploads\/brb_media\/00359081_compressed-air-treatment-br-109881-en-2017-01-screen-pdf-150x106.png","description":""},{"id":374265,"url":"https:\/\/dev.codekraft.it\/rotary-2024\/wp-content\/uploads\/brb_media\/00359084_compressed-air-treatment-br-109884-es-2017-01-screen.pdf","title":"compressed air treatment br 109884 es 2017 01 screen","thumbnail":"https:\/\/dev.codekraft.it\/rotary-2024\/wp-content\/uploads\/brb_media\/00359084_compressed-air-treatment-br-109884-es-2017-01-screen-pdf-150x106.png","description":""},{"id":374266,"url":"https:\/\/dev.codekraft.it\/rotary-2024\/wp-content\/uploads\/brb_media\/00359082_compressed-air-treatment-br-109882-fr-2017-01-screen.pdf","title":"compressed air treatment br 109882 fr 2017 01 screen","thumbnail":"https:\/\/dev.codekraft.it\/rotary-2024\/wp-content\/uploads\/brb_media\/00359082_compressed-air-treatment-br-109882-fr-2017-01-screen-pdf-150x106.png","description":""},{"id":374267,"url":"https:\/\/dev.codekraft.it\/rotary-2024\/wp-content\/uploads\/brb_media\/00359083_compressed-air-treatment-br-109883-it-2017-01-screen.pdf","title":"compressed air treatment br 109883 it 2017 01 screen","thumbnail":"https:\/\/dev.codekraft.it\/rotary-2024\/wp-content\/uploads\/brb_media\/00359083_compressed-air-treatment-br-109883-it-2017-01-screen-pdf-150x106.png","description":""}],"brb_media_drawing":"","brb_media_manuals":[{"id":374268,"url":"https:\/\/dev.codekraft.it\/rotary-2024\/wp-content\/uploads\/brb_media\/00022094_condensate-drain-bekomat-21-im-om-de-en-fr-nl-2002-08-print.pdf","title":"condensate drain bekomat 21 im om de en fr nl 2002 08 print","thumbnail":"https:\/\/dev.codekraft.it\/rotary-2024\/wp-content\/uploads\/brb_media\/00022094_condensate-drain-bekomat-21-im-om-de-en-fr-nl-2002-08-print-pdf-106x150.png","description":""}],"brb_media_safety_datasheets":"","brb_media_spare_parts":[],"_cdmm_p_id":"967","_company":"Blitz","_gtin":"4057612586299","accessories":[],"components":[],"related":[],"similar":[],"lang":"it","translations":{"it":385726,"en":385723,"de":385724,"fr":385725,"es":385727,"ru":385728},"pll_sync_post":[],"_links":{"self":[{"href":"https:\/\/dev.codekraft.it\/rotary-2024\/wp-json\/wp\/v2\/product\/385726","targetHints":{"allow":["GET"]}}],"collection":[{"href":"https:\/\/dev.codekraft.it\/rotary-2024\/wp-json\/wp\/v2\/product"}],"about":[{"href":"https:\/\/dev.codekraft.it\/rotary-2024\/wp-json\/wp\/v2\/types\/product"}],"wp:featuredmedia":[{"embeddable":true,"href":"https:\/\/dev.codekraft.it\/rotary-2024\/wp-json\/wp\/v2\/media\/280388"}],"wp:attachment":[{"href":"https:\/\/dev.codekraft.it\/rotary-2024\/wp-json\/wp\/v2\/media?parent=385726"}],"wp:term":[{"taxonomy":"product_cat","embeddable":true,"href":"https:\/\/dev.codekraft.it\/rotary-2024\/wp-json\/wp\/v2\/product_cat?post=385726"},{"taxonomy":"product_tag","embeddable":true,"href":"https:\/\/dev.codekraft.it\/rotary-2024\/wp-json\/wp\/v2\/product_tag?post=385726"},{"taxonomy":"product_approvals","embeddable":true,"href":"https:\/\/dev.codekraft.it\/rotary-2024\/wp-json\/wp\/v2\/product_approvals?post=385726"},{"taxonomy":"product_application","embeddable":true,"href":"https:\/\/dev.codekraft.it\/rotary-2024\/wp-json\/wp\/v2\/product_application?post=385726"}],"curies":[{"name":"wp","href":"https:\/\/api.w.org\/{rel}","templated":true}]}}