{"id":385699,"date":"2025-12-11T13:24:47","date_gmt":"2025-12-11T13:24:47","guid":{"rendered":"https:\/\/dev.codekraft.it\/rotary-2024\/products\/uncategorized\/pont-elevateur-a-2-colonnes-spma35-x-2\/"},"modified":"2025-12-11T13:24:47","modified_gmt":"2025-12-11T13:24:47","slug":"pont-elevateur-a-2-colonnes-spma35-x-2","status":"publish","type":"product","link":"https:\/\/dev.codekraft.it\/rotary-2024\/fr\/produits\/ponts-elevateurs-fr\/ponts-elevateurs-a-2-colonnes-fr\/pont-elevateur-a-2-colonnes-spma35-x-2\/","title":{"rendered":"Pont \u00e9l\u00e9vateur \u00e0 2 colonnes SPMA35-X"},"content":{"rendered":"<p>Tomorrow Series &#8211; The way to the Future<\/p>\n<ul>\n<li>Fiables et puissants\u00a0: des performances \u00e0 toute \u00e9preuve m\u00eame dans des conditions exigeantes<\/li>\n<li>Flexibles et polyvalents : trois largeurs d&#8217;installation possibles pour satisfaire tous les besoins de l&#8217;atelier et applicables \u00e0 une grande vari\u00e9t\u00e9 de v\u00e9hicules<\/li>\n<li>Modernes et premium : un look contemporain se marie avec la qualit\u00e9 sup\u00e9rieure des composants<\/li>\n<\/ul>\n<p>Technologie r\u00e9vis\u00e9e avec un design moderne. Les ponts \u00e9l\u00e9vateurs \u00e0 2 colonnes de la Tomorrow Series de Rotary projettent votre atelier imm\u00e9diatement dans le futur. Test\u00e9s pour 20000 cycles et con\u00e7us pour la connexion Internet en ligne TEq-Link, votre atelier est pr\u00eat \u00e0 recevoir toutes les innovations encore \u00e0 venir.<\/p>\n<ul>\n<li>Entretien courant minimum : Les pi\u00e8ces de fonctionnement sont con\u00e7ues pour \u00eatre facilement remplac\u00e9es ou entretenues, ce qui r\u00e9duit le co\u00fbt de maintenance et le risque d\u2019erreur sur les composants critiques de s\u00e9curit\u00e9.<\/li>\n<li>S\u00e9curit\u00e9 et qualit\u00e9 garanties dans le temps : Le pont \u00e9l\u00e9vateur est \u00e9quip\u00e9 de composants de qualit\u00e9 sup\u00e9rieure qui garantissent durabilit\u00e9 et s\u00e9curit\u00e9 maximale pour l\u2019op\u00e9rateur.<\/li>\n<li>Installation intelligente et flexible : Am\u00e9lioration jusqu\u2019\u00e0 20 % du temps d\u2019installation. La synchronisation \u00e9lectronique permet d\u2019\u00e9viter l\u2019installation et le r\u00e9glage du c\u00e2ble d\u2019\u00e9galisation. Les ponts \u00e9l\u00e9vateurs peuvent \u00eatre install\u00e9s de mani\u00e8re flexible gr\u00e2ce \u00e0 trois positions r\u00e9glables en largeur.<\/li>\n<li>Utilisation rapide et simple : L\u2019aire de travail est priv\u00e9e d\u2019obstacles et toutes les op\u00e9rations peuvent \u00eatre effectu\u00e9es en toute s\u00e9curit\u00e9 et confortablement.<\/li>\n<li>TEq-Link connected workshop\n<ul>\n<li>Gestion du flux de travail<\/li>\n<li>Gestion des donn\u00e9es et\u00a0statistiques<\/li>\n<li>R\u00e9servation des t\u00e2ches<\/li>\n<li>Diagnostic en temps r\u00e9el<\/li>\n<li>Entretien pr\u00e9ventif<\/li>\n<\/ul>\n<\/li>\n<\/ul>\n<ul>\n<li>La g\u00e9om\u00e9trie des bras a \u00e9t\u00e9 con\u00e7ue pour le levage des\u00a0voitures urbaines jusqu&#8217;aux fourgonnettes moyennes \u00e0 empattement long.<\/li>\n<li>Le v\u00e9hicule peut \u00eatre plac\u00e9 par l\u2019arri\u00e8re sans craindre de l\u2019endommager.<\/li>\n<li>L\u2019op\u00e9rateur dispose d\u2019une vaste zone de chargement, sans devoir pousser et tirer le v\u00e9hicule pour trouver la bonne position de levage.<\/li>\n<li>Le pont \u00e9l\u00e9vateur est con\u00e7u de mani\u00e8re \u00e0 maximiser sa disposition tout en assurant un minimum d\u2019espace.<\/li>\n<li>Mont\u00e9e et descente contr\u00f4l\u00e9es en appuyant sur un bouton plac\u00e9 \u00e0 une hauteur ergonomique.<\/li>\n<li>Qualit\u00e9 sup\u00e9rieure des composants\u00a0:\n<ul>\n<li>Poulie en aluminium avec fonction de refroidissement.<\/li>\n<li>Roulements \u00e0 longue dur\u00e9e de vie.<\/li>\n<li>\u00c9crou porteur en bronze 50 % plus long.<\/li>\n<li>Moteurs avec carter de refroidissement renforc\u00e9.<\/li>\n<li>Robuste verrouillage automatique des bras.<\/li>\n<\/ul>\n<\/li>\n<\/ul>\n<ul>\n<li>Gr\u00e2ce \u00e0 la conception asym\u00e9trique des colonnes, les zones de chargement des bras se chevauchent, ce qui permet une grande flexibilit\u00e9 et un gain de temps lors du levage du v\u00e9hicule.<\/li>\n<li>Synchronisation \u00e9lectronique<\/li>\n<li>Remplacement de l\u2019\u00e9crou porteur : Nouvelle plaque de moteur qui permet le changement de la vis par l\u2019avant de la colonne en gardant la colonne debout.<\/li>\n<li>Bras courts \u00e0 3 sections et bras longs \u00e0 2 sections avec tampon en caoutchouc t\u00e9lescopique \u00e0 montage rapide<\/li>\n<li>\u00c9quip\u00e9 d\u2019un syst\u00e8me sonore anti-\u00e9crasement des pieds &#8211; Sans garde-pieds m\u00e9caniques<\/li>\n<\/ul>\n","protected":false},"excerpt":{"rendered":"<p>3,5 t, \u00e9lectrom\u00e9canique, colonnes tourn\u00e9es \u00e0 45\u00b0, asym\u00e9trique, bras longs \u00e0 2 sections, bras courts \u00e0 3 sections, TEq-Link<\/p>\n","protected":false},"featured_media":354030,"template":"","meta":[],"product_cat":[1033380],"product_tag":[1034197,1034180,1034163],"product_approvals":[],"product_application":[],"class_list":{"0":"post-385699","1":"product","2":"type-product","3":"status-publish","4":"has-post-thumbnail","6":"product_cat-ponts-elevateurs-a-2-colonnes-fr","7":"product_tag-motor-homes-fr","8":"product_tag-light-commercial-fr","9":"product_tag-passenger-cars-fr","11":"first","12":"instock","13":"shipping-taxable","14":"product-type-simple"},"approvals":[],"application":[],"brb_media_brochure":[{"id":354031,"url":"https:\/\/dev.codekraft.it\/rotary-2024\/wp-content\/uploads\/brb_media\/00511040_2-post-lifts-spma32-x-spma35-x-br-132362-de-2023-09-screen.pdf","title":"2 post lifts spma32 x spma35 x br 132362 de 2023 09 screen","thumbnail":"https:\/\/dev.codekraft.it\/rotary-2024\/wp-content\/uploads\/brb_media\/00511040_2-post-lifts-spma32-x-spma35-x-br-132362-de-2023-09-screen-pdf-106x150.png","description":""},{"id":354032,"url":"https:\/\/dev.codekraft.it\/rotary-2024\/wp-content\/uploads\/brb_media\/00511041_2-post-lifts-spma32-x-spma35-x-br-132363-en-2023-98-screen.pdf","title":"2 post lifts spma32 x spma35 x br 132363 en 2023 98 screen","thumbnail":"https:\/\/dev.codekraft.it\/rotary-2024\/wp-content\/uploads\/brb_media\/00511041_2-post-lifts-spma32-x-spma35-x-br-132363-en-2023-98-screen-pdf-106x150.png","description":""},{"id":354033,"url":"https:\/\/dev.codekraft.it\/rotary-2024\/wp-content\/uploads\/brb_media\/00511042_2-post-lifts-spma32-x-spma35-x-br-132364-fr-2023-09-screen.pdf","title":"2 post lifts spma32 x spma35 x br 132364 fr 2023 09 screen","thumbnail":"https:\/\/dev.codekraft.it\/rotary-2024\/wp-content\/uploads\/brb_media\/00511042_2-post-lifts-spma32-x-spma35-x-br-132364-fr-2023-09-screen-pdf-106x150.png","description":""},{"id":354034,"url":"https:\/\/dev.codekraft.it\/rotary-2024\/wp-content\/uploads\/brb_media\/00511043_2-post-lifts-spma32-x-spma35-x-br-132365-it-2023-09-screen.pdf","title":"2 post lifts spma32 x spma35 x br 132365 it 2023 09 screen","thumbnail":"https:\/\/dev.codekraft.it\/rotary-2024\/wp-content\/uploads\/brb_media\/00511043_2-post-lifts-spma32-x-spma35-x-br-132365-it-2023-09-screen-pdf-106x150.png","description":""},{"id":354035,"url":"https:\/\/dev.codekraft.it\/rotary-2024\/wp-content\/uploads\/brb_media\/00511044_2-post-lifts-spma32-x-spma35-x-br-132366-es-2023-09-screen.pdf","title":"2 post lifts spma32 x spma35 x br 132366 es 2023 09 screen","thumbnail":"https:\/\/dev.codekraft.it\/rotary-2024\/wp-content\/uploads\/brb_media\/00511044_2-post-lifts-spma32-x-spma35-x-br-132366-es-2023-09-screen-pdf-106x150.png","description":""},{"id":354036,"url":"https:\/\/dev.codekraft.it\/rotary-2024\/wp-content\/uploads\/brb_media\/00511045_2-post-lifts-spma32-x-spma35-x-br-132367-ru-2023-09-screen.pdf","title":"2 post lifts spma32 x spma35 x br 132367 ru 2023 09 screen","thumbnail":"https:\/\/dev.codekraft.it\/rotary-2024\/wp-content\/uploads\/brb_media\/00511045_2-post-lifts-spma32-x-spma35-x-br-132367-ru-2023-09-screen-pdf-106x150.png","description":""},{"id":354037,"url":"https:\/\/dev.codekraft.it\/rotary-2024\/wp-content\/uploads\/brb_media\/00510094_tomorrow-series-end-user-flyer-de-2023-07-screen.pdf","title":"Tomorrow series end user flyer de 2023 07 screen","thumbnail":"https:\/\/dev.codekraft.it\/rotary-2024\/wp-content\/uploads\/brb_media\/00510094_tomorrow-series-end-user-flyer-de-2023-07-screen-pdf-106x150.png","description":""},{"id":354038,"url":"https:\/\/dev.codekraft.it\/rotary-2024\/wp-content\/uploads\/brb_media\/00510093_tomorrow-series-end-user-flyer-en-2023-07-screen.pdf","title":"Tomorrow series end user flyer en 2023 07 screen","thumbnail":"https:\/\/dev.codekraft.it\/rotary-2024\/wp-content\/uploads\/brb_media\/00510093_tomorrow-series-end-user-flyer-en-2023-07-screen-pdf-106x150.png","description":""},{"id":354039,"url":"https:\/\/dev.codekraft.it\/rotary-2024\/wp-content\/uploads\/brb_media\/00510095_tomorrow-series-end-user-flyer-es-2023-07-screen.pdf","title":"Tomorrow series end user flyer es 2023 07 screen","thumbnail":"https:\/\/dev.codekraft.it\/rotary-2024\/wp-content\/uploads\/brb_media\/00510095_tomorrow-series-end-user-flyer-es-2023-07-screen-pdf-106x150.png","description":""},{"id":354040,"url":"https:\/\/dev.codekraft.it\/rotary-2024\/wp-content\/uploads\/brb_media\/00510096_tomorrow-series-end-user-flyer-fr-2023-07-screen.pdf","title":"Tomorrow series end user flyer fr 2023 07 screen","thumbnail":"https:\/\/dev.codekraft.it\/rotary-2024\/wp-content\/uploads\/brb_media\/00510096_tomorrow-series-end-user-flyer-fr-2023-07-screen-pdf-106x150.png","description":""},{"id":354041,"url":"https:\/\/dev.codekraft.it\/rotary-2024\/wp-content\/uploads\/brb_media\/00510097_tomorrow-series-end-user-flyer-it-2023-07-screen.pdf","title":"Tomorrow series end user flyer it 2023 07 screen","thumbnail":"https:\/\/dev.codekraft.it\/rotary-2024\/wp-content\/uploads\/brb_media\/00510097_tomorrow-series-end-user-flyer-it-2023-07-screen-pdf-106x150.png","description":""},{"id":354042,"url":"https:\/\/dev.codekraft.it\/rotary-2024\/wp-content\/uploads\/brb_media\/00510098_tomorrow-series-end-user-flyer-ru-2023-07-screen.pdf","title":"Tomorrow series end user flyer ru 2023 07 screen","thumbnail":"https:\/\/dev.codekraft.it\/rotary-2024\/wp-content\/uploads\/brb_media\/00510098_tomorrow-series-end-user-flyer-ru-2023-07-screen-pdf-106x150.png","description":""}],"brb_media_drawing":[{"id":354067,"url":"https:\/\/dev.codekraft.it\/rotary-2024\/wp-content\/uploads\/brb_media\/00509783_2-post-lift-spma35-pickup-matrix-0473_0711_0_02-2023-04.pdf","title":"2 post lift spma35 pickup matrix 0473 0711 0 02 2023 04","thumbnail":"https:\/\/dev.codekraft.it\/rotary-2024\/wp-content\/uploads\/brb_media\/00509783_2-post-lift-spma35-pickup-matrix-0473_0711_0_02-2023-04-pdf-150x106.png","description":""}],"brb_media_manuals":[{"id":354046,"url":"https:\/\/dev.codekraft.it\/rotary-2024\/wp-content\/uploads\/brb_media\/00510236_2-post-lifts-spma32-spma35-im-0473-m004-0-rev2-multi-2023-06.pdf","title":"2 post lifts spma32 spma35 im 0473 m004 0 rev2 multi 2023 06","thumbnail":"https:\/\/dev.codekraft.it\/rotary-2024\/wp-content\/uploads\/brb_media\/00510236_2-post-lifts-spma32-spma35-im-0473-m004-0-rev2-multi-2023-06-pdf-106x150.png","description":""}],"brb_media_safety_datasheets":"","brb_media_spare_parts":[],"_cdmm_p_id":"507229","_company":"Elektron","_gtin":"5063084992635","accessories":[{"id":383984,"cdmm_p_id":"502815","name":"Bac pour les outils","description":"Aimant\u00e9es | ensemble de plateaux | 1 jeu \/ 4 pi\u00e8ces","thumbnail":"https:\/\/dev.codekraft.it\/rotary-2024\/wp-content\/uploads\/brb_media\/00509504_2-post-lift-vsg2call902641-mi-150x150.png","url":"https:\/\/dev.codekraft.it\/rotary-2024\/fr\/produits\/accessoires-ponts-elevateurs-fr\/accessoires-ponts-elevateurs-a-2-colonnes-fr\/bac-pour-les-outils\/"},{"id":381088,"cdmm_p_id":"497214","name":"Kit tampons","description":"Plaque de support, support en caoutchouc, rond | \u00d8 80 mm | 1 jeu \/ 4 pi\u00e8ces","thumbnail":"https:\/\/dev.codekraft.it\/rotary-2024\/wp-content\/uploads\/brb_media\/00535980_2-post-lift-fj6216c-mi-150x150.png","url":"https:\/\/dev.codekraft.it\/rotary-2024\/fr\/produits\/accessoires-ponts-elevateurs-fr\/systemes-de-transport-prise-de-charge-fr\/kit-tampons-7\/"},{"id":382528,"cdmm_p_id":"500905","name":"Kit tampons","description":"Plaque de support, support en caoutchouc, rectangulaire | pour Tesla | 1 jeu \/ 4 pi\u00e8ces","thumbnail":"https:\/\/dev.codekraft.it\/rotary-2024\/wp-content\/uploads\/brb_media\/00505100_2-post-lift-vsg2call901538-mi-150x150.png","url":"https:\/\/dev.codekraft.it\/rotary-2024\/fr\/produits\/accessoires-ponts-elevateurs-fr\/systemes-de-transport-prise-de-charge-fr\/kit-tampons-8\/"},{"id":382534,"cdmm_p_id":"500906","name":"Kit tampons","description":"Plateau, champignon de centrage | pour Fiat 500E, 500 ABARTH | 2 niveaux | 1 jeu \/ 4 pi\u00e8ces","thumbnail":"https:\/\/dev.codekraft.it\/rotary-2024\/wp-content\/uploads\/brb_media\/00505105_2-post-lift-vsg2call902023-mi-150x150.png","url":"https:\/\/dev.codekraft.it\/rotary-2024\/fr\/produits\/accessoires-ponts-elevateurs-fr\/systemes-de-transport-prise-de-charge-fr\/kit-tampons-9\/"},{"id":382540,"cdmm_p_id":"500907","name":"Kit tampons","description":"Prisme | pour VW-MEB-Platform-V\u00e9hicules \u00e9lectriques | 1 jeu \/ 4 pi\u00e8ce","thumbnail":"https:\/\/dev.codekraft.it\/rotary-2024\/wp-content\/uploads\/brb_media\/00509505_2-post-lift-vsg2call902146-mi-150x150.png","url":"https:\/\/dev.codekraft.it\/rotary-2024\/fr\/produits\/accessoires-ponts-elevateurs-fr\/systemes-de-transport-prise-de-charge-fr\/kit-tampons-10\/"},{"id":382564,"cdmm_p_id":"500912","name":"Kit tampons","description":"Plateau, logement en U | 1 jeu \/ 4 pi\u00e8ces","thumbnail":"https:\/\/dev.codekraft.it\/rotary-2024\/wp-content\/uploads\/brb_media\/00505104_2-post-lift-vsg2call901330-mi-150x150.png","url":"https:\/\/dev.codekraft.it\/rotary-2024\/fr\/produits\/accessoires-ponts-elevateurs-fr\/systemes-de-transport-prise-de-charge-fr\/kit-tampons-11\/"},{"id":384184,"cdmm_p_id":"503070","name":"Kit tampons","description":"Prisme | pour Mercedes Classe G - l'avant et l'arri\u00e8re | 1 jeu \/ 4 pi\u00e8ces","thumbnail":"https:\/\/dev.codekraft.it\/rotary-2024\/wp-content\/uploads\/brb_media\/00511001_2-post-lift-vsg2call901859-mi-150x150.png","url":"https:\/\/dev.codekraft.it\/rotary-2024\/fr\/produits\/accessoires-ponts-elevateurs-fr\/systemes-de-transport-prise-de-charge-fr\/kit-tampons-14\/"},{"id":384178,"cdmm_p_id":"503068","name":"Kit tampons","description":"Mandrin | pour Fiat Ducato, Peugeot Boxer, Citro\u00ebn Jumper - avant et arri\u00e8re | 1 jeu \/ 4 pi\u00e8ces","thumbnail":"https:\/\/dev.codekraft.it\/rotary-2024\/wp-content\/uploads\/brb_media\/00510999_2-post-lift-vsg2call901606-mi-150x150.png","url":"https:\/\/dev.codekraft.it\/rotary-2024\/fr\/produits\/accessoires-ponts-elevateurs-fr\/systemes-de-transport-prise-de-charge-fr\/kit-tampons-13\/"},{"id":384172,"cdmm_p_id":"503067","name":"Kit tampons","description":"Prisme, mandrin | pour Mercedes Sprinter, VW Crafter | 1 jeu \/ 6 pi\u00e8ces","thumbnail":"https:\/\/dev.codekraft.it\/rotary-2024\/wp-content\/uploads\/brb_media\/00511000_2-post-lift-vsg2call901712-mi-150x150.png","url":"https:\/\/dev.codekraft.it\/rotary-2024\/fr\/produits\/accessoires-ponts-elevateurs-fr\/systemes-de-transport-prise-de-charge-fr\/kit-tampons-12\/"},{"id":384502,"cdmm_p_id":"503750","name":"Kit tampons","description":"Plaque de support, patin en caoutchouc, r\u00e9glable - pour un positionnement rapide sur 4 hauteurs | 4 \u00e9tages  | 1 jeu \/ 4 pi\u00e8ces","thumbnail":"https:\/\/dev.codekraft.it\/rotary-2024\/wp-content\/uploads\/brb_media\/00533780_2-post-lift-vsg-2call-902276-mi-01-150x150.png","url":"https:\/\/dev.codekraft.it\/rotary-2024\/fr\/produits\/accessoires-ponts-elevateurs-fr\/accessoires-ponts-elevateurs-a-2-colonnes-fr\/kit-tampons-15\/"},{"id":382546,"cdmm_p_id":"500908","name":"Entretoises pour tampons pour \u00e9l\u00e9vateurs \u00e9lectrom\u00e9caniques","description":"4 x 89 mm, 4 x 127 mm, y compris 2 supports pour le montage sur les colonnes | 1 jeu \/ 8 pi\u00e8ces","thumbnail":"https:\/\/dev.codekraft.it\/rotary-2024\/wp-content\/uploads\/brb_media\/00508736_2-post-lift-vsg2call901071-mi-150x150.png","url":"https:\/\/dev.codekraft.it\/rotary-2024\/fr\/produits\/accessoires-ponts-elevateurs-fr\/accessoires-ponts-elevateurs-a-2-colonnes-fr\/entretoises-pour-tampons-pour-elevateurs-electromecaniques\/"},{"id":382552,"cdmm_p_id":"500909","name":"Entretoises pour tampons","description":"4 x 200 mm, y compris support pour le montage sur les colonnes | 1 jeu \/ 4 pi\u00e8ces","thumbnail":"https:\/\/dev.codekraft.it\/rotary-2024\/wp-content\/uploads\/brb_media\/00505099_2-post-lift-vsg2call901248-mi-150x150.png","url":"https:\/\/dev.codekraft.it\/rotary-2024\/fr\/produits\/accessoires-ponts-elevateurs-fr\/accessoires-ponts-elevateurs-a-2-colonnes-fr\/entretoises-pour-tampons\/"},{"id":382558,"cdmm_p_id":"500910","name":"Kit adaptateurs","description":"Kit adaptateurs pour tampons pour prise chassis \u00d8 120 mm (1 jeu, 2 pi\u00e8ces), pour plateau tournant","thumbnail":"https:\/\/dev.codekraft.it\/rotary-2024\/wp-content\/uploads\/brb_media\/00524050_2-post-lift-fj6353-1-mi-150x150.png","url":"https:\/\/dev.codekraft.it\/rotary-2024\/fr\/produits\/accessoires-ponts-elevateurs-fr\/accessoires-ponts-elevateurs-a-2-colonnes-fr\/kit-adaptateurs\/"},{"id":383972,"cdmm_p_id":"502811","name":"Kit de supports pour rehausser les v\u00e9hicules","description":"Hauteur de rampe 60 mm, pour v\u00e9hicules extr\u00eamement bas | 1 jeu \/ 2 pi\u00e8ces","thumbnail":"https:\/\/dev.codekraft.it\/rotary-2024\/wp-content\/uploads\/brb_media\/00509501_2-post-lift-vsg2call902818-mi-150x150.png","url":"https:\/\/dev.codekraft.it\/rotary-2024\/fr\/produits\/accessoires-ponts-elevateurs-fr\/accessoires-ponts-elevateurs-a-2-colonnes-fr\/kit-de-supports-pour-rehausser-les-vehicules\/"},{"id":383978,"cdmm_p_id":"502814","name":"Kit de supports pour le contr\u00f4le de g\u00e9om\u00e9trie","description":"1 jeu \/ 4 pi\u00e8ces","thumbnail":"https:\/\/dev.codekraft.it\/rotary-2024\/wp-content\/uploads\/brb_media\/00509503_2-post-lift-vsg2call902085-mi-150x150.png","url":"https:\/\/dev.codekraft.it\/rotary-2024\/fr\/produits\/accessoires-ponts-elevateurs-fr\/accessoires-ponts-elevateurs-a-2-colonnes-fr\/kit-de-supports-pour-le-controle-de-geometrie\/"},{"id":384190,"cdmm_p_id":"503071","name":"Support d&#039;outil","description":"Support pour outillage pneumatique, ergonomique","thumbnail":"https:\/\/dev.codekraft.it\/rotary-2024\/wp-content\/uploads\/brb_media\/00511003_2-post-lift-vsg2call902511-mi-150x150.png","url":"https:\/\/dev.codekraft.it\/rotary-2024\/fr\/produits\/accessoires-ponts-elevateurs-fr\/accessoires-ponts-elevateurs-a-2-colonnes-fr\/support-doutil\/"},{"id":382583,"cdmm_p_id":"500916","name":"Anneau pour le d\u00e9placement des colonnes","description":"3,5 t - 4,2 t | Facilite l'installation du pont \u00e9l\u00e9vateur ; r\u00e9utilisable pour d'autres installations | 1 jeu","thumbnail":"https:\/\/dev.codekraft.it\/rotary-2024\/wp-content\/uploads\/brb_media\/00512726_2-post-lift-vsg2celm901927-mi-01-150x150.png","url":"https:\/\/dev.codekraft.it\/rotary-2024\/fr\/produits\/accessoires-ponts-elevateurs-fr\/accessoires-ponts-elevateurs-a-2-colonnes-fr\/anneau-pour-le-deplacement-des-colonnes\/"},{"id":382577,"cdmm_p_id":"500915","name":"R\u00e9glage de la hauteur de la barre transversale","description":"Kit pour augmenter la hauteur de passage a\u00e9rien des c\u00e2bles jusqu'\u00e0 + 1,5 m | pour les plateformes \u00e0 vis | 1 jeu","thumbnail":"https:\/\/dev.codekraft.it\/rotary-2024\/wp-content\/uploads\/brb_media\/00509506_2-post-lift-vsg2celm902344-mi-150x150.png","url":"https:\/\/dev.codekraft.it\/rotary-2024\/fr\/produits\/accessoires-ponts-elevateurs-fr\/accessoires-ponts-elevateurs-a-2-colonnes-fr\/reglage-de-la-hauteur-de-la-barre-transversale\/"},{"id":382571,"cdmm_p_id":"500914","name":"Kit plaques de r\u00e9partition","description":"3,5 t | permet d'installer le pont \u00e9l\u00e9vateur m\u00eame sur de dalle de faible \u00e9paisseur | 1 jeu \/ 2 pi\u00e8ces","thumbnail":"https:\/\/dev.codekraft.it\/rotary-2024\/wp-content\/uploads\/brb_media\/00533778_2-post-lift-vsg-2call-901378-mi-150x150.png","url":"https:\/\/dev.codekraft.it\/rotary-2024\/fr\/produits\/accessoires-ponts-elevateurs-fr\/accessoires-ponts-elevateurs-a-2-colonnes-fr\/kit-plaques-de-repartition\/"},{"id":382849,"cdmm_p_id":"502422","name":"Passage des c\u00e2bles au sol","description":"Permet d'enterrer les c\u00e2bles de connexion | 1 pi\u00e8ce","thumbnail":"https:\/\/dev.codekraft.it\/rotary-2024\/wp-content\/uploads\/brb_media\/00507202_2-post-lift-vsg2celm902498-mi-150x150.png","url":"https:\/\/dev.codekraft.it\/rotary-2024\/fr\/produits\/accessoires-ponts-elevateurs-fr\/accessoires-ponts-elevateurs-a-2-colonnes-fr\/passage-des-cables-au-sol\/"},{"id":384160,"cdmm_p_id":"503065","name":"Plaques de r\u00e9partition","description":"3,2 t | permet d'installer le pont \u00e9l\u00e9vateur m\u00eame sur de dalle de faible \u00e9paisseur | 1 jeu \/ 2 pi\u00e8ces","thumbnail":"https:\/\/dev.codekraft.it\/rotary-2024\/wp-content\/uploads\/brb_media\/00533777_2-post-lift-vsg-2call-901361-mi-150x150.png","url":"https:\/\/dev.codekraft.it\/rotary-2024\/fr\/produits\/accessoires-ponts-elevateurs-fr\/accessoires-ponts-elevateurs-a-2-colonnes-fr\/plaques-de-repartition-2\/"}],"components":[],"related":[],"similar":[{"id":381662,"cdmm_p_id":"499576","name":"Pont \u00e9l\u00e9vateur \u00e0 2 colonnes SPMA35-XE","description":"3,5 t, \u00e9lectrom\u00e9canique, colonnes tourn\u00e9es \u00e0 45\u00b0, double panneau de commande, bras longs \u00e0 2 sections, bras courts \u00e0 3 sections, asym\u00e9trique, TEq-Link, kit d'\u00e9nergie","thumbnail":"https:\/\/dev.codekraft.it\/rotary-2024\/wp-content\/uploads\/brb_media\/00509790_2-post-lifts-spma32-35-mi-01-150x150.png","url":"https:\/\/dev.codekraft.it\/rotary-2024\/fr\/produits\/ponts-elevateurs-fr\/ponts-elevateurs-a-2-colonnes-fr\/pont-elevateur-a-2-colonnes-spma35-xe\/"},{"id":384072,"cdmm_p_id":"502953","name":"Pont \u00e9l\u00e9vateur \u00e0 2 colonnes SPMA35-XEV","description":"3,5 t, \u00e9lectrom\u00e9canique, asym\u00e9trique, double panneau de commande, colonnes tourn\u00e9es \u00e0 45\u00b0, bras EV, TEq-Link, kit d'\u00e9nergie","thumbnail":"https:\/\/dev.codekraft.it\/rotary-2024\/wp-content\/uploads\/brb_media\/00510247_2-post-lift-spma35-xev-mi-150x150.png","url":"https:\/\/dev.codekraft.it\/rotary-2024\/fr\/produits\/ponts-elevateurs-fr\/ponts-elevateurs-a-2-colonnes-fr\/pont-elevateur-a-2-colonnes-spma35-xev\/"},{"id":382522,"cdmm_p_id":"500904","name":"Pont \u00e9l\u00e9vateur \u00e0 2 colonnes SPM32-E","description":"3,2 t, \u00e9lectrom\u00e9canique, sym\u00e9trique, bras longs \u00e0 2 sections, bras courts \u00e0 3 sections","thumbnail":"https:\/\/dev.codekraft.it\/rotary-2024\/wp-content\/uploads\/brb_media\/00505125_2-post-lift-tomorrow-series-spm32-e-mi-02-150x150.png","url":"https:\/\/dev.codekraft.it\/rotary-2024\/fr\/produits\/ponts-elevateurs-fr\/ponts-elevateurs-a-2-colonnes-fr\/pont-elevateur-a-2-colonnes-spm32-e\/"}],"page_logo_src":"https:\/\/dev.codekraft.it\/rotary-2024\/wp-content\/uploads\/2024\/05\/cropped-rotary-logo-2022.png","lang":"fr","translations":{"fr":385699,"en":385697,"de":385698,"it":385700,"es":385701,"ru":385702},"pll_sync_post":[],"_links":{"self":[{"href":"https:\/\/dev.codekraft.it\/rotary-2024\/wp-json\/wp\/v2\/product\/385699","targetHints":{"allow":["GET"]}}],"collection":[{"href":"https:\/\/dev.codekraft.it\/rotary-2024\/wp-json\/wp\/v2\/product"}],"about":[{"href":"https:\/\/dev.codekraft.it\/rotary-2024\/wp-json\/wp\/v2\/types\/product"}],"wp:featuredmedia":[{"embeddable":true,"href":"https:\/\/dev.codekraft.it\/rotary-2024\/wp-json\/wp\/v2\/media\/354030"}],"wp:attachment":[{"href":"https:\/\/dev.codekraft.it\/rotary-2024\/wp-json\/wp\/v2\/media?parent=385699"}],"wp:term":[{"taxonomy":"product_cat","embeddable":true,"href":"https:\/\/dev.codekraft.it\/rotary-2024\/wp-json\/wp\/v2\/product_cat?post=385699"},{"taxonomy":"product_tag","embeddable":true,"href":"https:\/\/dev.codekraft.it\/rotary-2024\/wp-json\/wp\/v2\/product_tag?post=385699"},{"taxonomy":"product_approvals","embeddable":true,"href":"https:\/\/dev.codekraft.it\/rotary-2024\/wp-json\/wp\/v2\/product_approvals?post=385699"},{"taxonomy":"product_application","embeddable":true,"href":"https:\/\/dev.codekraft.it\/rotary-2024\/wp-json\/wp\/v2\/product_application?post=385699"}],"curies":[{"name":"wp","href":"https:\/\/api.w.org\/{rel}","templated":true}]}}