{"id":385686,"date":"2025-12-11T10:04:35","date_gmt":"2025-12-11T10:04:35","guid":{"rendered":"https:\/\/dev.codekraft.it\/rotary-2024\/products\/uncategorized\/2-saulen-hebebuhne-spm32-s-2\/"},"modified":"2025-12-11T10:04:35","modified_gmt":"2025-12-11T10:04:35","slug":"2-saulen-hebebuhne-spm32-s-2","status":"publish","type":"product","link":"https:\/\/dev.codekraft.it\/rotary-2024\/produkte\/hebebuhnen-de\/2-saulen-hebebuhnen-de\/2-saulen-hebebuhne-spm32-s-2\/","title":{"rendered":"2-S\u00e4ulen-Hebeb\u00fchne SPM32-S"},"content":{"rendered":"<p>Tomorrow Series &#8211; The Way to the Future<\/p>\n<ul>\n<li>Zuverl\u00e4ssig und leistungsstark: Gleichbleibende Leistung auch unter anspruchsvollen Bedingungen<\/li>\n<li>Flexibel und vielseitig: Drei m\u00f6gliche Aufbaubreiten decken jeden Werkstattbedarf ab und eignen sich f\u00fcr eine Vielzahl von verschiedenen Fahrzeugen<\/li>\n<li>Modern und hochwertig: Ein moderner Look trifft auf die hochwertige Qualit\u00e4t der Komponenten<\/li>\n<\/ul>\n<p>Verbesserte Technologie in modernem Design. Die 2-S\u00e4ulen-Hebeb\u00fchnen der Tomorrow-Serie von Rotary f\u00fchren Ihre Werkstatt direkt in die Zukunft. Mit 20000 Hub-Zyklen getestet und f\u00fcr die Online-Internetverbindung TEq-Link konzipiert, ist Ihre Werkstatt auf alle zuk\u00fcnftigen Innovationen vorbereitet.<\/p>\n<ul>\n<li>Tragf\u00e4higer Untergrund: Die Installation ist auch auf B\u00f6den mit mangelnder Ebenheit oder unzureichender Tragf\u00e4higkeit und Zementdicke m\u00f6glich*. (*Siehe die Anleitung f\u00fcr die Installationsbedingungen.)<\/li>\n<li>Niedrige Aufnahmefl\u00e4che: H 50 mm.<\/li>\n<\/ul>\n<ul>\n<li>Minimale Wartungsanspr\u00fcche: Die Funktionsteile lassen sich leicht austauschen oder warten, wodurch die Gesamtbetriebskosten und das Risiko von St\u00f6rungen an sicherheitskritischen Komponenten reduziert werden.<\/li>\n<li>Dauerhaft garantierte Sicherheit und Qualit\u00e4t: Die Hebeb\u00fchne ist mit hochwertigen Komponenten ausgestattet, die eine lange Nutzungsdauer und maximale Sicherheit f\u00fcr den Bediener garantieren.<\/li>\n<\/ul>\n<ul>\n<li>Ausgestattet mit einem akustischen Fu\u00dfschutzsystem &#8211; Frei von mechanischen Fu\u00dfschutzvorrichtungen.<\/li>\n<li>Interne, auf geschmierten Gleitschienen laufende Schlitten, die gegen \u00e4u\u00dfere Einfl\u00fcsse gesch\u00fctzt sind, wodurch eine l\u00e4ngere Nutzungsdauer der Gleitsteine gew\u00e4hrleistet wird.<\/li>\n<li>Dank der neuen S\u00e4ulengeometrie kann die Spindel von der Vorderseite der stehenden S\u00e4ule aus entfernt werden.<\/li>\n<li>Die Geometrie der Tragarme erm\u00f6glicht das Hochheben von Kleinstfahrzeugen bis zu gro\u00dfen Limousinen mit langem Radstand.<\/li>\n<li>Tragf\u00e4higkeit: 3,2 t.<\/li>\n<li>Kurze 3-teilige Tragarme und lange 2-teilige Tragarme mit schnell montierbarem Teleskop-Gummitragteller.<\/li>\n<li>Elektronische Synchronisierung.<\/li>\n<li>Schutz aus Gummi.<\/li>\n<li>Aluminium-Riemenscheibe mit K\u00fchlfunktion.<\/li>\n<li>Langlebige Lager.<\/li>\n<li>50 % l\u00e4ngere Bronze-Tragmutter.<\/li>\n<li>Motoren mit verst\u00e4rktem Geh\u00e4use und K\u00fchlk\u00f6rper.<\/li>\n<li>Robuste automatische Armverriegelung.<\/li>\n<\/ul>\n","protected":false},"excerpt":{"rendered":"<p>3,2 t, elektromechanisch, tragender Grundrahmen, S\u00e4ulen symmetrisch, Tragarme asymmetrisch, lange 2-teilige Tragarme, kurze 3-teilige Tragarme, TEq-Link<\/p>\n","protected":false},"featured_media":355821,"template":"","meta":[],"product_cat":[1033360],"product_tag":[1034161],"product_approvals":[],"product_application":[],"class_list":{"0":"post-385686","1":"product","2":"type-product","3":"status-publish","4":"has-post-thumbnail","6":"product_cat-2-saulen-hebebuhnen-de","7":"product_tag-passenger-cars-de","9":"first","10":"instock","11":"shipping-taxable","12":"product-type-simple"},"approvals":[],"application":[],"brb_media_brochure":[{"id":384293,"url":"https:\/\/dev.codekraft.it\/rotary-2024\/wp-content\/uploads\/brb_media\/00539857_2-post-lift-spm32-c-spm32-s-br-133057-de-2025-03-screen.pdf","title":"2 Post Lift SPM32 C SPM32 S BR 133057 de 2025 03 screen","thumbnail":"https:\/\/dev.codekraft.it\/rotary-2024\/wp-content\/uploads\/brb_media\/00539857_2-post-lift-spm32-c-spm32-s-br-133057-de-2025-03-screen-pdf-106x150.png","description":""},{"id":384294,"url":"https:\/\/dev.codekraft.it\/rotary-2024\/wp-content\/uploads\/brb_media\/00539858_2-post-lift-spm32-c-spm32-s-br-133058-en-2025-03-screen.pdf","title":"2 Post Lift SPM32 C SPM32 S BR 133058 en 2025 03 screen","thumbnail":"https:\/\/dev.codekraft.it\/rotary-2024\/wp-content\/uploads\/brb_media\/00539858_2-post-lift-spm32-c-spm32-s-br-133058-en-2025-03-screen-pdf-106x150.png","description":""},{"id":384295,"url":"https:\/\/dev.codekraft.it\/rotary-2024\/wp-content\/uploads\/brb_media\/00539859_2-post-lift-spm32-c-spm32-s-br-133059-fr-2025-03-screen.pdf","title":"2 Post Lift SPM32 C SPM32 S BR 133059 fr 2025 03 screen","thumbnail":"https:\/\/dev.codekraft.it\/rotary-2024\/wp-content\/uploads\/brb_media\/00539859_2-post-lift-spm32-c-spm32-s-br-133059-fr-2025-03-screen-pdf-106x150.png","description":""},{"id":384296,"url":"https:\/\/dev.codekraft.it\/rotary-2024\/wp-content\/uploads\/brb_media\/00539860_2-post-lift-spm32-c-spm32-s-br-133060-it-2025-03-screen.pdf","title":"2 Post Lift SPM32 C SPM32 S BR 133060 it 2025 03 screen","thumbnail":"https:\/\/dev.codekraft.it\/rotary-2024\/wp-content\/uploads\/brb_media\/00539860_2-post-lift-spm32-c-spm32-s-br-133060-it-2025-03-screen-pdf-106x150.png","description":""},{"id":384297,"url":"https:\/\/dev.codekraft.it\/rotary-2024\/wp-content\/uploads\/brb_media\/00539861_2-post-lift-spm32-c-spm32-s-br-133061-es-2025-03-screen.pdf","title":"2 Post Lift SPM32 C SPM32 S BR 133061 es 2025 03 screen","thumbnail":"https:\/\/dev.codekraft.it\/rotary-2024\/wp-content\/uploads\/brb_media\/00539861_2-post-lift-spm32-c-spm32-s-br-133061-es-2025-03-screen-pdf-106x150.png","description":""},{"id":384298,"url":"https:\/\/dev.codekraft.it\/rotary-2024\/wp-content\/uploads\/brb_media\/00539862_2-post-lift-spm32-c-spm32-s-br-133062-ru-2025-03-screen.pdf","title":"2 Post Lift SPM32 C SPM32 S BR 133062 ru 2025 03 screen","thumbnail":"https:\/\/dev.codekraft.it\/rotary-2024\/wp-content\/uploads\/brb_media\/00539862_2-post-lift-spm32-c-spm32-s-br-133062-ru-2025-03-screen-pdf-106x150.png","description":""}],"brb_media_drawing":[{"id":355830,"url":"https:\/\/dev.codekraft.it\/rotary-2024\/wp-content\/uploads\/brb_media\/00520097_2-post-lift-spm32-s-td-0474_0703_1_01-en-2023-11.pdf","title":"2 post lift SPM32 S TD 0474 0703 1 01 en 2023 11","thumbnail":"https:\/\/dev.codekraft.it\/rotary-2024\/wp-content\/uploads\/brb_media\/00520097_2-post-lift-spm32-s-td-0474_0703_1_01-en-2023-11-pdf-150x107.png","description":""}],"brb_media_manuals":[{"id":355829,"url":"https:\/\/dev.codekraft.it\/rotary-2024\/wp-content\/uploads\/brb_media\/00520115_2-post-lift-spm32-s-im-0474-m006-0-rev0-multi-2023-05.pdf","title":"2 post lift SPM32 S IM 0474 M006 0 rev0 multi 2023 05","thumbnail":"https:\/\/dev.codekraft.it\/rotary-2024\/wp-content\/uploads\/brb_media\/00520115_2-post-lift-spm32-s-im-0474-m006-0-rev0-multi-2023-05-pdf-106x150.png","description":""}],"brb_media_safety_datasheets":"","brb_media_spare_parts":[],"_cdmm_p_id":"507227","_company":"Elektron","_gtin":"5063084993243","accessories":[{"id":383983,"cdmm_p_id":"502815","name":"Werkzeug-Ablageschalen","description":"Magnetisch | 1 Satz \/ 2 St\u00fcck","thumbnail":"https:\/\/dev.codekraft.it\/rotary-2024\/wp-content\/uploads\/brb_media\/00509504_2-post-lift-vsg2call902641-mi-150x150.png","url":"https:\/\/dev.codekraft.it\/rotary-2024\/produkte\/zubehor-hebebuhnen-de\/zubehor-2-saulen-hebebuhnen-de\/werkzeug-ablageschalen\/"},{"id":381087,"cdmm_p_id":"497214","name":"Aufnahmeadapter","description":"Tragteller, Gummiauflage, rund | \u00d8 80 mm | 1 Satz \/ 4 St\u00fcck","thumbnail":"https:\/\/dev.codekraft.it\/rotary-2024\/wp-content\/uploads\/brb_media\/00535980_2-post-lift-fj6216c-mi-150x150.png","url":"https:\/\/dev.codekraft.it\/rotary-2024\/produkte\/zubehor-hebebuhnen-de\/lastaufnahmemittel-de\/aufnahmeadapter-7\/"},{"id":382527,"cdmm_p_id":"500905","name":"Aufnahmeadapter","description":"Tragteller, Gummiauflage, rechteckig | f\u00fcr Tesla | 1 Satz \/ 4 St\u00fcck","thumbnail":"https:\/\/dev.codekraft.it\/rotary-2024\/wp-content\/uploads\/brb_media\/00505100_2-post-lift-vsg2call901538-mi-150x150.png","url":"https:\/\/dev.codekraft.it\/rotary-2024\/produkte\/zubehor-hebebuhnen-de\/lastaufnahmemittel-de\/aufnahmeadapter-8\/"},{"id":382533,"cdmm_p_id":"500906","name":"Aufnahmeadapter","description":"Tragteller, Zentrierpilz | f\u00fcr Fiat 500E, 500 ABARTH | 2-stufig | 1 Satz \/ 4 St\u00fcck","thumbnail":"https:\/\/dev.codekraft.it\/rotary-2024\/wp-content\/uploads\/brb_media\/00505105_2-post-lift-vsg2call902023-mi-150x150.png","url":"https:\/\/dev.codekraft.it\/rotary-2024\/produkte\/zubehor-hebebuhnen-de\/lastaufnahmemittel-de\/aufnahmeadapter-9\/"},{"id":382539,"cdmm_p_id":"500907","name":"Aufnahmeadapter","description":"Prisma | f\u00fcr VW-MEB-Plattform-E-Fahrzeuge | 1 Satz \/ 4 St\u00fcck","thumbnail":"https:\/\/dev.codekraft.it\/rotary-2024\/wp-content\/uploads\/brb_media\/00509505_2-post-lift-vsg2call902146-mi-150x150.png","url":"https:\/\/dev.codekraft.it\/rotary-2024\/produkte\/zubehor-hebebuhnen-de\/lastaufnahmemittel-de\/aufnahmeadapter-10\/"},{"id":382563,"cdmm_p_id":"500912","name":"Aufnahmeadapter","description":"Tragteller, U-Aufnahme | 1 Satz \/ 4 St\u00fcck","thumbnail":"https:\/\/dev.codekraft.it\/rotary-2024\/wp-content\/uploads\/brb_media\/00505104_2-post-lift-vsg2call901330-mi-150x150.png","url":"https:\/\/dev.codekraft.it\/rotary-2024\/produkte\/zubehor-hebebuhnen-de\/lastaufnahmemittel-de\/aufnahmeadapter-11\/"},{"id":384183,"cdmm_p_id":"503070","name":"Aufnahmeadapter","description":"Prisma | f\u00fcr Mercedes G-Klasse - vorn und hinten | 1 Satz \/ 4 St\u00fcck","thumbnail":"https:\/\/dev.codekraft.it\/rotary-2024\/wp-content\/uploads\/brb_media\/00511001_2-post-lift-vsg2call901859-mi-150x150.png","url":"https:\/\/dev.codekraft.it\/rotary-2024\/produkte\/zubehor-hebebuhnen-de\/lastaufnahmemittel-de\/aufnahmeadapter-14\/"},{"id":384177,"cdmm_p_id":"503068","name":"Aufnahmeadapter","description":"Dorn | f\u00fcr Fiat Ducato, Peugeot Boxer, Citro\u00ebn Jumper - vorn und hinten | 1 Satz \/ 4 St\u00fcck","thumbnail":"https:\/\/dev.codekraft.it\/rotary-2024\/wp-content\/uploads\/brb_media\/00510999_2-post-lift-vsg2call901606-mi-150x150.png","url":"https:\/\/dev.codekraft.it\/rotary-2024\/produkte\/zubehor-hebebuhnen-de\/lastaufnahmemittel-de\/aufnahmeadapter-13\/"},{"id":384171,"cdmm_p_id":"503067","name":"Aufnahmeadapter","description":"Prisma, Dorn | f\u00fcr Mercedes Sprinter, VW Crafter | 1 Satz \/ 6 St\u00fcck","thumbnail":"https:\/\/dev.codekraft.it\/rotary-2024\/wp-content\/uploads\/brb_media\/00511000_2-post-lift-vsg2call901712-mi-150x150.png","url":"https:\/\/dev.codekraft.it\/rotary-2024\/produkte\/zubehor-hebebuhnen-de\/lastaufnahmemittel-de\/aufnahmeadapter-12\/"},{"id":384501,"cdmm_p_id":"503750","name":"Aufnahmeadapter","description":"Tragteller, Gummiauflage, verstellbar - zur schnellen Positionierung auf 4 Unterschwenkh\u00f6hen | 4-stufig | 1 Satz \/ 4 St\u00fcck","thumbnail":"https:\/\/dev.codekraft.it\/rotary-2024\/wp-content\/uploads\/brb_media\/00533780_2-post-lift-vsg-2call-902276-mi-01-150x150.png","url":"https:\/\/dev.codekraft.it\/rotary-2024\/produkte\/zubehor-hebebuhnen-de\/zubehor-2-saulen-hebebuhnen-de\/aufnahmeadapter-16\/"},{"id":382545,"cdmm_p_id":"500908","name":"Adapterverl\u00e4ngerungen f\u00fcr elektromechanische Hebeb\u00fchnen","description":"4 x 89 mm, 4 x 127 mm, inkl. 2 Halterungen zur Montage an den S\u00e4ulen | 1 Satz \/ 8 St\u00fcck","thumbnail":"https:\/\/dev.codekraft.it\/rotary-2024\/wp-content\/uploads\/brb_media\/00508736_2-post-lift-vsg2call901071-mi-150x150.png","url":"https:\/\/dev.codekraft.it\/rotary-2024\/produkte\/zubehor-hebebuhnen-de\/zubehor-2-saulen-hebebuhnen-de\/adapterverlangerungen-fur-elektromechanische-hebebuhnen\/"},{"id":382551,"cdmm_p_id":"500909","name":"Adapterverl\u00e4ngerungen","description":"4 x 200 mm, inkl. Halterung zur Montage an den S\u00e4ulen | 1 Satz \/ 4 St\u00fcck","thumbnail":"https:\/\/dev.codekraft.it\/rotary-2024\/wp-content\/uploads\/brb_media\/00505099_2-post-lift-vsg2call901248-mi-150x150.png","url":"https:\/\/dev.codekraft.it\/rotary-2024\/produkte\/zubehor-hebebuhnen-de\/zubehor-2-saulen-hebebuhnen-de\/adapterverlangerungen-3\/"},{"id":382557,"cdmm_p_id":"500910","name":"Adapter-Satz","description":"Adapter-Satz f\u00fcr Tragteller zur Rahmenaufnahme \u00d8 120 mm (1 Satz, 2 St.)","thumbnail":"https:\/\/dev.codekraft.it\/rotary-2024\/wp-content\/uploads\/brb_media\/00524050_2-post-lift-fj6353-1-mi-150x150.png","url":"https:\/\/dev.codekraft.it\/rotary-2024\/produkte\/zubehor-hebebuhnen-de\/zubehor-2-saulen-hebebuhnen-de\/adapter-satz\/"},{"id":383971,"cdmm_p_id":"502811","name":"Rampen","description":"Rampenh\u00f6he 60 mm, f\u00fcr extrem niedrige Fahrzeuge | 1 Satz \/ 4 St\u00fcck","thumbnail":"https:\/\/dev.codekraft.it\/rotary-2024\/wp-content\/uploads\/brb_media\/00509501_2-post-lift-vsg2call902818-mi-150x150.png","url":"https:\/\/dev.codekraft.it\/rotary-2024\/produkte\/zubehor-hebebuhnen-de\/zubehor-2-saulen-hebebuhnen-de\/rampen\/"},{"id":383977,"cdmm_p_id":"502814","name":"Achsmessb\u00f6cke","description":"1 Satz \/ 4 St\u00fcck","thumbnail":"https:\/\/dev.codekraft.it\/rotary-2024\/wp-content\/uploads\/brb_media\/00509503_2-post-lift-vsg2call902085-mi-150x150.png","url":"https:\/\/dev.codekraft.it\/rotary-2024\/produkte\/zubehor-hebebuhnen-de\/zubehor-2-saulen-hebebuhnen-de\/achsmessbocke\/"},{"id":384189,"cdmm_p_id":"503071","name":"Werkzeughalterung","description":"Ergonomische Halterung f\u00fcr Druckluftschrauber","thumbnail":"https:\/\/dev.codekraft.it\/rotary-2024\/wp-content\/uploads\/brb_media\/00511003_2-post-lift-vsg2call902511-mi-150x150.png","url":"https:\/\/dev.codekraft.it\/rotary-2024\/produkte\/zubehor-hebebuhnen-de\/zubehor-2-saulen-hebebuhnen-de\/werkzeughalterung\/"},{"id":382582,"cdmm_p_id":"500916","name":"Montagevorrichtung","description":"3,2 t - 4,2 t | f\u00fcr eine leichtere Montage der Hebeb\u00fchne, kann auch f\u00fcr andere Installationen wiederverwendet werden | 1 Satz","thumbnail":"https:\/\/dev.codekraft.it\/rotary-2024\/wp-content\/uploads\/brb_media\/00512726_2-post-lift-vsg2celm901927-mi-01-150x150.png","url":"https:\/\/dev.codekraft.it\/rotary-2024\/produkte\/zubehor-hebebuhnen-de\/zubehor-2-saulen-hebebuhnen-de\/montagevorrichtung\/"},{"id":382576,"cdmm_p_id":"500915","name":"Galgenerh\u00f6hung","description":"Bausatz zur Erh\u00f6hung der Oberleitungskabeldurchf\u00fchrung um bis zu +1,5 m | f\u00fcr Spindelb\u00fchnen | 1 Satz","thumbnail":"https:\/\/dev.codekraft.it\/rotary-2024\/wp-content\/uploads\/brb_media\/00509506_2-post-lift-vsg2celm902344-mi-150x150.png","url":"https:\/\/dev.codekraft.it\/rotary-2024\/produkte\/zubehor-hebebuhnen-de\/zubehor-2-saulen-hebebuhnen-de\/galgenerhohung\/"},{"id":382570,"cdmm_p_id":"500914","name":"St\u00fctzplatten","description":"3,5 t | erm\u00f6glichen die Installation auf B\u00f6den mit geringer Tragf\u00e4higkeit oder geringer Betondicke | 1 Satz \/ 2 St\u00fcck","thumbnail":"https:\/\/dev.codekraft.it\/rotary-2024\/wp-content\/uploads\/brb_media\/00533778_2-post-lift-vsg-2call-901378-mi-150x150.png","url":"https:\/\/dev.codekraft.it\/rotary-2024\/produkte\/zubehor-hebebuhnen-de\/zubehor-2-saulen-hebebuhnen-de\/stutzplatten\/"},{"id":382848,"cdmm_p_id":"502422","name":"Bodenkabelf\u00fchrung","description":"Verlegung des Verbindungskabels zwischen den S\u00e4ulen im Boden | 1 St\u00fcck","thumbnail":"https:\/\/dev.codekraft.it\/rotary-2024\/wp-content\/uploads\/brb_media\/00507202_2-post-lift-vsg2celm902498-mi-150x150.png","url":"https:\/\/dev.codekraft.it\/rotary-2024\/produkte\/zubehor-hebebuhnen-de\/zubehor-2-saulen-hebebuhnen-de\/bodenkabelfuhrung\/"},{"id":384159,"cdmm_p_id":"503065","name":"St\u00fctzplatten","description":"3,2 t | erm\u00f6glichen die Installation auf B\u00f6den mit geringer Tragf\u00e4higkeit oder geringer Betondicke | 1 Satz \/ 2 St\u00fcck","thumbnail":"https:\/\/dev.codekraft.it\/rotary-2024\/wp-content\/uploads\/brb_media\/00533777_2-post-lift-vsg-2call-901361-mi-150x150.png","url":"https:\/\/dev.codekraft.it\/rotary-2024\/produkte\/zubehor-hebebuhnen-de\/zubehor-2-saulen-hebebuhnen-de\/stutzplatten-3\/"}],"components":[],"related":[],"similar":[],"page_logo_src":"https:\/\/dev.codekraft.it\/rotary-2024\/wp-content\/uploads\/2024\/05\/cropped-rotary-logo-2022.png","lang":"de","translations":{"de":385686,"en":385685,"fr":385687,"it":385688,"es":385689,"ru":385690},"pll_sync_post":[],"_links":{"self":[{"href":"https:\/\/dev.codekraft.it\/rotary-2024\/wp-json\/wp\/v2\/product\/385686","targetHints":{"allow":["GET"]}}],"collection":[{"href":"https:\/\/dev.codekraft.it\/rotary-2024\/wp-json\/wp\/v2\/product"}],"about":[{"href":"https:\/\/dev.codekraft.it\/rotary-2024\/wp-json\/wp\/v2\/types\/product"}],"wp:featuredmedia":[{"embeddable":true,"href":"https:\/\/dev.codekraft.it\/rotary-2024\/wp-json\/wp\/v2\/media\/355821"}],"wp:attachment":[{"href":"https:\/\/dev.codekraft.it\/rotary-2024\/wp-json\/wp\/v2\/media?parent=385686"}],"wp:term":[{"taxonomy":"product_cat","embeddable":true,"href":"https:\/\/dev.codekraft.it\/rotary-2024\/wp-json\/wp\/v2\/product_cat?post=385686"},{"taxonomy":"product_tag","embeddable":true,"href":"https:\/\/dev.codekraft.it\/rotary-2024\/wp-json\/wp\/v2\/product_tag?post=385686"},{"taxonomy":"product_approvals","embeddable":true,"href":"https:\/\/dev.codekraft.it\/rotary-2024\/wp-json\/wp\/v2\/product_approvals?post=385686"},{"taxonomy":"product_application","embeddable":true,"href":"https:\/\/dev.codekraft.it\/rotary-2024\/wp-json\/wp\/v2\/product_application?post=385686"}],"curies":[{"name":"wp","href":"https:\/\/api.w.org\/{rel}","templated":true}]}}