{"id":385651,"date":"2025-12-10T14:11:03","date_gmt":"2025-12-10T14:11:03","guid":{"rendered":"https:\/\/dev.codekraft.it\/rotary-2024\/products\/uncategorized\/piattaforma-di-sollevamento-a-forbice-s50nak55cat-i\/"},"modified":"2025-12-10T14:11:03","modified_gmt":"2025-12-10T14:11:03","slug":"piattaforma-di-sollevamento-a-forbice-s50nak55cat-i","status":"publish","type":"product","link":"https:\/\/dev.codekraft.it\/rotary-2024\/it\/prodotti\/ponti-sollevatori-it\/ponti-sollevatori-a-forbice-it\/piattaforma-di-sollevamento-a-forbice-s50nak55cat-i\/","title":{"rendered":"Piattaforma di sollevamento a forbice S50NAK55CAT-I"},"content":{"rendered":"<p>Le piattaforme elevatrici a forbice della serie S50 sono ottimi elevatori polivalenti per l&#8217;area ricevimento, per attivit\u00e0 di assetto ruote, per postazioni di lavoro diagnostiche (sistemi di assistenza) e per il reparto riparazioni. A seconda dell&#8217;area di applicazione, la serie S50 \u00e8 disponibile in quattro versioni base, nonch\u00e9 in progettazioni interrate e fuori terra (sono necessarie rampe aggiuntive, vedere Accessori).<\/p>\n<ul>\n<li>Perfetta protezione dalla corrosione: verniciatura cataforetica (CAT) pi\u00f9 verniciatura a polvere di serie<\/li>\n<li>Adatto per autovetture e furgoni<\/li>\n<li>Capacit\u00e0 di sollevamento di 5,0 t con una lunghezza utile dei cingoli di 5500 mm<\/li>\n<\/ul>\n<ul>\n<li>Vani integrati con supporti in acciaio inossidabile nella superficie di guida consentono il montaggio di tutti i dischi rotanti disponibili in commercio.<\/li>\n<li>I vani possono essere chiusi completamente quando non si utilizza alcun disco rotante.<\/li>\n<li>Le robuste sfere di plastica delle piastre scorrevoli bloccabili pneumaticamente consentono un azionamento affidabile e regolare e garantiscono una lunga durata.<\/li>\n<li>Le protezioni roll-back dal design intelligente consentono di utilizzare l&#8217;intera lunghezza della carreggiata.<\/li>\n<li>Un binario di scorrimento zincato \u00e8 montato per l&#8217;uso della trave di sollevamento.<\/li>\n<li>La traccia a livello consente l&#8217;uso nell&#8217;area di regolazione dei fari (non con il rilevatore di gioco opzionale).<\/li>\n<\/ul>\n<ul>\n<li>Il fermo CE standard garantisce la protezione dei piedi senza protezioni per i piedi e una facile installazione a filo pavimento.<\/li>\n<li>Perfetta protezione dalla corrosione: verniciatura cataforetica (CAT) pi\u00f9 verniciatura a polvere di serie.<\/li>\n<li>Il sistema completamente idraulico con sfiato automatico integrato in posizione \u00ab0\u00bb garantisce un azionamento affidabile.<\/li>\n<li>I cilindri principali sono dotati di un dispositivo di abbassamento sbloccabile pneumaticamente. La striscia del cricchetto \u00e8 avvitata e regolabile tramite viti. Ci\u00f2 garantisce un allineamento preciso delle ruote.<\/li>\n<li>I pulsanti durevoli consentono un funzionamento sicuro dell&#8217;ascensore.<\/li>\n<li>Viene fornito un comodo spazio di conservazione integrato per tablet o documenti. \u00c8 anche perfettamente adatto come supporto per la scrittura.<\/li>\n<li>Il quadro comandi \u00e8 dotato di centralina oleodinamica premontata in fabbrica e collegata alla piattaforma elevatrice. Questa unit\u00e0 idraulica contribuisce in modo significativo a ridurre le spese di installazione. Pu\u00f2 essere posizionata a sinistra o a destra.<\/li>\n<li>I cuscinetti a pavimento sono collegati a un telaio robusto, che facilita l&#8217;installazione corretta della piattaforma di sollevamento.<\/li>\n<li>Un rilevatore di gioco idraulico pu\u00f2 essere installato in tutte le versioni: \u00e8 montato nella posizione anteriore del vano per il disco rotante (in fabbrica\/non pu\u00f2 essere adattato). Il rilevatore di gioco \u00e8 conforme ai requisiti normativi europei (e austriaci).<\/li>\n<\/ul>\n<p><em>Esecuzioni fuori terra disponibili in combinazione con il kit fuori terra S50 (lunghezza totale: 7320 mm)<\/em><\/p>\n","protected":false},"excerpt":{"rendered":"<p>5,0 t, elettroidraulico, incl. kit assetto ruote, lunghezza piattaforma 5500 mm, incassata<\/p>\n","protected":false},"featured_media":353495,"template":"","meta":[],"product_cat":[1033764],"product_tag":[1034166,1034183],"product_approvals":[],"product_application":[],"class_list":{"0":"post-385651","1":"product","2":"type-product","3":"status-publish","4":"has-post-thumbnail","6":"product_cat-ponti-sollevatori-a-forbice-it","7":"product_tag-passenger-cars-it","8":"product_tag-light-commercial-it","10":"first","11":"instock","12":"shipping-taxable","13":"product-type-simple"},"approvals":[],"application":[],"brb_media_brochure":"","brb_media_drawing":[{"id":385648,"url":"https:\/\/dev.codekraft.it\/rotary-2024\/wp-content\/uploads\/brb_media\/00554284_scissor-lift-s50nak55cat-i-td-059207490.pdf","title":"Scissor Lift S50NAK55CAT I TD 059207490","thumbnail":"https:\/\/dev.codekraft.it\/rotary-2024\/wp-content\/uploads\/brb_media\/00554284_scissor-lift-s50nak55cat-i-td-059207490-pdf-107x150.png","description":""}],"brb_media_manuals":[{"id":380869,"url":"https:\/\/dev.codekraft.it\/rotary-2024\/wp-content\/uploads\/brb_media\/00549995_scissor-lifts-s42n42cat-i_s42nak42cat-i_s42nak46cat-i_s42n46cat-pd8-i_s50n55cat-i_s50nak55cat-i_s50n55cat-pd8-i_s50nak55cat-pd8-i_im-0592-m003-0-rev9-multi-2024-06.pdf","title":"Scissor Lifts S42N42CAT I S42NAK42CAT I S42NAK46CAT I S42N46CAT PD8 I S50N55CAT I S50NAK55CAT I S50N55CAT PD8 I S50NAK55CAT PD8 I IM 0592 M003 0 REV9 multi 2024 06","thumbnail":"https:\/\/dev.codekraft.it\/rotary-2024\/wp-content\/uploads\/brb_media\/00549995_scissor-lifts-s42n42cat-i_s42nak42cat-i_s42nak46cat-i_s42n46cat-pd8-i_s50n55cat-i_s50nak55cat-i_s50n55cat-pd8-i_s50nak55cat-pd8-i_im-0592-m003-0-rev9-multi-2024-06-pdf-106x150.png","description":""},{"id":385627,"url":"https:\/\/dev.codekraft.it\/rotary-2024\/wp-content\/uploads\/brb_media\/00554286_scissor-lifts-s42n_s50n_s60n_ak_42_46_55_cat_pd8-i-im-0592-m003-0-rev9-multi-swe-2024-06.pdf","title":"Scissor Lifts S42N S50N S60N AK 42 46 55 CAT PD8 I IM 0592 M003 0 REV9 multi swe 2024 06","thumbnail":"https:\/\/dev.codekraft.it\/rotary-2024\/wp-content\/uploads\/brb_media\/00554286_scissor-lifts-s42n_s50n_s60n_ak_42_46_55_cat_pd8-i-im-0592-m003-0-rev9-multi-swe-2024-06-pdf-106x150.png","description":""}],"brb_media_safety_datasheets":"","brb_media_spare_parts":[],"_cdmm_p_id":"507220","_company":"Elektron","_gtin":"5063084193780","accessories":[{"id":380847,"cdmm_p_id":"492716","name":"Traversa per S42-S50 | 2,6 t","description":"2,6 t","thumbnail":"https:\/\/dev.codekraft.it\/rotary-2024\/wp-content\/uploads\/brb_media\/00466518_rolling_jack_rjx265f_26t-di-150x150.png","url":"https:\/\/dev.codekraft.it\/rotary-2024\/it\/prodotti\/accessori-ponti-sollevatori-it\/accessori-ponti-sollevatori-a-forbice-it\/traversa-per-s42-s50-26-t\/"},{"id":380737,"cdmm_p_id":"492544","name":"Kit di alimentazione aria per disimpegno assiale S42-S50 | preassemblato in fabbrica","description":"Tubo flessibile a spirale e materiale di installazione per l'alimentazione dell'aria Sollevatore dell'asse","thumbnail":"","url":"https:\/\/dev.codekraft.it\/rotary-2024\/it\/prodotti\/accessori-ponti-sollevatori-it\/accessori-ponti-sollevatori-a-forbice-it\/kit-di-alimentazione-aria-per-disimpegno-assiale-s42-s50-preassemblato-in-fabbrica\/"},{"id":382831,"cdmm_p_id":"502418","name":"Kit retrofit Interruttore di posizione parcheggio martinetto","description":"Per ponte sollevatore a forbice S38\/S50","thumbnail":"","url":"https:\/\/dev.codekraft.it\/rotary-2024\/it\/prodotti\/accessori-ponti-sollevatori-it\/accessori-ponti-sollevatori-a-forbice-it\/kit-retrofit-interruttore-di-posizione-parcheggio-martinetto\/"},{"id":380743,"cdmm_p_id":"492546","name":"Kit di energia per S42\/S50","description":"Presa 230 V sul pannello di controllo","thumbnail":"","url":"https:\/\/dev.codekraft.it\/rotary-2024\/it\/prodotti\/accessori-ponti-sollevatori-it\/accessori-ponti-sollevatori-a-forbice-it\/kit-di-energia-per-s42-s50\/"},{"id":382119,"cdmm_p_id":"499821","name":"Kit di energia per S50\/S42","description":"Collegamento aria compressa sotto il binario, presa 230 V sul pannello di controllo | 1 pezzo","thumbnail":"","url":"https:\/\/dev.codekraft.it\/rotary-2024\/it\/prodotti\/accessori-ponti-sollevatori-it\/accessori-ponti-sollevatori-a-forbice-it\/kit-di-energia-per-s50-s42\/"},{"id":380731,"cdmm_p_id":"492543","name":"Kit di illuminazione a LED 4 volte, 24 V","description":"","thumbnail":"https:\/\/dev.codekraft.it\/rotary-2024\/wp-content\/uploads\/brb_media\/00399236_scissor-lift-s38-rail-for-jacking-beam-di-150x150.png","url":"https:\/\/dev.codekraft.it\/rotary-2024\/it\/prodotti\/accessori-ponti-sollevatori-it\/accessori-ponti-sollevatori-a-forbice-it\/kit-di-illuminazione-a-led-4-volte-24-v\/"},{"id":378918,"cdmm_p_id":"418362","name":"Tamponi in gomma","description":"160 x 120 x 40 mm | 1 set \/ 4 pezzi","thumbnail":"https:\/\/dev.codekraft.it\/rotary-2024\/wp-content\/uploads\/brb_media\/00393013_4-post-lift-rubber-pads-40mm-150x150.png","url":"https:\/\/dev.codekraft.it\/rotary-2024\/it\/prodotti\/accessori-ponti-sollevatori-it\/accessori-ponti-sollevatori-a-bassa-alzata-it\/tamponi-in-gomma-2\/"},{"id":378467,"cdmm_p_id":"59184","name":"Tamponi in gomma","description":"160 x 120 x 80 mm | 1 set \/ 4 pezzi","thumbnail":"https:\/\/dev.codekraft.it\/rotary-2024\/wp-content\/uploads\/brb_media\/00287553-150x150.png","url":"https:\/\/dev.codekraft.it\/rotary-2024\/it\/prodotti\/accessori-ponti-sollevatori-it\/accessori-ponti-sollevatori-a-doppia-forbice-it\/tamponi-in-gomma\/"},{"id":382125,"cdmm_p_id":"499822","name":"Prolunga tubo flessibile","description":"2 m, controllo a sinistra | montaggio dell'unit\u00e0 operativa in una posizione speciale - nella direzione di marcia \u00aba sinistra\u00bb della piattaforma, a distanza di 2 m","thumbnail":"","url":"https:\/\/dev.codekraft.it\/rotary-2024\/it\/prodotti\/accessori-ponti-sollevatori-it\/accessori-ponti-sollevatori-a-forbice-it\/prolunga-tubo-flessibile\/"},{"id":382819,"cdmm_p_id":"502416","name":"Prolunga tubo flessibile","description":"2 m, controllo a destra | montaggio dell'unit\u00e0 operativa in una posizione speciale - nella direzione di marcia \u00aba destra\u00bb della piattaforma, a distanza di 2 m","thumbnail":"","url":"https:\/\/dev.codekraft.it\/rotary-2024\/it\/prodotti\/accessori-ponti-sollevatori-it\/accessori-ponti-sollevatori-a-forbice-it\/prolunga-tubo-flessibile-4\/"},{"id":382131,"cdmm_p_id":"499823","name":"Copri tubo flessibile 1 m, zincato","description":"","thumbnail":"","url":"https:\/\/dev.codekraft.it\/rotary-2024\/it\/prodotti\/accessori-ponti-sollevatori-it\/accessori-ponti-sollevatori-a-forbice-it\/copri-tubo-flessibile-1-m-zincato\/"},{"id":380859,"cdmm_p_id":"494146","name":"Installazione interrata","description":"4 brevi rampe | unghezza di passerella 4200 \/ 4600 mm","thumbnail":"https:\/\/dev.codekraft.it\/rotary-2024\/wp-content\/uploads\/brb_media\/00331730_4-post-lift-inground-kit-di-150x150.png","url":"https:\/\/dev.codekraft.it\/rotary-2024\/it\/prodotti\/accessori-ponti-sollevatori-it\/accessori-ponti-sollevatori-a-4-colonne-it\/installazione-interrata\/"},{"id":380865,"cdmm_p_id":"494147","name":"Kit alette per profondit\u00e0 fossa ca. 250 mm","description":"","thumbnail":"","url":"https:\/\/dev.codekraft.it\/rotary-2024\/it\/prodotti\/accessori-ponti-sollevatori-it\/accessori-ponti-sollevatori-a-forbice-it\/kit-alette-per-profondita-fossa-ca-250-mm\/"},{"id":382825,"cdmm_p_id":"502417","name":"Livellamento del pavimento FloCo | incl. kit S-CAT-Lift","description":"","thumbnail":"","url":"https:\/\/dev.codekraft.it\/rotary-2024\/it\/prodotti\/accessori-ponti-sollevatori-it\/accessori-ponti-sollevatori-a-forbice-it\/livellamento-del-pavimento-floco-incl-kit-s-cat-lift\/"}],"components":[],"related":[],"similar":[{"id":380774,"cdmm_p_id":"492563","name":"Ponte sollevatore a forbice S50LT-55CAT-I","description":"5,0 t, elettroidraulico, lunghezza piattaforma 5500 mm, con martinetto, incassata","thumbnail":"https:\/\/dev.codekraft.it\/rotary-2024\/wp-content\/uploads\/brb_media\/00479695_scissor-lift-s-50-ltak-2021-di-150x150.png","url":"https:\/\/dev.codekraft.it\/rotary-2024\/it\/prodotti\/ponti-sollevatori-it\/ponti-sollevatori-a-forbice-it\/ponte-sollevatore-a-forbice-s50lt-55cat-i\/"},{"id":380780,"cdmm_p_id":"492564","name":"Ponte sollevatore a forbice S50LTAK55CAT-I","description":"5,0 t, elettroidraulico, lunghezza piattaforma 5500 mm, con martinetto e allineamento ruote, incassata","thumbnail":"https:\/\/dev.codekraft.it\/rotary-2024\/wp-content\/uploads\/brb_media\/00479695_scissor-lift-s-50-ltak-2021-di-150x150.png","url":"https:\/\/dev.codekraft.it\/rotary-2024\/it\/prodotti\/ponti-sollevatori-it\/ponti-sollevatori-a-forbice-it\/ponte-sollevatore-a-forbice-s50ltak55cat-i\/"},{"id":380786,"cdmm_p_id":"492566","name":"Ponte sollevatore a forbice S50LTAK55CAT-PD8-I","description":"5,0 t, elettroidraulico, lunghezza piattaforma 5500 mm, con provagiochi, martinetto e allineamento ruot, incassata","thumbnail":"https:\/\/dev.codekraft.it\/rotary-2024\/wp-content\/uploads\/brb_media\/00479695_scissor-lift-s-50-ltak-2021-di-150x150.png","url":"https:\/\/dev.codekraft.it\/rotary-2024\/it\/prodotti\/ponti-sollevatori-it\/ponti-sollevatori-a-forbice-it\/ponte-sollevatore-a-forbice-s50ltak55cat-pd8-i\/"},{"id":380960,"cdmm_p_id":"495486","name":"Ponte sollevatore a forbice S42LTAK42CAT-I","description":"4,2 t, elettroidraulico, lunghezza piattaforma 4200 mm, con martinetto e allineamento ruote, incassata","thumbnail":"https:\/\/dev.codekraft.it\/rotary-2024\/wp-content\/uploads\/brb_media\/00474082_scissor-lift-s42-mi-150x150.png","url":"https:\/\/dev.codekraft.it\/rotary-2024\/it\/prodotti\/ponti-sollevatori-it\/ponti-sollevatori-a-forbice-it\/ponte-sollevatore-a-forbice-s42ltak42cat-i\/"},{"id":380966,"cdmm_p_id":"495487","name":"Ponte sollevatore a forbice S42LT42CAT-PD8-I","description":"4,2 t, elettroidraulico, lunghezza piattaforma 4200 mm, con provagiochi e martinetto, incassata","thumbnail":"https:\/\/dev.codekraft.it\/rotary-2024\/wp-content\/uploads\/brb_media\/00474082_scissor-lift-s42-mi-150x150.png","url":"https:\/\/dev.codekraft.it\/rotary-2024\/it\/prodotti\/ponti-sollevatori-it\/ponti-sollevatori-a-forbice-it\/ponte-sollevatore-a-forbice-s42lt42cat-pd8-i\/"}],"lang":"it","translations":{"it":385651,"en":385647,"de":385649,"fr":385650,"es":385652,"ru":385653},"pll_sync_post":[],"_links":{"self":[{"href":"https:\/\/dev.codekraft.it\/rotary-2024\/wp-json\/wp\/v2\/product\/385651","targetHints":{"allow":["GET"]}}],"collection":[{"href":"https:\/\/dev.codekraft.it\/rotary-2024\/wp-json\/wp\/v2\/product"}],"about":[{"href":"https:\/\/dev.codekraft.it\/rotary-2024\/wp-json\/wp\/v2\/types\/product"}],"wp:featuredmedia":[{"embeddable":true,"href":"https:\/\/dev.codekraft.it\/rotary-2024\/wp-json\/wp\/v2\/media\/353495"}],"wp:attachment":[{"href":"https:\/\/dev.codekraft.it\/rotary-2024\/wp-json\/wp\/v2\/media?parent=385651"}],"wp:term":[{"taxonomy":"product_cat","embeddable":true,"href":"https:\/\/dev.codekraft.it\/rotary-2024\/wp-json\/wp\/v2\/product_cat?post=385651"},{"taxonomy":"product_tag","embeddable":true,"href":"https:\/\/dev.codekraft.it\/rotary-2024\/wp-json\/wp\/v2\/product_tag?post=385651"},{"taxonomy":"product_approvals","embeddable":true,"href":"https:\/\/dev.codekraft.it\/rotary-2024\/wp-json\/wp\/v2\/product_approvals?post=385651"},{"taxonomy":"product_application","embeddable":true,"href":"https:\/\/dev.codekraft.it\/rotary-2024\/wp-json\/wp\/v2\/product_application?post=385651"}],"curies":[{"name":"wp","href":"https:\/\/api.w.org\/{rel}","templated":true}]}}