{"id":385597,"date":"2025-12-11T10:10:58","date_gmt":"2025-12-11T10:10:58","guid":{"rendered":"https:\/\/dev.codekraft.it\/rotary-2024\/products\/uncategorized\/demonte-pneu-ts-45-26dp-premium\/"},"modified":"2025-12-11T10:10:58","modified_gmt":"2025-12-11T10:10:58","slug":"demonte-pneu-ts-45-26dp-premium","status":"publish","type":"product","link":"https:\/\/dev.codekraft.it\/rotary-2024\/fr\/produits\/service-de-pneus-fr\/demonte-pneus-fr\/demonte-pneu-ts-45-26dp-premium\/","title":{"rendered":"D\u00e9monte-pneu TS 45.26DP Premium"},"content":{"rendered":"<p><strong>D\u00c9MONTE-PNEUS AUTOMATIQUES AVEC COLONNE BASCULANTE<\/strong><\/p>\n<ul>\n<li>Casiers de rangement sur mod\u00e8les s\u00e9lectionn\u00e9s.<\/li>\n<li>Assistance de positionnement pneumatique de la t\u00eate de montage avec mouvements de mont\u00e9e et descente. (Mod\u00e8les DP uniquement).<\/li>\n<li>Plateau jusqu\u2019\u00e0 26\u201d de diam\u00e8tre avec griffes r\u00e9glables.<\/li>\n<li>Bras d\u2019assistance professionnel \u00e0 commande pneumatique pour mod\u00e8les s\u00e9lectionn\u00e9s.<\/li>\n<li>Toutes les p\u00e9dales sont d\u2019acc\u00e8s facile, en raison d\u2019une ergonomie \u00e9tudi\u00e9e.<\/li>\n<li>D\u00e9talonneur pneumatique \u00e0 palette r\u00e9glable. (Mod\u00e8le DPW Plus uniquement).<\/li>\n<\/ul>\n<p>Le ch\u00e2ssis et la colonne basculante sont extr\u00eamement robustes et permettent de travailler sur tous les types de roues de voitures et de fourgons, garantissant une s\u00e9curit\u00e9 maximale pour le pneu et la jante.<\/p>\n<ul>\n<ul>\n<li>Tige porte-outil de \u00d8 40 mm<\/li>\n<li>Bras horizontal de 60 x 60 mm\n<\/li>\n<\/ul>\n<li>Moteur avec inverter.<br \/>Permet \u00e0 l\u2019op\u00e9rateur de modifier la vitesse de rotation de la roue (0 &#8211; 15 tr\/min).Quand la sollicitation sur le talon augmente, la rotation ralentit automatiquement afin d\u2019\u00e9viter d\u2019endommager le pneumatiq.<\/li>\n<\/ul>\n<p>Design optimis\u00e9 pour un acc\u00e8s facile aux composants internes et des r\u00e9glages ais\u00e9s.<\/p>\n","protected":false},"excerpt":{"rendered":"<p>D\u00e9monte-pneus Automatique avec colonne basculante, plateau avec griffes r\u00e9glables, capacit\u00e9 max 26\u2019\u2019, t\u00eate de montage en composite, dispositif pousse-talon, largeur de jante max. 16\u2033, diam\u00e8tre de roue max. 45\u2033<\/p>\n","protected":false},"featured_media":385594,"template":"","meta":[],"product_cat":[1033384],"product_tag":[1034197,1034180,1034163],"product_approvals":[],"product_application":[],"class_list":{"0":"post-385597","1":"product","2":"type-product","3":"status-publish","4":"has-post-thumbnail","6":"product_cat-demonte-pneus-fr","7":"product_tag-motor-homes-fr","8":"product_tag-light-commercial-fr","9":"product_tag-passenger-cars-fr","11":"first","12":"instock","13":"shipping-taxable","14":"product-type-simple"},"approvals":[],"application":[],"brb_media_brochure":[{"id":385545,"url":"https:\/\/dev.codekraft.it\/rotary-2024\/wp-content\/uploads\/brb_media\/00551362_tyre-changers-ts4526-series-br-de-2025-12.pdf","title":"Tyre Changers TS4526 Series BR DE 2025 12","thumbnail":"https:\/\/dev.codekraft.it\/rotary-2024\/wp-content\/uploads\/brb_media\/00551362_tyre-changers-ts4526-series-br-de-2025-12-pdf-106x150.png","description":""},{"id":385546,"url":"https:\/\/dev.codekraft.it\/rotary-2024\/wp-content\/uploads\/brb_media\/00551363_tyre-changers-ts4526-series-br-en-2025-12.pdf","title":"Tyre Changers TS4526 Series BR EN 2025 12","thumbnail":"https:\/\/dev.codekraft.it\/rotary-2024\/wp-content\/uploads\/brb_media\/00551363_tyre-changers-ts4526-series-br-en-2025-12-pdf-106x150.png","description":""},{"id":385547,"url":"https:\/\/dev.codekraft.it\/rotary-2024\/wp-content\/uploads\/brb_media\/00551365_tyre-changers-ts4526-series-br-fr-2025-12.pdf","title":"Tyre Changers TS4526 Series BR FR 2025 12","thumbnail":"https:\/\/dev.codekraft.it\/rotary-2024\/wp-content\/uploads\/brb_media\/00551365_tyre-changers-ts4526-series-br-fr-2025-12-pdf-106x150.png","description":""},{"id":385548,"url":"https:\/\/dev.codekraft.it\/rotary-2024\/wp-content\/uploads\/brb_media\/00551366_tyre-changers-ts4526-series-br-it-2025-12.pdf","title":"Tyre Changers TS4526 Series BR IT 2025 12","thumbnail":"https:\/\/dev.codekraft.it\/rotary-2024\/wp-content\/uploads\/brb_media\/00551366_tyre-changers-ts4526-series-br-it-2025-12-pdf-106x150.png","description":""},{"id":385549,"url":"https:\/\/dev.codekraft.it\/rotary-2024\/wp-content\/uploads\/brb_media\/00551364_tyre-changers-ts4526-series-br-es-2025-12.pdf","title":"Tyre Changers TS4526 Series BR ES 2025 12","thumbnail":"https:\/\/dev.codekraft.it\/rotary-2024\/wp-content\/uploads\/brb_media\/00551364_tyre-changers-ts4526-series-br-es-2025-12-pdf-106x150.png","description":""},{"id":385550,"url":"https:\/\/dev.codekraft.it\/rotary-2024\/wp-content\/uploads\/brb_media\/00551367_tyre-changers-ts4526-series-br-ru-2025-12.pdf","title":"Tyre Changers TS4526 Series BR RU 2025 12","thumbnail":"https:\/\/dev.codekraft.it\/rotary-2024\/wp-content\/uploads\/brb_media\/00551367_tyre-changers-ts4526-series-br-ru-2025-12-pdf-106x150.png","description":""}],"brb_media_drawing":[{"id":385552,"url":"https:\/\/dev.codekraft.it\/rotary-2024\/wp-content\/uploads\/brb_media\/00551328_tyre-changers-ts45-sg45-series-td.pdf","title":"Tyre changers TS45 SG45 Series TD","thumbnail":"https:\/\/dev.codekraft.it\/rotary-2024\/wp-content\/uploads\/brb_media\/00551328_tyre-changers-ts45-sg45-series-td-pdf-150x134.png","description":""}],"brb_media_manuals":[{"id":385551,"url":"https:\/\/dev.codekraft.it\/rotary-2024\/wp-content\/uploads\/brb_media\/00551314_tyre-changers-rotts45-ravsg45-im-7301-m002-00_vsg_rev00-multi-2025-10.pdf","title":"Tyre Changers ROTTS45 RAVSG45 IM 7301 M002 00 VSG rev00 MULTI 2025 10","thumbnail":"https:\/\/dev.codekraft.it\/rotary-2024\/wp-content\/uploads\/brb_media\/00551314_tyre-changers-rotts45-ravsg45-im-7301-m002-00_vsg_rev00-multi-2025-10-pdf-106x150.png","description":""}],"brb_media_safety_datasheets":"","brb_media_spare_parts":[],"_cdmm_p_id":"507192","_company":"Elektron","_gtin":"5063084202031","accessories":[{"id":381456,"cdmm_p_id":"497554","name":"Protection plastique pour pelle d\u00e9talonneuse","description":"Protection pelle d\u00e9talonneuse | 1 pi\u00e8ce","thumbnail":"https:\/\/dev.codekraft.it\/rotary-2024\/wp-content\/uploads\/brb_media\/00506714_g800a11-01-150x150.png","url":"https:\/\/dev.codekraft.it\/rotary-2024\/fr\/produits\/accessoires-service-de-pneus-fr\/accessoires-demonte-pneu-fr\/protection-plastique-pour-pelle-detalonneuse\/"},{"id":383621,"cdmm_p_id":"502221","name":"Protection plastique pour t\u00eate de montage | Quick insert","description":"Kit de protection \u00e0 gorge pour outil, enfichable, pour jantes en alliage | 1 jeu","thumbnail":"https:\/\/dev.codekraft.it\/rotary-2024\/wp-content\/uploads\/brb_media\/00506624_g800a117-150x150.png","url":"https:\/\/dev.codekraft.it\/rotary-2024\/fr\/produits\/accessoires-service-de-pneus-fr\/accessoires-demonte-pneu-fr\/protection-plastique-pour-tete-de-montage-quick-insert-2\/"},{"id":385498,"cdmm_p_id":"507171","name":"Dispositif de gonflage tubeless G800A137","description":"Kit de gonflage tubeless pour d\u00e9monte-pneus \u00e0 plateau","thumbnail":"https:\/\/dev.codekraft.it\/rotary-2024\/wp-content\/uploads\/brb_media\/00551288_tyre-changers-vsg8a137902160-mi-150x150.png","url":"https:\/\/dev.codekraft.it\/rotary-2024\/fr\/produits\/accessoires-service-de-pneus-fr\/accessoires-demonte-pneu-fr\/dispositif-de-gonflage-tubeless-g800a137\/"},{"id":385505,"cdmm_p_id":"507172","name":"\u00c8l\u00e9vateur de roue frontal G800A138","description":"","thumbnail":"https:\/\/dev.codekraft.it\/rotary-2024\/wp-content\/uploads\/brb_media\/00551289_tyre-changers-vsg8a138902184-mi-150x150.png","url":"https:\/\/dev.codekraft.it\/rotary-2024\/fr\/produits\/accessoires-service-de-pneus-fr\/accessoires-demonte-pneu-fr\/elevateur-de-roue-frontal-g800a138\/"},{"id":385512,"cdmm_p_id":"507173","name":"Rouleau casseur de talon avec bras pousse-talon G800A140","description":"\u00c9quipement n\u00e9cessaire: PL100","thumbnail":"https:\/\/dev.codekraft.it\/rotary-2024\/wp-content\/uploads\/brb_media\/00551290_tyre-changers-vsg8a139902207-mi-150x150.png","url":"https:\/\/dev.codekraft.it\/rotary-2024\/fr\/produits\/accessoires-service-de-pneus-fr\/accessoires-demonte-pneu-fr\/rouleau-casseur-de-talon-avec-bras-pousse-talon-g800a140\/"},{"id":385519,"cdmm_p_id":"507174","name":"Protection plastique pour mors de serrage | G800A140","description":"1 jeu \/ 4 pi\u00e8ces","thumbnail":"https:\/\/dev.codekraft.it\/rotary-2024\/wp-content\/uploads\/brb_media\/00551291_tyre-changers-vsg8a140902221-mi-150x150.png","url":"https:\/\/dev.codekraft.it\/rotary-2024\/fr\/produits\/accessoires-service-de-pneus-fr\/accessoires-demonte-pneu-fr\/protection-plastique-pour-mors-de-serrage-g800a140\/"},{"id":385525,"cdmm_p_id":"507175","name":"Protection plastique pour mors de serrage | G800A140K","description":"10 jeux \/ 40 pi\u00e8ces","thumbnail":"https:\/\/dev.codekraft.it\/rotary-2024\/wp-content\/uploads\/brb_media\/00551291_tyre-changers-vsg8a140902221-mi-150x150.png","url":"https:\/\/dev.codekraft.it\/rotary-2024\/fr\/produits\/accessoires-service-de-pneus-fr\/accessoires-demonte-pneu-fr\/protection-plastique-pour-mors-de-serrage-g800a140k\/"},{"id":385532,"cdmm_p_id":"507176","name":"Porte-objets lat\u00e9ral G800A141","description":"Colonne de rangement avec manom\u00e8tre de gonflage int\u00e9gr\u00e9","thumbnail":"https:\/\/dev.codekraft.it\/rotary-2024\/wp-content\/uploads\/brb_media\/00551292_tyre-changers-vsg8a141902269-mi-150x150.png","url":"https:\/\/dev.codekraft.it\/rotary-2024\/fr\/produits\/accessoires-service-de-pneus-fr\/accessoires-demonte-pneu-fr\/porte-objets-lateral-g800a141\/"},{"id":385539,"cdmm_p_id":"507177","name":"Bras d&#039;aide PL100","description":"Dispositif pousse-talon pour d\u00e9monte-pneus \u00e0 colonne de montage basculante | montage \u00e0 droite","thumbnail":"https:\/\/dev.codekraft.it\/rotary-2024\/wp-content\/uploads\/brb_media\/00551293_tyre-changers-vsgpl100900401-mi-150x150.png","url":"https:\/\/dev.codekraft.it\/rotary-2024\/fr\/produits\/accessoires-service-de-pneus-fr\/accessoires-demonte-pneu-fr\/bras-daide-pl100\/"}],"components":[],"related":[],"similar":[{"id":385567,"cdmm_p_id":"507188","name":"D\u00e9monte-pneu TS 45.26D","description":"D\u00e9monte-pneus Automatique avec colonne basculante, plateau avec griffes r\u00e9glables, capacit\u00e9 max 26\u2019\u2019,  dispositif pousse-talon, largeur de jante max. 16\u2033, diam\u00e8tre de roue max. 45\u2033","thumbnail":"https:\/\/dev.codekraft.it\/rotary-2024\/wp-content\/uploads\/brb_media\/00551315_tyre-changer-ts4526d-mi-150x150.png","url":"https:\/\/dev.codekraft.it\/rotary-2024\/fr\/produits\/service-de-pneus-fr\/demonte-pneus-fr\/demonte-pneu-ts-45-26d\/"},{"id":385574,"cdmm_p_id":"507189","name":"D\u00e9monte-pneu TS 45.26DP","description":"D\u00e9monte-pneus Automatique avec colonne basculante, plateau avec griffes r\u00e9glables, capacit\u00e9 max 26\u2019\u2019, dispositif pousse-talon, largeur de jante max. 16\u2033, diam\u00e8tre de roue max. 45\u2033","thumbnail":"https:\/\/dev.codekraft.it\/rotary-2024\/wp-content\/uploads\/brb_media\/00551316_tyre-changer-ts4526dp-mi-150x150.png","url":"https:\/\/dev.codekraft.it\/rotary-2024\/fr\/produits\/service-de-pneus-fr\/demonte-pneus-fr\/demonte-pneu-ts-45-26dp\/"},{"id":385582,"cdmm_p_id":"507190","name":"D\u00e9monte-pneu TS 45.26D Pro","description":"D\u00e9monte-pneus Automatique avec colonne basculante, plateau avec griffes r\u00e9glables, capacit\u00e9 max 26\u2019\u2019, dispositif pousse-talon, largeur de jante max. 16\u2033, diam\u00e8tre de roue max. 45\u2033","thumbnail":"https:\/\/dev.codekraft.it\/rotary-2024\/wp-content\/uploads\/brb_media\/00551318_tyre-changer-ts4526d-pro-mi-150x150.png","url":"https:\/\/dev.codekraft.it\/rotary-2024\/fr\/produits\/service-de-pneus-fr\/demonte-pneus-fr\/demonte-pneu-ts-45-26d-pro\/"},{"id":385589,"cdmm_p_id":"507191","name":"D\u00e9monte-pneu TS 45.26D Pro W","description":"D\u00e9monte-pneus Automatique avec colonne basculante, plateau avec griffes r\u00e9glables, capacit\u00e9 max 26\u2019\u2019, t\u00eate de montage en composite, dispositif pousse-talon, largeur de jante max. 16\u2033, diam\u00e8tre de roue max. 45\u2033","thumbnail":"https:\/\/dev.codekraft.it\/rotary-2024\/wp-content\/uploads\/brb_media\/00551319_tyre-changer-ts4526d-prow-mi-150x150.png","url":"https:\/\/dev.codekraft.it\/rotary-2024\/fr\/produits\/service-de-pneus-fr\/demonte-pneus-fr\/demonte-pneu-ts-45-26d-pro-w\/"}],"lang":"fr","translations":{"fr":385597,"en":385593,"de":385596,"it":385598,"es":385599,"ru":385600},"pll_sync_post":[],"_links":{"self":[{"href":"https:\/\/dev.codekraft.it\/rotary-2024\/wp-json\/wp\/v2\/product\/385597","targetHints":{"allow":["GET"]}}],"collection":[{"href":"https:\/\/dev.codekraft.it\/rotary-2024\/wp-json\/wp\/v2\/product"}],"about":[{"href":"https:\/\/dev.codekraft.it\/rotary-2024\/wp-json\/wp\/v2\/types\/product"}],"wp:featuredmedia":[{"embeddable":true,"href":"https:\/\/dev.codekraft.it\/rotary-2024\/wp-json\/wp\/v2\/media\/385594"}],"wp:attachment":[{"href":"https:\/\/dev.codekraft.it\/rotary-2024\/wp-json\/wp\/v2\/media?parent=385597"}],"wp:term":[{"taxonomy":"product_cat","embeddable":true,"href":"https:\/\/dev.codekraft.it\/rotary-2024\/wp-json\/wp\/v2\/product_cat?post=385597"},{"taxonomy":"product_tag","embeddable":true,"href":"https:\/\/dev.codekraft.it\/rotary-2024\/wp-json\/wp\/v2\/product_tag?post=385597"},{"taxonomy":"product_approvals","embeddable":true,"href":"https:\/\/dev.codekraft.it\/rotary-2024\/wp-json\/wp\/v2\/product_approvals?post=385597"},{"taxonomy":"product_application","embeddable":true,"href":"https:\/\/dev.codekraft.it\/rotary-2024\/wp-json\/wp\/v2\/product_application?post=385597"}],"curies":[{"name":"wp","href":"https:\/\/api.w.org\/{rel}","templated":true}]}}