{"id":385485,"date":"2025-11-03T09:22:47","date_gmt":"2025-11-03T09:22:47","guid":{"rendered":"https:\/\/dev.codekraft.it\/rotary-2024\/products\/uncategorized\/pont-a-doubles-ciseaux-df35hg\/"},"modified":"2025-11-03T09:22:47","modified_gmt":"2025-11-03T09:22:47","slug":"pont-a-doubles-ciseaux-df35hg","status":"publish","type":"product","link":"https:\/\/dev.codekraft.it\/rotary-2024\/fr\/produits\/ponts-elevateurs-fr\/ponts-a-doubles-ciseaux-fr\/pont-a-doubles-ciseaux-df35hg\/","title":{"rendered":"Pont \u00e0 doubles ciseaux DF35HG"},"content":{"rendered":"","protected":false},"excerpt":{"rendered":"<p>3,5 t, \u00e9lectrohydraulique, au-dessus du sol, galvanis\u00e9<\/p>\n","protected":false},"featured_media":385466,"template":"","meta":[],"product_cat":[1033692],"product_tag":[1034180,1034163],"product_approvals":[],"product_application":[],"class_list":{"0":"post-385485","1":"product","2":"type-product","3":"status-publish","4":"has-post-thumbnail","6":"product_cat-ponts-a-doubles-ciseaux-fr","7":"product_tag-light-commercial-fr","8":"product_tag-passenger-cars-fr","10":"first","11":"instock","12":"shipping-taxable","13":"product-type-simple"},"approvals":[],"application":[],"brb_media_brochure":[{"id":385467,"url":"https:\/\/dev.codekraft.it\/rotary-2024\/wp-content\/uploads\/brb_media\/00550552_double-scissor-lifts-df35c-df30c-br-de-2025-10.pdf","title":"Double Scissor Lifts DF35C DF30C BR DE 2025 10","thumbnail":"https:\/\/dev.codekraft.it\/rotary-2024\/wp-content\/uploads\/brb_media\/00550552_double-scissor-lifts-df35c-df30c-br-de-2025-10-pdf-106x150.png","description":""},{"id":385468,"url":"https:\/\/dev.codekraft.it\/rotary-2024\/wp-content\/uploads\/brb_media\/00550553_double-scissor-lifts-df35c-df30c-br-en-2025-10.pdf","title":"Double Scissor Lifts DF35C DF30C BR EN 2025 10","thumbnail":"https:\/\/dev.codekraft.it\/rotary-2024\/wp-content\/uploads\/brb_media\/00550553_double-scissor-lifts-df35c-df30c-br-en-2025-10-pdf-106x150.png","description":""},{"id":385469,"url":"https:\/\/dev.codekraft.it\/rotary-2024\/wp-content\/uploads\/brb_media\/00550555_double-scissor-lifts-df35c-df30c-br-fr-2025-10.pdf","title":"Double Scissor Lifts DF35C DF30C BR FR 2025 10","thumbnail":"https:\/\/dev.codekraft.it\/rotary-2024\/wp-content\/uploads\/brb_media\/00550555_double-scissor-lifts-df35c-df30c-br-fr-2025-10-pdf-106x150.png","description":""},{"id":385470,"url":"https:\/\/dev.codekraft.it\/rotary-2024\/wp-content\/uploads\/brb_media\/00550556_double-scissor-lifts-df35c-df30c-br-it-2025-10.pdf","title":"Double Scissor Lifts DF35C DF30C BR IT 2025 10","thumbnail":"https:\/\/dev.codekraft.it\/rotary-2024\/wp-content\/uploads\/brb_media\/00550556_double-scissor-lifts-df35c-df30c-br-it-2025-10-pdf-106x150.png","description":""},{"id":385471,"url":"https:\/\/dev.codekraft.it\/rotary-2024\/wp-content\/uploads\/brb_media\/00550554_double-scissor-lifts-df35c-df30c-br-es-2025-10.pdf","title":"Double Scissor Lifts DF35C DF30C BR ES 2025 10","thumbnail":"https:\/\/dev.codekraft.it\/rotary-2024\/wp-content\/uploads\/brb_media\/00550554_double-scissor-lifts-df35c-df30c-br-es-2025-10-pdf-106x150.png","description":""},{"id":385472,"url":"https:\/\/dev.codekraft.it\/rotary-2024\/wp-content\/uploads\/brb_media\/00550557_double-scissor-lifts-df35c-df30c-br-ru-2025-10.pdf","title":"Double Scissor Lifts DF35C DF30C BR RU 2025 10","thumbnail":"https:\/\/dev.codekraft.it\/rotary-2024\/wp-content\/uploads\/brb_media\/00550557_double-scissor-lifts-df35c-df30c-br-ru-2025-10-pdf-106x150.png","description":""}],"brb_media_drawing":[{"id":356457,"url":"https:\/\/dev.codekraft.it\/rotary-2024\/wp-content\/uploads\/brb_media\/00524040_double-scissor-lift-df35cat-td-057907970-multi-2021-07.pdf","title":"Double Scissor Lift DF35CAT TD 057907970 MULTI 2021 07","thumbnail":"https:\/\/dev.codekraft.it\/rotary-2024\/wp-content\/uploads\/brb_media\/00524040_double-scissor-lift-df35cat-td-057907970-multi-2021-07-pdf-150x107.png","description":""}],"brb_media_manuals":"","brb_media_safety_datasheets":"","brb_media_spare_parts":[],"_cdmm_p_id":"507000","_company":"Elektron","_gtin":"5063084196293","accessories":[{"id":382861,"cdmm_p_id":"501910","name":"Traverses pour XS30-CAT","description":"Pour v\u00e9hicules tout-terrain | 1 jeu \/ 2 pi\u00e8ces","thumbnail":"https:\/\/dev.codekraft.it\/rotary-2024\/wp-content\/uploads\/brb_media\/00509455_scissor-lift-s505a2-mi-150x150.png","url":"https:\/\/dev.codekraft.it\/rotary-2024\/fr\/produits\/accessoires-ponts-elevateurs-fr\/accessoires-ponts-elevateurs-a-ciseaux-fr\/traverses-pour-xs30-cat\/"},{"id":382874,"cdmm_p_id":"501912","name":"Couverture de tuyau 1 m | pour installation au sol","description":"1 m | pour installation au sol","thumbnail":"https:\/\/dev.codekraft.it\/rotary-2024\/wp-content\/uploads\/brb_media\/00550550_double-scissor-lifts-s518a20-mi-150x150.png","url":"https:\/\/dev.codekraft.it\/rotary-2024\/fr\/produits\/accessoires-ponts-elevateurs-fr\/accessoires-ponts-a-doubles-ciseaux-fr\/couverture-de-tuyau-1-m-pour-installation-au-sol\/"},{"id":383802,"cdmm_p_id":"502302","name":"Kit transformation pour \u00e9ncatrement pont","description":"","thumbnail":"https:\/\/dev.codekraft.it\/rotary-2024\/wp-content\/uploads\/brb_media\/00550549_double-scissor-lifts-s535a1-recess-mounted-kit-mi-150x115.png","url":"https:\/\/dev.codekraft.it\/rotary-2024\/fr\/produits\/accessoires-ponts-elevateurs-fr\/accessoires-ponts-a-doubles-ciseaux-fr\/kit-transformation-pour-encatrement-pont\/"},{"id":383808,"cdmm_p_id":"502303","name":"Kit transformation pour \u00e9ncatrement pont","description":"","thumbnail":"https:\/\/dev.codekraft.it\/rotary-2024\/wp-content\/uploads\/brb_media\/00550549_double-scissor-lifts-s535a1-recess-mounted-kit-mi-150x115.png","url":"https:\/\/dev.codekraft.it\/rotary-2024\/fr\/produits\/accessoires-ponts-elevateurs-fr\/accessoires-ponts-a-doubles-ciseaux-fr\/kit-transformation-pour-encatrement-pont-2\/"}],"components":[],"related":[],"similar":[{"id":385479,"cdmm_p_id":"506999","name":"Pont \u00e0 doubles ciseaux DF35CAT","description":"3,5 t, \u00e9lectrohydraulique, au-dessus du sol","thumbnail":"https:\/\/dev.codekraft.it\/rotary-2024\/wp-content\/uploads\/brb_media\/00550558_double-scissor-lifts-df35cat-df35hg-mi-150x150.png","url":"https:\/\/dev.codekraft.it\/rotary-2024\/fr\/produits\/ponts-elevateurs-fr\/ponts-a-doubles-ciseaux-fr\/pont-a-doubles-ciseaux-df35cat-2\/"},{"id":385491,"cdmm_p_id":"507002","name":"Pont \u00e0 doubles ciseaux DF30CAT","description":"3,0 t, \u00e9lectrohydraulique, au-dessus du sol","thumbnail":"https:\/\/dev.codekraft.it\/rotary-2024\/wp-content\/uploads\/brb_media\/00550558_double-scissor-lifts-df35cat-df35hg-mi-150x150.png","url":"https:\/\/dev.codekraft.it\/rotary-2024\/fr\/produits\/ponts-elevateurs-fr\/ponts-a-doubles-ciseaux-fr\/pont-a-doubles-ciseaux-df30cat-2\/"}],"page_logo_src":"https:\/\/dev.codekraft.it\/rotary-2024\/wp-content\/uploads\/2024\/05\/cropped-rotary-logo-2022.png","lang":"fr","translations":{"fr":385485,"en":385483,"de":385484,"it":385486,"es":385487,"ru":385488},"pll_sync_post":[],"_links":{"self":[{"href":"https:\/\/dev.codekraft.it\/rotary-2024\/wp-json\/wp\/v2\/product\/385485","targetHints":{"allow":["GET"]}}],"collection":[{"href":"https:\/\/dev.codekraft.it\/rotary-2024\/wp-json\/wp\/v2\/product"}],"about":[{"href":"https:\/\/dev.codekraft.it\/rotary-2024\/wp-json\/wp\/v2\/types\/product"}],"wp:featuredmedia":[{"embeddable":true,"href":"https:\/\/dev.codekraft.it\/rotary-2024\/wp-json\/wp\/v2\/media\/385466"}],"wp:attachment":[{"href":"https:\/\/dev.codekraft.it\/rotary-2024\/wp-json\/wp\/v2\/media?parent=385485"}],"wp:term":[{"taxonomy":"product_cat","embeddable":true,"href":"https:\/\/dev.codekraft.it\/rotary-2024\/wp-json\/wp\/v2\/product_cat?post=385485"},{"taxonomy":"product_tag","embeddable":true,"href":"https:\/\/dev.codekraft.it\/rotary-2024\/wp-json\/wp\/v2\/product_tag?post=385485"},{"taxonomy":"product_approvals","embeddable":true,"href":"https:\/\/dev.codekraft.it\/rotary-2024\/wp-json\/wp\/v2\/product_approvals?post=385485"},{"taxonomy":"product_application","embeddable":true,"href":"https:\/\/dev.codekraft.it\/rotary-2024\/wp-json\/wp\/v2\/product_application?post=385485"}],"curies":[{"name":"wp","href":"https:\/\/api.w.org\/{rel}","templated":true}]}}