{"id":385484,"date":"2025-11-03T09:22:47","date_gmt":"2025-11-03T09:22:47","guid":{"rendered":"https:\/\/dev.codekraft.it\/rotary-2024\/products\/uncategorized\/doppelscheren-hebebuhne-df35hg\/"},"modified":"2025-11-03T09:22:47","modified_gmt":"2025-11-03T09:22:47","slug":"doppelscheren-hebebuhne-df35hg","status":"publish","type":"product","link":"https:\/\/dev.codekraft.it\/rotary-2024\/produkte\/hebebuhnen-de\/doppelscheren-hebebuhnen-de\/doppelscheren-hebebuhne-df35hg\/","title":{"rendered":"Doppelscheren-Hebeb\u00fchne DF35HG"},"content":{"rendered":"","protected":false},"excerpt":{"rendered":"<p>3,5 t, elektrohydraulisch, \u00dcberflur, verzinkt<\/p>\n","protected":false},"featured_media":385466,"template":"","meta":[],"product_cat":[1033676],"product_tag":[1034161,1034178],"product_approvals":[],"product_application":[],"class_list":{"0":"post-385484","1":"product","2":"type-product","3":"status-publish","4":"has-post-thumbnail","6":"product_cat-doppelscheren-hebebuhnen-de","7":"product_tag-passenger-cars-de","8":"product_tag-light-commercial-de","10":"first","11":"instock","12":"shipping-taxable","13":"product-type-simple"},"approvals":[],"application":[],"brb_media_brochure":[{"id":385467,"url":"https:\/\/dev.codekraft.it\/rotary-2024\/wp-content\/uploads\/brb_media\/00550552_double-scissor-lifts-df35c-df30c-br-de-2025-10.pdf","title":"Double Scissor Lifts DF35C DF30C BR DE 2025 10","thumbnail":"https:\/\/dev.codekraft.it\/rotary-2024\/wp-content\/uploads\/brb_media\/00550552_double-scissor-lifts-df35c-df30c-br-de-2025-10-pdf-106x150.png","description":""},{"id":385468,"url":"https:\/\/dev.codekraft.it\/rotary-2024\/wp-content\/uploads\/brb_media\/00550553_double-scissor-lifts-df35c-df30c-br-en-2025-10.pdf","title":"Double Scissor Lifts DF35C DF30C BR EN 2025 10","thumbnail":"https:\/\/dev.codekraft.it\/rotary-2024\/wp-content\/uploads\/brb_media\/00550553_double-scissor-lifts-df35c-df30c-br-en-2025-10-pdf-106x150.png","description":""},{"id":385469,"url":"https:\/\/dev.codekraft.it\/rotary-2024\/wp-content\/uploads\/brb_media\/00550555_double-scissor-lifts-df35c-df30c-br-fr-2025-10.pdf","title":"Double Scissor Lifts DF35C DF30C BR FR 2025 10","thumbnail":"https:\/\/dev.codekraft.it\/rotary-2024\/wp-content\/uploads\/brb_media\/00550555_double-scissor-lifts-df35c-df30c-br-fr-2025-10-pdf-106x150.png","description":""},{"id":385470,"url":"https:\/\/dev.codekraft.it\/rotary-2024\/wp-content\/uploads\/brb_media\/00550556_double-scissor-lifts-df35c-df30c-br-it-2025-10.pdf","title":"Double Scissor Lifts DF35C DF30C BR IT 2025 10","thumbnail":"https:\/\/dev.codekraft.it\/rotary-2024\/wp-content\/uploads\/brb_media\/00550556_double-scissor-lifts-df35c-df30c-br-it-2025-10-pdf-106x150.png","description":""},{"id":385471,"url":"https:\/\/dev.codekraft.it\/rotary-2024\/wp-content\/uploads\/brb_media\/00550554_double-scissor-lifts-df35c-df30c-br-es-2025-10.pdf","title":"Double Scissor Lifts DF35C DF30C BR ES 2025 10","thumbnail":"https:\/\/dev.codekraft.it\/rotary-2024\/wp-content\/uploads\/brb_media\/00550554_double-scissor-lifts-df35c-df30c-br-es-2025-10-pdf-106x150.png","description":""},{"id":385472,"url":"https:\/\/dev.codekraft.it\/rotary-2024\/wp-content\/uploads\/brb_media\/00550557_double-scissor-lifts-df35c-df30c-br-ru-2025-10.pdf","title":"Double Scissor Lifts DF35C DF30C BR RU 2025 10","thumbnail":"https:\/\/dev.codekraft.it\/rotary-2024\/wp-content\/uploads\/brb_media\/00550557_double-scissor-lifts-df35c-df30c-br-ru-2025-10-pdf-106x150.png","description":""}],"brb_media_drawing":[{"id":356457,"url":"https:\/\/dev.codekraft.it\/rotary-2024\/wp-content\/uploads\/brb_media\/00524040_double-scissor-lift-df35cat-td-057907970-multi-2021-07.pdf","title":"Double Scissor Lift DF35CAT TD 057907970 MULTI 2021 07","thumbnail":"https:\/\/dev.codekraft.it\/rotary-2024\/wp-content\/uploads\/brb_media\/00524040_double-scissor-lift-df35cat-td-057907970-multi-2021-07-pdf-150x107.png","description":""}],"brb_media_manuals":"","brb_media_safety_datasheets":"","brb_media_spare_parts":[],"_cdmm_p_id":"507000","_company":"Elektron","_gtin":"5063084196293","accessories":[{"id":382860,"cdmm_p_id":"501910","name":"Traversen f\u00fcr XS30-CAT","description":"F\u00fcr Gel\u00e4ndewagen | 1 Satz \/ 2 St\u00fcck","thumbnail":"https:\/\/dev.codekraft.it\/rotary-2024\/wp-content\/uploads\/brb_media\/00509455_scissor-lift-s505a2-mi-150x150.png","url":"https:\/\/dev.codekraft.it\/rotary-2024\/produkte\/zubehor-hebebuhnen-de\/zubehor-scheren-hebebuhnen-de\/traversen-fur-xs30-cat\/"},{"id":382873,"cdmm_p_id":"501912","name":"Schlauchabdeckung 1 m | extra flach | f\u00fcr Bodenmontage","description":"1 m | extra flach | f\u00fcr Bodenmontage","thumbnail":"https:\/\/dev.codekraft.it\/rotary-2024\/wp-content\/uploads\/brb_media\/00550550_double-scissor-lifts-s518a20-mi-150x150.png","url":"https:\/\/dev.codekraft.it\/rotary-2024\/produkte\/zubehor-hebebuhnen-de\/zubehor-doppelscheren-hebebuhnen-de\/schlauchabdeckung-1-m-extra-flach-fur-bodenmontage\/"},{"id":383801,"cdmm_p_id":"502302","name":"Unterflur-Umr\u00fcstsatz","description":"","thumbnail":"https:\/\/dev.codekraft.it\/rotary-2024\/wp-content\/uploads\/brb_media\/00550549_double-scissor-lifts-s535a1-recess-mounted-kit-mi-150x115.png","url":"https:\/\/dev.codekraft.it\/rotary-2024\/produkte\/zubehor-hebebuhnen-de\/zubehor-doppelscheren-hebebuhnen-de\/unterflur-umrustsatz\/"},{"id":383807,"cdmm_p_id":"502303","name":"Unterflur-Umr\u00fcstsatz","description":"","thumbnail":"https:\/\/dev.codekraft.it\/rotary-2024\/wp-content\/uploads\/brb_media\/00550549_double-scissor-lifts-s535a1-recess-mounted-kit-mi-150x115.png","url":"https:\/\/dev.codekraft.it\/rotary-2024\/produkte\/zubehor-hebebuhnen-de\/zubehor-doppelscheren-hebebuhnen-de\/unterflur-umrustsatz-2\/"}],"components":[],"related":[],"similar":[{"id":385478,"cdmm_p_id":"506999","name":"Doppelscheren-Hebeb\u00fchne DF35CAT","description":"3,5 t, elektrohydraulisch, \u00dcberflur","thumbnail":"https:\/\/dev.codekraft.it\/rotary-2024\/wp-content\/uploads\/brb_media\/00550558_double-scissor-lifts-df35cat-df35hg-mi-150x150.png","url":"https:\/\/dev.codekraft.it\/rotary-2024\/produkte\/hebebuhnen-de\/doppelscheren-hebebuhnen-de\/doppelscheren-hebebuhne-df35cat-2\/"},{"id":385490,"cdmm_p_id":"507002","name":"Doppelscheren-Hebeb\u00fchne DF30CAT","description":"3,0 t, elektrohydraulisch, \u00dcberflur","thumbnail":"https:\/\/dev.codekraft.it\/rotary-2024\/wp-content\/uploads\/brb_media\/00550558_double-scissor-lifts-df35cat-df35hg-mi-150x150.png","url":"https:\/\/dev.codekraft.it\/rotary-2024\/produkte\/hebebuhnen-de\/doppelscheren-hebebuhnen-de\/doppelscheren-hebebuhne-df30cat-2\/"}],"page_logo_src":"https:\/\/dev.codekraft.it\/rotary-2024\/wp-content\/uploads\/2024\/05\/cropped-rotary-logo-2022.png","lang":"de","translations":{"de":385484,"en":385483,"fr":385485,"it":385486,"es":385487,"ru":385488},"pll_sync_post":[],"_links":{"self":[{"href":"https:\/\/dev.codekraft.it\/rotary-2024\/wp-json\/wp\/v2\/product\/385484","targetHints":{"allow":["GET"]}}],"collection":[{"href":"https:\/\/dev.codekraft.it\/rotary-2024\/wp-json\/wp\/v2\/product"}],"about":[{"href":"https:\/\/dev.codekraft.it\/rotary-2024\/wp-json\/wp\/v2\/types\/product"}],"wp:featuredmedia":[{"embeddable":true,"href":"https:\/\/dev.codekraft.it\/rotary-2024\/wp-json\/wp\/v2\/media\/385466"}],"wp:attachment":[{"href":"https:\/\/dev.codekraft.it\/rotary-2024\/wp-json\/wp\/v2\/media?parent=385484"}],"wp:term":[{"taxonomy":"product_cat","embeddable":true,"href":"https:\/\/dev.codekraft.it\/rotary-2024\/wp-json\/wp\/v2\/product_cat?post=385484"},{"taxonomy":"product_tag","embeddable":true,"href":"https:\/\/dev.codekraft.it\/rotary-2024\/wp-json\/wp\/v2\/product_tag?post=385484"},{"taxonomy":"product_approvals","embeddable":true,"href":"https:\/\/dev.codekraft.it\/rotary-2024\/wp-json\/wp\/v2\/product_approvals?post=385484"},{"taxonomy":"product_application","embeddable":true,"href":"https:\/\/dev.codekraft.it\/rotary-2024\/wp-json\/wp\/v2\/product_application?post=385484"}],"curies":[{"name":"wp","href":"https:\/\/api.w.org\/{rel}","templated":true}]}}