{"id":385448,"date":"2025-12-03T07:53:31","date_gmt":"2025-12-03T07:53:31","guid":{"rendered":"https:\/\/dev.codekraft.it\/rotary-2024\/products\/uncategorized\/desmontadora-de-neumaticos-karacter-evo-pro\/"},"modified":"2025-12-03T07:53:31","modified_gmt":"2025-12-03T07:53:31","slug":"desmontadora-de-neumaticos-karacter-evo-pro","status":"publish","type":"product","link":"https:\/\/dev.codekraft.it\/rotary-2024\/es\/productos\/servicio-de-llantas-es\/desmontadoras-es\/desmontadora-de-neumaticos-karacter-evo-pro\/","title":{"rendered":"Desmontadora de neum\u00e1ticos Karacter.Evo Pro"},"content":{"rendered":"<p><strong>DESMONTADORA DE NEUM\u00c1TICOS SIN PALANCA PROFESIONAL TOPE DE GAMA<\/strong><\/p>\n<ul>\n<li>Movimiento de los brazos sincronizado mediante un SISTEMA DE POLEAS Y CABLES que garantiza un dise\u00f1o compacto, optimizando el espacio de trabajo.\n<ul>\n<li>Zona para depositar objetos y sistema de inflado de neum\u00e1ticos ubicados a una altura ergon\u00f3mica.<\/li>\n<li>Todas las operaciones se pueden gestionar mediante un \u00fanico comando.<\/li>\n<li>PLATO CON ALTURA REGULABLE en tres posiciones de trabajo, apto tambi\u00e9n para llantas con canal invertido.<\/li>\n<\/ul>\n<\/li>\n<\/ul>\n<ul>\n<li>El motor es accionado por el <strong>INVERTER<\/strong>, con el que es posible regular la velocidad de rotaci\u00f3n seg\u00fan las necesidades mediante un pedal; al aumentar la presi\u00f3n sobre el tal\u00f3n, la rotaci\u00f3n se ralentiza autom\u00e1ticamente para evitar da\u00f1os en el neum\u00e1tico.<\/li>\n<li>El <strong>SISTEMA SIN PALANCA<\/strong> con el \u00fatil de montaje de pol\u00edmero especial protege la llanta de ara\u00f1azos y reduce al m\u00ednimo las tensiones en el tal\u00f3n del neum\u00e1tico.<\/li>\n<li>Dise\u00f1o pensado para simplificar el mantenimiento de la m\u00e1quina y mantener un alto rendimiento.<\/li>\n<li><strong>RODILLO DESTALONADOR DOBLE.<\/strong> Los rodillos destalonadores superior e inferior permiten al operador destalonar de forma segura cualquier tipo de neum\u00e1tico.<\/li>\n<li>Los modelos <strong>COMBI<\/strong> tambi\u00e9n permiten destalonar mediante el uso de la paleta lateral.<\/li>\n<\/ul>\n","protected":false},"excerpt":{"rendered":"<p>Desmontadora de neum\u00e1ticos sin palanca, incl. rodillo destalonador doble con brazo de ayuda.<\/p>\n","protected":false},"featured_media":385444,"template":"","meta":[],"product_cat":[1033424],"product_tag":[1034169],"product_approvals":[],"product_application":[],"class_list":{"0":"post-385448","1":"product","2":"type-product","3":"status-publish","4":"has-post-thumbnail","6":"product_cat-desmontadoras-es","7":"product_tag-passenger-cars-es","9":"first","10":"instock","11":"shipping-taxable","12":"product-type-simple"},"approvals":[],"application":[],"brb_media_brochure":[{"id":385424,"url":"https:\/\/dev.codekraft.it\/rotary-2024\/wp-content\/uploads\/brb_media\/00551403_tyre-changers-karacterevo-br-en-2025-12.pdf","title":"Tyre Changers KaracterEvo BR EN 2025 12","thumbnail":"https:\/\/dev.codekraft.it\/rotary-2024\/wp-content\/uploads\/brb_media\/00551403_tyre-changers-karacterevo-br-en-2025-12-pdf-106x150.png","description":""},{"id":385425,"url":"https:\/\/dev.codekraft.it\/rotary-2024\/wp-content\/uploads\/brb_media\/00551409_tyre-changers-karacterevo-br-fr-2025-12.pdf","title":"Tyre Changers KaracterEvo BR FR 2025 12","thumbnail":"https:\/\/dev.codekraft.it\/rotary-2024\/wp-content\/uploads\/brb_media\/00551409_tyre-changers-karacterevo-br-fr-2025-12-pdf-106x150.png","description":""},{"id":385426,"url":"https:\/\/dev.codekraft.it\/rotary-2024\/wp-content\/uploads\/brb_media\/00551405_tyre-changers-karacterevo-br-it-2025-12.pdf","title":"Tyre Changers KaracterEvo BR IT 2025 12","thumbnail":"https:\/\/dev.codekraft.it\/rotary-2024\/wp-content\/uploads\/brb_media\/00551405_tyre-changers-karacterevo-br-it-2025-12-pdf-106x150.png","description":""},{"id":385427,"url":"https:\/\/dev.codekraft.it\/rotary-2024\/wp-content\/uploads\/brb_media\/00551404_tyre-changers-karacterevo-br-es-2025-12.pdf","title":"Tyre Changers KaracterEvo BR ES 2025 12","thumbnail":"https:\/\/dev.codekraft.it\/rotary-2024\/wp-content\/uploads\/brb_media\/00551404_tyre-changers-karacterevo-br-es-2025-12-pdf-106x150.png","description":""},{"id":385428,"url":"https:\/\/dev.codekraft.it\/rotary-2024\/wp-content\/uploads\/brb_media\/00551406_tyre-changers-karacterevo-br-ru-2025-12.pdf","title":"Tyre Changers KaracterEvo BR RU 2025 12","thumbnail":"https:\/\/dev.codekraft.it\/rotary-2024\/wp-content\/uploads\/brb_media\/00551406_tyre-changers-karacterevo-br-ru-2025-12-pdf-106x150.png","description":""}],"brb_media_drawing":[{"id":385430,"url":"https:\/\/dev.codekraft.it\/rotary-2024\/wp-content\/uploads\/brb_media\/00550279_tyre-changer-karacterevo-td-710892620-2025-01.pdf","title":"Tyre changer KARACTEREVO TD 710892620 2025 01","thumbnail":"https:\/\/dev.codekraft.it\/rotary-2024\/wp-content\/uploads\/brb_media\/00550279_tyre-changer-karacterevo-td-710892620-2025-01-pdf-150x106.png","description":""}],"brb_media_manuals":"","brb_media_safety_datasheets":"","brb_media_spare_parts":[],"_cdmm_p_id":"506911","_company":"Elektron","_gtin":"5063084202130","accessories":[{"id":381550,"cdmm_p_id":"497572","name":"Garra para LT (Light Truck)","description":"","thumbnail":"https:\/\/dev.codekraft.it\/rotary-2024\/wp-content\/uploads\/brb_media\/00506669_g1000a101-150x150.png","url":"https:\/\/dev.codekraft.it\/rotary-2024\/es\/productos\/accesorios-servicio-de-llantas-es\/accesorios-desmontadoras-es\/garra-para-lt-light-truck\/"},{"id":381562,"cdmm_p_id":"497574","name":"Cono con espesor | para eje 40 | \u00d8 69 mm","description":"Necesario G1000A80 - G1000A138","thumbnail":"https:\/\/dev.codekraft.it\/rotary-2024\/wp-content\/uploads\/brb_media\/00471557_tyre-changers-cone-for-40-mm-shaft-di-150x150.png","url":"https:\/\/dev.codekraft.it\/rotary-2024\/es\/productos\/accesorios-servicio-de-llantas-es\/accesorios-desmontadoras-es\/cono-con-espesor-para-eje-40-o-69-mm\/"},{"id":382089,"cdmm_p_id":"499816","name":"Placa de sujeci\u00f3n Universal | para llantas sin agujero central y llantas invertidas | por G1000A138","description":"Garra universal para llantas ciegas \/ llantas al rev\u00e9s","thumbnail":"https:\/\/dev.codekraft.it\/rotary-2024\/wp-content\/uploads\/brb_media\/00506682_g1000a137-01-150x150.png","url":"https:\/\/dev.codekraft.it\/rotary-2024\/es\/productos\/accesorios-servicio-de-llantas-es\/accesorios-desmontadoras-es\/placa-de-sujecion-universal-para-llantas-sin-agujero-central-y-llantas-invertidas-por-g1000a138\/"},{"id":380623,"cdmm_p_id":"490282","name":"Cabezal de montaje superior para llantas con radios hacia fuera","description":"","thumbnail":"https:\/\/dev.codekraft.it\/rotary-2024\/wp-content\/uploads\/brb_media\/00506689_g1000a142-150x150.png","url":"https:\/\/dev.codekraft.it\/rotary-2024\/es\/productos\/accesorios-servicio-de-llantas-es\/accesorios-desmontadoras-es\/cabezal-de-montaje-superior-para-llantas-con-radios-hacia-fuera\/"},{"id":382699,"cdmm_p_id":"501815","name":"Cabezal de montaje superior para llantas con radios hacia fuera | 1 juego \/ 6 piezas","description":"","thumbnail":"https:\/\/dev.codekraft.it\/rotary-2024\/wp-content\/uploads\/brb_media\/00506689_g1000a142-150x150.png","url":"https:\/\/dev.codekraft.it\/rotary-2024\/es\/productos\/accesorios-servicio-de-llantas-es\/accesorios-desmontadoras-es\/cabezal-de-montaje-superior-para-llantas-con-radios-hacia-fuera-1-juego-6-piezas\/"},{"id":383227,"cdmm_p_id":"502030","name":"Garra para LT (Light Truck) | pasador de accionamiento \u00d8 14 mm","description":"Para desmontadoras de rueda de cierre centralizado","thumbnail":"https:\/\/dev.codekraft.it\/rotary-2024\/wp-content\/uploads\/brb_media\/00506669_g1000a101-150x150.png","url":"https:\/\/dev.codekraft.it\/rotary-2024\/es\/productos\/accesorios-servicio-de-llantas-es\/accesorios-desmontadoras-es\/garra-para-lt-light-truck-pasador-de-accionamiento-o-14-mm\/"},{"id":383816,"cdmm_p_id":"502306","name":"Placa de sujeci\u00f3n Universal | para ruedas invertidas","description":"Garra universal","thumbnail":"https:\/\/dev.codekraft.it\/rotary-2024\/wp-content\/uploads\/brb_media\/00506723_g1000a87-150x150.png","url":"https:\/\/dev.codekraft.it\/rotary-2024\/es\/productos\/accesorios-servicio-de-llantas-es\/accesorios-desmontadoras-es\/placa-de-sujecion-universal-para-ruedas-invertidas\/"},{"id":383823,"cdmm_p_id":"502310","name":"Placa de sujeci\u00f3n Universal | para llantas CLAD con agujero central","description":"Garra universal para bloqueo de la rueda por los agujeros de fijaci\u00f3n - Necesario en la rueda el agujero central para su montaje","thumbnail":"https:\/\/dev.codekraft.it\/rotary-2024\/wp-content\/uploads\/brb_media\/00535630_g1000a161-mi-150x150.png","url":"https:\/\/dev.codekraft.it\/rotary-2024\/es\/productos\/accesorios-servicio-de-llantas-es\/accesorios-desmontadoras-es\/placa-de-sujecion-universal-para-llantas-clad-con-agujero-central\/"},{"id":383636,"cdmm_p_id":"502223","name":"Protecci\u00f3n de pl\u00e1stico G1000A65K","description":"Para soporte \u00fatil superior | 1 juego \/ 5 piezas","thumbnail":"https:\/\/dev.codekraft.it\/rotary-2024\/wp-content\/uploads\/brb_media\/00535626_tyre-changer-g1000a65k-mi-150x150.png","url":"https:\/\/dev.codekraft.it\/rotary-2024\/es\/productos\/accesorios-servicio-de-llantas-es\/accesorios-desmontadoras-es\/proteccion-de-plastico-g1000a65k\/"},{"id":383642,"cdmm_p_id":"502224","name":"Protecci\u00f3n de pl\u00e1stico G1000A65","description":"Para soporte \u00fatil superior | 1 pieza","thumbnail":"https:\/\/dev.codekraft.it\/rotary-2024\/wp-content\/uploads\/brb_media\/00535626_tyre-changer-g1000a65k-mi-150x150.png","url":"https:\/\/dev.codekraft.it\/rotary-2024\/es\/productos\/accesorios-servicio-de-llantas-es\/accesorios-desmontadoras-es\/proteccion-de-plastico-g1000a65\/"},{"id":381538,"cdmm_p_id":"497570","name":"Protecci\u00f3n de pl\u00e1stico para pernos de arrastre","description":"Protecci\u00f3n para dispositivo de tracci\u00f3n en mesa de sujeci\u00f3n | 1 juego \/ 5 piezas","thumbnail":"https:\/\/dev.codekraft.it\/rotary-2024\/wp-content\/uploads\/brb_media\/00506705_g1000a70k-150x150.png","url":"https:\/\/dev.codekraft.it\/rotary-2024\/es\/productos\/accesorios-servicio-de-llantas-es\/accesorios-desmontadoras-es\/proteccion-de-plastico-para-pernos-de-arrastre\/"},{"id":381526,"cdmm_p_id":"497568","name":"Protecci\u00f3n de goma para della platillo de apoyo rueda","description":"Juego de protecci\u00f3n para ruedas invertidas | 1 juego \/ 10 piezas","thumbnail":"https:\/\/dev.codekraft.it\/rotary-2024\/wp-content\/uploads\/brb_media\/00506708_g1000a81k-sp-150x150.png","url":"https:\/\/dev.codekraft.it\/rotary-2024\/es\/productos\/accesorios-servicio-de-llantas-es\/accesorios-desmontadoras-es\/proteccion-de-goma-para-della-platillo-de-apoyo-rueda\/"},{"id":381532,"cdmm_p_id":"497569","name":"Protecci\u00f3n de pl\u00e1stico para cono de centrado","description":"Juego de protecciones cono para dispositivo de bloqueo garra r\u00e1pida, para G1000A138 - G1000A80 (5 unidades)","thumbnail":"https:\/\/dev.codekraft.it\/rotary-2024\/wp-content\/uploads\/brb_media\/00506709_g1000a84k-150x150.png","url":"https:\/\/dev.codekraft.it\/rotary-2024\/es\/productos\/accesorios-servicio-de-llantas-es\/accesorios-desmontadoras-es\/proteccion-de-plastico-para-cono-de-centrado\/"},{"id":381586,"cdmm_p_id":"497579","name":"Espejo con soporte magn\u00e9tico","description":"","thumbnail":"https:\/\/dev.codekraft.it\/rotary-2024\/wp-content\/uploads\/brb_media\/00506710_g1000a86-150x150.png","url":"https:\/\/dev.codekraft.it\/rotary-2024\/es\/productos\/accesorios-servicio-de-llantas-es\/accesorios-desmontadoras-es\/espejo-con-soporte-magnetico\/"},{"id":383178,"cdmm_p_id":"502011","name":"Cono con espesor | para eje 40 | \u00d8 50 mm","description":"","thumbnail":"https:\/\/dev.codekraft.it\/rotary-2024\/wp-content\/uploads\/brb_media\/00506712_g1000a92-150x150.png","url":"https:\/\/dev.codekraft.it\/rotary-2024\/es\/productos\/accesorios-servicio-de-llantas-es\/accesorios-desmontadoras-es\/cono-con-espesor-para-eje-40-o-50-mm\/"}],"components":[],"related":[],"similar":[{"id":385441,"cdmm_p_id":"506910","name":"Desmontadora de neum\u00e1ticos Karacter.Evo Premium","description":"Desmontadora de neum\u00e1ticos sin palanca, incl. rodillo destalonador con brazo de ayuda y elevador de rueda.","thumbnail":"https:\/\/dev.codekraft.it\/rotary-2024\/wp-content\/uploads\/brb_media\/00550273_tyre-changer-karacterevo-premium-mi-150x150.png","url":"https:\/\/dev.codekraft.it\/rotary-2024\/es\/productos\/servicio-de-llantas-es\/desmontadoras-es\/desmontadora-de-neumaticos-karacter-evo-premium\/"},{"id":385463,"cdmm_p_id":"506913","name":"Desmontadora de neum\u00e1ticos Karacter.Evo Combi Premium","description":"Desmontadora de neum\u00e1ticos sin palanca, incl. destalonador lateral, rodillo destalonador doble con brazo de ayuda.","thumbnail":"https:\/\/dev.codekraft.it\/rotary-2024\/wp-content\/uploads\/brb_media\/00550274_tyre-changer-karacterevo-combi-pre-mi-150x150.png","url":"https:\/\/dev.codekraft.it\/rotary-2024\/es\/productos\/servicio-de-llantas-es\/desmontadoras-es\/desmontadora-de-neumaticos-karacter-evo-combi-premium\/"},{"id":385456,"cdmm_p_id":"506912","name":"Desmontadora de neum\u00e1ticos Karacter.Evo Combi Pro","description":"Desmontadora de neum\u00e1ticos sin palanca, incl.  destalonador lateral y rodillo destalonador doble con brazo de ayuda.","thumbnail":"https:\/\/dev.codekraft.it\/rotary-2024\/wp-content\/uploads\/brb_media\/00550275_tyre-changer-karacterevo-combi-pro-mi-150x150.png","url":"https:\/\/dev.codekraft.it\/rotary-2024\/es\/productos\/servicio-de-llantas-es\/desmontadoras-es\/desmontadora-de-neumaticos-karacter-evo-combi-pro\/"}],"lang":"es","translations":{"es":385448,"en":385443,"de":385445,"fr":385446,"it":385447,"ru":385449},"pll_sync_post":[],"_links":{"self":[{"href":"https:\/\/dev.codekraft.it\/rotary-2024\/wp-json\/wp\/v2\/product\/385448","targetHints":{"allow":["GET"]}}],"collection":[{"href":"https:\/\/dev.codekraft.it\/rotary-2024\/wp-json\/wp\/v2\/product"}],"about":[{"href":"https:\/\/dev.codekraft.it\/rotary-2024\/wp-json\/wp\/v2\/types\/product"}],"wp:featuredmedia":[{"embeddable":true,"href":"https:\/\/dev.codekraft.it\/rotary-2024\/wp-json\/wp\/v2\/media\/385444"}],"wp:attachment":[{"href":"https:\/\/dev.codekraft.it\/rotary-2024\/wp-json\/wp\/v2\/media?parent=385448"}],"wp:term":[{"taxonomy":"product_cat","embeddable":true,"href":"https:\/\/dev.codekraft.it\/rotary-2024\/wp-json\/wp\/v2\/product_cat?post=385448"},{"taxonomy":"product_tag","embeddable":true,"href":"https:\/\/dev.codekraft.it\/rotary-2024\/wp-json\/wp\/v2\/product_tag?post=385448"},{"taxonomy":"product_approvals","embeddable":true,"href":"https:\/\/dev.codekraft.it\/rotary-2024\/wp-json\/wp\/v2\/product_approvals?post=385448"},{"taxonomy":"product_application","embeddable":true,"href":"https:\/\/dev.codekraft.it\/rotary-2024\/wp-json\/wp\/v2\/product_application?post=385448"}],"curies":[{"name":"wp","href":"https:\/\/api.w.org\/{rel}","templated":true}]}}