{"id":385446,"date":"2025-12-03T07:53:31","date_gmt":"2025-12-03T07:53:31","guid":{"rendered":"https:\/\/dev.codekraft.it\/rotary-2024\/products\/uncategorized\/demonte-pneu-karacter-evo-pro\/"},"modified":"2025-12-03T07:53:31","modified_gmt":"2025-12-03T07:53:31","slug":"demonte-pneu-karacter-evo-pro","status":"publish","type":"product","link":"https:\/\/dev.codekraft.it\/rotary-2024\/fr\/produits\/service-de-pneus-fr\/demonte-pneus-fr\/demonte-pneu-karacter-evo-pro\/","title":{"rendered":"D\u00e9monte-pneu Karacter.Evo Pro"},"content":{"rendered":"<p><strong>D\u00c9MONTE-PNEUS PROFESSIONNEL SANS LEVIER TOP<\/strong><\/p>\n<ul>\n<li>Mouvement des bras synchronis\u00e9 par un SYST\u00c8ME DE POULIES ET DE C\u00c2BLES gage de design compact qui optimise l\u2019espace de travail.\n<ul>\n<li>Zone porte-objets et gonflages des pneumatiques plac\u00e9s \u00e0 une hauteur ergonomique.<\/li>\n<li>Toutes les op\u00e9rations peuvent \u00eatre g\u00e9r\u00e9es \u00e0 partir d&#8217;une seule commande.<\/li>\n<li>PLATEAU \u00c0 HAUTEUR R\u00c9GLABLE sur trois positions de travail, \u00e9galement adapt\u00e9 aux jantes invers\u00e9es.<\/li>\n<\/ul>\n<\/li>\n<\/ul>\n<ul>\n<li>Le moteur est actionn\u00e9 par l\u2019<strong>INVERTER <\/strong>qui permet de r\u00e9gler la vitesse de rotation progressivement en fonction des besoins, par l\u2019interm\u00e9diaire d\u2019une p\u00e9dale ; quand la sollicitation sur le talon augmente, la rotation ralentit automatiquement afin d\u2019\u00e9viter d\u2019endommager le pneumatique.<\/li>\n<li>Le\u00a0<strong>SYST\u00c8ME SANS LEVIER\u00a0<\/strong>avec outil en polym\u00e8re sp\u00e9cial prot\u00e8ge la jante des rayures et garantit des sollicitations minimes sur le talon du pneumatique.<\/li>\n<li>Design \u00e9tudi\u00e9 pour simplifier l\u2019entretien de la machine et garantir de hautes performances.<\/li>\n<li><strong>DOUBLE ROULEAU D\u00c9TALONNEUR.<\/strong> Les rouleaux d\u00e9talonneurs sup\u00e9rieurs et inf\u00e9rieurs permettent \u00e0 l\u2019op\u00e9rateur de proc\u00e9der au d\u00e9talonnage en condition de s\u00e9curit\u00e9 sur tout type de pneumatique.<\/li>\n<li>Les mod\u00e8les <strong>COMBI<\/strong> permettent \u00e9galement d\u2019effectuer le d\u00e9talonnage en utilisant la palette lat\u00e9rale.<\/li>\n<\/ul>\n","protected":false},"excerpt":{"rendered":"<p>D\u00e9monte-pneus sans levier, avec double rouleau d\u00e9talonneur \u00e0 bras pousse-talon.<\/p>\n","protected":false},"featured_media":385444,"template":"","meta":[],"product_cat":[1033384],"product_tag":[1034163],"product_approvals":[],"product_application":[],"class_list":{"0":"post-385446","1":"product","2":"type-product","3":"status-publish","4":"has-post-thumbnail","6":"product_cat-demonte-pneus-fr","7":"product_tag-passenger-cars-fr","9":"first","10":"instock","11":"shipping-taxable","12":"product-type-simple"},"approvals":[],"application":[],"brb_media_brochure":[{"id":385424,"url":"https:\/\/dev.codekraft.it\/rotary-2024\/wp-content\/uploads\/brb_media\/00551403_tyre-changers-karacterevo-br-en-2025-12.pdf","title":"Tyre Changers KaracterEvo BR EN 2025 12","thumbnail":"https:\/\/dev.codekraft.it\/rotary-2024\/wp-content\/uploads\/brb_media\/00551403_tyre-changers-karacterevo-br-en-2025-12-pdf-106x150.png","description":""},{"id":385425,"url":"https:\/\/dev.codekraft.it\/rotary-2024\/wp-content\/uploads\/brb_media\/00551409_tyre-changers-karacterevo-br-fr-2025-12.pdf","title":"Tyre Changers KaracterEvo BR FR 2025 12","thumbnail":"https:\/\/dev.codekraft.it\/rotary-2024\/wp-content\/uploads\/brb_media\/00551409_tyre-changers-karacterevo-br-fr-2025-12-pdf-106x150.png","description":""},{"id":385426,"url":"https:\/\/dev.codekraft.it\/rotary-2024\/wp-content\/uploads\/brb_media\/00551405_tyre-changers-karacterevo-br-it-2025-12.pdf","title":"Tyre Changers KaracterEvo BR IT 2025 12","thumbnail":"https:\/\/dev.codekraft.it\/rotary-2024\/wp-content\/uploads\/brb_media\/00551405_tyre-changers-karacterevo-br-it-2025-12-pdf-106x150.png","description":""},{"id":385427,"url":"https:\/\/dev.codekraft.it\/rotary-2024\/wp-content\/uploads\/brb_media\/00551404_tyre-changers-karacterevo-br-es-2025-12.pdf","title":"Tyre Changers KaracterEvo BR ES 2025 12","thumbnail":"https:\/\/dev.codekraft.it\/rotary-2024\/wp-content\/uploads\/brb_media\/00551404_tyre-changers-karacterevo-br-es-2025-12-pdf-106x150.png","description":""},{"id":385428,"url":"https:\/\/dev.codekraft.it\/rotary-2024\/wp-content\/uploads\/brb_media\/00551406_tyre-changers-karacterevo-br-ru-2025-12.pdf","title":"Tyre Changers KaracterEvo BR RU 2025 12","thumbnail":"https:\/\/dev.codekraft.it\/rotary-2024\/wp-content\/uploads\/brb_media\/00551406_tyre-changers-karacterevo-br-ru-2025-12-pdf-106x150.png","description":""}],"brb_media_drawing":[{"id":385430,"url":"https:\/\/dev.codekraft.it\/rotary-2024\/wp-content\/uploads\/brb_media\/00550279_tyre-changer-karacterevo-td-710892620-2025-01.pdf","title":"Tyre changer KARACTEREVO TD 710892620 2025 01","thumbnail":"https:\/\/dev.codekraft.it\/rotary-2024\/wp-content\/uploads\/brb_media\/00550279_tyre-changer-karacterevo-td-710892620-2025-01-pdf-150x106.png","description":""}],"brb_media_manuals":"","brb_media_safety_datasheets":"","brb_media_spare_parts":[],"_cdmm_p_id":"506911","_company":"Elektron","_gtin":"5063084202130","accessories":[{"id":381548,"cdmm_p_id":"497572","name":"Bride pour LT (camion l\u00e9ger)","description":"","thumbnail":"https:\/\/dev.codekraft.it\/rotary-2024\/wp-content\/uploads\/brb_media\/00506669_g1000a101-150x150.png","url":"https:\/\/dev.codekraft.it\/rotary-2024\/fr\/produits\/accessoires-service-de-pneus-fr\/accessoires-demonte-pneu-fr\/bride-pour-lt-camion-leger\/"},{"id":381560,"cdmm_p_id":"497574","name":"C\u00f4ne avec cale | pour arbre \u00d8 40 | \u00d8 69 mm","description":"Necessaire le G1000A80 - G1000A138","thumbnail":"https:\/\/dev.codekraft.it\/rotary-2024\/wp-content\/uploads\/brb_media\/00471557_tyre-changers-cone-for-40-mm-shaft-di-150x150.png","url":"https:\/\/dev.codekraft.it\/rotary-2024\/fr\/produits\/accessoires-service-de-pneus-fr\/accessoires-demonte-pneu-fr\/cone-avec-cale-pour-arbre-o-40-o-69-mm\/"},{"id":382087,"cdmm_p_id":"499816","name":"Plaque de serrage de type Universel | pour jantes \u00e0 centre ferm\u00e9 et jantes invers\u00e9es | pour G1000A138","description":"Flasque universelle pour roues \u00e0 jante pleine \/ renvers\u00e9es","thumbnail":"https:\/\/dev.codekraft.it\/rotary-2024\/wp-content\/uploads\/brb_media\/00506682_g1000a137-01-150x150.png","url":"https:\/\/dev.codekraft.it\/rotary-2024\/fr\/produits\/accessoires-service-de-pneus-fr\/accessoires-demonte-pneu-fr\/plaque-de-serrage-de-type-universel-pour-jantes-a-centre-ferme-et-jantes-inversees-pour-g1000a138\/"},{"id":380621,"cdmm_p_id":"490282","name":"T\u00eate de montage sup\u00e9rieure pour les jantes avec rayons en saille","description":"","thumbnail":"https:\/\/dev.codekraft.it\/rotary-2024\/wp-content\/uploads\/brb_media\/00506689_g1000a142-150x150.png","url":"https:\/\/dev.codekraft.it\/rotary-2024\/fr\/produits\/accessoires-service-de-pneus-fr\/accessoires-demonte-pneu-fr\/tete-de-montage-superieure-pour-les-jantes-avec-rayons-en-saille\/"},{"id":382697,"cdmm_p_id":"501815","name":"T\u00eate de montage sup\u00e9rieure pour les jantes avec rayons en saille | 1 jeu \/ 6 pi\u00e8ces","description":"","thumbnail":"https:\/\/dev.codekraft.it\/rotary-2024\/wp-content\/uploads\/brb_media\/00506689_g1000a142-150x150.png","url":"https:\/\/dev.codekraft.it\/rotary-2024\/fr\/produits\/accessoires-service-de-pneus-fr\/accessoires-demonte-pneu-fr\/tete-de-montage-superieure-pour-les-jantes-avec-rayons-en-saille-1-jeu-6-pieces\/"},{"id":383225,"cdmm_p_id":"502030","name":"Bride pour LT (camion l\u00e9ger) | tige pour roue \u00d8 14 mm","description":"Pour d\u00e9monte pneus \u00e0 blocage central","thumbnail":"https:\/\/dev.codekraft.it\/rotary-2024\/wp-content\/uploads\/brb_media\/00506669_g1000a101-150x150.png","url":"https:\/\/dev.codekraft.it\/rotary-2024\/fr\/produits\/accessoires-service-de-pneus-fr\/accessoires-demonte-pneu-fr\/bride-pour-lt-camion-leger-tige-pour-roue-o-14-mm\/"},{"id":383814,"cdmm_p_id":"502306","name":"Plaque de serrage de type Universel | pour roues invers\u00e9es","description":"Bride universelle","thumbnail":"https:\/\/dev.codekraft.it\/rotary-2024\/wp-content\/uploads\/brb_media\/00506723_g1000a87-150x150.png","url":"https:\/\/dev.codekraft.it\/rotary-2024\/fr\/produits\/accessoires-service-de-pneus-fr\/accessoires-demonte-pneu-fr\/plaque-de-serrage-de-type-universel-pour-roues-inversees\/"},{"id":383821,"cdmm_p_id":"502310","name":"Plaque de serrage de type Universel | pour jantes CLAD avec troue centre","description":"Flasque universelle pour blocage de roue par les troues de fixation - Pour roues avec troue c\u00e9ntral","thumbnail":"https:\/\/dev.codekraft.it\/rotary-2024\/wp-content\/uploads\/brb_media\/00535630_g1000a161-mi-150x150.png","url":"https:\/\/dev.codekraft.it\/rotary-2024\/fr\/produits\/accessoires-service-de-pneus-fr\/accessoires-demonte-pneu-fr\/plaque-de-serrage-de-type-universel-pour-jantes-clad-avec-troue-centre\/"},{"id":383634,"cdmm_p_id":"502223","name":"Protection plastique G1000A65K","description":"Pour support outil sup\u00e9rieur | 1 jeu \/ 5 pi\u00e8ces","thumbnail":"https:\/\/dev.codekraft.it\/rotary-2024\/wp-content\/uploads\/brb_media\/00535626_tyre-changer-g1000a65k-mi-150x150.png","url":"https:\/\/dev.codekraft.it\/rotary-2024\/fr\/produits\/accessoires-service-de-pneus-fr\/accessoires-demonte-pneu-fr\/protection-plastique-g1000a65k\/"},{"id":383640,"cdmm_p_id":"502224","name":"Protection plastique G1000A65","description":"Pour support outil sup\u00e9rieur | 1 pi\u00e8ce","thumbnail":"https:\/\/dev.codekraft.it\/rotary-2024\/wp-content\/uploads\/brb_media\/00535626_tyre-changer-g1000a65k-mi-150x150.png","url":"https:\/\/dev.codekraft.it\/rotary-2024\/fr\/produits\/accessoires-service-de-pneus-fr\/accessoires-demonte-pneu-fr\/protection-plastique-g1000a65\/"},{"id":381536,"cdmm_p_id":"497570","name":"Protection plastique pour broche d\u2019entra\u00eenement","description":"Protection pour syst\u00e8me de traction sur table de serrage | 1 jeu \/ 5 pi\u00e8ces","thumbnail":"https:\/\/dev.codekraft.it\/rotary-2024\/wp-content\/uploads\/brb_media\/00506705_g1000a70k-150x150.png","url":"https:\/\/dev.codekraft.it\/rotary-2024\/fr\/produits\/accessoires-service-de-pneus-fr\/accessoires-demonte-pneu-fr\/protection-plastique-pour-broche-dentrainement\/"},{"id":381524,"cdmm_p_id":"497568","name":"Protection en caoutchouc pour plateau appui roue","description":"Jeu de protections pour roues invers\u00e9es | 1 jeu \/ 10 pi\u00e8ces","thumbnail":"https:\/\/dev.codekraft.it\/rotary-2024\/wp-content\/uploads\/brb_media\/00506708_g1000a81k-sp-150x150.png","url":"https:\/\/dev.codekraft.it\/rotary-2024\/fr\/produits\/accessoires-service-de-pneus-fr\/accessoires-demonte-pneu-fr\/protection-en-caoutchouc-pour-plateau-appui-roue\/"},{"id":381530,"cdmm_p_id":"497569","name":"Protection plastique pour c\u00f4ne de centrage","description":"Kit protections c\u00f4ne dispositif de blocage avec flasque rapide, pour G1000A138 - G1000A80 | 1 jeu \/ 5 pi\u00e8ces","thumbnail":"https:\/\/dev.codekraft.it\/rotary-2024\/wp-content\/uploads\/brb_media\/00506709_g1000a84k-150x150.png","url":"https:\/\/dev.codekraft.it\/rotary-2024\/fr\/produits\/accessoires-service-de-pneus-fr\/accessoires-demonte-pneu-fr\/protection-plastique-pour-cone-de-centrage\/"},{"id":381584,"cdmm_p_id":"497579","name":"Miroir avec support magn\u00e9tique","description":"","thumbnail":"https:\/\/dev.codekraft.it\/rotary-2024\/wp-content\/uploads\/brb_media\/00506710_g1000a86-150x150.png","url":"https:\/\/dev.codekraft.it\/rotary-2024\/fr\/produits\/accessoires-service-de-pneus-fr\/accessoires-demonte-pneu-fr\/miroir-avec-support-magnetique\/"},{"id":383176,"cdmm_p_id":"502011","name":"C\u00f4ne avec cale | pour arbre \u00d8 40 | \u00d8 50 mm","description":"","thumbnail":"https:\/\/dev.codekraft.it\/rotary-2024\/wp-content\/uploads\/brb_media\/00506712_g1000a92-150x150.png","url":"https:\/\/dev.codekraft.it\/rotary-2024\/fr\/produits\/accessoires-service-de-pneus-fr\/accessoires-demonte-pneu-fr\/cone-avec-cale-pour-arbre-o-40-o-50-mm\/"}],"components":[],"related":[],"similar":[{"id":385439,"cdmm_p_id":"506910","name":"D\u00e9monte-pneu Karacter.Evo Premium","description":"D\u00e9monte-pneus sans levier, avec double rouleau d\u00e9talonneur \u00e0 bras pousse-talon et \u00e9l\u00e9vateur de roue.","thumbnail":"https:\/\/dev.codekraft.it\/rotary-2024\/wp-content\/uploads\/brb_media\/00550273_tyre-changer-karacterevo-premium-mi-150x150.png","url":"https:\/\/dev.codekraft.it\/rotary-2024\/fr\/produits\/service-de-pneus-fr\/demonte-pneus-fr\/demonte-pneu-karacter-evo-premium\/"},{"id":385461,"cdmm_p_id":"506913","name":"D\u00e9monte-pneu Karacter.Evo Combi Premium","description":"D\u00e9monte-pneus sans levier, avec d\u00e9talonneur lat\u00e9ral, double rouleau d\u00e9talonneur vertical \u00e0 bras pousse-talon et \u00e9l\u00e9vateur de roue.","thumbnail":"https:\/\/dev.codekraft.it\/rotary-2024\/wp-content\/uploads\/brb_media\/00550274_tyre-changer-karacterevo-combi-pre-mi-150x150.png","url":"https:\/\/dev.codekraft.it\/rotary-2024\/fr\/produits\/service-de-pneus-fr\/demonte-pneus-fr\/demonte-pneu-karacter-evo-combi-premium\/"},{"id":385454,"cdmm_p_id":"506912","name":"D\u00e9monte-pneu Karacter.Evo Combi Pro","description":"D\u00e9monte-pneus sans levier, avec d\u00e9talonneur lat\u00e9ral et double rouleau d\u00e9talonneur \u00e0 bras pousse-talon.","thumbnail":"https:\/\/dev.codekraft.it\/rotary-2024\/wp-content\/uploads\/brb_media\/00550275_tyre-changer-karacterevo-combi-pro-mi-150x150.png","url":"https:\/\/dev.codekraft.it\/rotary-2024\/fr\/produits\/service-de-pneus-fr\/demonte-pneus-fr\/demonte-pneu-karacter-evo-combi-pro\/"}],"lang":"fr","translations":{"fr":385446,"en":385443,"de":385445,"it":385447,"es":385448,"ru":385449},"pll_sync_post":[],"_links":{"self":[{"href":"https:\/\/dev.codekraft.it\/rotary-2024\/wp-json\/wp\/v2\/product\/385446","targetHints":{"allow":["GET"]}}],"collection":[{"href":"https:\/\/dev.codekraft.it\/rotary-2024\/wp-json\/wp\/v2\/product"}],"about":[{"href":"https:\/\/dev.codekraft.it\/rotary-2024\/wp-json\/wp\/v2\/types\/product"}],"wp:featuredmedia":[{"embeddable":true,"href":"https:\/\/dev.codekraft.it\/rotary-2024\/wp-json\/wp\/v2\/media\/385444"}],"wp:attachment":[{"href":"https:\/\/dev.codekraft.it\/rotary-2024\/wp-json\/wp\/v2\/media?parent=385446"}],"wp:term":[{"taxonomy":"product_cat","embeddable":true,"href":"https:\/\/dev.codekraft.it\/rotary-2024\/wp-json\/wp\/v2\/product_cat?post=385446"},{"taxonomy":"product_tag","embeddable":true,"href":"https:\/\/dev.codekraft.it\/rotary-2024\/wp-json\/wp\/v2\/product_tag?post=385446"},{"taxonomy":"product_approvals","embeddable":true,"href":"https:\/\/dev.codekraft.it\/rotary-2024\/wp-json\/wp\/v2\/product_approvals?post=385446"},{"taxonomy":"product_application","embeddable":true,"href":"https:\/\/dev.codekraft.it\/rotary-2024\/wp-json\/wp\/v2\/product_application?post=385446"}],"curies":[{"name":"wp","href":"https:\/\/api.w.org\/{rel}","templated":true}]}}