{"id":385445,"date":"2025-12-03T07:53:31","date_gmt":"2025-12-03T07:53:31","guid":{"rendered":"https:\/\/dev.codekraft.it\/rotary-2024\/products\/uncategorized\/reifenmontiermaschine-karacter-evo-pro\/"},"modified":"2025-12-03T07:53:31","modified_gmt":"2025-12-03T07:53:31","slug":"reifenmontiermaschine-karacter-evo-pro","status":"publish","type":"product","link":"https:\/\/dev.codekraft.it\/rotary-2024\/produkte\/reifenservice-de\/reifenmontiermaschinen-de\/reifenmontiermaschine-karacter-evo-pro\/","title":{"rendered":"Reifenmontiermaschine Karacter.Evo Pro"},"content":{"rendered":"<p><strong>PROFESSIONELLE HEBELLOSE TOP- REIFENMONTIERMASCHINEN<\/strong><\/p>\n<ul>\n<li>Die Bewegung der Arme wird durch ein SYSTEM AUS ROLLEN UND SEILEN synchronisiert, das ein kompaktes Design gew\u00e4hrleistet und somit den Arbeitsbereich optimiert.\n<ul>\n<li>Ablagebereich und Reifenf\u00fcllvorrichtung sind in ergonomischer H\u00f6he angeordnet.<\/li>\n<li>Alle Vorg\u00e4nge k\u00f6nnen \u00fcber einen einzigen Befehl gesteuert werden.<\/li>\n<li>H\u00d6HENVERSTELLBARER SPANNTELLER mit drei Arbeitsh\u00f6hen, auch geeignet f\u00fcr umgekehrte Felgen.<\/li>\n<\/ul>\n<\/li>\n<\/ul>\n<ul>\n<li><strong>INVERTERMOTOR<\/strong>, mit dem die Drehzahl je nach Bedarf \u00fcber ein Pedal geregelt werden kann. Bei zunehmender Belastung am Wulst verlangsamt sich die Drehung automatisch, um Sch\u00e4den am Reifen zu vermeiden.<\/li>\n<li>DAS<strong>\u00a0HEBELLOSE SYSTEM\u00a0<\/strong>mit Montagekopf aus Spezialpolymer sch\u00fctzt die Felge vor Kratzern und minimiert die Belastungen am Reifenwulst.<\/li>\n<li>Das Design ist darauf ausgelegt, die Maschinenwartung zu erleichtern und die hohe Leistungsf\u00e4higkeit beizubehalten.<\/li>\n<li><strong>DOPPELTE ABDR\u00dcCKROLLE.<\/strong> Die oberen und unteren Abdr\u00fcckrollen erm\u00f6glichen der Bedienperson das sichere Abdr\u00fccken jeder Art von Reifen.<\/li>\n<li>Bei den <strong>COMBI-Modellen<\/strong> kann zum Abdr\u00fccken auch die seitliche Schaufel verwendet werden.<\/li>\n<\/ul>\n","protected":false},"excerpt":{"rendered":"<p>Hebellose Reifenmontiermaschine, inkl. doppelter Abdr\u00fcckrolle mit Wulstniederhalterarm.<\/p>\n","protected":false},"featured_media":385444,"template":"","meta":[],"product_brand":[],"product_cat":[1033364],"product_tag":[1034161],"product_approvals":[],"product_application":[],"class_list":{"0":"post-385445","1":"product","2":"type-product","3":"status-publish","4":"has-post-thumbnail","6":"product_cat-reifenmontiermaschinen-de","7":"product_tag-passenger-cars-de","9":"first","10":"instock","11":"shipping-taxable","12":"product-type-simple"},"approvals":[],"application":[],"brb_media_brochure":[{"id":385424,"url":"https:\/\/dev.codekraft.it\/rotary-2024\/wp-content\/uploads\/brb_media\/00551403_tyre-changers-karacterevo-br-en-2025-12.pdf","title":"Tyre Changers KaracterEvo BR EN 2025 12","mpn":"","thumbnail":"https:\/\/dev.codekraft.it\/rotary-2024\/wp-content\/uploads\/brb_media\/00551403_tyre-changers-karacterevo-br-en-2025-12-pdf-106x150.png","description":""},{"id":385425,"url":"https:\/\/dev.codekraft.it\/rotary-2024\/wp-content\/uploads\/brb_media\/00551409_tyre-changers-karacterevo-br-fr-2025-12.pdf","title":"Tyre Changers KaracterEvo BR FR 2025 12","mpn":"","thumbnail":"https:\/\/dev.codekraft.it\/rotary-2024\/wp-content\/uploads\/brb_media\/00551409_tyre-changers-karacterevo-br-fr-2025-12-pdf-106x150.png","description":""},{"id":385426,"url":"https:\/\/dev.codekraft.it\/rotary-2024\/wp-content\/uploads\/brb_media\/00551405_tyre-changers-karacterevo-br-it-2025-12.pdf","title":"Tyre Changers KaracterEvo BR IT 2025 12","mpn":"","thumbnail":"https:\/\/dev.codekraft.it\/rotary-2024\/wp-content\/uploads\/brb_media\/00551405_tyre-changers-karacterevo-br-it-2025-12-pdf-106x150.png","description":""},{"id":385427,"url":"https:\/\/dev.codekraft.it\/rotary-2024\/wp-content\/uploads\/brb_media\/00551404_tyre-changers-karacterevo-br-es-2025-12.pdf","title":"Tyre Changers KaracterEvo BR ES 2025 12","mpn":"","thumbnail":"https:\/\/dev.codekraft.it\/rotary-2024\/wp-content\/uploads\/brb_media\/00551404_tyre-changers-karacterevo-br-es-2025-12-pdf-106x150.png","description":""},{"id":385428,"url":"https:\/\/dev.codekraft.it\/rotary-2024\/wp-content\/uploads\/brb_media\/00551406_tyre-changers-karacterevo-br-ru-2025-12.pdf","title":"Tyre Changers KaracterEvo BR RU 2025 12","mpn":"","thumbnail":"https:\/\/dev.codekraft.it\/rotary-2024\/wp-content\/uploads\/brb_media\/00551406_tyre-changers-karacterevo-br-ru-2025-12-pdf-106x150.png","description":""}],"brb_media_drawing":[{"id":385430,"url":"https:\/\/dev.codekraft.it\/rotary-2024\/wp-content\/uploads\/brb_media\/00550279_tyre-changer-karacterevo-td-710892620-2025-01.pdf","title":"Tyre changer KARACTEREVO TD 710892620 2025 01","mpn":"","thumbnail":"https:\/\/dev.codekraft.it\/rotary-2024\/wp-content\/uploads\/brb_media\/00550279_tyre-changer-karacterevo-td-710892620-2025-01-pdf-150x106.png","description":""}],"brb_media_manuals":"","brb_media_safety_datasheets":"","brb_media_spare_parts":[],"_cdmm_p_id":"506911","_company":"Elektron","_gtin":"5063084202130","accessories":[{"id":381547,"mpn":"G1000A101","name":"Flansch f\u00fcr LT (LLkw)","description":"F\u00fcr Reifenmontiermaschinen mit Zentralspannung","thumbnail":"https:\/\/dev.codekraft.it\/rotary-2024\/wp-content\/uploads\/brb_media\/00506669_g1000a101-150x150.png","url":"https:\/\/dev.codekraft.it\/rotary-2024\/produkte\/zubehor-reifenservice-de\/zubehor-reifenmontiermaschinen-de\/flansch-fur-lt-llkw\/"},{"id":381559,"mpn":"G1000A126","name":"Konus mit Distanzring | f\u00fcr 40er Welle | \u00d8 69 mm","description":"Erforderlich G1000A80 - G1000A138","thumbnail":"https:\/\/dev.codekraft.it\/rotary-2024\/wp-content\/uploads\/brb_media\/00471557_tyre-changers-cone-for-40-mm-shaft-di-150x150.png","url":"https:\/\/dev.codekraft.it\/rotary-2024\/produkte\/zubehor-reifenservice-de\/zubehor-reifenmontiermaschinen-de\/konus-mit-distanzring-fur-40er-welle-o-69-mm\/"},{"id":382086,"mpn":"G1000A137","name":"Typenspannplatte Universal | f\u00fcr Felgen ohne Mittenloch und umgekehrte Felgen | f\u00fcr G1000A138","description":"Universalflansch f\u00fcr Blind- und Umkehrfelgen","thumbnail":"https:\/\/dev.codekraft.it\/rotary-2024\/wp-content\/uploads\/brb_media\/00506682_g1000a137-01-150x150.png","url":"https:\/\/dev.codekraft.it\/rotary-2024\/produkte\/zubehor-reifenservice-de\/zubehor-reifenmontiermaschinen-de\/typenspannplatte-universal-fur-felgen-ohne-mittenloch-und-umgekehrte-felgen-fur-g1000a138\/"},{"id":380620,"mpn":"G1000A142","name":"Oberer Montagekopf f\u00fcr gew\u00f6lbte Felgen","description":"","thumbnail":"https:\/\/dev.codekraft.it\/rotary-2024\/wp-content\/uploads\/brb_media\/00506689_g1000a142-150x150.png","url":"https:\/\/dev.codekraft.it\/rotary-2024\/produkte\/zubehor-reifenservice-de\/zubehor-reifenmontiermaschinen-de\/oberer-montagekopf-fur-gewolbte-felgen\/"},{"id":382696,"mpn":"G1000A142K","name":"Oberer Montagekopf f\u00fcr gew\u00f6lbte Felgen | 1 Satz \/ 6 St\u00fcck","description":"","thumbnail":"https:\/\/dev.codekraft.it\/rotary-2024\/wp-content\/uploads\/brb_media\/00506689_g1000a142-150x150.png","url":"https:\/\/dev.codekraft.it\/rotary-2024\/produkte\/zubehor-reifenservice-de\/zubehor-reifenmontiermaschinen-de\/oberer-montagekopf-fur-gewolbte-felgen-1-satz-6-stuck\/"},{"id":383224,"mpn":"G1000A152A","name":"Flansch f\u00fcr LT (LLkw) | Antriebswelle \u00d8 14 mm","description":"F\u00fcr Reifenmontiermaschinen mit Zentralspannung","thumbnail":"https:\/\/dev.codekraft.it\/rotary-2024\/wp-content\/uploads\/brb_media\/00506669_g1000a101-150x150.png","url":"https:\/\/dev.codekraft.it\/rotary-2024\/produkte\/zubehor-reifenservice-de\/zubehor-reifenmontiermaschinen-de\/flansch-fur-lt-llkw-antriebswelle-o-14-mm\/"},{"id":383813,"mpn":"G1000A158","name":"Typenspannplatte Universal | f\u00fcr Tiefbettfelgen","description":"Universalflansch","thumbnail":"https:\/\/dev.codekraft.it\/rotary-2024\/wp-content\/uploads\/brb_media\/00506723_g1000a87-150x150.png","url":"https:\/\/dev.codekraft.it\/rotary-2024\/produkte\/zubehor-reifenservice-de\/zubehor-reifenmontiermaschinen-de\/typenspannplatte-universal-fur-tiefbettfelgen\/"},{"id":383820,"mpn":"G1000A161","name":"Typenspannplatte Universal | f\u00fcr CLAD-Felgen mit Mittenloch","description":"Universaltypenflansch zum Fixieren von Felgen mit Zentralloch f\u00fcr die Fixierung","thumbnail":"https:\/\/dev.codekraft.it\/rotary-2024\/wp-content\/uploads\/brb_media\/00535630_g1000a161-mi-150x150.png","url":"https:\/\/dev.codekraft.it\/rotary-2024\/produkte\/zubehor-reifenservice-de\/zubehor-reifenmontiermaschinen-de\/typenspannplatte-universal-fur-clad-felgen-mit-mittenloch\/"},{"id":383633,"mpn":"G1000A65K","name":"Kunststoffschutz G1000A65K","description":"F\u00fcr obere Montagevorrichtung | 1 Satz \/ 5 St\u00fcck","thumbnail":"https:\/\/dev.codekraft.it\/rotary-2024\/wp-content\/uploads\/brb_media\/00535626_tyre-changer-g1000a65k-mi-150x150.png","url":"https:\/\/dev.codekraft.it\/rotary-2024\/produkte\/zubehor-reifenservice-de\/zubehor-reifenmontiermaschinen-de\/kunststoffschutz-g1000a65k\/"},{"id":383639,"mpn":"G1000A65","name":"Kunststoffschutz G1000A65","description":"F\u00fcr obere Montagevorrichtung | 1 St\u00fcck","thumbnail":"https:\/\/dev.codekraft.it\/rotary-2024\/wp-content\/uploads\/brb_media\/00535626_tyre-changer-g1000a65k-mi-150x150.png","url":"https:\/\/dev.codekraft.it\/rotary-2024\/produkte\/zubehor-reifenservice-de\/zubehor-reifenmontiermaschinen-de\/kunststoffschutz-g1000a65\/"},{"id":381535,"mpn":"G1000A70K","name":"Kunststoffschutz f\u00fcr Zugstangenbolzen","description":"Schutz f\u00fcr Zugvorrichtung am Spanntisch | 1 Satz \/ 5 St\u00fcck","thumbnail":"https:\/\/dev.codekraft.it\/rotary-2024\/wp-content\/uploads\/brb_media\/00506705_g1000a70k-150x150.png","url":"https:\/\/dev.codekraft.it\/rotary-2024\/produkte\/zubehor-reifenservice-de\/zubehor-reifenmontiermaschinen-de\/kunststoffschutz-fur-zugstangenbolzen\/"},{"id":381523,"mpn":"G1000A81K","name":"Gummischutz f\u00fcr Montageteller","description":"Gummischutz-Set f\u00fcr Tiefbettfelgen | 1 Satz \/ 10 St\u00fcck","thumbnail":"https:\/\/dev.codekraft.it\/rotary-2024\/wp-content\/uploads\/brb_media\/00506708_g1000a81k-sp-150x150.png","url":"https:\/\/dev.codekraft.it\/rotary-2024\/produkte\/zubehor-reifenservice-de\/zubehor-reifenmontiermaschinen-de\/gummischutz-fur-montageteller\/"},{"id":381529,"mpn":"G1000A84K","name":"Kunststoffschutz f\u00fcr Zentrierkegel","description":"Konusschutz f\u00fcr G1000A138 - G1000A80  | 1 Satz \/ 5 St\u00fcck","thumbnail":"https:\/\/dev.codekraft.it\/rotary-2024\/wp-content\/uploads\/brb_media\/00506709_g1000a84k-150x150.png","url":"https:\/\/dev.codekraft.it\/rotary-2024\/produkte\/zubehor-reifenservice-de\/zubehor-reifenmontiermaschinen-de\/kunststoffschutz-fur-zentrierkegel\/"},{"id":381583,"mpn":"G1000A86","name":"Spiegel mit Magnethalterung","description":"","thumbnail":"https:\/\/dev.codekraft.it\/rotary-2024\/wp-content\/uploads\/brb_media\/00506710_g1000a86-150x150.png","url":"https:\/\/dev.codekraft.it\/rotary-2024\/produkte\/zubehor-reifenservice-de\/zubehor-reifenmontiermaschinen-de\/spiegel-mit-magnethalterung\/"},{"id":383175,"mpn":"G1000A92","name":"Konus mit Distanzring | f\u00fcr 40er Welle | \u00d8 50 mm","description":"","thumbnail":"https:\/\/dev.codekraft.it\/rotary-2024\/wp-content\/uploads\/brb_media\/00506712_g1000a92-150x150.png","url":"https:\/\/dev.codekraft.it\/rotary-2024\/produkte\/zubehor-reifenservice-de\/zubehor-reifenmontiermaschinen-de\/konus-mit-distanzring-fur-40er-welle-o-50-mm\/"}],"components":[],"related":[],"page_logo_src":"https:\/\/dev.codekraft.it\/rotary-2024\/wp-content\/uploads\/2026\/04\/rotary-negative-logo.png","lang":"de","translations":{"de":385445,"en":385443,"fr":385446,"it":385447,"es":385448,"ru":385449},"pll_sync_post":[],"_links":{"self":[{"href":"https:\/\/dev.codekraft.it\/rotary-2024\/wp-json\/wp\/v2\/product\/385445","targetHints":{"allow":["GET"]}}],"collection":[{"href":"https:\/\/dev.codekraft.it\/rotary-2024\/wp-json\/wp\/v2\/product"}],"about":[{"href":"https:\/\/dev.codekraft.it\/rotary-2024\/wp-json\/wp\/v2\/types\/product"}],"wp:featuredmedia":[{"embeddable":true,"href":"https:\/\/dev.codekraft.it\/rotary-2024\/wp-json\/wp\/v2\/media\/385444"}],"wp:attachment":[{"href":"https:\/\/dev.codekraft.it\/rotary-2024\/wp-json\/wp\/v2\/media?parent=385445"}],"wp:term":[{"taxonomy":"product_brand","embeddable":true,"href":"https:\/\/dev.codekraft.it\/rotary-2024\/wp-json\/wp\/v2\/product_brand?post=385445"},{"taxonomy":"product_cat","embeddable":true,"href":"https:\/\/dev.codekraft.it\/rotary-2024\/wp-json\/wp\/v2\/product_cat?post=385445"},{"taxonomy":"product_tag","embeddable":true,"href":"https:\/\/dev.codekraft.it\/rotary-2024\/wp-json\/wp\/v2\/product_tag?post=385445"},{"taxonomy":"product_approvals","embeddable":true,"href":"https:\/\/dev.codekraft.it\/rotary-2024\/wp-json\/wp\/v2\/product_approvals?post=385445"},{"taxonomy":"product_application","embeddable":true,"href":"https:\/\/dev.codekraft.it\/rotary-2024\/wp-json\/wp\/v2\/product_application?post=385445"}],"curies":[{"name":"wp","href":"https:\/\/api.w.org\/{rel}","templated":true}]}}