{"id":385413,"date":"2026-02-11T07:51:31","date_gmt":"2026-02-11T07:51:31","guid":{"rendered":"https:\/\/dev.codekraft.it\/rotary-2024\/products\/uncategorized\/ponte-sollevatore-a-2-colonne-spoa40av-eh1\/"},"modified":"2026-02-22T05:09:03","modified_gmt":"2026-02-22T05:09:03","slug":"ponte-sollevatore-a-2-colonne-spoa40av-eh1","status":"publish","type":"product","link":"https:\/\/dev.codekraft.it\/rotary-2024\/it\/prodotti\/ponti-sollevatori-it\/ponti-sollevatori-a-2-colonne-it\/ponte-sollevatore-a-2-colonne-spoa40av-eh1\/","title":{"rendered":"Ponte sollevatore a 2 colonne SPOA40AV-EH1"},"content":{"rendered":"<p><strong>Un solo ponte sollevatore per tutte le esigenze con bracci AV<\/strong><\/p>\n<ul>\n<li>Per un plus in termini di ergonomia ed economia, il secondo pannello di controllo \u00e8 di serie.<\/li>\n<li>Il finecorsa superiore protegge i veicoli con un\u2019altezza totale superiore da danni durante il sollevamento..<\/li>\n<li>Il doppio profilo a S e l\u2019aumentata superficie di contatto delle colonne del sollevatore con carrelli assicurano la massima stabilit\u00e0 con il minimo ingombro.<\/li>\n<li>Blocco automatico del\u00a0braccio e rilascio automatico a terra: una geometria conica\u00a0a effetto autobloccante.<\/li>\n<li>Dotato di sistema acustico per la protezione dei piedi. Nessun salvapiedi meccanico.<\/li>\n<li>Il sistema elettroidraulico con una sola unit\u00e0 garantisce risparmi energetici durante il funzionamento con tempi rapidi di abbassamento e sollevamento.<\/li>\n<li>Flangiata alla parte superiore della colonna, l\u2019unit\u00e0 \u00e8 protetta da influssi esterni e consente una maggiore libert\u00e0 di movimento.\n<\/li>\n<li><strong>Il concetto 3PSS (sistema di sicurezza in 3 fasi):<\/strong>\n<ul>\n<li>Fermi di sicurezza meccanici integrati su entrambi i lati con azionamento automatico.<\/li>\n<li>Sistema idraulico bloccato da valvola di non ritorno compreso cilindro ad alta pressione esente da manutenzione in entrambi i ponti sollevatori.<\/li>\n<li>Pulegge di sincronizzazione prive di carico bloccano il carico durante il processo di sollevamento e abbassamento.\n<\/li>\n<\/ul>\n<\/li>\n<li>I bracci si allungano del 20% in pi\u00f9 rispetto ai bracci standard.<\/li>\n<li>Il design innovativo consente di ottimizzare il braccio semplificando la regolazione fine dell\u2019adattatore e mantenendo al contempo valori massimi di raggio di azione e ritrazione.<\/li>\n<li>Il braccio esterno e l\u2019adattatore si trovano alla stessa altezza riducendo le possibilit\u00e0 che il braccio venga a contatto con il sottoscocca del veicolo.<\/li>\n<li>L\u2019altezza ridotta e regolabile dell\u2019adattatore consente di raggiungere agevolmente la posizione richiesta, sollevare e riparare veicoli elettrici a batteria, di lusso e monoscocca.<\/li>\n<li>Per raggiungere piccoli punti di presa specifici su veicoli elettrici con lo spazio sufficiente per rimuovere le batterie di propulsione.<\/li>\n<li>Ritrazione breve del braccio e ampio range di presa.<\/li>\n<li>La geometria dei bracci \u00e8 progettata per sollevare qualsiasi tipo di auto, dalle classiche citycar ai furgoni con passo lungo L3.<\/li>\n<\/ul>\n","protected":false},"excerpt":{"rendered":"<p>4,0 t, elettroidraulico, bracci AV, colonne simmetriche, bracci lunghi a 3 stadi, bracci corti a 3 stadi<\/p>\n","protected":false},"featured_media":385390,"template":"","meta":[],"product_cat":[1033400],"product_tag":[1034166],"product_approvals":[],"product_application":[],"class_list":{"0":"post-385413","1":"product","2":"type-product","3":"status-publish","4":"has-post-thumbnail","6":"product_cat-ponti-sollevatori-a-2-colonne-it","7":"product_tag-passenger-cars-it","9":"first","10":"instock","11":"shipping-taxable","12":"product-type-simple"},"approvals":[],"application":[],"brb_media_brochure":[{"id":385391,"url":"https:\/\/dev.codekraft.it\/rotary-2024\/wp-content\/uploads\/brb_media\/00550231_2-post-lift-spoa40av-br-de-2025-09.pdf","title":"2 Post Lift SPOA40AV BR DE 2025 09","thumbnail":"https:\/\/dev.codekraft.it\/rotary-2024\/wp-content\/uploads\/brb_media\/00550231_2-post-lift-spoa40av-br-de-2025-09-pdf-106x150.png","description":""},{"id":385392,"url":"https:\/\/dev.codekraft.it\/rotary-2024\/wp-content\/uploads\/brb_media\/00550232_2-post-lift-spoa40av-br-en-2025-09.pdf","title":"2 Post Lift SPOA40AV BR EN 2025 09","thumbnail":"https:\/\/dev.codekraft.it\/rotary-2024\/wp-content\/uploads\/brb_media\/00550232_2-post-lift-spoa40av-br-en-2025-09-pdf-106x150.png","description":""},{"id":385393,"url":"https:\/\/dev.codekraft.it\/rotary-2024\/wp-content\/uploads\/brb_media\/00550234_2-post-lift-spoa40av-br-fr-2025-09.pdf","title":"2 Post Lift SPOA40AV BR FR 2025 09","thumbnail":"https:\/\/dev.codekraft.it\/rotary-2024\/wp-content\/uploads\/brb_media\/00550234_2-post-lift-spoa40av-br-fr-2025-09-pdf-106x150.png","description":""},{"id":385394,"url":"https:\/\/dev.codekraft.it\/rotary-2024\/wp-content\/uploads\/brb_media\/00550235_2-post-lift-spoa40av-br-it-2025-09.pdf","title":"2 Post Lift SPOA40AV BR IT 2025 09","thumbnail":"https:\/\/dev.codekraft.it\/rotary-2024\/wp-content\/uploads\/brb_media\/00550235_2-post-lift-spoa40av-br-it-2025-09-pdf-106x150.png","description":""},{"id":385395,"url":"https:\/\/dev.codekraft.it\/rotary-2024\/wp-content\/uploads\/brb_media\/00550233_2-post-lift-spoa40av-br-es-2025-09.pdf","title":"2 Post Lift SPOA40AV BR ES 2025 09","thumbnail":"https:\/\/dev.codekraft.it\/rotary-2024\/wp-content\/uploads\/brb_media\/00550233_2-post-lift-spoa40av-br-es-2025-09-pdf-106x150.png","description":""},{"id":385396,"url":"https:\/\/dev.codekraft.it\/rotary-2024\/wp-content\/uploads\/brb_media\/00550236_2-post-lift-spoa40av-br-ru-2025-09.pdf","title":"2 Post Lift SPOA40AV BR RU 2025 09","thumbnail":"https:\/\/dev.codekraft.it\/rotary-2024\/wp-content\/uploads\/brb_media\/00550236_2-post-lift-spoa40av-br-ru-2025-09-pdf-106x150.png","description":""}],"brb_media_drawing":[{"id":385397,"url":"https:\/\/dev.codekraft.it\/rotary-2024\/wp-content\/uploads\/brb_media\/00550267_2-post-lift-spoa40av-td.pdf","title":"2 Post Lift SPOA40AV TD","thumbnail":"https:\/\/dev.codekraft.it\/rotary-2024\/wp-content\/uploads\/brb_media\/00550267_2-post-lift-spoa40av-td-pdf-150x106.png","description":""},{"id":385398,"url":"https:\/\/dev.codekraft.it\/rotary-2024\/wp-content\/uploads\/brb_media\/00550266_2-post-lift-spoa40av-0473_0740_0_00_caricabilita-td.pdf","title":"2 Post Lift SPOA40AV 0473 0740 0 00 Caricabilit\u00e0 TD","thumbnail":"https:\/\/dev.codekraft.it\/rotary-2024\/wp-content\/uploads\/brb_media\/00550266_2-post-lift-spoa40av-0473_0740_0_00_caricabilita-td-pdf-150x107.png","description":""}],"brb_media_manuals":"","brb_media_safety_datasheets":"","brb_media_spare_parts":[],"_cdmm_p_id":"506902","_company":"Elektron","_gtin":"4057612975659","accessories":[{"id":383973,"cdmm_p_id":"502811","name":"Kit rampe innalzamento veicolo","description":"Altezza rampa 60 mm, per veicoli estremamente bassi | 1 set \/ 2 pezzi","thumbnail":"https:\/\/dev.codekraft.it\/rotary-2024\/wp-content\/uploads\/brb_media\/00509501_2-post-lift-vsg2call902818-mi-150x150.png","url":"https:\/\/dev.codekraft.it\/rotary-2024\/it\/prodotti\/accessori-ponti-sollevatori-it\/accessori-ponti-sollevatori-a-2-colonne-it\/kit-rampe-innalzamento-veicolo\/"},{"id":385342,"cdmm_p_id":"506807","name":"Distanziali per tamponi","description":"4 x 89 mm, 4 x 127 mm, incl. 2 staffe per il montaggio sui pilastri | per bracci AV| 1 set \/ 8 pezzi","thumbnail":"https:\/\/dev.codekraft.it\/rotary-2024\/wp-content\/uploads\/brb_media\/00040944_spoa-40-adapter-extension-set-02-89mm-127mm-mi-150x150.png","url":"https:\/\/dev.codekraft.it\/rotary-2024\/it\/prodotti\/accessori-ponti-sollevatori-it\/accessori-ponti-sollevatori-a-2-colonne-it\/distanziali-per-tamponi-5\/"},{"id":383985,"cdmm_p_id":"502815","name":"Vaschette portautensili","description":"Magnetiche | 1 set \/ 2 pezzi","thumbnail":"https:\/\/dev.codekraft.it\/rotary-2024\/wp-content\/uploads\/brb_media\/00509504_2-post-lift-vsg2call902641-mi-150x150.png","url":"https:\/\/dev.codekraft.it\/rotary-2024\/it\/prodotti\/accessori-ponti-sollevatori-it\/accessori-ponti-sollevatori-a-2-colonne-it\/vaschette-portautensili\/"},{"id":382559,"cdmm_p_id":"500910","name":"Kit adattatori","description":"Kit adattatori per tamponi per presa telaio \u00d8 120 mm (1 set, 2 pz), per piattaforma girevole","thumbnail":"https:\/\/dev.codekraft.it\/rotary-2024\/wp-content\/uploads\/brb_media\/00524050_2-post-lift-fj6353-1-mi-150x150.png","url":"https:\/\/dev.codekraft.it\/rotary-2024\/it\/prodotti\/accessori-ponti-sollevatori-it\/accessori-ponti-sollevatori-a-2-colonne-it\/kit-adattatori\/"},{"id":383979,"cdmm_p_id":"502814","name":"Kit cavalletti per assetto","description":"1 set \/ 4 pezzi","thumbnail":"https:\/\/dev.codekraft.it\/rotary-2024\/wp-content\/uploads\/brb_media\/00509503_2-post-lift-vsg2call902085-mi-150x150.png","url":"https:\/\/dev.codekraft.it\/rotary-2024\/it\/prodotti\/accessori-ponti-sollevatori-it\/accessori-ponti-sollevatori-a-2-colonne-it\/kit-cavalletti-per-assetto\/"},{"id":382164,"cdmm_p_id":"499831","name":"Supporto ausiliario","description":"Per piastra di base SPO\/A40 | 1 set \/ 2 pezzi","thumbnail":"https:\/\/dev.codekraft.it\/rotary-2024\/wp-content\/uploads\/brb_media\/00524051_2-post-lift-gp-spo40y-mi-150x150.png","url":"https:\/\/dev.codekraft.it\/rotary-2024\/it\/prodotti\/accessori-ponti-sollevatori-it\/accessori-ponti-sollevatori-a-2-colonne-it\/supporto-ausiliario-2\/"},{"id":385089,"cdmm_p_id":"504740","name":"Kit tamponi","description":"Disco di supporto, supporto a U | Solo per bracci AV | 1 set \/ 4 pezzi","thumbnail":"https:\/\/dev.codekraft.it\/rotary-2024\/wp-content\/uploads\/brb_media\/00531426_2-post-lift-vsg2call899989-mi-150x150.png","url":"https:\/\/dev.codekraft.it\/rotary-2024\/it\/prodotti\/accessori-ponti-sollevatori-it\/dispositivi-di-trasporto-del-carico-it\/kit-tamponi-16\/"}],"components":[],"related":[],"similar":[],"page_logo_src":"https:\/\/dev.codekraft.it\/rotary-2024\/wp-content\/uploads\/2024\/05\/cropped-rotary-logo-2022.png","lang":"it","translations":{"it":385413,"en":385389,"de":385411,"fr":385412,"es":385414,"ru":385415},"pll_sync_post":[],"_links":{"self":[{"href":"https:\/\/dev.codekraft.it\/rotary-2024\/wp-json\/wp\/v2\/product\/385413","targetHints":{"allow":["GET"]}}],"collection":[{"href":"https:\/\/dev.codekraft.it\/rotary-2024\/wp-json\/wp\/v2\/product"}],"about":[{"href":"https:\/\/dev.codekraft.it\/rotary-2024\/wp-json\/wp\/v2\/types\/product"}],"wp:featuredmedia":[{"embeddable":true,"href":"https:\/\/dev.codekraft.it\/rotary-2024\/wp-json\/wp\/v2\/media\/385390"}],"wp:attachment":[{"href":"https:\/\/dev.codekraft.it\/rotary-2024\/wp-json\/wp\/v2\/media?parent=385413"}],"wp:term":[{"taxonomy":"product_cat","embeddable":true,"href":"https:\/\/dev.codekraft.it\/rotary-2024\/wp-json\/wp\/v2\/product_cat?post=385413"},{"taxonomy":"product_tag","embeddable":true,"href":"https:\/\/dev.codekraft.it\/rotary-2024\/wp-json\/wp\/v2\/product_tag?post=385413"},{"taxonomy":"product_approvals","embeddable":true,"href":"https:\/\/dev.codekraft.it\/rotary-2024\/wp-json\/wp\/v2\/product_approvals?post=385413"},{"taxonomy":"product_application","embeddable":true,"href":"https:\/\/dev.codekraft.it\/rotary-2024\/wp-json\/wp\/v2\/product_application?post=385413"}],"curies":[{"name":"wp","href":"https:\/\/api.w.org\/{rel}","templated":true}]}}