{"id":385412,"date":"2026-02-11T07:51:31","date_gmt":"2026-02-11T07:51:31","guid":{"rendered":"https:\/\/dev.codekraft.it\/rotary-2024\/products\/uncategorized\/pont-elevateur-a-2-colonnes-spoa40av-eh1\/"},"modified":"2026-02-22T05:09:02","modified_gmt":"2026-02-22T05:09:02","slug":"pont-elevateur-a-2-colonnes-spoa40av-eh1","status":"publish","type":"product","link":"https:\/\/dev.codekraft.it\/rotary-2024\/fr\/produits\/ponts-elevateurs-fr\/ponts-elevateurs-a-2-colonnes-fr\/pont-elevateur-a-2-colonnes-spoa40av-eh1\/","title":{"rendered":"Pont \u00e9l\u00e9vateur \u00e0 2 colonnes SPOA40AV-EH1"},"content":{"rendered":"<p><strong>UN SEUL PONT POUR TOUS LES V\u00c9HICULES, \u00c0 BRAS AV<\/strong><\/p>\n<ul>\n<li>Pour plus d\u2019ergonomie et d\u2019\u00e9conomie, LE DEUXI\u00c8ME PANNEAU DE COMMANDE EST MONT\u00c9 DE S\u00c9RIE.<\/li>\n<li>Le FIN DE COURSE SUP\u00c9RIEUR prot\u00e8ge les v\u00e9hicules sur\u00e9lev\u00e9s contre l\u2019endommagement pendant le levage.<\/li>\n<li>Le DOUBLE PROFIL EN S et la ZONE DE CONTACT \u00c9TENDUE des poteaux de levage avec chariots offrent une stabilit\u00e9 maximale pour un encombrement minimal.<\/li>\n<li>VERROUILLAGE AUTOMATIQUE DES BRAS et REL\u00c2CHE AU SOL AUTOMATIQUE\u00a0: syst\u00e8me de verrouillage \u00e0 g\u00e9om\u00e9trie conique avec effet d&#8217;auto-verrouillage.<\/li>\n<li>\u00c9quip\u00e9 d&#8217;un SYST\u00c8ME SONORE ANTI-\u00c9CRASEMENT DES PIEDS. Sans garde-pieds m\u00e9caniques.<\/li>\n<li>Sa conception \u00e9lectrohydraulique EN UNE SEULE UNIT\u00c9 permet un fonctionnement \u00e9conome en \u00e9nergie avec des temps de levage et d\u2019abaissement rapides.<\/li>\n<li>Fix\u00e9e \u00e0 la partie sup\u00e9rieure de la colonne, l\u2019UNIT\u00c9 EST PROT\u00c9G\u00c9E des contacts externes et offre une plus grande libert\u00e9 de mouvement.\n<\/li>\n<li><strong>CONCEPT 3PSS (SYST\u00c8ME DE S\u00c9CURIT\u00c9 EN 3\u00a0PHASES)<\/strong>:\n<ul>\n<li>Des VERROUS DE S\u00c9CURIT\u00c9 M\u00c9CANIQUES \u00e0 actionnement automatique sont int\u00e9gr\u00e9s des deux c\u00f4t\u00e9s.<\/li>\n<li>Le SYST\u00c8ME HYDRAULIQUE EST S\u00c9CURIS\u00c9 par un clapet anti-retour et comprend un v\u00e9rin haute pression sans entretien \u00e0 chaque colonne.<\/li>\n<li>Des POULIES DE SYNCHRONISATION SANS CHARGE immobilisent la charge pendant le processus de levage et d\u2019abaissement.\n<\/li>\n<\/ul>\n<\/li>\n<li>Les bras ont une EXTENSION DE PLUS DE 20\u00a0% par rapport aux bras standard.<\/li>\n<li>Conception innovante du bras pour un R\u00c9GLAGE FIN ET SIMPLIFI\u00c9 du tampon tout en maintenant UN ACC\u00c8S ET UN RETRAIT MAXIMAUX.<\/li>\n<li>Le bras ext\u00e9rieur et le tampon ont la m\u00eame hauteur, r\u00e9duisant toute possibilit\u00e9 de contact du bras avec le dessous de caisse du v\u00e9hicule.<\/li>\n<li>Le tampon \u00e0 faible hauteur, r\u00e9glable, offre l\u2019ACC\u00c8S N\u00c9CESSAIRE pour d\u00e9tecter, soulever et r\u00e9parer facilement les v\u00e9hicules monocoques, sp\u00e9ciaux, et \u00e9lectriques \u00e0 batterie.<\/li>\n<li>Acc\u00e8s aux POINTS DE LEVAGE SP\u00c9CIFIQUES de petite taille sur les v\u00e9hicules \u00e9lectriques avec l\u2019espace n\u00e9cessaire \u00e0 la d\u00e9pose des batteries de propulsion.<\/li>\n<li>RETRAIT DU BRAS COURT et GRANDE PLAGE DE LEVAGE.<\/li>\n<li>La g\u00e9om\u00e9trie des bras est con\u00e7ue pour SOULEVER TOUT TYPE DE V\u00c9HICULE, des citadines classiques jusqu\u2019aux fourgons L3 \u00e0 empattement long (levage des L3 possible selon mod\u00e8le\/ marque).<\/li>\n<\/ul>\n","protected":false},"excerpt":{"rendered":"<p>4,0\u00a0t, \u00e9lectrohydraulique, bras AV, colonnes sym\u00e9triques, bras longs \u00e0 3 sections, bras courts \u00e0 3 sections<\/p>\n","protected":false},"featured_media":385390,"template":"","meta":[],"product_brand":[],"product_cat":[1033380],"product_tag":[1034163],"product_approvals":[],"product_application":[],"class_list":{"0":"post-385412","1":"product","2":"type-product","3":"status-publish","4":"has-post-thumbnail","6":"product_cat-ponts-elevateurs-a-2-colonnes-fr","7":"product_tag-passenger-cars-fr","9":"first","10":"instock","11":"shipping-taxable","12":"product-type-simple"},"approvals":[],"application":[],"brb_media_brochure":[{"id":385391,"url":"https:\/\/dev.codekraft.it\/rotary-2024\/wp-content\/uploads\/brb_media\/00550231_2-post-lift-spoa40av-br-de-2025-09.pdf","title":"2 Post Lift SPOA40AV BR DE 2025 09","mpn":"","thumbnail":"https:\/\/dev.codekraft.it\/rotary-2024\/wp-content\/uploads\/brb_media\/00550231_2-post-lift-spoa40av-br-de-2025-09-pdf-106x150.png","description":""},{"id":385392,"url":"https:\/\/dev.codekraft.it\/rotary-2024\/wp-content\/uploads\/brb_media\/00550232_2-post-lift-spoa40av-br-en-2025-09.pdf","title":"2 Post Lift SPOA40AV BR EN 2025 09","mpn":"","thumbnail":"https:\/\/dev.codekraft.it\/rotary-2024\/wp-content\/uploads\/brb_media\/00550232_2-post-lift-spoa40av-br-en-2025-09-pdf-106x150.png","description":""},{"id":385393,"url":"https:\/\/dev.codekraft.it\/rotary-2024\/wp-content\/uploads\/brb_media\/00550234_2-post-lift-spoa40av-br-fr-2025-09.pdf","title":"2 Post Lift SPOA40AV BR FR 2025 09","mpn":"","thumbnail":"https:\/\/dev.codekraft.it\/rotary-2024\/wp-content\/uploads\/brb_media\/00550234_2-post-lift-spoa40av-br-fr-2025-09-pdf-106x150.png","description":""},{"id":385394,"url":"https:\/\/dev.codekraft.it\/rotary-2024\/wp-content\/uploads\/brb_media\/00550235_2-post-lift-spoa40av-br-it-2025-09.pdf","title":"2 Post Lift SPOA40AV BR IT 2025 09","mpn":"","thumbnail":"https:\/\/dev.codekraft.it\/rotary-2024\/wp-content\/uploads\/brb_media\/00550235_2-post-lift-spoa40av-br-it-2025-09-pdf-106x150.png","description":""},{"id":385395,"url":"https:\/\/dev.codekraft.it\/rotary-2024\/wp-content\/uploads\/brb_media\/00550233_2-post-lift-spoa40av-br-es-2025-09.pdf","title":"2 Post Lift SPOA40AV BR ES 2025 09","mpn":"","thumbnail":"https:\/\/dev.codekraft.it\/rotary-2024\/wp-content\/uploads\/brb_media\/00550233_2-post-lift-spoa40av-br-es-2025-09-pdf-106x150.png","description":""},{"id":385396,"url":"https:\/\/dev.codekraft.it\/rotary-2024\/wp-content\/uploads\/brb_media\/00550236_2-post-lift-spoa40av-br-ru-2025-09.pdf","title":"2 Post Lift SPOA40AV BR RU 2025 09","mpn":"","thumbnail":"https:\/\/dev.codekraft.it\/rotary-2024\/wp-content\/uploads\/brb_media\/00550236_2-post-lift-spoa40av-br-ru-2025-09-pdf-106x150.png","description":""}],"brb_media_drawing":[{"id":385397,"url":"https:\/\/dev.codekraft.it\/rotary-2024\/wp-content\/uploads\/brb_media\/00550267_2-post-lift-spoa40av-td.pdf","title":"2 Post Lift SPOA40AV TD","mpn":"","thumbnail":"https:\/\/dev.codekraft.it\/rotary-2024\/wp-content\/uploads\/brb_media\/00550267_2-post-lift-spoa40av-td-pdf-150x106.png","description":""},{"id":385398,"url":"https:\/\/dev.codekraft.it\/rotary-2024\/wp-content\/uploads\/brb_media\/00550266_2-post-lift-spoa40av-0473_0740_0_00_caricabilita-td.pdf","title":"2 Post Lift SPOA40AV 0473 0740 0 00 Caricabilit\u00e0 TD","mpn":"","thumbnail":"https:\/\/dev.codekraft.it\/rotary-2024\/wp-content\/uploads\/brb_media\/00550266_2-post-lift-spoa40av-0473_0740_0_00_caricabilita-td-pdf-150x107.png","description":""}],"brb_media_manuals":"","brb_media_safety_datasheets":"","brb_media_spare_parts":[],"_cdmm_p_id":"506902","_company":"Elektron","_gtin":"4057612975659","accessories":[{"id":383972,"mpn":"VSG.2CALL.902818","name":"Kit de supports pour rehausser les v\u00e9hicules","description":"Hauteur de rampe 60 mm, pour v\u00e9hicules extr\u00eamement bas | 1 jeu \/ 2 pi\u00e8ces","thumbnail":"https:\/\/dev.codekraft.it\/rotary-2024\/wp-content\/uploads\/brb_media\/00509501_2-post-lift-vsg2call902818-mi-150x150.png","url":"https:\/\/dev.codekraft.it\/rotary-2024\/fr\/produits\/accessoires-ponts-elevateurs-fr\/accessoires-ponts-elevateurs-a-2-colonnes-fr\/kit-de-supports-pour-rehausser-les-vehicules\/"},{"id":385341,"mpn":"VSG.2CHYD.902917","name":"Rallonges d'adaptateur","description":"4 x 89 mm, 4 x 127 mm, y compris 2 supports pour le montage sur les colonnes | pour bras AV | 1 jeu \/ 8 pi\u00e8ces","thumbnail":"https:\/\/dev.codekraft.it\/rotary-2024\/wp-content\/uploads\/brb_media\/00040944_spoa-40-adapter-extension-set-02-89mm-127mm-mi-150x150.png","url":"https:\/\/dev.codekraft.it\/rotary-2024\/fr\/produits\/accessoires-ponts-elevateurs-fr\/accessoires-ponts-elevateurs-a-2-colonnes-fr\/rallonges-dadaptateur-4\/"},{"id":383984,"mpn":"VSG.2CALL.902641","name":"Bac pour les outils","description":"Aimant\u00e9es | ensemble de plateaux | 1 jeu \/ 4 pi\u00e8ces","thumbnail":"https:\/\/dev.codekraft.it\/rotary-2024\/wp-content\/uploads\/brb_media\/00509504_2-post-lift-vsg2call902641-mi-150x150.png","url":"https:\/\/dev.codekraft.it\/rotary-2024\/fr\/produits\/accessoires-ponts-elevateurs-fr\/accessoires-ponts-elevateurs-a-2-colonnes-fr\/bac-pour-les-outils\/"},{"id":382558,"mpn":"VSG.2CALL.901163","name":"Kit adaptateurs","description":"Kit adaptateurs pour tampons pour prise chassis \u00d8 120 mm (1 jeu, 2 pi\u00e8ces), pour plateau tournant","thumbnail":"https:\/\/dev.codekraft.it\/rotary-2024\/wp-content\/uploads\/brb_media\/00524050_2-post-lift-fj6353-1-mi-150x150.png","url":"https:\/\/dev.codekraft.it\/rotary-2024\/fr\/produits\/accessoires-ponts-elevateurs-fr\/accessoires-ponts-elevateurs-a-2-colonnes-fr\/kit-adaptateurs\/"},{"id":383978,"mpn":"VSG.2CALL.902085","name":"Kit de supports pour le contr\u00f4le de g\u00e9om\u00e9trie","description":"1 jeu \/ 4 pi\u00e8ces","thumbnail":"https:\/\/dev.codekraft.it\/rotary-2024\/wp-content\/uploads\/brb_media\/00509503_2-post-lift-vsg2call902085-mi-150x150.png","url":"https:\/\/dev.codekraft.it\/rotary-2024\/fr\/produits\/accessoires-ponts-elevateurs-fr\/accessoires-ponts-elevateurs-a-2-colonnes-fr\/kit-de-supports-pour-le-controle-de-geometrie\/"},{"id":382163,"mpn":"GP-SPO40Y","name":"Arceau auxiliaire","description":"Pour plaque de base SPO\/A40 | 1 jeu \/ 2 pi\u00e8ces","thumbnail":"https:\/\/dev.codekraft.it\/rotary-2024\/wp-content\/uploads\/brb_media\/00524051_2-post-lift-gp-spo40y-mi-150x150.png","url":"https:\/\/dev.codekraft.it\/rotary-2024\/fr\/produits\/accessoires-ponts-elevateurs-fr\/accessoires-ponts-elevateurs-a-2-colonnes-fr\/arceau-auxiliaire-2\/"},{"id":385088,"mpn":"VSG.2CALL.899989","name":"Kit tampons","description":"Plateau, logement en U | Uniquement pour les bras AV | 1 jeu \/ 4 pi\u00e8ces","thumbnail":"https:\/\/dev.codekraft.it\/rotary-2024\/wp-content\/uploads\/brb_media\/00531426_2-post-lift-vsg2call899989-mi-150x150.png","url":"https:\/\/dev.codekraft.it\/rotary-2024\/fr\/produits\/accessoires-ponts-elevateurs-fr\/systemes-de-transport-prise-de-charge-fr\/kit-tampons-16\/"}],"components":[],"related":[],"page_logo_src":"https:\/\/dev.codekraft.it\/rotary-2024\/wp-content\/uploads\/2026\/04\/rotary-negative-logo.png","pll_sync_post":{},"lang":"fr","translations":{"fr":385412,"en":385389,"de":385411,"it":385413,"es":385414,"ru":385415},"_links":{"self":[{"href":"https:\/\/dev.codekraft.it\/rotary-2024\/wp-json\/wp\/v2\/product\/385412","targetHints":{"allow":["GET"]}}],"collection":[{"href":"https:\/\/dev.codekraft.it\/rotary-2024\/wp-json\/wp\/v2\/product"}],"about":[{"href":"https:\/\/dev.codekraft.it\/rotary-2024\/wp-json\/wp\/v2\/types\/product"}],"wp:featuredmedia":[{"embeddable":true,"href":"https:\/\/dev.codekraft.it\/rotary-2024\/wp-json\/wp\/v2\/media\/385390"}],"wp:attachment":[{"href":"https:\/\/dev.codekraft.it\/rotary-2024\/wp-json\/wp\/v2\/media?parent=385412"}],"wp:term":[{"taxonomy":"product_brand","embeddable":true,"href":"https:\/\/dev.codekraft.it\/rotary-2024\/wp-json\/wp\/v2\/product_brand?post=385412"},{"taxonomy":"product_cat","embeddable":true,"href":"https:\/\/dev.codekraft.it\/rotary-2024\/wp-json\/wp\/v2\/product_cat?post=385412"},{"taxonomy":"product_tag","embeddable":true,"href":"https:\/\/dev.codekraft.it\/rotary-2024\/wp-json\/wp\/v2\/product_tag?post=385412"},{"taxonomy":"product_approvals","embeddable":true,"href":"https:\/\/dev.codekraft.it\/rotary-2024\/wp-json\/wp\/v2\/product_approvals?post=385412"},{"taxonomy":"product_application","embeddable":true,"href":"https:\/\/dev.codekraft.it\/rotary-2024\/wp-json\/wp\/v2\/product_application?post=385412"}],"curies":[{"name":"wp","href":"https:\/\/api.w.org\/{rel}","templated":true}]}}