{"id":385411,"date":"2026-02-11T07:51:31","date_gmt":"2026-02-11T07:51:31","guid":{"rendered":"https:\/\/dev.codekraft.it\/rotary-2024\/products\/uncategorized\/2-saulen-hebebuhne-spoa40av-eh1\/"},"modified":"2026-02-22T05:09:01","modified_gmt":"2026-02-22T05:09:01","slug":"2-saulen-hebebuhne-spoa40av-eh1","status":"publish","type":"product","link":"https:\/\/dev.codekraft.it\/rotary-2024\/produkte\/hebebuhnen-de\/2-saulen-hebebuhnen-de\/2-saulen-hebebuhne-spoa40av-eh1\/","title":{"rendered":"2-S\u00e4ulen-Hebeb\u00fchne SPOA40AV-EH1"},"content":{"rendered":"<p><strong>DIE EINZIGE HEBEB\u00dcHNE MIT AV-ARMEN F\u00dcR DEN SERVICE AN ALLEN FAHRZEUGEN<\/strong><\/p>\n<ul>\n<li>F\u00fcr ein Plus an Ergonomie und Wirtschaftlichkeit ist die ZWEITE BEDIENEINHEIT SERIENM\u00c4SSIG ENTHALTEN.<\/li>\n<li>DER OBERE ENDSCHALTER sch\u00fctzt Fahrzeuge mit gr\u00f6\u00dferer Gesamth\u00f6he vor Besch\u00e4digungen beim Heben.<\/li>\n<li>Das DOPPEL-S-PROFIL und die vergr\u00f6\u00dferte KONTAKTFL\u00c4CHE der Hubs\u00e4ulen mit Hubschlitten erm\u00f6glicht maximale Stabilit\u00e4t bei minimalem Raumbedarf.<\/li>\n<li>AUTOMATISCHE ARMARRETIERUNG und AUTOMATISCHE BODENENTRIEGELUNG: konische Geometrie mit Selbstverriegelungseffekt.<\/li>\n<li>Ausgestattet mit einem AKUSTISCHEN FU\u00dfSCHUTZSYSTEM. Ohne mechanische Fu\u00dfabweiser.<\/li>\n<li>Die elektrohydraulische Bauweise mit NUR EINEM AGGREGAT SORGT F\u00dcR EINEN ENERGIESPARENDEN BETRIEB bei schnellen Hub- und Senkzeiten.<\/li>\n<li>Angeflanscht am oberen Bereich der Hubs\u00e4ule IST DAS AGGREGAT GESCH\u00dcTZT vor \u00e4u\u00dferen Einfl\u00fcssen und erm\u00f6glicht mehr Bewegungsfreiheit.\n<\/li>\n<li><strong>SICHERHEITSSYSTEM \u201e3PSS CONCEPT\u201c (3 PHASE SECURITY SYSTEM):<\/strong>\n<ul>\n<li>Beidseitig integrierte MECHANISCHE SICHERHEITSKLINKEN mit automatischer Bet\u00e4tigung.<\/li>\n<li>Durch R\u00fcckschlagventil GESICHERTES HYDRAULIKSYSTEM inklusive wartungsfreier Hochdruckzylinder in beiden S\u00e4ulen.<\/li>\n<li>LASTFREI GELAGERTE SYNCHRONISATIONS-SEILZ\u00dcGE sichern die Last w\u00e4hrend des Hub- und Senkvorgangs.\n<\/li>\n<\/ul>\n<\/li>\n<li>Die Arme sind 20\u00a0% L\u00c4NGER AUSFAHRBAR als Standardarme.<\/li>\n<li>Das innovative Design optimiert den Arm zur EINFACHEREN FEINEINSTELLUNG des Adapters unter Beibehaltung der MAXIMALEN REICHWEITE UND EINFAHRT.<\/li>\n<li>Der \u00e4u\u00dfere Arm und der Adapter weisen das gleiche H\u00f6henma\u00df auf, um die M\u00f6glichkeit einer Ber\u00fchrung des Arms mit dem Fahrzeugunterboden zu reduzieren.<\/li>\n<li>Die einstellbare, niedrige Drehtellerh\u00f6he bietet die M\u00f6glichkeit ZUM EINFACHEN POSITIONIEREN und Anheben von Standard, exotischen und batterieelektrischen Fahrzeugen.<\/li>\n<li>SPEZIFISCHE AUFNAHMEPUNKTE AN ELEKTROFAHRZEUGEN sind mit dem erforderlichen Freiraum zum Entfernen der Antriebsbatterien erreichbar.<\/li>\n<li>KURZER ARMEINZUG und GROSSER AUFNAHMEBEREICH.<\/li>\n<li>Die Armgeometrie ist f\u00fcr das ANHEBEN ALLER FAHRZEUGTYPEN ausgelegt, von klassischen Stadtautos bis hin zu L3-Vans mit langem Radstand.<\/li>\n<\/ul>\n","protected":false},"excerpt":{"rendered":"<p>4,0 t, elektrohydraulisch, AV-Arme, symmetrische S\u00e4ulen, lange 3-teilige Tragarme, kurze 3-teilige Tragarme<\/p>\n","protected":false},"featured_media":385390,"template":"","meta":[],"product_cat":[1033360],"product_tag":[1034161],"product_approvals":[],"product_application":[],"class_list":{"0":"post-385411","1":"product","2":"type-product","3":"status-publish","4":"has-post-thumbnail","6":"product_cat-2-saulen-hebebuhnen-de","7":"product_tag-passenger-cars-de","9":"first","10":"instock","11":"shipping-taxable","12":"product-type-simple"},"approvals":[],"application":[],"brb_media_brochure":[{"id":385391,"url":"https:\/\/dev.codekraft.it\/rotary-2024\/wp-content\/uploads\/brb_media\/00550231_2-post-lift-spoa40av-br-de-2025-09.pdf","title":"2 Post Lift SPOA40AV BR DE 2025 09","thumbnail":"https:\/\/dev.codekraft.it\/rotary-2024\/wp-content\/uploads\/brb_media\/00550231_2-post-lift-spoa40av-br-de-2025-09-pdf-106x150.png","description":""},{"id":385392,"url":"https:\/\/dev.codekraft.it\/rotary-2024\/wp-content\/uploads\/brb_media\/00550232_2-post-lift-spoa40av-br-en-2025-09.pdf","title":"2 Post Lift SPOA40AV BR EN 2025 09","thumbnail":"https:\/\/dev.codekraft.it\/rotary-2024\/wp-content\/uploads\/brb_media\/00550232_2-post-lift-spoa40av-br-en-2025-09-pdf-106x150.png","description":""},{"id":385393,"url":"https:\/\/dev.codekraft.it\/rotary-2024\/wp-content\/uploads\/brb_media\/00550234_2-post-lift-spoa40av-br-fr-2025-09.pdf","title":"2 Post Lift SPOA40AV BR FR 2025 09","thumbnail":"https:\/\/dev.codekraft.it\/rotary-2024\/wp-content\/uploads\/brb_media\/00550234_2-post-lift-spoa40av-br-fr-2025-09-pdf-106x150.png","description":""},{"id":385394,"url":"https:\/\/dev.codekraft.it\/rotary-2024\/wp-content\/uploads\/brb_media\/00550235_2-post-lift-spoa40av-br-it-2025-09.pdf","title":"2 Post Lift SPOA40AV BR IT 2025 09","thumbnail":"https:\/\/dev.codekraft.it\/rotary-2024\/wp-content\/uploads\/brb_media\/00550235_2-post-lift-spoa40av-br-it-2025-09-pdf-106x150.png","description":""},{"id":385395,"url":"https:\/\/dev.codekraft.it\/rotary-2024\/wp-content\/uploads\/brb_media\/00550233_2-post-lift-spoa40av-br-es-2025-09.pdf","title":"2 Post Lift SPOA40AV BR ES 2025 09","thumbnail":"https:\/\/dev.codekraft.it\/rotary-2024\/wp-content\/uploads\/brb_media\/00550233_2-post-lift-spoa40av-br-es-2025-09-pdf-106x150.png","description":""},{"id":385396,"url":"https:\/\/dev.codekraft.it\/rotary-2024\/wp-content\/uploads\/brb_media\/00550236_2-post-lift-spoa40av-br-ru-2025-09.pdf","title":"2 Post Lift SPOA40AV BR RU 2025 09","thumbnail":"https:\/\/dev.codekraft.it\/rotary-2024\/wp-content\/uploads\/brb_media\/00550236_2-post-lift-spoa40av-br-ru-2025-09-pdf-106x150.png","description":""}],"brb_media_drawing":[{"id":385397,"url":"https:\/\/dev.codekraft.it\/rotary-2024\/wp-content\/uploads\/brb_media\/00550267_2-post-lift-spoa40av-td.pdf","title":"2 Post Lift SPOA40AV TD","thumbnail":"https:\/\/dev.codekraft.it\/rotary-2024\/wp-content\/uploads\/brb_media\/00550267_2-post-lift-spoa40av-td-pdf-150x106.png","description":""},{"id":385398,"url":"https:\/\/dev.codekraft.it\/rotary-2024\/wp-content\/uploads\/brb_media\/00550266_2-post-lift-spoa40av-0473_0740_0_00_caricabilita-td.pdf","title":"2 Post Lift SPOA40AV 0473 0740 0 00 Caricabilit\u00e0 TD","thumbnail":"https:\/\/dev.codekraft.it\/rotary-2024\/wp-content\/uploads\/brb_media\/00550266_2-post-lift-spoa40av-0473_0740_0_00_caricabilita-td-pdf-150x107.png","description":""}],"brb_media_manuals":"","brb_media_safety_datasheets":"","brb_media_spare_parts":[],"_cdmm_p_id":"506902","_company":"Elektron","_gtin":"4057612975659","accessories":[{"id":383971,"cdmm_p_id":"502811","name":"Rampen","description":"Rampenh\u00f6he 60 mm, f\u00fcr extrem niedrige Fahrzeuge | 1 Satz \/ 4 St\u00fcck","thumbnail":"https:\/\/dev.codekraft.it\/rotary-2024\/wp-content\/uploads\/brb_media\/00509501_2-post-lift-vsg2call902818-mi-150x150.png","url":"https:\/\/dev.codekraft.it\/rotary-2024\/produkte\/zubehor-hebebuhnen-de\/zubehor-2-saulen-hebebuhnen-de\/rampen\/"},{"id":385340,"cdmm_p_id":"506807","name":"Adapterverl\u00e4ngerungen","description":"4 x 89 mm, 4 x 127 mm, inkl. 2 Haltern zur Montage an den S\u00e4ulen | f\u00fcr AV-Arme| 1 Satz \/ 8 St\u00fcck","thumbnail":"https:\/\/dev.codekraft.it\/rotary-2024\/wp-content\/uploads\/brb_media\/00040944_spoa-40-adapter-extension-set-02-89mm-127mm-mi-150x150.png","url":"https:\/\/dev.codekraft.it\/rotary-2024\/produkte\/zubehor-hebebuhnen-de\/zubehor-2-saulen-hebebuhnen-de\/adapterverlangerungen-5\/"},{"id":383983,"cdmm_p_id":"502815","name":"Werkzeug-Ablageschalen","description":"Magnetisch | 1 Satz \/ 2 St\u00fcck","thumbnail":"https:\/\/dev.codekraft.it\/rotary-2024\/wp-content\/uploads\/brb_media\/00509504_2-post-lift-vsg2call902641-mi-150x150.png","url":"https:\/\/dev.codekraft.it\/rotary-2024\/produkte\/zubehor-hebebuhnen-de\/zubehor-2-saulen-hebebuhnen-de\/werkzeug-ablageschalen\/"},{"id":382557,"cdmm_p_id":"500910","name":"Adapter-Satz","description":"Adapter-Satz f\u00fcr Tragteller zur Rahmenaufnahme \u00d8 120 mm (1 Satz, 2 St.)","thumbnail":"https:\/\/dev.codekraft.it\/rotary-2024\/wp-content\/uploads\/brb_media\/00524050_2-post-lift-fj6353-1-mi-150x150.png","url":"https:\/\/dev.codekraft.it\/rotary-2024\/produkte\/zubehor-hebebuhnen-de\/zubehor-2-saulen-hebebuhnen-de\/adapter-satz\/"},{"id":383977,"cdmm_p_id":"502814","name":"Achsmessb\u00f6cke","description":"1 Satz \/ 4 St\u00fcck","thumbnail":"https:\/\/dev.codekraft.it\/rotary-2024\/wp-content\/uploads\/brb_media\/00509503_2-post-lift-vsg2call902085-mi-150x150.png","url":"https:\/\/dev.codekraft.it\/rotary-2024\/produkte\/zubehor-hebebuhnen-de\/zubehor-2-saulen-hebebuhnen-de\/achsmessbocke\/"},{"id":382162,"cdmm_p_id":"499831","name":"Hilfsb\u00fcgel","description":"F\u00fcr Grundplatten SPO\/A40 | 1 Satz \/ 2 St\u00fcck","thumbnail":"https:\/\/dev.codekraft.it\/rotary-2024\/wp-content\/uploads\/brb_media\/00524051_2-post-lift-gp-spo40y-mi-150x150.png","url":"https:\/\/dev.codekraft.it\/rotary-2024\/produkte\/zubehor-hebebuhnen-de\/zubehor-2-saulen-hebebuhnen-de\/hilfsbugel-2\/"},{"id":385087,"cdmm_p_id":"504740","name":"Aufnahmeadapter","description":"Tragteller, U-Aufnahme | Nur f\u00fcr AV-Arme | 1 Satz \/ 4 St\u00fcck","thumbnail":"https:\/\/dev.codekraft.it\/rotary-2024\/wp-content\/uploads\/brb_media\/00531426_2-post-lift-vsg2call899989-mi-150x150.png","url":"https:\/\/dev.codekraft.it\/rotary-2024\/produkte\/zubehor-hebebuhnen-de\/lastaufnahmemittel-de\/aufnahmeadapter-17\/"}],"components":[],"related":[],"similar":[],"page_logo_src":"https:\/\/dev.codekraft.it\/rotary-2024\/wp-content\/uploads\/2024\/05\/cropped-rotary-logo-2022.png","lang":"de","translations":{"de":385411,"en":385389,"fr":385412,"it":385413,"es":385414,"ru":385415},"pll_sync_post":[],"_links":{"self":[{"href":"https:\/\/dev.codekraft.it\/rotary-2024\/wp-json\/wp\/v2\/product\/385411","targetHints":{"allow":["GET"]}}],"collection":[{"href":"https:\/\/dev.codekraft.it\/rotary-2024\/wp-json\/wp\/v2\/product"}],"about":[{"href":"https:\/\/dev.codekraft.it\/rotary-2024\/wp-json\/wp\/v2\/types\/product"}],"wp:featuredmedia":[{"embeddable":true,"href":"https:\/\/dev.codekraft.it\/rotary-2024\/wp-json\/wp\/v2\/media\/385390"}],"wp:attachment":[{"href":"https:\/\/dev.codekraft.it\/rotary-2024\/wp-json\/wp\/v2\/media?parent=385411"}],"wp:term":[{"taxonomy":"product_cat","embeddable":true,"href":"https:\/\/dev.codekraft.it\/rotary-2024\/wp-json\/wp\/v2\/product_cat?post=385411"},{"taxonomy":"product_tag","embeddable":true,"href":"https:\/\/dev.codekraft.it\/rotary-2024\/wp-json\/wp\/v2\/product_tag?post=385411"},{"taxonomy":"product_approvals","embeddable":true,"href":"https:\/\/dev.codekraft.it\/rotary-2024\/wp-json\/wp\/v2\/product_approvals?post=385411"},{"taxonomy":"product_application","embeddable":true,"href":"https:\/\/dev.codekraft.it\/rotary-2024\/wp-json\/wp\/v2\/product_application?post=385411"}],"curies":[{"name":"wp","href":"https:\/\/api.w.org\/{rel}","templated":true}]}}