{"id":385384,"date":"2025-09-10T10:54:00","date_gmt":"2025-09-10T10:54:00","guid":{"rendered":"https:\/\/dev.codekraft.it\/rotary-2024\/products\/uncategorized\/reifenmontiermaschine-pc240-bike-3\/"},"modified":"2025-09-10T10:54:00","modified_gmt":"2025-09-10T10:54:00","slug":"reifenmontiermaschine-pc240-bike-3","status":"publish","type":"product","link":"https:\/\/dev.codekraft.it\/rotary-2024\/produkte\/reifenservice-de\/reifenmontiermaschinen-de\/reifenmontiermaschine-pc240-bike-3\/","title":{"rendered":"Reifenmontiermaschine PC240.BIKE"},"content":{"rendered":"<ul>\n<li>Reifenmontiervorrichtung f\u00fcr Motorradreifen<\/li>\n<li>Externe Spannvorrichtung 6 &#8211; 24\u2033<\/li>\n<li>Mobile Greifer mit 3 Positionen<\/li>\n<li>Halter zur Aufnahme von Felgen mit gro\u00dfen Bremsscheiben<\/li>\n<li>Reifenmontiereisen speziell f\u00fcr Motorrad- und Rollerfelgen<\/li>\n<\/ul>\n","protected":false},"excerpt":{"rendered":"<p>Spezial-Montagekopf und Montiereisen, inkl. Reifenf\u00fcller mit Schnellf\u00fcllventil mit Druckminderer, Spannklauen und Abdr\u00fccker, Motorrad, Felgendurchmesser 6 &#8211; 24\u2033, max. Felgenbreite 12\u2033 | Rot (RAL 3002)<\/p>\n","protected":false},"featured_media":353102,"template":"","meta":[],"product_cat":[1033364],"product_tag":[1035646,1035663],"product_approvals":[],"product_application":[],"class_list":{"0":"post-385384","1":"product","2":"type-product","3":"status-publish","4":"has-post-thumbnail","6":"product_cat-reifenmontiermaschinen-de","7":"product_tag-motorbikes-de","8":"product_tag-scooter-de","10":"first","11":"instock","12":"shipping-taxable","13":"product-type-simple"},"approvals":[],"application":[],"brb_media_brochure":"","brb_media_drawing":"","brb_media_manuals":[{"id":380564,"url":"https:\/\/dev.codekraft.it\/rotary-2024\/wp-content\/uploads\/brb_media\/00539695_tyre-changer-rot-rav-pc240bike-pc240bike-mf-g7240bike-g7240bike-mf-g724020-g7240i22a-g7246id26a-im-7300-m051-01_vsg_rev01-multi-2024-07.pdf","title":"tyre changer rot rav pc240bike pc240bike mf g7240bike g7240bike mf g724020 g7240i22a g7246id26a im 7300 m051 01 vsg rev01 multi 2024 07","thumbnail":"https:\/\/dev.codekraft.it\/rotary-2024\/wp-content\/uploads\/brb_media\/00539695_tyre-changer-rot-rav-pc240bike-pc240bike-mf-g7240bike-g7240bike-mf-g724020-g7240i22a-g7246id26a-im-7300-m051-01_vsg_rev01-multi-2024-07-pdf-106x150.png","description":""}],"brb_media_safety_datasheets":"","brb_media_spare_parts":[],"_cdmm_p_id":"506901","_company":"Elektron","_gtin":"5063084200648","accessories":[{"id":381462,"cdmm_p_id":"497557","name":"Schnellsteckvorrichtung | ohne Montagekopf","description":"Der Einsatz vom G800A70 reduziert die max. Radbreite um 2\u2033","thumbnail":"https:\/\/dev.codekraft.it\/rotary-2024\/wp-content\/uploads\/brb_media\/00506641_g800a70-150x150.png","url":"https:\/\/dev.codekraft.it\/rotary-2024\/produkte\/zubehor-reifenservice-de\/zubehor-reifenmontiermaschinen-de\/schnellsteckvorrichtung-ohne-montagekopf\/"},{"id":381468,"cdmm_p_id":"497558","name":"Montagekopf-Adapter f\u00fcr Schnellsteckvorrichtung","description":"F\u00fcr alle Modelle mit Schnellstecksystem","thumbnail":"https:\/\/dev.codekraft.it\/rotary-2024\/wp-content\/uploads\/brb_media\/00506644_g800a75-150x150.png","url":"https:\/\/dev.codekraft.it\/rotary-2024\/produkte\/zubehor-reifenservice-de\/zubehor-reifenmontiermaschinen-de\/montagekopf-adapter-fur-schnellsteckvorrichtung\/"},{"id":381480,"cdmm_p_id":"497561","name":"Montagekopf f\u00fcr ATV-R\u00e4der","description":"F\u00fcr alle Modelle mit Schnellstecksystem | inkl. Adapter f\u00fcr Schnellsteckvorrichtung","thumbnail":"https:\/\/dev.codekraft.it\/rotary-2024\/wp-content\/uploads\/brb_media\/00506645_g800a76-150x150.png","url":"https:\/\/dev.codekraft.it\/rotary-2024\/produkte\/zubehor-reifenservice-de\/zubehor-reifenmontiermaschinen-de\/montagekopf-fur-atv-rader\/"},{"id":381486,"cdmm_p_id":"497562","name":"Montagekopf f\u00fcr Motorr\u00e4der | Kunststoff","description":"F\u00fcr alle Modelle mit Schnellstecksystem | inkl. Adapter f\u00fcr Schnellsteckvorrichtung","thumbnail":"https:\/\/dev.codekraft.it\/rotary-2024\/wp-content\/uploads\/brb_media\/00506643_g800a74-150x150.png","url":"https:\/\/dev.codekraft.it\/rotary-2024\/produkte\/zubehor-reifenservice-de\/zubehor-reifenmontiermaschinen-de\/montagekopf-fur-motorrader-kunststoff\/"},{"id":380614,"cdmm_p_id":"490269","name":"Montiereisen Standard","description":"Pkw","thumbnail":"https:\/\/dev.codekraft.it\/rotary-2024\/wp-content\/uploads\/brb_media\/00506696_g1000a52-150x150.png","url":"https:\/\/dev.codekraft.it\/rotary-2024\/produkte\/zubehor-reifenservice-de\/zubehor-reifenmontiermaschinen-de\/montiereisen-standard\/"},{"id":382018,"cdmm_p_id":"499799","name":"Montiereisen | halbmondf\u00f6rmig","description":"","thumbnail":"https:\/\/dev.codekraft.it\/rotary-2024\/wp-content\/uploads\/brb_media\/00506725_b2440002-150x150.png","url":"https:\/\/dev.codekraft.it\/rotary-2024\/produkte\/zubehor-reifenservice-de\/zubehor-reifenmontiermaschinen-de\/montiereisen-halbmondformig\/"},{"id":383305,"cdmm_p_id":"502060","name":"Montagehebel-Alufelgenschutz f\u00fcr Montiereisen | 1 Satz \/ 50 St\u00fcck","description":"","thumbnail":"https:\/\/dev.codekraft.it\/rotary-2024\/wp-content\/uploads\/brb_media\/00506686_g1000a13k-150x150.png","url":"https:\/\/dev.codekraft.it\/rotary-2024\/produkte\/zubehor-reifenservice-de\/zubehor-reifenmontiermaschinen-de\/montagehebel-alufelgenschutz-fur-montiereisen-1-satz-50-stuck\/"},{"id":381511,"cdmm_p_id":"497566","name":"Pinsel Kunststoff","description":"","thumbnail":"https:\/\/dev.codekraft.it\/rotary-2024\/wp-content\/uploads\/brb_media\/00506719_g800a38-150x150.png","url":"https:\/\/dev.codekraft.it\/rotary-2024\/produkte\/zubehor-reifenservice-de\/zubehor-reifenmontiermaschinen-de\/pinsel-kunststoff\/"},{"id":382105,"cdmm_p_id":"499819","name":"Montagepaste | 3,5 kg","description":"","thumbnail":"https:\/\/dev.codekraft.it\/rotary-2024\/wp-content\/uploads\/brb_media\/00506743_g800a37-150x150.png","url":"https:\/\/dev.codekraft.it\/rotary-2024\/produkte\/zubehor-reifenservice-de\/zubehor-reifenmontiermaschinen-de\/montagepaste-35-kg\/"},{"id":382000,"cdmm_p_id":"499796","name":"Ablagefach f\u00fcr Ventile\/Zubeh\u00f6r | mit Halterung","description":"","thumbnail":"https:\/\/dev.codekraft.it\/rotary-2024\/wp-content\/uploads\/brb_media\/00506646_g800a77-02-150x150.png","url":"https:\/\/dev.codekraft.it\/rotary-2024\/produkte\/zubehor-reifenservice-de\/zubehor-reifenmontiermaschinen-de\/ablagefach-fur-ventile-zubehor-mit-halterung\/"}],"components":[],"related":[],"similar":[{"id":380571,"cdmm_p_id":"490240","name":"Reifenmontiermaschine PC240.BIKE","description":"Spezial-Montagekopf und Montiereisen, inkl. Reifenf\u00fcller mit Schnellf\u00fcllventil mit Druckminderer, Spannklauen und Abdr\u00fccker, Motorrad, Felgendurchmesser 6 - 24\u2033, max. Felgenbreite 12\u2033 | Grau (RAL 7016)","thumbnail":"https:\/\/dev.codekraft.it\/rotary-2024\/wp-content\/uploads\/brb_media\/00524027_tyre-changers-pc240bike-ral7016-mi-150x150.png","url":"https:\/\/dev.codekraft.it\/rotary-2024\/produkte\/reifenservice-de\/reifenmontiermaschinen-de\/reifenmontiermaschine-pc240-bike-2\/"}],"lang":"de","translations":{"de":385384,"en":385383,"fr":385385,"it":385386,"es":385387,"ru":385388},"pll_sync_post":[],"_links":{"self":[{"href":"https:\/\/dev.codekraft.it\/rotary-2024\/wp-json\/wp\/v2\/product\/385384","targetHints":{"allow":["GET"]}}],"collection":[{"href":"https:\/\/dev.codekraft.it\/rotary-2024\/wp-json\/wp\/v2\/product"}],"about":[{"href":"https:\/\/dev.codekraft.it\/rotary-2024\/wp-json\/wp\/v2\/types\/product"}],"wp:featuredmedia":[{"embeddable":true,"href":"https:\/\/dev.codekraft.it\/rotary-2024\/wp-json\/wp\/v2\/media\/353102"}],"wp:attachment":[{"href":"https:\/\/dev.codekraft.it\/rotary-2024\/wp-json\/wp\/v2\/media?parent=385384"}],"wp:term":[{"taxonomy":"product_cat","embeddable":true,"href":"https:\/\/dev.codekraft.it\/rotary-2024\/wp-json\/wp\/v2\/product_cat?post=385384"},{"taxonomy":"product_tag","embeddable":true,"href":"https:\/\/dev.codekraft.it\/rotary-2024\/wp-json\/wp\/v2\/product_tag?post=385384"},{"taxonomy":"product_approvals","embeddable":true,"href":"https:\/\/dev.codekraft.it\/rotary-2024\/wp-json\/wp\/v2\/product_approvals?post=385384"},{"taxonomy":"product_application","embeddable":true,"href":"https:\/\/dev.codekraft.it\/rotary-2024\/wp-json\/wp\/v2\/product_application?post=385384"}],"curies":[{"name":"wp","href":"https:\/\/api.w.org\/{rel}","templated":true}]}}