{"id":385379,"date":"2025-12-11T10:10:45","date_gmt":"2025-12-11T10:10:45","guid":{"rendered":"https:\/\/dev.codekraft.it\/rotary-2024\/products\/uncategorized\/pont-elevateur-a-2-colonnes-tlo7\/"},"modified":"2025-12-11T10:10:45","modified_gmt":"2025-12-11T10:10:45","slug":"pont-elevateur-a-2-colonnes-tlo7","status":"publish","type":"product","link":"https:\/\/dev.codekraft.it\/rotary-2024\/fr\/produits\/ponts-elevateurs-fr\/ponts-elevateurs-a-2-colonnes-fr\/pont-elevateur-a-2-colonnes-tlo7\/","title":{"rendered":"Pont \u00e9l\u00e9vateur \u00e0 2 colonnes TLO7"},"content":{"rendered":"<ul>\n<li>Permet un acc\u00e9s facile aux organes m\u00e9caniques et hydrauliques.<\/li>\n<li>Le dispositif de prise par les roues permet de les caler automatiquement.<\/li>\n<li>Le pont \u00e9l\u00e9vateur permet de charger des engins \u00e0 3 roues (1100 kg max.) et \u00e0 4 roues (2300 kg max.).<\/li>\n<li>PASSAGE A\u00c9RIEN DES C\u00c2BLES en arcade pour une surface au sol sans obstacle.\n<ul>\n<li>Kit adaptateurs des roues pour soulever les v\u00e9hicules ayant des roues de moins de 330 mm.<\/li>\n<li>DOUBLES PANNEAUX DE COMMANDE &#8211; un de chaque c\u00f4t\u00e9 du pont \u00e9l\u00e9vateur &#8211; vous assurent un contr\u00f4le total, quel que soit l&#8217;endroit o\u00f9 vous vous trouvez, ce qui rationalise votre flux de travail et am\u00e9liore l&#8217;efficacit\u00e9.<\/li>\n<li>Les rampes d&#8217;acc\u00e8s et les rails lat\u00e9raux r\u00e9glables permettent de supporter des v\u00e9hicules plus larges lors de l&#8217;approche.<\/li>\n<\/ul>\n<\/li>\n<\/ul>\n","protected":false},"excerpt":{"rendered":"<p>Id\u00e9al pour soulever les machines de jardinage, les voiturettes de golf et les mini-tracteurs: 1,1 &#8211; 2,3 t, pour les v\u00e8hicules \u00e0 3 roues (1100 kg) et \u00e0 4 roues (2300 kg), \u00e9lectrohydraulique, asym\u00e9trique, hauteur totale de 4166 mm<\/p>\n","protected":false},"featured_media":385365,"template":"","meta":[],"product_cat":[1033380],"product_tag":[1034163],"product_approvals":[],"product_application":[],"class_list":{"0":"post-385379","1":"product","2":"type-product","3":"status-publish","4":"has-post-thumbnail","6":"product_cat-ponts-elevateurs-a-2-colonnes-fr","7":"product_tag-passenger-cars-fr","9":"first","10":"instock","11":"shipping-taxable","12":"product-type-simple"},"approvals":[],"application":[],"brb_media_brochure":[{"id":385366,"url":"https:\/\/dev.codekraft.it\/rotary-2024\/wp-content\/uploads\/brb_media\/00550479_2-post-lift-tlo7-br-de-2025-10.pdf","title":"2 Post Lift TLO7 BR DE 2025 10","thumbnail":"https:\/\/dev.codekraft.it\/rotary-2024\/wp-content\/uploads\/brb_media\/00550479_2-post-lift-tlo7-br-de-2025-10-pdf-106x150.png","description":""},{"id":385367,"url":"https:\/\/dev.codekraft.it\/rotary-2024\/wp-content\/uploads\/brb_media\/00550480_2-post-lift-tlo7-br-en-2025-10.pdf","title":"2 Post Lift TLO7 BR EN 2025 10","thumbnail":"https:\/\/dev.codekraft.it\/rotary-2024\/wp-content\/uploads\/brb_media\/00550480_2-post-lift-tlo7-br-en-2025-10-pdf-106x150.png","description":""},{"id":385368,"url":"https:\/\/dev.codekraft.it\/rotary-2024\/wp-content\/uploads\/brb_media\/00550482_2-post-lift-tlo7-br-fr-2025-10.pdf","title":"2 Post Lift TLO7 BR FR 2025 10","thumbnail":"https:\/\/dev.codekraft.it\/rotary-2024\/wp-content\/uploads\/brb_media\/00550482_2-post-lift-tlo7-br-fr-2025-10-pdf-106x150.png","description":""},{"id":385369,"url":"https:\/\/dev.codekraft.it\/rotary-2024\/wp-content\/uploads\/brb_media\/00550483_2-post-lift-tlo7-br-it-2025-10.pdf","title":"2 Post Lift TLO7 BR IT 2025 10","thumbnail":"https:\/\/dev.codekraft.it\/rotary-2024\/wp-content\/uploads\/brb_media\/00550483_2-post-lift-tlo7-br-it-2025-10-pdf-106x150.png","description":""},{"id":385370,"url":"https:\/\/dev.codekraft.it\/rotary-2024\/wp-content\/uploads\/brb_media\/00550481_2-post-lift-tlo7-br-es-2025-10.pdf","title":"2 Post Lift TLO7 BR ES 2025 10","thumbnail":"https:\/\/dev.codekraft.it\/rotary-2024\/wp-content\/uploads\/brb_media\/00550481_2-post-lift-tlo7-br-es-2025-10-pdf-106x150.png","description":""},{"id":385371,"url":"https:\/\/dev.codekraft.it\/rotary-2024\/wp-content\/uploads\/brb_media\/00550484_2-post-lift-tlo7-br-ru-2025-10.pdf","title":"2 Post Lift TLO7 BR RU 2025 10","thumbnail":"https:\/\/dev.codekraft.it\/rotary-2024\/wp-content\/uploads\/brb_media\/00550484_2-post-lift-tlo7-br-ru-2025-10-pdf-106x150.png","description":""}],"brb_media_drawing":[{"id":385373,"url":"https:\/\/dev.codekraft.it\/rotary-2024\/wp-content\/uploads\/brb_media\/00550277_2-post-lift-tlo7-td-2025-08.pdf","title":"2 Post Lift TLO7 TD 2025 08","thumbnail":"https:\/\/dev.codekraft.it\/rotary-2024\/wp-content\/uploads\/brb_media\/00550277_2-post-lift-tlo7-td-2025-08-pdf-107x150.png","description":""}],"brb_media_manuals":[{"id":385372,"url":"https:\/\/dev.codekraft.it\/rotary-2024\/wp-content\/uploads\/brb_media\/00550268_2-post-lift-tlo7-im-0497-m0020-multi.pdf","title":"2 Post Lift TLO7 IM 0497 M0020 multi","thumbnail":"https:\/\/dev.codekraft.it\/rotary-2024\/wp-content\/uploads\/brb_media\/00550268_2-post-lift-tlo7-im-0497-m0020-multi-pdf-106x150.png","description":""}],"brb_media_safety_datasheets":"","brb_media_spare_parts":[],"_cdmm_p_id":"506900","_company":"Elektron","_gtin":"4057612960587","accessories":[],"components":[],"related":[],"similar":[{"id":378491,"cdmm_p_id":"177334","name":"Pont \u00e9l\u00e9vateur \u00e0 2 colonnes SPOA3TS-5-EH1","description":"3,5 t, \u00e9lectrohydraulique, fonctionnement par bouton-poussoir, bras porteurs 3-pi\u00e8ces \u00e0 l'avant, asym\u00e9trique, hauteur totale de 3865 mm","thumbnail":"https:\/\/dev.codekraft.it\/rotary-2024\/wp-content\/uploads\/brb_media\/00448014_2-post-lift-spoa-3t-e-control-mi-150x150.png","url":"https:\/\/dev.codekraft.it\/rotary-2024\/fr\/produits\/ponts-elevateurs-fr\/ponts-elevateurs-a-2-colonnes-fr\/pont-elevateur-a-2-colonnes-spoa3ts-5-eh1\/"}],"lang":"fr","translations":{"fr":385379,"en":385364,"de":385378,"it":385380,"es":385381,"ru":385382},"pll_sync_post":[],"_links":{"self":[{"href":"https:\/\/dev.codekraft.it\/rotary-2024\/wp-json\/wp\/v2\/product\/385379","targetHints":{"allow":["GET"]}}],"collection":[{"href":"https:\/\/dev.codekraft.it\/rotary-2024\/wp-json\/wp\/v2\/product"}],"about":[{"href":"https:\/\/dev.codekraft.it\/rotary-2024\/wp-json\/wp\/v2\/types\/product"}],"wp:featuredmedia":[{"embeddable":true,"href":"https:\/\/dev.codekraft.it\/rotary-2024\/wp-json\/wp\/v2\/media\/385365"}],"wp:attachment":[{"href":"https:\/\/dev.codekraft.it\/rotary-2024\/wp-json\/wp\/v2\/media?parent=385379"}],"wp:term":[{"taxonomy":"product_cat","embeddable":true,"href":"https:\/\/dev.codekraft.it\/rotary-2024\/wp-json\/wp\/v2\/product_cat?post=385379"},{"taxonomy":"product_tag","embeddable":true,"href":"https:\/\/dev.codekraft.it\/rotary-2024\/wp-json\/wp\/v2\/product_tag?post=385379"},{"taxonomy":"product_approvals","embeddable":true,"href":"https:\/\/dev.codekraft.it\/rotary-2024\/wp-json\/wp\/v2\/product_approvals?post=385379"},{"taxonomy":"product_application","embeddable":true,"href":"https:\/\/dev.codekraft.it\/rotary-2024\/wp-json\/wp\/v2\/product_application?post=385379"}],"curies":[{"name":"wp","href":"https:\/\/api.w.org\/{rel}","templated":true}]}}