{"id":385378,"date":"2025-12-11T10:04:35","date_gmt":"2025-12-11T10:04:35","guid":{"rendered":"https:\/\/dev.codekraft.it\/rotary-2024\/products\/uncategorized\/2-saulen-hebebuhne-tlo7\/"},"modified":"2025-12-11T10:04:35","modified_gmt":"2025-12-11T10:04:35","slug":"2-saulen-hebebuhne-tlo7","status":"publish","type":"product","link":"https:\/\/dev.codekraft.it\/rotary-2024\/produkte\/hebebuhnen-de\/2-saulen-hebebuhnen-de\/2-saulen-hebebuhne-tlo7\/","title":{"rendered":"2-S\u00e4ulen-Hebeb\u00fchne TLO7"},"content":{"rendered":"<ul>\n<li>Erm\u00f6glicht einen einfachen Zugang zu den Umlenkrollen und den Hydrauliksystemen.<\/li>\n<li>Automatisches positionieren der R\u00e4der in der Radgabel.<\/li>\n<li>Die Hebeb\u00fchne kann sowohl 3-r\u00e4drige (1100 kg) als auch 4-r\u00e4drige (2300 kg) Fahrzeuge aufnehmen.<\/li>\n<li>Kabelverbindung \u00fcber die Quertraverse; keine Versorgungsleitungen am Boden.\n<ul>\n<li>Radgabeladaptersatz zum Anheben von Fahrzeugen mit weniger als 330 mm breiten R\u00e4dern.<\/li>\n<li>DIE ZWEI BEDIENEINHEITEN &#8211; eines auf jeder Seite des Lifts &#8211; sorgen daf\u00fcr, dass Sie die volle Kontrolle haben, egal wo Sie stehen, und verbessern so Ihren Arbeitsablauf und steigern die Effizienz.<\/li>\n<li>Die in L\u00e4ngs- und Querrichtung verstellbaren Radgabeln bieten den n\u00f6tigen Abstand, um breiteren Fahrzeugen die Einfahrt zu erleichtern.<\/li>\n<\/ul>\n<\/li>\n<\/ul>\n","protected":false},"excerpt":{"rendered":"<p>Ideal zum Anheben von Gartenger\u00e4ten, Golfwagen und Minitraktoren: 1,1 &#8211; 2,3 t, Aufnahme 3-r\u00e4driger (1100 kg) als auch 4-r\u00e4driger (2300 kg) Fahrzeuge m\u00f6glich, elektrohydraulisch, asymmetrisch, Gesamth\u00f6he 4166 mm<\/p>\n","protected":false},"featured_media":385365,"template":"","meta":[],"product_cat":[1033360],"product_tag":[1034161],"product_approvals":[],"product_application":[],"class_list":{"0":"post-385378","1":"product","2":"type-product","3":"status-publish","4":"has-post-thumbnail","6":"product_cat-2-saulen-hebebuhnen-de","7":"product_tag-passenger-cars-de","9":"first","10":"instock","11":"shipping-taxable","12":"product-type-simple"},"approvals":[],"application":[],"brb_media_brochure":[{"id":385366,"url":"https:\/\/dev.codekraft.it\/rotary-2024\/wp-content\/uploads\/brb_media\/00550479_2-post-lift-tlo7-br-de-2025-10.pdf","title":"2 Post Lift TLO7 BR DE 2025 10","thumbnail":"https:\/\/dev.codekraft.it\/rotary-2024\/wp-content\/uploads\/brb_media\/00550479_2-post-lift-tlo7-br-de-2025-10-pdf-106x150.png","description":""},{"id":385367,"url":"https:\/\/dev.codekraft.it\/rotary-2024\/wp-content\/uploads\/brb_media\/00550480_2-post-lift-tlo7-br-en-2025-10.pdf","title":"2 Post Lift TLO7 BR EN 2025 10","thumbnail":"https:\/\/dev.codekraft.it\/rotary-2024\/wp-content\/uploads\/brb_media\/00550480_2-post-lift-tlo7-br-en-2025-10-pdf-106x150.png","description":""},{"id":385368,"url":"https:\/\/dev.codekraft.it\/rotary-2024\/wp-content\/uploads\/brb_media\/00550482_2-post-lift-tlo7-br-fr-2025-10.pdf","title":"2 Post Lift TLO7 BR FR 2025 10","thumbnail":"https:\/\/dev.codekraft.it\/rotary-2024\/wp-content\/uploads\/brb_media\/00550482_2-post-lift-tlo7-br-fr-2025-10-pdf-106x150.png","description":""},{"id":385369,"url":"https:\/\/dev.codekraft.it\/rotary-2024\/wp-content\/uploads\/brb_media\/00550483_2-post-lift-tlo7-br-it-2025-10.pdf","title":"2 Post Lift TLO7 BR IT 2025 10","thumbnail":"https:\/\/dev.codekraft.it\/rotary-2024\/wp-content\/uploads\/brb_media\/00550483_2-post-lift-tlo7-br-it-2025-10-pdf-106x150.png","description":""},{"id":385370,"url":"https:\/\/dev.codekraft.it\/rotary-2024\/wp-content\/uploads\/brb_media\/00550481_2-post-lift-tlo7-br-es-2025-10.pdf","title":"2 Post Lift TLO7 BR ES 2025 10","thumbnail":"https:\/\/dev.codekraft.it\/rotary-2024\/wp-content\/uploads\/brb_media\/00550481_2-post-lift-tlo7-br-es-2025-10-pdf-106x150.png","description":""},{"id":385371,"url":"https:\/\/dev.codekraft.it\/rotary-2024\/wp-content\/uploads\/brb_media\/00550484_2-post-lift-tlo7-br-ru-2025-10.pdf","title":"2 Post Lift TLO7 BR RU 2025 10","thumbnail":"https:\/\/dev.codekraft.it\/rotary-2024\/wp-content\/uploads\/brb_media\/00550484_2-post-lift-tlo7-br-ru-2025-10-pdf-106x150.png","description":""}],"brb_media_drawing":[{"id":385373,"url":"https:\/\/dev.codekraft.it\/rotary-2024\/wp-content\/uploads\/brb_media\/00550277_2-post-lift-tlo7-td-2025-08.pdf","title":"2 Post Lift TLO7 TD 2025 08","thumbnail":"https:\/\/dev.codekraft.it\/rotary-2024\/wp-content\/uploads\/brb_media\/00550277_2-post-lift-tlo7-td-2025-08-pdf-107x150.png","description":""}],"brb_media_manuals":[{"id":385372,"url":"https:\/\/dev.codekraft.it\/rotary-2024\/wp-content\/uploads\/brb_media\/00550268_2-post-lift-tlo7-im-0497-m0020-multi.pdf","title":"2 Post Lift TLO7 IM 0497 M0020 multi","thumbnail":"https:\/\/dev.codekraft.it\/rotary-2024\/wp-content\/uploads\/brb_media\/00550268_2-post-lift-tlo7-im-0497-m0020-multi-pdf-106x150.png","description":""}],"brb_media_safety_datasheets":"","brb_media_spare_parts":[],"_cdmm_p_id":"506900","_company":"Elektron","_gtin":"4057612960587","accessories":[],"components":[],"related":[],"similar":[{"id":378490,"cdmm_p_id":"177334","name":"2-S\u00e4ulen-Hebeb\u00fchne SPOA3TS-5-EH1","description":"3,5 t, elektrohydraulisch, Drucktaster-Bedienung, Tragarme vorne 3-teilig, asymmetrisch, Gesamth\u00f6he 3865 mm","thumbnail":"https:\/\/dev.codekraft.it\/rotary-2024\/wp-content\/uploads\/brb_media\/00448014_2-post-lift-spoa-3t-e-control-mi-150x150.png","url":"https:\/\/dev.codekraft.it\/rotary-2024\/produkte\/hebebuhnen-de\/2-saulen-hebebuhnen-de\/2-saulen-hebebuhne-spoa3ts-5-eh1\/"}],"lang":"de","translations":{"de":385378,"en":385364,"fr":385379,"it":385380,"es":385381,"ru":385382},"pll_sync_post":[],"_links":{"self":[{"href":"https:\/\/dev.codekraft.it\/rotary-2024\/wp-json\/wp\/v2\/product\/385378","targetHints":{"allow":["GET"]}}],"collection":[{"href":"https:\/\/dev.codekraft.it\/rotary-2024\/wp-json\/wp\/v2\/product"}],"about":[{"href":"https:\/\/dev.codekraft.it\/rotary-2024\/wp-json\/wp\/v2\/types\/product"}],"wp:featuredmedia":[{"embeddable":true,"href":"https:\/\/dev.codekraft.it\/rotary-2024\/wp-json\/wp\/v2\/media\/385365"}],"wp:attachment":[{"href":"https:\/\/dev.codekraft.it\/rotary-2024\/wp-json\/wp\/v2\/media?parent=385378"}],"wp:term":[{"taxonomy":"product_cat","embeddable":true,"href":"https:\/\/dev.codekraft.it\/rotary-2024\/wp-json\/wp\/v2\/product_cat?post=385378"},{"taxonomy":"product_tag","embeddable":true,"href":"https:\/\/dev.codekraft.it\/rotary-2024\/wp-json\/wp\/v2\/product_tag?post=385378"},{"taxonomy":"product_approvals","embeddable":true,"href":"https:\/\/dev.codekraft.it\/rotary-2024\/wp-json\/wp\/v2\/product_approvals?post=385378"},{"taxonomy":"product_application","embeddable":true,"href":"https:\/\/dev.codekraft.it\/rotary-2024\/wp-json\/wp\/v2\/product_application?post=385378"}],"curies":[{"name":"wp","href":"https:\/\/api.w.org\/{rel}","templated":true}]}}