{"id":385335,"date":"2025-12-11T10:11:02","date_gmt":"2025-12-11T10:11:02","guid":{"rendered":"https:\/\/dev.codekraft.it\/rotary-2024\/products\/uncategorized\/geometrie-3d-speed32p-hpr-3-2\/"},"modified":"2025-12-11T10:11:02","modified_gmt":"2025-12-11T10:11:02","slug":"geometrie-3d-speed32p-hpr-3-2","status":"publish","type":"product","link":"https:\/\/dev.codekraft.it\/rotary-2024\/fr\/produits\/diagnostic-fr\/geometries-des-roues-fr\/geometrie-3d-speed32p-hpr-3-2\/","title":{"rendered":"G\u00e9om\u00e9trie 3D SPEED32P HPR.3"},"content":{"rendered":"<p>SPEED32 Series &#8211;\u00a0The New Power of 3D Aligners<\/p>\n<ul>\n<li>Haute pr\u00e9cision : t\u00eates de mesure plus puissante gr\u00e2ce \u00e0 la r\u00e9solution HQ<\/li>\n<li>Design gage de maniabilit\u00e9 : avec cabine, facile \u00e0 d\u00e9placer et avec t\u00eates de mesure 3D de dimensions minimes et l\u00e9g\u00e8res<\/li>\n<li>Technologie smart : logiciel intuitif<\/li>\n<\/ul>\n<p>La s\u00e9rie SPEED32 repr\u00e9sente la deuxi\u00e8me g\u00e9n\u00e9ration des syst\u00e8mes de g\u00e9om\u00e9trie de roues 3D Rotary. Son innovant syst\u00e8me de cam\u00e9ras 3D, sans aucun c\u00e2ble, \u00e0 transmission Bluetooth, peut \u00eatre utilis\u00e9 sur diff\u00e9rents types de ponts gr\u00e2ce \u00e0 une compensation automatique de la plan\u00e9it\u00e9 ; ses dimensions compactes lui permettent \u00e9galement d\u2019\u00eatre utilis\u00e9 dans les garages aux espaces limit\u00e9s.<\/p>\n<ul>\n<li>Syst\u00e8me int\u00e9gr\u00e9 au pont \u00e9l\u00e9vateur\u00a0: Syst\u00e8me \u00e0 t\u00eates de mesure 3D directement int\u00e9gr\u00e9 au pont \u00e9l\u00e9vateur, ce qui permet de lib\u00e9rer l\u2019espace occup\u00e9 par la tour devant le pont.<\/li>\n<li>Atelier plus efficace en termes d\u2019espace et d\u2019op\u00e9rativit\u00e9 :\n<ul>\n<li>Aucun obstacle &#8211; Maximisation de l\u2019espace de travail disponible<\/li>\n<li>Effort minime &#8211;\u00a0Le devoilage des roues n&#8217;est pas n\u00e9cessaire<\/li>\n<li>Travail rapide &#8211;\u00a0Acquisition rapide des donn\u00e9es relatives au v\u00e9hicule<\/li>\n<li>Aucune limitation &#8211; Utilisation du syst\u00e8me de g\u00e9om\u00e9trie des roues sur plusieurs zones de travail<\/li>\n<\/ul>\n<\/li>\n<li>Protection en caoutchouc antichoc int\u00e9gr\u00e9e et poign\u00e9e avec protection en plastique.<\/li>\n<li>Syst\u00e8me rapide de fixation au pont \u00e9l\u00e9vateur, pivotant pour \u00e9viter les dommages en cas d\u2019obstacles en descente.<\/li>\n<li>Batterie \u00e0 syst\u00e8me de d\u00e9crochage rapide.<\/li>\n<li>Logements d\u00e9di\u00e9s pour le rangement des t\u00eates de mesure 3D.<\/li>\n<li>Acc\u00e8s de Carte Smart et cl\u00e9 USB. Carte Smart facile d\u2019acc\u00e8s pour mettre \u00e0 jour rapidement la base de donn\u00e9es et cl\u00e9 USB pour sauvegarder et r\u00e9tablir les donn\u00e9es du client.<\/li>\n<li>Logiciel de gestion et de visualisation, sous Windows, toujours connect\u00e9 avec la cl\u00e9 USB Wi-Fi. &#8211; Simple et intuitif gr\u00e2ce \u00e0 un graphisme \u00e0 haute r\u00e9solution.<\/li>\n<\/ul>\n<ul>\n<li>Mesure rapide et pr\u00e9cise\u00a0: Les t\u00eates de mesure 3D mesurent en quelques secondes et avec une pr\u00e9cision extr\u00eame tous les angles du v\u00e9hicule.<\/li>\n<li>Caract\u00e9ristiques des t\u00eates de mesure 3D :\n<ul>\n<li>\u00c9cran LCD pour les informations de base<\/li>\n<li>Cinq touches de navigation dans le logiciel \u00e9galement activables \u00e0 distance<\/li>\n<li>Fonction de commande \u00e0 distance<\/li>\n<li>R\u00e9p\u00e9titeurs LED d\u2019aide en phase d\u2019enregistrement<\/li>\n<li>R\u00e9solution 5 MP pour la mesure et la compensation du niveau de la plate-forme de levage<\/li>\n<li>Unique position d\u2019installation des t\u00eates pour la mesure sur v\u00e9hicules \u00e0 empattement diff\u00e9rent<\/li>\n<li>Poids 3 kg<\/li>\n<\/ul>\n<\/li>\n<li>Les cibles real 3d &#8211; Extr\u00eamement l\u00e9g\u00e8res, exemptes d\u2019entretien et sans composants \u00e9lectroniques.<\/li>\n<li>Base de donn\u00e9es internationale avec fiches techniques de v\u00e9hicules et possibilit\u00e9 de cr\u00e9er une base de donn\u00e9es clients pour enregistrer les interventions.<\/li>\n<li>Compatible avec le syst\u00e8me TEq-Link.<\/li>\n<li>Connexion internet\n<ul>\n<li>Envoi des r\u00e9sultats aux clients.<\/li>\n<li>Assistance \u00e0 distance.<\/li>\n<\/ul>\n<\/li>\n<li>Charge des batteries 8 heures,\u00a0gage d\u2019autonomie pour assurer une journ\u00e9e enti\u00e8re de travail dans le garage.<\/li>\n<li>Gr\u00e2ce aux cibles Real 3D, associ\u00e9es aux griffes \u00e0 3 points d\u2019appui, il est possible de passer la proc\u00e9dure de d\u00e9voilage des roues, permettant ainsi d\u2019acc\u00e9l\u00e9rer le travail de l\u2019op\u00e9rateur et de maximiser l\u2019efficacit\u00e9 de l\u2019atelier.<\/li>\n<li>Jeu de 4 griffes autocentreuses \u00e0 3 points sans besoin de devoilage des roues\u00a0(Dot\u00e9es de syst\u00e8me de mouvement rapide et d\u2019ergots en ABS\u202f; sans aucun contact m\u00e9tal &#8211; m\u00e9tal).<\/li>\n<\/ul>\n","protected":false},"excerpt":{"rendered":"<p>G\u00e9om\u00e9trie de roues 3D avec t\u00eates de mesure 3D sans fil avec r\u00e9solution HQ et communication donn\u00e9es Bluetoot | incl. griffes autocentreuses \u00e0 3 points, TFT affichage 27\u2033, cabine ferm\u00e9e, grandes plateaux pivotants et batterie extra | compatible avec ADAS | Gris (RAL 7040)<\/p>\n","protected":false},"featured_media":385332,"template":"","meta":[],"product_brand":[],"product_cat":[1033390],"product_tag":[1034197,1034180,1034163],"product_approvals":[],"product_application":[],"class_list":{"0":"post-385335","1":"product","2":"type-product","3":"status-publish","4":"has-post-thumbnail","6":"product_cat-geometries-des-roues-fr","7":"product_tag-motor-homes-fr","8":"product_tag-light-commercial-fr","9":"product_tag-passenger-cars-fr","11":"first","12":"instock","13":"shipping-taxable","14":"product-type-simple"},"approvals":[],"application":[],"brb_media_brochure":[{"id":375892,"url":"https:\/\/dev.codekraft.it\/rotary-2024\/wp-content\/uploads\/brb_media\/00528393_wheel-aligner-speed32-series-br-de-2023-11.pdf","title":"wheel aligner speed32 series br de 2023 11","mpn":"","thumbnail":"https:\/\/dev.codekraft.it\/rotary-2024\/wp-content\/uploads\/brb_media\/00528393_wheel-aligner-speed32-series-br-de-2023-11-pdf-106x150.png","description":""},{"id":375893,"url":"https:\/\/dev.codekraft.it\/rotary-2024\/wp-content\/uploads\/brb_media\/00528394_wheel-aligner-speed32-series-br-en-2023-11.pdf","title":"wheel aligner speed32 series br en 2023 11","mpn":"","thumbnail":"https:\/\/dev.codekraft.it\/rotary-2024\/wp-content\/uploads\/brb_media\/00528394_wheel-aligner-speed32-series-br-en-2023-11-pdf-106x150.png","description":""},{"id":375894,"url":"https:\/\/dev.codekraft.it\/rotary-2024\/wp-content\/uploads\/brb_media\/00528395_wheel-aligner-speed32-series-br-fr-2023-11.pdf","title":"wheel aligner speed32 series br fr 2023 11","mpn":"","thumbnail":"https:\/\/dev.codekraft.it\/rotary-2024\/wp-content\/uploads\/brb_media\/00528395_wheel-aligner-speed32-series-br-fr-2023-11-pdf-106x150.png","description":""},{"id":375895,"url":"https:\/\/dev.codekraft.it\/rotary-2024\/wp-content\/uploads\/brb_media\/00528396_wheel-aligner-speed32-series-br-it-2023-11.pdf","title":"wheel aligner speed32 series br it 2023 11","mpn":"","thumbnail":"https:\/\/dev.codekraft.it\/rotary-2024\/wp-content\/uploads\/brb_media\/00528396_wheel-aligner-speed32-series-br-it-2023-11-pdf-106x150.png","description":""},{"id":375896,"url":"https:\/\/dev.codekraft.it\/rotary-2024\/wp-content\/uploads\/brb_media\/00528397_wheel-aligner-speed32-series-br-es-2023-11.pdf","title":"wheel aligner speed32 series br es 2023 11","mpn":"","thumbnail":"https:\/\/dev.codekraft.it\/rotary-2024\/wp-content\/uploads\/brb_media\/00528397_wheel-aligner-speed32-series-br-es-2023-11-pdf-106x150.png","description":""},{"id":375897,"url":"https:\/\/dev.codekraft.it\/rotary-2024\/wp-content\/uploads\/brb_media\/00528398_wheel-aligner-speed32-series-br-ru-2023-11.pdf","title":"wheel aligner speed32 series br ru 2023 11","mpn":"","thumbnail":"https:\/\/dev.codekraft.it\/rotary-2024\/wp-content\/uploads\/brb_media\/00528398_wheel-aligner-speed32-series-br-ru-2023-11-pdf-106x150.png","description":""}],"brb_media_drawing":[{"id":355451,"url":"https:\/\/dev.codekraft.it\/rotary-2024\/wp-content\/uploads\/brb_media\/00512782_wheel-aligners-speed32phpr3_hp3-td-multi-2023-09.pdf","title":"Wheel Aligners SPEED32PHPR3 HP3 TD multi 2023 09","mpn":"","thumbnail":"https:\/\/dev.codekraft.it\/rotary-2024\/wp-content\/uploads\/brb_media\/00512782_wheel-aligners-speed32phpr3_hp3-td-multi-2023-09-pdf-150x107.png","description":""}],"brb_media_manuals":[{"id":384107,"url":"https:\/\/dev.codekraft.it\/rotary-2024\/wp-content\/uploads\/brb_media\/00539656_wheel-aligner-ravd32hp-ravd32sp-ravd32lt-rotd32hp-rotd32hp-rotd32lt-im-2025-m362-00_vsg_00_rev00_multi-2024-09.pdf","title":"wheel aligner ravd32hp ravd32sp ravd32lt rotd32hp rotd32hp rotd32lt im 2025 m362 00 vsg 00 rev00 multi 2024 09","mpn":"","thumbnail":"https:\/\/dev.codekraft.it\/rotary-2024\/wp-content\/uploads\/brb_media\/00539656_wheel-aligner-ravd32hp-ravd32sp-ravd32lt-rotd32hp-rotd32hp-rotd32lt-im-2025-m362-00_vsg_00_rev00_multi-2024-09-pdf-106x150.png","description":""}],"brb_media_safety_datasheets":"","brb_media_spare_parts":[],"_cdmm_p_id":"506799","_company":"Elektron","_gtin":"5063084702142","accessories":[{"id":381743,"mpn":"STDA33EU\/3D","name":"Griffes de roue \u00e0 4 points | \u00d8 de jante 10 &#8211; 24\u2033","description":"Griffes autocentreuses \u00e0 4 points | incl. onglets amovibles | 1 jeu \/ 2 pi\u00e8ces","thumbnail":"https:\/\/dev.codekraft.it\/rotary-2024\/wp-content\/uploads\/brb_media\/00510475_wheel-aligners-stda33eu-mi-150x150.png","url":"https:\/\/dev.codekraft.it\/rotary-2024\/fr\/produits\/accessoires-diagnostic-fr\/accessoires-controles-de-geometrie-fr\/griffes-de-roue-a-4-points-o-de-jante-10-24%e2%80%b3-2\/"},{"id":381449,"mpn":"STDA16","name":"Plaques coulissantes 1100 x 500 x 50 mm","description":"1 jeu \/ 2 pi\u00e8ces","thumbnail":"https:\/\/dev.codekraft.it\/rotary-2024\/wp-content\/uploads\/brb_media\/00495705_wheel-aligners-bu-td20wifi-sliding-plates-1100x500x50mm-di-150x150.png","url":"https:\/\/dev.codekraft.it\/rotary-2024\/fr\/produits\/accessoires-diagnostic-fr\/accessoires-controles-de-geometrie-fr\/plaques-coulissantes-1100-x-500-x-50-mm\/"},{"id":381609,"mpn":"STDA17","name":"Plaques coulissantes 1500 x 500 x 50 mm","description":"1 jeu \/ 2 pi\u00e8ces","thumbnail":"https:\/\/dev.codekraft.it\/rotary-2024\/wp-content\/uploads\/brb_media\/00528315_wheel-aligner-stda17-mi-150x150.png","url":"https:\/\/dev.codekraft.it\/rotary-2024\/fr\/produits\/accessoires-diagnostic-fr\/accessoires-controles-de-geometrie-fr\/plaques-coulissantes-1500-x-500-x-50-mm\/"},{"id":379805,"mpn":"STDA23\/BTH","name":"Jauge de hauteur et de niveau","description":"Jauge de hauteur et de niveau (option)","thumbnail":"https:\/\/dev.codekraft.it\/rotary-2024\/wp-content\/uploads\/brb_media\/00528316_wheel-aligner-stda23-bth-mi-150x150.png","url":"https:\/\/dev.codekraft.it\/rotary-2024\/fr\/produits\/accessoires-diagnostic-fr\/accessoires-controles-de-geometrie-fr\/jauge-de-hauteur-et-de-niveau\/"},{"id":379797,"mpn":"STDA3D\/QC","name":"Support de contr\u00f4le rapide","description":"Support de contr\u00f4le rapide pour utilisation mobile (option)","thumbnail":"https:\/\/dev.codekraft.it\/rotary-2024\/wp-content\/uploads\/brb_media\/00506536_stda3dqc-150x150.png","url":"https:\/\/dev.codekraft.it\/rotary-2024\/fr\/produits\/accessoires-diagnostic-fr\/accessoires-controles-de-geometrie-fr\/support-de-controle-rapide\/"},{"id":381615,"mpn":"KIT3D\/PIT","name":"Support de t\u00eate de mesure pour installation en version fosse des appareil 3D | 1 jeu \/ 2 pi\u00e8ces","description":"","thumbnail":"","url":"https:\/\/dev.codekraft.it\/rotary-2024\/fr\/produits\/accessoires-diagnostic-fr\/accessoires-controles-de-geometrie-fr\/support-de-tete-de-mesure-pour-installation-en-version-fosse-des-appareil-3d-1-jeu-2-pieces\/"},{"id":381622,"mpn":"STDA100","name":"Bras de blocage \u00e0 la roue","description":"Pour griffes en appui STDA35E-95E et kit de blocage STDA38 | taille moyenne | \u00d8 des pneus 680 - 910 mm | 1 jeu \/ 4 pi\u00e8ces","thumbnail":"https:\/\/dev.codekraft.it\/rotary-2024\/wp-content\/uploads\/brb_media\/00528330_wheel-aligner-stda100-mi-150x150.png","url":"https:\/\/dev.codekraft.it\/rotary-2024\/fr\/produits\/accessoires-diagnostic-fr\/accessoires-controles-de-geometrie-fr\/bras-de-blocage-a-la-roue\/"},{"id":381629,"mpn":"STDA101","name":"Bras de blocage \u00e0 la roue","description":"Pour griffes en appui STDA35E-95E et kit de blocage STDA38 | taille longue | \u00d8 des pneus 860 - 1115 mm | 1 jeu \/ 4 pi\u00e8ces","thumbnail":"https:\/\/dev.codekraft.it\/rotary-2024\/wp-content\/uploads\/brb_media\/00528331_wheel-aligner-stda101-mi-150x150.png","url":"https:\/\/dev.codekraft.it\/rotary-2024\/fr\/produits\/accessoires-diagnostic-fr\/accessoires-controles-de-geometrie-fr\/bras-de-blocage-a-la-roue-2\/"},{"id":379819,"mpn":"STDA131","name":"Onglets pour jantes VW | ABS","description":"Doigts en plastique | 1 jeu \/ 8 pi\u00e8ces","thumbnail":"https:\/\/dev.codekraft.it\/rotary-2024\/wp-content\/uploads\/brb_media\/00528332_wheel-aligner-stda131-mi-118x150.png","url":"https:\/\/dev.codekraft.it\/rotary-2024\/fr\/produits\/accessoires-diagnostic-fr\/accessoires-controles-de-geometrie-fr\/onglets-pour-jantes-vw-abs\/"},{"id":382589,"mpn":"STDA123","name":"Traverse pour Gutmann CSC Tool","description":"Traverse pour le montage des capteurs de mesure sur le les aligneurs de roue de Hella Gutmann, 16 kg, (H x L x P) 246 x 2598 x 101 mm","thumbnail":"https:\/\/dev.codekraft.it\/rotary-2024\/wp-content\/uploads\/brb_media\/00505443_csc-tool-digital_05-150x145.png","url":"https:\/\/dev.codekraft.it\/rotary-2024\/fr\/produits\/accessoires-diagnostic-fr\/accessoires-controles-de-geometrie-fr\/traverse-pour-gutmann-csc-tool\/"},{"id":381671,"mpn":"STDA38K","name":"Bras de blocage rapide STDA38K","description":"pour la mise \u00e0 niveau des griffes de roue \u00e0 4 points STDA33EU-34E en griffes en appui STDA46EU-35E | permet d\u2019\u00e9viter les proc\u00e9dures de devoilage des roues | incl. embouts \u00e0 ongles en ABS | \u00d8 des pneus 480 - 760 mm | 2 jeux \/ 4 pi\u00e8ces","thumbnail":"https:\/\/dev.codekraft.it\/rotary-2024\/wp-content\/uploads\/brb_media\/00509911_wheel-aligner-stda38k-mi-150x150.png","url":"https:\/\/dev.codekraft.it\/rotary-2024\/fr\/produits\/accessoires-diagnostic-fr\/accessoires-controles-de-geometrie-fr\/bras-de-blocage-rapide-stda38k\/"},{"id":381693,"mpn":"STDAShoot","name":"Token","description":"Cl\u00e9 virtuelle pour la consultation de la base de donn\u00e9es en ligne sur demande du Bureau f\u00e9d\u00e9ral allemand des v\u00e9hicules motoris\u00e9s et des conducteurs (KBA) | incl. 200 requ\u00eates","thumbnail":"https:\/\/dev.codekraft.it\/rotary-2024\/wp-content\/uploads\/brb_media\/00510471_wheel-aligners-shootgo-mi-150x150.png","url":"https:\/\/dev.codekraft.it\/rotary-2024\/fr\/produits\/accessoires-diagnostic-fr\/accessoires-controles-de-geometrie-fr\/token-9\/"},{"id":380102,"mpn":"STDAS200","name":"Cr\u00e9dit de requ\u00eate de base de donn\u00e9es Shoot &amp; Go 200","description":"Pack de cr\u00e9dits pour consulter la base de donn\u00e9es en ligne sur demande KBA (Bureau f\u00e9d\u00e9ral allemand des v\u00e9hicules motoris\u00e9s et des conducteurs) | 200 requ\u00eates","thumbnail":"https:\/\/dev.codekraft.it\/rotary-2024\/wp-content\/uploads\/brb_media\/00510471_wheel-aligners-shootgo-mi-150x150.png","url":"https:\/\/dev.codekraft.it\/rotary-2024\/fr\/produits\/accessoires-diagnostic-fr\/accessoires-controles-de-geometrie-fr\/credit-de-requete-de-base-de-donnees-shoot-go-200\/"},{"id":385056,"mpn":"STDAS350","name":"Cr\u00e9dit de requ\u00eate de base de donn\u00e9es Shoot &amp; Go 350","description":"Pack de cr\u00e9dits pour consulter la base de donn\u00e9es en ligne sur demande KBA (Bureau f\u00e9d\u00e9ral allemand des v\u00e9hicules motoris\u00e9s et des conducteurs) | 350 requ\u00eates","thumbnail":"https:\/\/dev.codekraft.it\/rotary-2024\/wp-content\/uploads\/brb_media\/00510471_wheel-aligners-shootgo-mi-150x150.png","url":"https:\/\/dev.codekraft.it\/rotary-2024\/fr\/produits\/accessoires-diagnostic-fr\/accessoires-controles-de-geometrie-fr\/credit-de-requete-de-base-de-donnees-shoot-go-350\/"},{"id":380687,"mpn":"STDAS500","name":"Cr\u00e9dit de requ\u00eate de base de donn\u00e9es Shoot &amp; Go 500","description":"Pack de cr\u00e9dits pour consulter la base de donn\u00e9es en ligne sur demande KBA (Bureau f\u00e9d\u00e9ral allemand des v\u00e9hicules motoris\u00e9s et des conducteurs) | 500 requ\u00eates","thumbnail":"https:\/\/dev.codekraft.it\/rotary-2024\/wp-content\/uploads\/brb_media\/00510471_wheel-aligners-shootgo-mi-150x150.png","url":"https:\/\/dev.codekraft.it\/rotary-2024\/fr\/produits\/accessoires-diagnostic-fr\/accessoires-controles-de-geometrie-fr\/credit-de-requete-de-base-de-donnees-shoot-go-500\/"},{"id":381423,"mpn":"STDA35E","name":"Griffes de roue \u00e0 3 points | \u00d8 de jante 8 &#8211; 24\u2033, \u00d8 des pneus 480 &#8211; 910 mm","description":"Griffes \u00e0 3 points \u00e0 centrage automatique et avec blocage rapide | 1 jeu \/ 2 pi\u00e8ces","thumbnail":"https:\/\/dev.codekraft.it\/rotary-2024\/wp-content\/uploads\/brb_media\/00510472_wheel-aligners-stda35e-mi-150x150.png","url":"https:\/\/dev.codekraft.it\/rotary-2024\/fr\/produits\/accessoires-diagnostic-fr\/accessoires-controles-de-geometrie-fr\/griffes-de-roue-a-3-points-o-de-jante-8-24%e2%80%b3-o-des-pneus-480-910-mm\/"},{"id":381635,"mpn":"STDA94","name":"Onglets ABS, profil r\u00e9duit","description":"Doigts en plastique pour griffes de roue STDA46EU-48E-35E-95E | 1 jeu \/ 8 pi\u00e8ces","thumbnail":"https:\/\/dev.codekraft.it\/rotary-2024\/wp-content\/uploads\/brb_media\/00506511_stda94-150x150.png","url":"https:\/\/dev.codekraft.it\/rotary-2024\/fr\/produits\/accessoires-diagnostic-fr\/accessoires-controles-de-geometrie-fr\/onglets-abs-profil-reduit\/"},{"id":381683,"mpn":"STDA164","name":"Batteries suppl\u00e9mentaires | 1 jeu \/ 2 pi\u00e8ces","description":"","thumbnail":"","url":"https:\/\/dev.codekraft.it\/rotary-2024\/fr\/produits\/accessoires-diagnostic-fr\/accessoires-controles-de-geometrie-fr\/batteries-supplementaires-1-jeu-2-pieces\/"},{"id":381708,"mpn":"STDA165","name":"D&#039;aimants pour support griffes | 1 jeu","description":"","thumbnail":"https:\/\/dev.codekraft.it\/rotary-2024\/wp-content\/uploads\/brb_media\/00528349_wheel-aligner-stda165-mi-150x150.png","url":"https:\/\/dev.codekraft.it\/rotary-2024\/fr\/produits\/accessoires-diagnostic-fr\/accessoires-controles-de-geometrie-fr\/daimants-pour-support-griffes-1-jeu-2\/"},{"id":381982,"mpn":"STDA150TX","name":"Jeu d&#039;adaptateurs pour le montage de cibles\/d\u00e9tecteurs sur panneau TEXA","description":"Applicable \u00e0 condition de poss\u00e9der d\u00e9j\u00e0 un ADAS TEXA","thumbnail":"https:\/\/dev.codekraft.it\/rotary-2024\/wp-content\/uploads\/brb_media\/00528342_wheel-aligner-stda150tx-mi.png","url":"https:\/\/dev.codekraft.it\/rotary-2024\/fr\/produits\/accessoires-diagnostic-fr\/accessoires-controles-de-geometrie-fr\/jeu-dadaptateurs-pour-le-montage-de-cibles-detecteurs-sur-panneau-texa\/"},{"id":383114,"mpn":"STDA150AU","name":"Kit blocage pour application panneaux ADAS (AUTEL)","description":"Accessoire pour aligneurs de roue","thumbnail":"https:\/\/dev.codekraft.it\/rotary-2024\/wp-content\/uploads\/brb_media\/00528341_wheel-aligner-stda150au-mi-150x150.png","url":"https:\/\/dev.codekraft.it\/rotary-2024\/fr\/produits\/accessoires-diagnostic-fr\/accessoires-controles-de-geometrie-fr\/kit-blocage-pour-application-panneaux-adas-autel\/"},{"id":383121,"mpn":"STDA150VW","name":"Kit blocage pour application panneaux ADAS (VAS6430 VW)","description":"Accessoire pour aligneurs de roue","thumbnail":"https:\/\/dev.codekraft.it\/rotary-2024\/wp-content\/uploads\/brb_media\/00528343_wheel-aligner-stda150vw-mi-150x150.png","url":"https:\/\/dev.codekraft.it\/rotary-2024\/fr\/produits\/accessoires-diagnostic-fr\/accessoires-controles-de-geometrie-fr\/kit-blocage-pour-application-panneaux-adas-vas6430-vw\/"},{"id":385020,"mpn":"VSG.IDC50.701886","name":"Kit de diagnostic STDADIAG","description":"IDC5 KIT TEXA - pour le diagnostic de l'alignement des roues | kit pour ceux qui n'ont que l'alignement des roues et qui n'ont pas d'accessoires TEXA","thumbnail":"https:\/\/dev.codekraft.it\/rotary-2024\/wp-content\/uploads\/brb_media\/00527952_wheel-aligners-accessories-stdadiag-all-configurations-mi-150x150.png","url":"https:\/\/dev.codekraft.it\/rotary-2024\/fr\/produits\/accessoires-diagnostic-fr\/accessoires-controles-de-geometrie-fr\/kit-de-diagnostic-stdadiag\/"},{"id":385026,"mpn":"VSG.SW500.701893","name":"Kit de diagnostic STDADIAG\/SW","description":"TEXA IDC5 SW KIT - pour le diagnostic de la configuration | kit pour ceux qui ont d\u00e9j\u00e0 des dispositifs TEXA (par exemple, ADAS RCSS)","thumbnail":"https:\/\/dev.codekraft.it\/rotary-2024\/wp-content\/uploads\/brb_media\/00527953_wheel-aligners-accessories-stdadiag-ws-all-configurations-mi-150x150.png","url":"https:\/\/dev.codekraft.it\/rotary-2024\/fr\/produits\/accessoires-diagnostic-fr\/accessoires-controles-de-geometrie-fr\/kit-de-diagnostic-stdadiag-sw\/"},{"id":385038,"mpn":"VSG.FC167.701916","name":"Griffes de roue Fast clamps","description":"Clips de montage rapide | pour l\u2019alignement 3D, voiture de tourisme, taille du pneu 21 - 31\", \u00d8 de roue 540 - 780 mm, poids des graffes 3,5 kg (par jeu) | 1 jeu \/ 2 pi\u00e8ces","thumbnail":"https:\/\/dev.codekraft.it\/rotary-2024\/wp-content\/uploads\/brb_media\/00528113_wheel-aligner-accessories-vsgfc167701916-mi-150x150.png","url":"https:\/\/dev.codekraft.it\/rotary-2024\/fr\/produits\/accessoires-diagnostic-fr\/accessoires-controles-de-geometrie-fr\/griffes-de-roue-fast-clamps\/"}],"components":[],"related":[],"page_logo_src":"https:\/\/dev.codekraft.it\/rotary-2024\/wp-content\/uploads\/2024\/05\/cropped-rotary-logo-2022.png","lang":"fr","translations":{"fr":385335,"en":385331,"de":385334,"it":385336,"es":385337,"ru":385338},"pll_sync_post":[],"_links":{"self":[{"href":"https:\/\/dev.codekraft.it\/rotary-2024\/wp-json\/wp\/v2\/product\/385335","targetHints":{"allow":["GET"]}}],"collection":[{"href":"https:\/\/dev.codekraft.it\/rotary-2024\/wp-json\/wp\/v2\/product"}],"about":[{"href":"https:\/\/dev.codekraft.it\/rotary-2024\/wp-json\/wp\/v2\/types\/product"}],"wp:featuredmedia":[{"embeddable":true,"href":"https:\/\/dev.codekraft.it\/rotary-2024\/wp-json\/wp\/v2\/media\/385332"}],"wp:attachment":[{"href":"https:\/\/dev.codekraft.it\/rotary-2024\/wp-json\/wp\/v2\/media?parent=385335"}],"wp:term":[{"taxonomy":"product_brand","embeddable":true,"href":"https:\/\/dev.codekraft.it\/rotary-2024\/wp-json\/wp\/v2\/product_brand?post=385335"},{"taxonomy":"product_cat","embeddable":true,"href":"https:\/\/dev.codekraft.it\/rotary-2024\/wp-json\/wp\/v2\/product_cat?post=385335"},{"taxonomy":"product_tag","embeddable":true,"href":"https:\/\/dev.codekraft.it\/rotary-2024\/wp-json\/wp\/v2\/product_tag?post=385335"},{"taxonomy":"product_approvals","embeddable":true,"href":"https:\/\/dev.codekraft.it\/rotary-2024\/wp-json\/wp\/v2\/product_approvals?post=385335"},{"taxonomy":"product_application","embeddable":true,"href":"https:\/\/dev.codekraft.it\/rotary-2024\/wp-json\/wp\/v2\/product_application?post=385335"}],"curies":[{"name":"wp","href":"https:\/\/api.w.org\/{rel}","templated":true}]}}