{"id":385329,"date":"2026-01-14T11:14:25","date_gmt":"2026-01-14T11:14:25","guid":{"rendered":"https:\/\/dev.codekraft.it\/rotary-2024\/products\/uncategorized\/alineador-de-ruedas-3d-rot3dtower-4\/"},"modified":"2026-01-14T11:14:25","modified_gmt":"2026-01-14T11:14:25","slug":"alineador-de-ruedas-3d-rot3dtower-4","status":"publish","type":"product","link":"https:\/\/dev.codekraft.it\/rotary-2024\/es\/productos\/diagnostico-es\/alineadores-de-ruedas-es\/alineador-de-ruedas-3d-rot3dtower-4\/","title":{"rendered":"Alineador de ruedas 3D ROT3DTOWER.4"},"content":{"rendered":"<p>ALINEADORES DE RUEDAS 3D de cruz<br \/>Alineaci\u00f3n de ruedas basada en el concepto de cruz<\/p>\n<ul>\n<li>Consola abierta equipada con PC, impresora y pantalla LCD de 22 pulgadas.<\/li>\n<li>Cruz 3D con c\u00e1maras HD.<\/li>\n<\/ul>\n<ul>\n<li><strong>Caracter\u00edsticas del captador 3D<\/strong><strong>:<\/strong>\n<ul>\n<li>Extremadamente ligero<\/li>\n<li>Sin componentes electr\u00f3nicos en su interior<\/li>\n<li>No necesita bater\u00edas<\/li>\n<li>Sin mantenimiento<\/li>\n<\/ul>\n<\/li>\n<\/ul>\n<ul>\n<li><strong>Caracter\u00edsticas de las garras de 4 puntos:<\/strong>\n<ul>\n<li>Posibilidad de utilizar las garras con o sin abrazaderas para neum\u00e1ticos<\/li>\n<li>Dise\u00f1o autocentrante<\/li>\n<li>Capacidad de sujeci\u00f3n de llanta (254 &#8211; 610 mm)<\/li>\n<\/ul>\n<\/li>\n<\/ul>\n<ul>\n<li><strong>Caracter\u00edsticas de la c\u00e1mara HD:<\/strong>\n<ul>\n<li>Alta definici\u00f3n superior<\/li>\n<li>El sistema de seguimiento ajusta autom\u00e1ticamente las c\u00e1maras a la altura de alineaci\u00f3n<\/li>\n<li>Intermitencia de los indicadores LED para mostrar los pasos hacia adelante y atr\u00e1s durante el alabeo<\/li>\n<\/ul>\n<\/li>\n<\/ul>\n<ul>\n<li><strong>Movimiento autom\u00e1tico de la cruz. <\/strong>La cruz sigue al veh\u00edculo mientras sube y baja en el elevador, lo que elimina la necesidad de reajustar manualmente la c\u00e1mara, reduciendo el tiempo que se pasa en la consola y permitiendo a los talleres realizar alineaciones r\u00e1pidas y eficaces.<\/li>\n<li><strong>Software Rotary. <\/strong>Las instrucciones animadas y los gr\u00e1ficos f\u00e1ciles de entender e intuitivos gu\u00edan al t\u00e9cnico a trav\u00e9s del proceso de alineaci\u00f3n.<\/li>\n<\/ul>\n","protected":false},"excerpt":{"rendered":"<p>Alineador de ruedas basado en cruz 3D, movimiento autom\u00e1tico de la cruz con c\u00e1maras HD; Los indicadores LED proporcionan una alerta visual para cada paso del procedimiento de alabeo, garras de 4 puntos con captadores 3D con luz y monitor LCD de 22\u2033<\/p>\n","protected":false},"featured_media":376585,"template":"","meta":[],"product_brand":[],"product_cat":[1033430],"product_tag":[1034203,1034169,1034186],"product_approvals":[],"product_application":[],"class_list":{"0":"post-385329","1":"product","2":"type-product","3":"status-publish","4":"has-post-thumbnail","6":"product_cat-alineadores-de-ruedas-es","7":"product_tag-motor-homes-es","8":"product_tag-passenger-cars-es","9":"product_tag-light-commercial-es","11":"first","12":"instock","13":"shipping-taxable","14":"product-type-simple"},"approvals":[],"application":[],"brb_media_brochure":[{"id":385313,"url":"https:\/\/dev.codekraft.it\/rotary-2024\/wp-content\/uploads\/brb_media\/00550211_wheel-aligner-rot3dtower4-br-de-2025-09.pdf","title":"Wheel Aligner ROT3DTOWER4 BR de 2025 09","mpn":"","thumbnail":"https:\/\/dev.codekraft.it\/rotary-2024\/wp-content\/uploads\/brb_media\/00550211_wheel-aligner-rot3dtower4-br-de-2025-09-pdf-106x150.png","description":""},{"id":385314,"url":"https:\/\/dev.codekraft.it\/rotary-2024\/wp-content\/uploads\/brb_media\/00550217_wheel-aligners-rot3dtower4-br-en-2025-09.pdf","title":"Wheel Aligners ROT3DTOWER4 BR en 2025 09","mpn":"","thumbnail":"https:\/\/dev.codekraft.it\/rotary-2024\/wp-content\/uploads\/brb_media\/00550217_wheel-aligners-rot3dtower4-br-en-2025-09-pdf-106x150.png","description":""},{"id":385315,"url":"https:\/\/dev.codekraft.it\/rotary-2024\/wp-content\/uploads\/brb_media\/00550218_wheel-aligners-rot3dtower4-br-fr-2025-09.pdf","title":"Wheel Aligners ROT3DTOWER4 BR fr 2025 09","mpn":"","thumbnail":"https:\/\/dev.codekraft.it\/rotary-2024\/wp-content\/uploads\/brb_media\/00550218_wheel-aligners-rot3dtower4-br-fr-2025-09-pdf-106x150.png","description":""},{"id":385316,"url":"https:\/\/dev.codekraft.it\/rotary-2024\/wp-content\/uploads\/brb_media\/00550214_wheel-aligner-rot3dtower4-br-it-2025-09.pdf","title":"Wheel Aligner ROT3DTOWER4 BR it 2025 09","mpn":"","thumbnail":"https:\/\/dev.codekraft.it\/rotary-2024\/wp-content\/uploads\/brb_media\/00550214_wheel-aligner-rot3dtower4-br-it-2025-09-pdf-106x150.png","description":""},{"id":385317,"url":"https:\/\/dev.codekraft.it\/rotary-2024\/wp-content\/uploads\/brb_media\/00550212_wheel-aligner-rot3dtower4-br-es-2025-09.pdf","title":"Wheel Aligner ROT3DTOWER4 BR es 2025 09","mpn":"","thumbnail":"https:\/\/dev.codekraft.it\/rotary-2024\/wp-content\/uploads\/brb_media\/00550212_wheel-aligner-rot3dtower4-br-es-2025-09-pdf-106x150.png","description":""},{"id":385318,"url":"https:\/\/dev.codekraft.it\/rotary-2024\/wp-content\/uploads\/brb_media\/00550215_wheel-aligner-rot3dtower4-br-ru-2025-09.pdf","title":"Wheel Aligner ROT3DTOWER4 BR ru 2025 09","mpn":"","thumbnail":"https:\/\/dev.codekraft.it\/rotary-2024\/wp-content\/uploads\/brb_media\/00550215_wheel-aligner-rot3dtower4-br-ru-2025-09-pdf-106x150.png","description":""},{"id":385319,"url":"https:\/\/dev.codekraft.it\/rotary-2024\/wp-content\/uploads\/brb_media\/00551380_rotary-floor-plan-wheel-aligner-3d_tower-fy-de-2025-11.pdf","title":"Rotary Floor Plan wheel aligner 3D Tower FY de 2025 11","mpn":"","thumbnail":"https:\/\/dev.codekraft.it\/rotary-2024\/wp-content\/uploads\/brb_media\/00551380_rotary-floor-plan-wheel-aligner-3d_tower-fy-de-2025-11-pdf-150x106.png","description":""},{"id":385320,"url":"https:\/\/dev.codekraft.it\/rotary-2024\/wp-content\/uploads\/brb_media\/00551381_rotary-floor-plan-wheel-aligner-3d_tower-fy-en-2025-11.pdf","title":"Rotary Floor Plan wheel aligner 3D Tower FY en 2025 11","mpn":"","thumbnail":"https:\/\/dev.codekraft.it\/rotary-2024\/wp-content\/uploads\/brb_media\/00551381_rotary-floor-plan-wheel-aligner-3d_tower-fy-en-2025-11-pdf-150x106.png","description":""},{"id":385321,"url":"https:\/\/dev.codekraft.it\/rotary-2024\/wp-content\/uploads\/brb_media\/00551407_rotary-floor-plan-wheel-aligner-3d_tower-fy-fr-2025-12.pdf","title":"Rotary Floor Plan wheel aligner 3D Tower FY fr 2025 12","mpn":"","thumbnail":"https:\/\/dev.codekraft.it\/rotary-2024\/wp-content\/uploads\/brb_media\/00551407_rotary-floor-plan-wheel-aligner-3d_tower-fy-fr-2025-12-pdf-150x106.png","description":""},{"id":385322,"url":"https:\/\/dev.codekraft.it\/rotary-2024\/wp-content\/uploads\/brb_media\/00551384_rotary-floor-plan-wheel-aligner-3d_tower-fy-it-2025-11.pdf","title":"Rotary Floor Plan wheel aligner 3D Tower FY it 2025 11","mpn":"","thumbnail":"https:\/\/dev.codekraft.it\/rotary-2024\/wp-content\/uploads\/brb_media\/00551384_rotary-floor-plan-wheel-aligner-3d_tower-fy-it-2025-11-pdf-150x106.png","description":""},{"id":385323,"url":"https:\/\/dev.codekraft.it\/rotary-2024\/wp-content\/uploads\/brb_media\/00551382_rotary-floor-plan-wheel-aligner-3d_tower-fy-es-2025-11.pdf","title":"Rotary Floor Plan wheel aligner 3D Tower FY es 2025 11","mpn":"","thumbnail":"https:\/\/dev.codekraft.it\/rotary-2024\/wp-content\/uploads\/brb_media\/00551382_rotary-floor-plan-wheel-aligner-3d_tower-fy-es-2025-11-pdf-150x106.png","description":""},{"id":385324,"url":"https:\/\/dev.codekraft.it\/rotary-2024\/wp-content\/uploads\/brb_media\/00551385_rotary-floor-plan-wheel-aligner-3d_tower-fy-ru-2025-11.pdf","title":"Rotary Floor Plan wheel aligner 3D Tower FY ru 2025 11","mpn":"","thumbnail":"https:\/\/dev.codekraft.it\/rotary-2024\/wp-content\/uploads\/brb_media\/00551385_rotary-floor-plan-wheel-aligner-3d_tower-fy-ru-2025-11-pdf-150x106.png","description":""}],"brb_media_drawing":[{"id":376593,"url":"https:\/\/dev.codekraft.it\/rotary-2024\/wp-content\/uploads\/brb_media\/00549479_wheel-aligner-rot3dtow-td-2025_0700_0-2024-12.pdf","title":"Wheel aligner ROT3DTOW TD 2025 0700 0 2024 12","mpn":"","thumbnail":"https:\/\/dev.codekraft.it\/rotary-2024\/wp-content\/uploads\/brb_media\/00549479_wheel-aligner-rot3dtow-td-2025_0700_0-2024-12-pdf-150x107.png","description":""}],"brb_media_manuals":[{"id":385325,"url":"https:\/\/dev.codekraft.it\/rotary-2024\/wp-content\/uploads\/brb_media\/00550219_wheel-aligner-rav3dtow-rot3dtow-spa3dtow-im-2025-r400-00-multi-2025-09.pdf","title":"Wheel Aligner RAV3DTOW ROT3DTOW SPA3DTOW IM 2025 R400 00 multi 2025 09","mpn":"","thumbnail":"https:\/\/dev.codekraft.it\/rotary-2024\/wp-content\/uploads\/brb_media\/00550219_wheel-aligner-rav3dtow-rot3dtow-spa3dtow-im-2025-r400-00-multi-2025-09-pdf-116x150.png","description":""}],"brb_media_safety_datasheets":"","brb_media_spare_parts":[],"_cdmm_p_id":"506629","_company":"Elektron","_gtin":"5063084701985","accessories":[{"id":381771,"mpn":"STDA124","name":"Platos giratorios Premium STDA124","description":"HD | \u00d8 360 mm | 1 juego \/ 2 piezas","thumbnail":"https:\/\/dev.codekraft.it\/rotary-2024\/wp-content\/uploads\/brb_media\/00509909_wheel-aligner-stda124-mi-150x150.png","url":"https:\/\/dev.codekraft.it\/rotary-2024\/es\/productos\/accesorios-diagnostico-es\/accesorios-alineadores-de-ruedas-es\/platos-giratorios-premium-stda124\/"}],"components":[],"related":[],"page_logo_src":"https:\/\/dev.codekraft.it\/rotary-2024\/wp-content\/uploads\/2026\/04\/rotary-negative-logo.png","lang":"es","translations":{"es":385329,"en":385312,"de":385326,"fr":385327,"it":385328,"ru":385330},"pll_sync_post":[],"_links":{"self":[{"href":"https:\/\/dev.codekraft.it\/rotary-2024\/wp-json\/wp\/v2\/product\/385329","targetHints":{"allow":["GET"]}}],"collection":[{"href":"https:\/\/dev.codekraft.it\/rotary-2024\/wp-json\/wp\/v2\/product"}],"about":[{"href":"https:\/\/dev.codekraft.it\/rotary-2024\/wp-json\/wp\/v2\/types\/product"}],"wp:featuredmedia":[{"embeddable":true,"href":"https:\/\/dev.codekraft.it\/rotary-2024\/wp-json\/wp\/v2\/media\/376585"}],"wp:attachment":[{"href":"https:\/\/dev.codekraft.it\/rotary-2024\/wp-json\/wp\/v2\/media?parent=385329"}],"wp:term":[{"taxonomy":"product_brand","embeddable":true,"href":"https:\/\/dev.codekraft.it\/rotary-2024\/wp-json\/wp\/v2\/product_brand?post=385329"},{"taxonomy":"product_cat","embeddable":true,"href":"https:\/\/dev.codekraft.it\/rotary-2024\/wp-json\/wp\/v2\/product_cat?post=385329"},{"taxonomy":"product_tag","embeddable":true,"href":"https:\/\/dev.codekraft.it\/rotary-2024\/wp-json\/wp\/v2\/product_tag?post=385329"},{"taxonomy":"product_approvals","embeddable":true,"href":"https:\/\/dev.codekraft.it\/rotary-2024\/wp-json\/wp\/v2\/product_approvals?post=385329"},{"taxonomy":"product_application","embeddable":true,"href":"https:\/\/dev.codekraft.it\/rotary-2024\/wp-json\/wp\/v2\/product_application?post=385329"}],"curies":[{"name":"wp","href":"https:\/\/api.w.org\/{rel}","templated":true}]}}