{"id":385327,"date":"2026-01-14T11:14:25","date_gmt":"2026-01-14T11:14:25","guid":{"rendered":"https:\/\/dev.codekraft.it\/rotary-2024\/products\/uncategorized\/geometrie-3d-rot3dtower-4\/"},"modified":"2026-01-14T11:14:25","modified_gmt":"2026-01-14T11:14:25","slug":"geometrie-3d-rot3dtower-4","status":"publish","type":"product","link":"https:\/\/dev.codekraft.it\/rotary-2024\/fr\/produits\/diagnostic-fr\/geometries-des-roues-fr\/geometrie-3d-rot3dtower-4\/","title":{"rendered":"G\u00e9om\u00e9trie 3D ROT3DTOWER.4"},"content":{"rendered":"<p>APPAREILS DE G\u00c9OM\u00c9TRIE DE ROUES Potence<br \/>Contr\u00f4leur 3D de g\u00e9om\u00e9trie des roues sur potence<\/p>\n<ul>\n<li>Meuble ouvert \u00e9quip\u00e9 d&#8217;un PC, d&#8217;une imprimante et d&#8217;un \u00e9cran LCD 22\u201d.<\/li>\n<li>Potence avec cam\u00e9ras HD.<\/li>\n<\/ul>\n<ul>\n<li><strong>Caract\u00e9ristiques de la cible 3D<\/strong>:\n<ul>\n<li>Extr\u00eamement l\u00e9g\u00e8re<\/li>\n<li>Aucun composant \u00e9lectronique \u00e0 l&#8217;int\u00e9rieur<\/li>\n<li>Aucune batterie requise<\/li>\n<li>Aucun entretien requis<\/li>\n<\/ul>\n<\/li>\n<\/ul>\n<ul>\n<li><strong>Caract\u00e9ristiques des griffes \u00e0 4\u00a0points:<\/strong>\n<ul>\n<li>Possibilit\u00e9 d&#8217;utiliser les griffes avec ou sans bras de blocage \u00e0 la roue<\/li>\n<li>Conception auto-centreuse<\/li>\n<li>Capacit\u00e9 de serrage de la jante (254 &#8211; 610 mm)<\/li>\n<\/ul>\n<\/li>\n<\/ul>\n<ul>\n<li><strong>Caract\u00e9ristiques des cam\u00e9ras HD:<\/strong>\n<ul>\n<li>Haute d\u00e9finition sup\u00e9rieure<\/li>\n<li>Le syst\u00e8me de suivi ajuste automatiquement les cam\u00e9ras \u00e0 la hauteur d&#8217;alignement<\/li>\n<li>Les indicateurs LED clignotent pour indiquer les d\u00e9placements en avant et en arri\u00e8re lors de la phase de d\u00e9voilage<\/li>\n<\/ul>\n<\/li>\n<\/ul>\n<ul>\n<li><strong>Mouvement automatique de la potence de mesures. <\/strong>La Potence suit le v\u00e9hicule lors des phases de mont\u00e9e \/ descente du pont \u00e9l\u00e9vateur, ce qui \u00e9limine le besoin de r\u00e9gler \u00e0 nouveau la cam\u00e9ra et r\u00e9duit le temps pass\u00e9 \u00e0 la console, pour des op\u00e9rations de g\u00e9om\u00e9trie rapides et efficaces en atelier.<\/li>\n<li><strong>Logiciel Rotary. <\/strong>Les instructions anim\u00e9es et les graphiques faciles \u00e0 suivre guident le technicien tout au long du processus de contr\u00f4le et de r\u00e9glage de la g\u00e9om\u00e9trie.<\/li>\n<\/ul>\n","protected":false},"excerpt":{"rendered":"<p>Contr\u00f4leur de g\u00e9om\u00e9trie 3D  des roues sur potence, positionnement automatique des cam\u00e9ras HD en fonction de la hauteur des cibles. Les indicateurs LED fournissent un signal visuel pour chaque \u00e9tape de travail. L\u2019appareil est \u00e9quip\u00e9 de griffes \u00e0 4\u00a0points avec cibles et \u00e9cran LCD de 22\u2033.<\/p>\n","protected":false},"featured_media":376585,"template":"","meta":[],"product_brand":[],"product_cat":[1033390],"product_tag":[1034197,1034180,1034163],"product_approvals":[],"product_application":[],"class_list":{"0":"post-385327","1":"product","2":"type-product","3":"status-publish","4":"has-post-thumbnail","6":"product_cat-geometries-des-roues-fr","7":"product_tag-motor-homes-fr","8":"product_tag-light-commercial-fr","9":"product_tag-passenger-cars-fr","11":"first","12":"instock","13":"shipping-taxable","14":"product-type-simple"},"approvals":[],"application":[],"brb_media_brochure":[{"id":385313,"url":"https:\/\/dev.codekraft.it\/rotary-2024\/wp-content\/uploads\/brb_media\/00550211_wheel-aligner-rot3dtower4-br-de-2025-09.pdf","title":"Wheel Aligner ROT3DTOWER4 BR de 2025 09","mpn":"","thumbnail":"https:\/\/dev.codekraft.it\/rotary-2024\/wp-content\/uploads\/brb_media\/00550211_wheel-aligner-rot3dtower4-br-de-2025-09-pdf-106x150.png","description":""},{"id":385314,"url":"https:\/\/dev.codekraft.it\/rotary-2024\/wp-content\/uploads\/brb_media\/00550217_wheel-aligners-rot3dtower4-br-en-2025-09.pdf","title":"Wheel Aligners ROT3DTOWER4 BR en 2025 09","mpn":"","thumbnail":"https:\/\/dev.codekraft.it\/rotary-2024\/wp-content\/uploads\/brb_media\/00550217_wheel-aligners-rot3dtower4-br-en-2025-09-pdf-106x150.png","description":""},{"id":385315,"url":"https:\/\/dev.codekraft.it\/rotary-2024\/wp-content\/uploads\/brb_media\/00550218_wheel-aligners-rot3dtower4-br-fr-2025-09.pdf","title":"Wheel Aligners ROT3DTOWER4 BR fr 2025 09","mpn":"","thumbnail":"https:\/\/dev.codekraft.it\/rotary-2024\/wp-content\/uploads\/brb_media\/00550218_wheel-aligners-rot3dtower4-br-fr-2025-09-pdf-106x150.png","description":""},{"id":385316,"url":"https:\/\/dev.codekraft.it\/rotary-2024\/wp-content\/uploads\/brb_media\/00550214_wheel-aligner-rot3dtower4-br-it-2025-09.pdf","title":"Wheel Aligner ROT3DTOWER4 BR it 2025 09","mpn":"","thumbnail":"https:\/\/dev.codekraft.it\/rotary-2024\/wp-content\/uploads\/brb_media\/00550214_wheel-aligner-rot3dtower4-br-it-2025-09-pdf-106x150.png","description":""},{"id":385317,"url":"https:\/\/dev.codekraft.it\/rotary-2024\/wp-content\/uploads\/brb_media\/00550212_wheel-aligner-rot3dtower4-br-es-2025-09.pdf","title":"Wheel Aligner ROT3DTOWER4 BR es 2025 09","mpn":"","thumbnail":"https:\/\/dev.codekraft.it\/rotary-2024\/wp-content\/uploads\/brb_media\/00550212_wheel-aligner-rot3dtower4-br-es-2025-09-pdf-106x150.png","description":""},{"id":385318,"url":"https:\/\/dev.codekraft.it\/rotary-2024\/wp-content\/uploads\/brb_media\/00550215_wheel-aligner-rot3dtower4-br-ru-2025-09.pdf","title":"Wheel Aligner ROT3DTOWER4 BR ru 2025 09","mpn":"","thumbnail":"https:\/\/dev.codekraft.it\/rotary-2024\/wp-content\/uploads\/brb_media\/00550215_wheel-aligner-rot3dtower4-br-ru-2025-09-pdf-106x150.png","description":""},{"id":385319,"url":"https:\/\/dev.codekraft.it\/rotary-2024\/wp-content\/uploads\/brb_media\/00551380_rotary-floor-plan-wheel-aligner-3d_tower-fy-de-2025-11.pdf","title":"Rotary Floor Plan wheel aligner 3D Tower FY de 2025 11","mpn":"","thumbnail":"https:\/\/dev.codekraft.it\/rotary-2024\/wp-content\/uploads\/brb_media\/00551380_rotary-floor-plan-wheel-aligner-3d_tower-fy-de-2025-11-pdf-150x106.png","description":""},{"id":385320,"url":"https:\/\/dev.codekraft.it\/rotary-2024\/wp-content\/uploads\/brb_media\/00551381_rotary-floor-plan-wheel-aligner-3d_tower-fy-en-2025-11.pdf","title":"Rotary Floor Plan wheel aligner 3D Tower FY en 2025 11","mpn":"","thumbnail":"https:\/\/dev.codekraft.it\/rotary-2024\/wp-content\/uploads\/brb_media\/00551381_rotary-floor-plan-wheel-aligner-3d_tower-fy-en-2025-11-pdf-150x106.png","description":""},{"id":385321,"url":"https:\/\/dev.codekraft.it\/rotary-2024\/wp-content\/uploads\/brb_media\/00551407_rotary-floor-plan-wheel-aligner-3d_tower-fy-fr-2025-12.pdf","title":"Rotary Floor Plan wheel aligner 3D Tower FY fr 2025 12","mpn":"","thumbnail":"https:\/\/dev.codekraft.it\/rotary-2024\/wp-content\/uploads\/brb_media\/00551407_rotary-floor-plan-wheel-aligner-3d_tower-fy-fr-2025-12-pdf-150x106.png","description":""},{"id":385322,"url":"https:\/\/dev.codekraft.it\/rotary-2024\/wp-content\/uploads\/brb_media\/00551384_rotary-floor-plan-wheel-aligner-3d_tower-fy-it-2025-11.pdf","title":"Rotary Floor Plan wheel aligner 3D Tower FY it 2025 11","mpn":"","thumbnail":"https:\/\/dev.codekraft.it\/rotary-2024\/wp-content\/uploads\/brb_media\/00551384_rotary-floor-plan-wheel-aligner-3d_tower-fy-it-2025-11-pdf-150x106.png","description":""},{"id":385323,"url":"https:\/\/dev.codekraft.it\/rotary-2024\/wp-content\/uploads\/brb_media\/00551382_rotary-floor-plan-wheel-aligner-3d_tower-fy-es-2025-11.pdf","title":"Rotary Floor Plan wheel aligner 3D Tower FY es 2025 11","mpn":"","thumbnail":"https:\/\/dev.codekraft.it\/rotary-2024\/wp-content\/uploads\/brb_media\/00551382_rotary-floor-plan-wheel-aligner-3d_tower-fy-es-2025-11-pdf-150x106.png","description":""},{"id":385324,"url":"https:\/\/dev.codekraft.it\/rotary-2024\/wp-content\/uploads\/brb_media\/00551385_rotary-floor-plan-wheel-aligner-3d_tower-fy-ru-2025-11.pdf","title":"Rotary Floor Plan wheel aligner 3D Tower FY ru 2025 11","mpn":"","thumbnail":"https:\/\/dev.codekraft.it\/rotary-2024\/wp-content\/uploads\/brb_media\/00551385_rotary-floor-plan-wheel-aligner-3d_tower-fy-ru-2025-11-pdf-150x106.png","description":""}],"brb_media_drawing":[{"id":376593,"url":"https:\/\/dev.codekraft.it\/rotary-2024\/wp-content\/uploads\/brb_media\/00549479_wheel-aligner-rot3dtow-td-2025_0700_0-2024-12.pdf","title":"Wheel aligner ROT3DTOW TD 2025 0700 0 2024 12","mpn":"","thumbnail":"https:\/\/dev.codekraft.it\/rotary-2024\/wp-content\/uploads\/brb_media\/00549479_wheel-aligner-rot3dtow-td-2025_0700_0-2024-12-pdf-150x107.png","description":""}],"brb_media_manuals":[{"id":385325,"url":"https:\/\/dev.codekraft.it\/rotary-2024\/wp-content\/uploads\/brb_media\/00550219_wheel-aligner-rav3dtow-rot3dtow-spa3dtow-im-2025-r400-00-multi-2025-09.pdf","title":"Wheel Aligner RAV3DTOW ROT3DTOW SPA3DTOW IM 2025 R400 00 multi 2025 09","mpn":"","thumbnail":"https:\/\/dev.codekraft.it\/rotary-2024\/wp-content\/uploads\/brb_media\/00550219_wheel-aligner-rav3dtow-rot3dtow-spa3dtow-im-2025-r400-00-multi-2025-09-pdf-116x150.png","description":""}],"brb_media_safety_datasheets":"","brb_media_spare_parts":[],"_cdmm_p_id":"506629","_company":"Elektron","_gtin":"5063084701985","accessories":[{"id":381767,"mpn":"STDA124","name":"Plateaux pivotants Premium STDA124","description":"HD | \u00d8 360 mm | 1 jeu \/ 2 pi\u00e8ces","thumbnail":"https:\/\/dev.codekraft.it\/rotary-2024\/wp-content\/uploads\/brb_media\/00509909_wheel-aligner-stda124-mi-150x150.png","url":"https:\/\/dev.codekraft.it\/rotary-2024\/fr\/produits\/accessoires-diagnostic-fr\/accessoires-controles-de-geometrie-fr\/plateaux-pivotants-premium-stda124\/"}],"components":[],"related":[],"page_logo_src":"https:\/\/dev.codekraft.it\/rotary-2024\/wp-content\/uploads\/2026\/04\/rotary-negative-logo.png","lang":"fr","translations":{"fr":385327,"en":385312,"de":385326,"it":385328,"es":385329,"ru":385330},"pll_sync_post":[],"_links":{"self":[{"href":"https:\/\/dev.codekraft.it\/rotary-2024\/wp-json\/wp\/v2\/product\/385327","targetHints":{"allow":["GET"]}}],"collection":[{"href":"https:\/\/dev.codekraft.it\/rotary-2024\/wp-json\/wp\/v2\/product"}],"about":[{"href":"https:\/\/dev.codekraft.it\/rotary-2024\/wp-json\/wp\/v2\/types\/product"}],"wp:featuredmedia":[{"embeddable":true,"href":"https:\/\/dev.codekraft.it\/rotary-2024\/wp-json\/wp\/v2\/media\/376585"}],"wp:attachment":[{"href":"https:\/\/dev.codekraft.it\/rotary-2024\/wp-json\/wp\/v2\/media?parent=385327"}],"wp:term":[{"taxonomy":"product_brand","embeddable":true,"href":"https:\/\/dev.codekraft.it\/rotary-2024\/wp-json\/wp\/v2\/product_brand?post=385327"},{"taxonomy":"product_cat","embeddable":true,"href":"https:\/\/dev.codekraft.it\/rotary-2024\/wp-json\/wp\/v2\/product_cat?post=385327"},{"taxonomy":"product_tag","embeddable":true,"href":"https:\/\/dev.codekraft.it\/rotary-2024\/wp-json\/wp\/v2\/product_tag?post=385327"},{"taxonomy":"product_approvals","embeddable":true,"href":"https:\/\/dev.codekraft.it\/rotary-2024\/wp-json\/wp\/v2\/product_approvals?post=385327"},{"taxonomy":"product_application","embeddable":true,"href":"https:\/\/dev.codekraft.it\/rotary-2024\/wp-json\/wp\/v2\/product_application?post=385327"}],"curies":[{"name":"wp","href":"https:\/\/api.w.org\/{rel}","templated":true}]}}