{"id":385310,"date":"2026-01-12T14:23:38","date_gmt":"2026-01-12T14:23:38","guid":{"rendered":"https:\/\/dev.codekraft.it\/rotary-2024\/products\/uncategorized\/alineadores-de-ruedas-ccd-rwa5100hdb-3\/"},"modified":"2026-01-12T14:23:38","modified_gmt":"2026-01-12T14:23:38","slug":"alineadores-de-ruedas-ccd-rwa5100hdb-3","status":"publish","type":"product","link":"https:\/\/dev.codekraft.it\/rotary-2024\/es\/productos\/diagnostico-es\/alineadores-de-ruedas-es\/alineadores-de-ruedas-ccd-rwa5100hdb-3\/","title":{"rendered":"Alineadores de ruedas CCD RWA5100HDB.3"},"content":{"rendered":"<p><strong>Todo lo que necesita en dos maletines<\/strong><\/p>\n<ul>\n<li>Dos grandes asas a cada lado.<\/li>\n<li>Asas laterales plegables en cada carcasa.<\/li>\n<\/ul>\n<ul>\n<li>Las maletas est\u00e1n fabricadas en copol\u00edmero de polipropileno con refuerzos de protecci\u00f3n contra golpes.<\/li>\n<li>Las garras de 3 puntos STDA92, ideales para cualquier rueda de cami\u00f3n, permiten eliminar el procedimiento de compensaci\u00f3n de alabeo.<\/li>\n<li>Cierre con ocho mosquetones con dos leng\u00fcetas que garantizan la estanqueidad con un grado de protecci\u00f3n IP67.<\/li>\n<li>Material de espuma de protecci\u00f3n.<\/li>\n<li>F\u00e1cil manejo de la maleta gracias a sus cuatro ruedas auto-lubricantes de giro libre.<\/li>\n<\/ul>\n<ul>\n<li>Transmisi\u00f3n por infrarrojos entre cabezales de medici\u00f3n, eficaz incluso en condiciones de poca luz.<\/li>\n<li>Cabezales de medici\u00f3n rebajados, especialmente dise\u00f1ados para camiones y autobuses.<\/li>\n<li>Transmisi\u00f3n Bluetooth entre los cabezales de medici\u00f3n CCD y la tableta.<\/li>\n<\/ul>\n<ul>\n<li>Maleta equipada con cable de alimentaci\u00f3n externo para permitir la recarga de los cabezales de medici\u00f3n y la tableta dentro del propio malet\u00edn.<\/li>\n<li>Gracias a su reducido tama\u00f1o, la maleta puede transportarse incluso en veh\u00edculos est\u00e1ndar.<\/li>\n<li>Programa de gesti\u00f3n y visualizaci\u00f3n de datos en entorno Microsoft Windows.<\/li>\n<li>P\u00e1gina de resumen con los datos de diagn\u00f3stico y registro de cada eje.<\/li>\n<li>Base de datos de veh\u00edculos multimarca con fichas t\u00e9cnicas completas y posibilidad de crear configuraciones de veh\u00edculos personalizadas.<\/li>\n<li>Los veh\u00edculos de varios ejes pueden medirse de forma sencilla y r\u00e1pida. El procedimiento guiado es f\u00e1cil de seguir, incluso para los operadores menos experimentados.<\/li>\n<\/ul>\n<p><strong>Caracter\u00edsticas de la tableta:<\/strong><\/p>\n<ul>\n<li>Resistente al polvo y al agua (IP65)<\/li>\n<li>Resistente a ca\u00eddas de hasta 1,2 m<\/li>\n<li>Memoria de 8 GB<\/li>\n<li>Pantalla 1200 x 1920<\/li>\n<li>Con imanes<\/li>\n<li>Peso inferior a 800 g<\/li>\n<li>WLAN IEEE 802.11 ax+r\/k\/v, Wi-Fi 6E, WiDi, WWAN, BT5.3, BLE<\/li>\n<\/ul>\n<p><strong>Caracter\u00edsticas de la maleta:<\/strong><\/p>\n<ul>\n<li>Impermeable, resistente a los productos qu\u00edmicos, la humedad y el polvo<\/li>\n<li>Resistente a temperaturas extremas (-33 \u00b0C \/ +90 \u00b0C)<\/li>\n<li>V\u00e1lvula de purga y cierres sin obstrucciones<\/li>\n<li>100 % Made in Italy<\/li>\n<li>Cualificaciones de est\u00e1ndar militar<\/li>\n<li>Espuma interior a medida (densidad 35 kg\/m\u00b3)<\/li>\n<\/ul>\n","protected":false},"excerpt":{"rendered":"<p>2 cajas port\u00e1tiles, alineador de ruedas CCD para camiones, con 6 sensores CCD rebajados, garras para rueda de 3 puntos, kit de cilindros adaptadores para diferentes ruedas, tableta LCD Windows de 12\u2033, maleta con ruedas con enchufe y cable de alimentaci\u00f3n externos<\/p>\n","protected":false},"featured_media":385283,"template":"","meta":[],"product_cat":[1033430],"product_tag":[1034151,1034134,1034203,1034265],"product_approvals":[],"product_application":[],"class_list":{"0":"post-385310","1":"product","2":"type-product","3":"status-publish","4":"has-post-thumbnail","6":"product_cat-alineadores-de-ruedas-es","7":"product_tag-buses-es","8":"product_tag-trucks-es","9":"product_tag-motor-homes-es","10":"product_tag-remolques-es","12":"first","13":"instock","14":"shipping-taxable","15":"product-type-simple"},"approvals":[],"application":[],"brb_media_brochure":[{"id":385284,"url":"https:\/\/dev.codekraft.it\/rotary-2024\/wp-content\/uploads\/brb_media\/00549262_wheel-aligners-portable-rwa5100hdb3-br-de-2025-06-screen.pdf","title":"Wheel Aligners Portable RWA5100HDB3 BR de 2025 06 screen","thumbnail":"https:\/\/dev.codekraft.it\/rotary-2024\/wp-content\/uploads\/brb_media\/00549262_wheel-aligners-portable-rwa5100hdb3-br-de-2025-06-screen-pdf-106x150.png","description":""},{"id":385285,"url":"https:\/\/dev.codekraft.it\/rotary-2024\/wp-content\/uploads\/brb_media\/00549263_wheel-aligners-portable-rwa5100hdb3-br-en-2025-06-screen.pdf","title":"Wheel Aligners Portable RWA5100HDB3 BR en 2025 06 screen","thumbnail":"https:\/\/dev.codekraft.it\/rotary-2024\/wp-content\/uploads\/brb_media\/00549263_wheel-aligners-portable-rwa5100hdb3-br-en-2025-06-screen-pdf-106x150.png","description":""},{"id":385286,"url":"https:\/\/dev.codekraft.it\/rotary-2024\/wp-content\/uploads\/brb_media\/00549265_wheel-aligners-portable-rwa5100hdb3-br-fr-2025-06-screen.pdf","title":"Wheel Aligners Portable RWA5100HDB3 BR fr 2025 06 screen","thumbnail":"https:\/\/dev.codekraft.it\/rotary-2024\/wp-content\/uploads\/brb_media\/00549265_wheel-aligners-portable-rwa5100hdb3-br-fr-2025-06-screen-pdf-106x150.png","description":""},{"id":385287,"url":"https:\/\/dev.codekraft.it\/rotary-2024\/wp-content\/uploads\/brb_media\/00549266_wheel-aligners-portable-rwa5100hdb3-br-it-2025-06-screen.pdf","title":"Wheel Aligners Portable RWA5100HDB3 BR it 2025 06 screen","thumbnail":"https:\/\/dev.codekraft.it\/rotary-2024\/wp-content\/uploads\/brb_media\/00549266_wheel-aligners-portable-rwa5100hdb3-br-it-2025-06-screen-pdf-106x150.png","description":""},{"id":385288,"url":"https:\/\/dev.codekraft.it\/rotary-2024\/wp-content\/uploads\/brb_media\/00549264_wheel-aligners-portable-rwa5100hdb3-br-es-2025-06-screen.pdf","title":"Wheel Aligners Portable RWA5100HDB3 BR es 2025 06 screen","thumbnail":"https:\/\/dev.codekraft.it\/rotary-2024\/wp-content\/uploads\/brb_media\/00549264_wheel-aligners-portable-rwa5100hdb3-br-es-2025-06-screen-pdf-106x150.png","description":""},{"id":385289,"url":"https:\/\/dev.codekraft.it\/rotary-2024\/wp-content\/uploads\/brb_media\/00549267_wheel-aligners-portable-rwa5100hdb3-br-ru-2025-06-screen.pdf","title":"Wheel Aligners Portable RWA5100HDB3 BR ru 2025 06 screen","thumbnail":"https:\/\/dev.codekraft.it\/rotary-2024\/wp-content\/uploads\/brb_media\/00549267_wheel-aligners-portable-rwa5100hdb3-br-ru-2025-06-screen-pdf-106x150.png","description":""}],"brb_media_drawing":"","brb_media_manuals":"","brb_media_safety_datasheets":"","brb_media_spare_parts":[],"_cdmm_p_id":"506625","_company":"Elektron","_gtin":"5063084702043","accessories":[{"id":383699,"cdmm_p_id":"502265","name":"Extensiones 200 mm","description":"Para garras de ruedas de cami\u00f3n STDA92 | 1 juego \/ 6 piezas","thumbnail":"https:\/\/dev.codekraft.it\/rotary-2024\/wp-content\/uploads\/brb_media\/00528329_wheel-aligner-stda92a1-mi-150x150.png","url":"https:\/\/dev.codekraft.it\/rotary-2024\/es\/productos\/accesorios-diagnostico-es\/accesorios-alineadores-de-ruedas-es\/extensiones-200-mm\/"},{"id":380659,"cdmm_p_id":"490311","name":"Garras de ruedas Cami\u00f3n | 3 puntos | \u00d8 neumatico 890 &#8211; 1290 mm","description":"Garras para cami\u00f3n, con bloqueo r\u00e1pido, especiales para evitar la compensaci\u00f3n del alabeo, en apoyo sobre llanta | 1 juego \/ 2 piezas","thumbnail":"https:\/\/dev.codekraft.it\/rotary-2024\/wp-content\/uploads\/brb_media\/00528305_wheel-aligners-stda92-mi-01-150x150.png","url":"https:\/\/dev.codekraft.it\/rotary-2024\/es\/productos\/accesorios-diagnostico-es\/accesorios-alineadores-de-ruedas-es\/garras-de-ruedas-camion-3-puntos-o-neumatico-890-1290-mm\/"},{"id":381797,"cdmm_p_id":"499595","name":"Depresor del pedal del freno","description":"","thumbnail":"https:\/\/dev.codekraft.it\/rotary-2024\/wp-content\/uploads\/brb_media\/00509913_wheel-aligner-10479-mi-150x150.png","url":"https:\/\/dev.codekraft.it\/rotary-2024\/es\/productos\/accesorios-diagnostico-es\/accesorios-alineadores-de-ruedas-es\/depresor-del-pedal-del-freno\/"},{"id":381786,"cdmm_p_id":"499594","name":"Bloqueador del volante","description":"Bloqueador de volante de pl\u00e1stico con protectores de goma antideslizantes para volante y asiento","thumbnail":"https:\/\/dev.codekraft.it\/rotary-2024\/wp-content\/uploads\/brb_media\/00509908_wheel-aligner-stda161-mi-150x150.png","url":"https:\/\/dev.codekraft.it\/rotary-2024\/es\/productos\/accesorios-diagnostico-es\/accesorios-alineadores-de-ruedas-es\/bloqueador-del-volante\/"},{"id":380644,"cdmm_p_id":"490308","name":"Platos giratorios para camiones","description":"Capacidad de carga 2 x 4500 kg | 1 juego \/ 2 unidades","thumbnail":"https:\/\/dev.codekraft.it\/rotary-2024\/wp-content\/uploads\/brb_media\/00528311_wheel-aligners-stda29l-mi-150x150.png","url":"https:\/\/dev.codekraft.it\/rotary-2024\/es\/productos\/accesorios-diagnostico-es\/accesorios-alineadores-de-ruedas-es\/platos-giratorios-para-camiones\/"}],"components":[],"related":[],"similar":[{"id":384244,"cdmm_p_id":"503425","name":"Alineador de ruedas CCD RWA5100HD.3","description":"Dispositivo de alineaci\u00f3n de ruedas 6-CCD para camiones, con sensores rebajados | incl. garras de 3 puntos (2 x STDA92), 2 platos giratorios (STDA29L), consola abierta, tableta Windows LCD de 11,6\u2033, depresor del pedal y bloqueo de freno | 1 x 230 V \/ 50 - 60 Hz","thumbnail":"https:\/\/dev.codekraft.it\/rotary-2024\/wp-content\/uploads\/brb_media\/00523536_wheel-aligner-rwa5100hd-front-mi-150x150.png","url":"https:\/\/dev.codekraft.it\/rotary-2024\/es\/productos\/diagnostico-es\/alineadores-de-ruedas-es\/alineador-de-ruedas-ccd-rwa5100hd-3\/"}],"page_logo_src":"https:\/\/dev.codekraft.it\/rotary-2024\/wp-content\/uploads\/2024\/05\/cropped-rotary-logo-2022.png","lang":"es","translations":{"es":385310,"en":385282,"de":385307,"fr":385308,"it":385309,"ru":385311},"pll_sync_post":[],"_links":{"self":[{"href":"https:\/\/dev.codekraft.it\/rotary-2024\/wp-json\/wp\/v2\/product\/385310","targetHints":{"allow":["GET"]}}],"collection":[{"href":"https:\/\/dev.codekraft.it\/rotary-2024\/wp-json\/wp\/v2\/product"}],"about":[{"href":"https:\/\/dev.codekraft.it\/rotary-2024\/wp-json\/wp\/v2\/types\/product"}],"wp:featuredmedia":[{"embeddable":true,"href":"https:\/\/dev.codekraft.it\/rotary-2024\/wp-json\/wp\/v2\/media\/385283"}],"wp:attachment":[{"href":"https:\/\/dev.codekraft.it\/rotary-2024\/wp-json\/wp\/v2\/media?parent=385310"}],"wp:term":[{"taxonomy":"product_cat","embeddable":true,"href":"https:\/\/dev.codekraft.it\/rotary-2024\/wp-json\/wp\/v2\/product_cat?post=385310"},{"taxonomy":"product_tag","embeddable":true,"href":"https:\/\/dev.codekraft.it\/rotary-2024\/wp-json\/wp\/v2\/product_tag?post=385310"},{"taxonomy":"product_approvals","embeddable":true,"href":"https:\/\/dev.codekraft.it\/rotary-2024\/wp-json\/wp\/v2\/product_approvals?post=385310"},{"taxonomy":"product_application","embeddable":true,"href":"https:\/\/dev.codekraft.it\/rotary-2024\/wp-json\/wp\/v2\/product_application?post=385310"}],"curies":[{"name":"wp","href":"https:\/\/api.w.org\/{rel}","templated":true}]}}