{"id":385308,"date":"2026-01-12T14:23:29","date_gmt":"2026-01-12T14:23:29","guid":{"rendered":"https:\/\/dev.codekraft.it\/rotary-2024\/products\/uncategorized\/geometrie-ccd-rwa5100hdb-3\/"},"modified":"2026-01-12T14:23:29","modified_gmt":"2026-01-12T14:23:29","slug":"geometrie-ccd-rwa5100hdb-3","status":"publish","type":"product","link":"https:\/\/dev.codekraft.it\/rotary-2024\/fr\/produits\/diagnostic-fr\/geometries-des-roues-fr\/geometrie-ccd-rwa5100hdb-3\/","title":{"rendered":"G\u00e9om\u00e9trie CCD RWA5100HDB.3"},"content":{"rendered":"<p><strong>Tout ce dont vous avez besoin en deux mallettes<\/strong><\/p>\n<ul>\n<li>Deux grandes poign\u00e9es de chaque c\u00f4t\u00e9.<\/li>\n<li>Poign\u00e9es lat\u00e9rales rabattables sur les deux coques.<\/li>\n<\/ul>\n<ul>\n<li>Les bo\u00eetiers sont fabriqu\u00e9s en copolym\u00e8re de polypropyl\u00e8ne avec des renforts de protection contre les chocs.<\/li>\n<li>Les griffes \u00e0 3\u00a0points STDA92, id\u00e9ales pour toutes les roues de camion, permettent d&#8217;\u00e9liminer la proc\u00e9dure de d\u00e9voilage des roues.<\/li>\n<li>Fermeture par huit crochets-pression \u00e0 double languette garantissant l&#8217;\u00e9tanch\u00e9it\u00e9 pour un degr\u00e9 de protection IP67.<\/li>\n<li>Mat\u00e9riau en mousse de protection.<\/li>\n<li>Manipulation ais\u00e9e du bo\u00eetier gr\u00e2ce \u00e0 quatre roues autolubrifiantes \u00e0 roulement libre.<\/li>\n<\/ul>\n<ul>\n<li>Transmission \u00e0 rayons infrarouges entre les t\u00eates de mesure, efficace m\u00eame dans des conditions d&#8217;\u00e9clairage critiques.<\/li>\n<li>T\u00eates de mesure abaiss\u00e9es, con\u00e7ues pour les camions et les bus.<\/li>\n<li>Transmission Bluetooth entre les t\u00eates de mesure CCD et la tablette.<\/li>\n<\/ul>\n<ul>\n<li>Bo\u00eetier \u00e9quip\u00e9 d&#8217;un cordon d&#8217;alimentation externe afin de pouvoir recharger les t\u00eates de mesure et la tablette \u00e0 l&#8217;int\u00e9rieur du bo\u00eetier lui-m\u00eame.<\/li>\n<li>Gr\u00e2ce \u00e0 leur format compact, les mallettes peuvent \u00eatre transport\u00e9es dans des v\u00e9hicules standard.<\/li>\n<li>Programme pour g\u00e9rer et afficher des donn\u00e9es dans l&#8217;environnement Microsoft Windows.<\/li>\n<li>Page r\u00e9capitulative avec diagnostic et donn\u00e9es d&#8217;enregistrement pour chaque essieu.<\/li>\n<li>Base de donn\u00e9es de v\u00e9hicules multimarques avec fiches techniques compl\u00e8tes et possibilit\u00e9 de cr\u00e9er des configurations de v\u00e9hicules personnalis\u00e9es.<\/li>\n<li>Les v\u00e9hicules \u00e0 essieux multiples peuvent \u00eatre mesur\u00e9s simplement et rapidement. La proc\u00e9dure guid\u00e9e est facile \u00e0 suivre, m\u00eame pour les op\u00e9rateurs moins exp\u00e9riment\u00e9s.<\/li>\n<\/ul>\n<p><strong>Caract\u00e9ristiques de la tablette\u00a0: <\/strong><\/p>\n<ul>\n<li>R\u00e9siste \u00e0 la poussi\u00e8re et \u00e0 l&#8217;eau (IP65)<\/li>\n<li>R\u00e9siste aux chutes d&#8217;une hauteur maximale de 1,2 m<\/li>\n<li>8 Go de m\u00e9moire<\/li>\n<li>\u00c9cran 1 200 x 1 920<\/li>\n<li>Dot\u00e9e d&#8217;aimants<\/li>\n<li>Poids inf\u00e9rieur \u00e0 800 g<\/li>\n<li>WLAN IEEE 802.11 ax+r\/k\/v, Wi-Fi 6E, WiDi, WWAN, BT5.3, BLE<\/li>\n<\/ul>\n<p><strong>Caract\u00e9ristiques du bo\u00eetier\u00a0: <\/strong><\/p>\n<ul>\n<li>\u00c9tanche \u00e0 l&#8217;eau, r\u00e9siste aux produits chimiques, \u00e0 l&#8217;humidit\u00e9, \u00e0 la poussi\u00e8re<\/li>\n<li>R\u00e9siste aux temp\u00e9ratures extr\u00eames (-33 \u00b0C \/ +90 \u00b0C)<\/li>\n<li>Soupape de purge sans blocage et loquets<\/li>\n<li>100 % fabriqu\u00e9 en Italie<\/li>\n<li>Qualifications aux normes militaires<\/li>\n<li>Mousse interne sur mesure (densit\u00e9 de 35 kg\/m\u00b3)<\/li>\n<\/ul>\n","protected":false},"excerpt":{"rendered":"<p>Compos\u00e9 de 2\u00a0caisses de rangement robuste sur roues avec prise de courant et cordon d&#8217;alimentation externes mobiles, avec 6\u00a0capteurs CCD rabaiss\u00e9s, griffes \u00e0 3\u00a0points, kit adaptateur pour jantes, tablette Windows LCD 12\u2033<\/p>\n","protected":false},"featured_media":385283,"template":"","meta":[],"product_cat":[1033390],"product_tag":[1034145,1034128,1034197,1034262],"product_approvals":[],"product_application":[],"class_list":{"0":"post-385308","1":"product","2":"type-product","3":"status-publish","4":"has-post-thumbnail","6":"product_cat-geometries-des-roues-fr","7":"product_tag-buses-fr","8":"product_tag-trucks-fr","9":"product_tag-motor-homes-fr","10":"product_tag-remorques-fr","12":"first","13":"instock","14":"shipping-taxable","15":"product-type-simple"},"approvals":[],"application":[],"brb_media_brochure":[{"id":385284,"url":"https:\/\/dev.codekraft.it\/rotary-2024\/wp-content\/uploads\/brb_media\/00549262_wheel-aligners-portable-rwa5100hdb3-br-de-2025-06-screen.pdf","title":"Wheel Aligners Portable RWA5100HDB3 BR de 2025 06 screen","thumbnail":"https:\/\/dev.codekraft.it\/rotary-2024\/wp-content\/uploads\/brb_media\/00549262_wheel-aligners-portable-rwa5100hdb3-br-de-2025-06-screen-pdf-106x150.png","description":""},{"id":385285,"url":"https:\/\/dev.codekraft.it\/rotary-2024\/wp-content\/uploads\/brb_media\/00549263_wheel-aligners-portable-rwa5100hdb3-br-en-2025-06-screen.pdf","title":"Wheel Aligners Portable RWA5100HDB3 BR en 2025 06 screen","thumbnail":"https:\/\/dev.codekraft.it\/rotary-2024\/wp-content\/uploads\/brb_media\/00549263_wheel-aligners-portable-rwa5100hdb3-br-en-2025-06-screen-pdf-106x150.png","description":""},{"id":385286,"url":"https:\/\/dev.codekraft.it\/rotary-2024\/wp-content\/uploads\/brb_media\/00549265_wheel-aligners-portable-rwa5100hdb3-br-fr-2025-06-screen.pdf","title":"Wheel Aligners Portable RWA5100HDB3 BR fr 2025 06 screen","thumbnail":"https:\/\/dev.codekraft.it\/rotary-2024\/wp-content\/uploads\/brb_media\/00549265_wheel-aligners-portable-rwa5100hdb3-br-fr-2025-06-screen-pdf-106x150.png","description":""},{"id":385287,"url":"https:\/\/dev.codekraft.it\/rotary-2024\/wp-content\/uploads\/brb_media\/00549266_wheel-aligners-portable-rwa5100hdb3-br-it-2025-06-screen.pdf","title":"Wheel Aligners Portable RWA5100HDB3 BR it 2025 06 screen","thumbnail":"https:\/\/dev.codekraft.it\/rotary-2024\/wp-content\/uploads\/brb_media\/00549266_wheel-aligners-portable-rwa5100hdb3-br-it-2025-06-screen-pdf-106x150.png","description":""},{"id":385288,"url":"https:\/\/dev.codekraft.it\/rotary-2024\/wp-content\/uploads\/brb_media\/00549264_wheel-aligners-portable-rwa5100hdb3-br-es-2025-06-screen.pdf","title":"Wheel Aligners Portable RWA5100HDB3 BR es 2025 06 screen","thumbnail":"https:\/\/dev.codekraft.it\/rotary-2024\/wp-content\/uploads\/brb_media\/00549264_wheel-aligners-portable-rwa5100hdb3-br-es-2025-06-screen-pdf-106x150.png","description":""},{"id":385289,"url":"https:\/\/dev.codekraft.it\/rotary-2024\/wp-content\/uploads\/brb_media\/00549267_wheel-aligners-portable-rwa5100hdb3-br-ru-2025-06-screen.pdf","title":"Wheel Aligners Portable RWA5100HDB3 BR ru 2025 06 screen","thumbnail":"https:\/\/dev.codekraft.it\/rotary-2024\/wp-content\/uploads\/brb_media\/00549267_wheel-aligners-portable-rwa5100hdb3-br-ru-2025-06-screen-pdf-106x150.png","description":""}],"brb_media_drawing":"","brb_media_manuals":"","brb_media_safety_datasheets":"","brb_media_spare_parts":[],"_cdmm_p_id":"506625","_company":"Elektron","_gtin":"5063084702043","accessories":[{"id":383697,"cdmm_p_id":"502265","name":"Rallonges 200 mm","description":"Pour griffe de roue de camion STDA92 | 1 jeu \/ 6 pi\u00e8ces","thumbnail":"https:\/\/dev.codekraft.it\/rotary-2024\/wp-content\/uploads\/brb_media\/00528329_wheel-aligner-stda92a1-mi-150x150.png","url":"https:\/\/dev.codekraft.it\/rotary-2024\/fr\/produits\/accessoires-diagnostic-fr\/accessoires-controles-de-geometrie-fr\/rallonges-200-mm\/"},{"id":380657,"cdmm_p_id":"490311","name":"Griffes de roue Camion | \u00e0 3 punti | \u00d8 des pneus 890 &#8211; 1290 mm","description":"Graffe autocarro speciali, con bloccaggio rapido, per evitare la compensazione, in appoggio su flangia cerchio | 1 jeu \/ 2 pi\u00e8ces","thumbnail":"https:\/\/dev.codekraft.it\/rotary-2024\/wp-content\/uploads\/brb_media\/00528305_wheel-aligners-stda92-mi-01-150x150.png","url":"https:\/\/dev.codekraft.it\/rotary-2024\/fr\/produits\/accessoires-diagnostic-fr\/accessoires-controles-de-geometrie-fr\/griffes-de-roue-camion-a-3-punti-o-des-pneus-890-1290-mm\/"},{"id":381794,"cdmm_p_id":"499595","name":"Pousse pedale de frein","description":"","thumbnail":"https:\/\/dev.codekraft.it\/rotary-2024\/wp-content\/uploads\/brb_media\/00509913_wheel-aligner-10479-mi-150x150.png","url":"https:\/\/dev.codekraft.it\/rotary-2024\/fr\/produits\/accessoires-diagnostic-fr\/accessoires-controles-de-geometrie-fr\/pousse-pedale-de-frein\/"},{"id":381782,"cdmm_p_id":"499594","name":"Bloque volant","description":"Blocage volant en mat\u00e9riau plastique avec protections en caoutchouc antid\u00e9rapant pour volant et si\u00e8ge","thumbnail":"https:\/\/dev.codekraft.it\/rotary-2024\/wp-content\/uploads\/brb_media\/00509908_wheel-aligner-stda161-mi-150x150.png","url":"https:\/\/dev.codekraft.it\/rotary-2024\/fr\/produits\/accessoires-diagnostic-fr\/accessoires-controles-de-geometrie-fr\/bloque-volant\/"},{"id":380642,"cdmm_p_id":"490308","name":"Plateaux pivotants de train roulant pour poids lourds","description":"Capacit\u00e9 de charge 2 x 4500 kg | 1 jeu \/ 2 pi\u00e8ces","thumbnail":"https:\/\/dev.codekraft.it\/rotary-2024\/wp-content\/uploads\/brb_media\/00528311_wheel-aligners-stda29l-mi-150x150.png","url":"https:\/\/dev.codekraft.it\/rotary-2024\/fr\/produits\/accessoires-diagnostic-fr\/accessoires-controles-de-geometrie-fr\/plateaux-pivotants-de-train-roulant-pour-poids-lourds\/"}],"components":[],"related":[],"similar":[{"id":384242,"cdmm_p_id":"503425","name":"G\u00e9om\u00e9trie CCD RWA5100HD.3","description":"G\u00e9om\u00e9trie roues 6 CCD pour camions, avec capteurs surbaiss\u00e9s | incl. griffes \u00e0 3 points (2 x STDA92), 2 plateaux pivotants (STDA29L), cabine ouverte, LCD tablette Windows 11,6\u2033, pousse pedale et blocage de frein | 1 x 230 V \/ 50 - 60 Hz","thumbnail":"https:\/\/dev.codekraft.it\/rotary-2024\/wp-content\/uploads\/brb_media\/00523536_wheel-aligner-rwa5100hd-front-mi-150x150.png","url":"https:\/\/dev.codekraft.it\/rotary-2024\/fr\/produits\/diagnostic-fr\/geometries-des-roues-fr\/geometrie-ccd-rwa5100hd-3\/"}],"page_logo_src":"https:\/\/dev.codekraft.it\/rotary-2024\/wp-content\/uploads\/2024\/05\/cropped-rotary-logo-2022.png","lang":"fr","translations":{"fr":385308,"en":385282,"de":385307,"it":385309,"es":385310,"ru":385311},"pll_sync_post":[],"_links":{"self":[{"href":"https:\/\/dev.codekraft.it\/rotary-2024\/wp-json\/wp\/v2\/product\/385308","targetHints":{"allow":["GET"]}}],"collection":[{"href":"https:\/\/dev.codekraft.it\/rotary-2024\/wp-json\/wp\/v2\/product"}],"about":[{"href":"https:\/\/dev.codekraft.it\/rotary-2024\/wp-json\/wp\/v2\/types\/product"}],"wp:featuredmedia":[{"embeddable":true,"href":"https:\/\/dev.codekraft.it\/rotary-2024\/wp-json\/wp\/v2\/media\/385283"}],"wp:attachment":[{"href":"https:\/\/dev.codekraft.it\/rotary-2024\/wp-json\/wp\/v2\/media?parent=385308"}],"wp:term":[{"taxonomy":"product_cat","embeddable":true,"href":"https:\/\/dev.codekraft.it\/rotary-2024\/wp-json\/wp\/v2\/product_cat?post=385308"},{"taxonomy":"product_tag","embeddable":true,"href":"https:\/\/dev.codekraft.it\/rotary-2024\/wp-json\/wp\/v2\/product_tag?post=385308"},{"taxonomy":"product_approvals","embeddable":true,"href":"https:\/\/dev.codekraft.it\/rotary-2024\/wp-json\/wp\/v2\/product_approvals?post=385308"},{"taxonomy":"product_application","embeddable":true,"href":"https:\/\/dev.codekraft.it\/rotary-2024\/wp-json\/wp\/v2\/product_application?post=385308"}],"curies":[{"name":"wp","href":"https:\/\/api.w.org\/{rel}","templated":true}]}}